{"id":2129,"date":"2026-02-25T17:58:29","date_gmt":"2026-02-25T17:58:29","guid":{"rendered":"https:\/\/lojena.wepar.hr\/?post_type=product&#038;p=2129"},"modified":"2026-03-10T19:27:36","modified_gmt":"2026-03-10T19:27:36","slug":"ekskluzivni-studio-s-pogledom-na-morje-i-masazno-kadjo","status":"publish","type":"product","link":"https:\/\/lojena.wepar.hr\/sl\/izdelek\/ekskluzivni-studio-s-pogledom-na-morje-i-masazno-kadjo\/","title":{"rendered":"Ekskluzivni studio s pogledom na morje i masa\u017eno kadjo"},"content":{"rendered":"<p>To je kronski dragulj Vile Lojena za pare. Apartma 7 zdru\u017euje osupljiv pogled na morje in bazen z notranjo masa\u017eno kadjo z jacuzzijem in pogledom na pokrajino, resni\u010dno razko\u0161no spa izku\u0161njo, ne da bi kdaj zapustili svojo sobo.<\/p>\n<p>Stopite na prostorno sen\u010dno teraso in u\u017eivajte v panorami Jadrana, bazena in olj\u010dnih nasadov, ki obdajajo vilo.<\/p>\n<p>Notranjost je zasnovana z mislijo na romantiko, elegantno, moderno pohi\u0161tvo, popolnoma opremljena kuhinja, velika sodobna kopalnica in vrhunske 34 cm antialergijske vzmetnice za popoln spanec. Klimatska naprava Daikin, pametni televizor in hitri 5G internet zagotavljajo popolno udobje, brezpla\u010dna storitev pranja in likanja pa vam omogo\u010da, da se osredoto\u010dite na tisto, kar je resni\u010dno pomembno, drug na drugega.<\/p>\n<p>Nepozaben pobeg, kjer se zdru\u017eijo razko\u0161je, zasebnost in mediteranska lepota.<\/p>\n","protected":false},"excerpt":{"rendered":"<p>To je kronski dragulj Vile Lojena za pare. Apartma 7 zdru\u017euje osupljiv pogled na morje in bazen z notranjo masa\u017eno kadjo z jacuzzijem in pogledom na pokrajino, resni\u010dno razko\u0161no spa izku\u0161njo, ne da bi kdaj zapustili svojo sobo. Stopite na prostorno sen\u010dno teraso in u\u017eivajte v panorami Jadrana, bazena in olj\u010dnih nasadov, ki obdajajo vilo. [&hellip;]<\/p>\n","protected":false},"featured_media":2130,"comment_status":"closed","ping_status":"closed","template":"","meta":{"_acf_changed":false},"product_brand":[],"product_cat":[81],"product_tag":[],"class_list":{"0":"post-2129","1":"product","2":"type-product","3":"status-publish","4":"has-post-thumbnail","6":"product_cat-ekskluzivni-studio-s-pogledom-na-morje-i-masazno-kadjo","8":"first","9":"instock","10":"sold-individually","11":"shipping-taxable","12":"purchasable","13":"product-type-phive_booking"},"acf":[],"yoast_head":"<!-- This site is optimized with the Yoast SEO plugin v27.1.1 - https:\/\/yoast.com\/product\/yoast-seo-wordpress\/ -->\n<title>Ekskluzivni studio s pogledom na morje i masa\u017eno kadjo - Villa Lojena<\/title>\n<meta name=\"robots\" content=\"index, follow, max-snippet:-1, max-image-preview:large, max-video-preview:-1\" \/>\n<link rel=\"canonical\" href=\"https:\/\/lojena.wepar.hr\/product\/exclusive-studio-with-sea-view-whirlpool-bath\/\" \/>\n<meta property=\"og:locale\" content=\"sl_SI\" \/>\n<meta property=\"og:type\" content=\"article\" \/>\n<meta property=\"og:title\" content=\"Ekskluzivni studio s pogledom na morje i masa\u017eno kadjo - Villa Lojena\" \/>\n<meta property=\"og:description\" content=\"To je kronski dragulj Vile Lojena za pare. Apartma 7 zdru\u017euje osupljiv pogled na morje in bazen z notranjo masa\u017eno kadjo z jacuzzijem in pogledom na pokrajino, resni\u010dno razko\u0161no spa izku\u0161njo, ne da bi kdaj zapustili svojo sobo. Stopite na prostorno sen\u010dno teraso in u\u017eivajte v panorami Jadrana, bazena in olj\u010dnih nasadov, ki obdajajo vilo. [&hellip;]\" \/>\n<meta property=\"og:url\" content=\"https:\/\/lojena.wepar.hr\/product\/exclusive-studio-with-sea-view-whirlpool-bath\/\" \/>\n<meta property=\"og:site_name\" content=\"Villa Lojena\" \/>\n<meta property=\"article:modified_time\" content=\"2026-03-10T19:27:36+00:00\" \/>\n<meta property=\"og:image\" content=\"https:\/\/lojena.wepar.hr\/wp-content\/uploads\/2026\/02\/Exclusive-Studio-with-Sea-View-Whirlpool-Bath-Image-1.jpg\" \/>\n\t<meta property=\"og:image:width\" content=\"1024\" \/>\n\t<meta property=\"og:image:height\" content=\"768\" \/>\n\t<meta property=\"og:image:type\" content=\"image\/jpeg\" \/>\n<meta name=\"twitter:card\" content=\"summary_large_image\" \/>\n<meta name=\"twitter:label1\" content=\"Est. reading time\" \/>\n\t<meta name=\"twitter:data1\" content=\"1 minuta\" \/>\n<script type=\"application\/ld+json\" class=\"yoast-schema-graph\">{\"@context\":\"https:\/\/schema.org\",\"@graph\":[{\"@type\":\"WebPage\",\"@id\":\"https:\/\/lojena.wepar.hr\/product\/exclusive-studio-with-sea-view-whirlpool-bath\/\",\"url\":\"https:\/\/lojena.wepar.hr\/product\/exclusive-studio-with-sea-view-whirlpool-bath\/\",\"name\":\"Ekskluzivni studio s pogledom na morje i masa\u017eno kadjo - Villa Lojena\",\"isPartOf\":{\"@id\":\"https:\/\/lojena.wepar.hr\/#website\"},\"primaryImageOfPage\":{\"@id\":\"https:\/\/lojena.wepar.hr\/product\/exclusive-studio-with-sea-view-whirlpool-bath\/#primaryimage\"},\"image\":{\"@id\":\"https:\/\/lojena.wepar.hr\/product\/exclusive-studio-with-sea-view-whirlpool-bath\/#primaryimage\"},\"thumbnailUrl\":\"https:\/\/lojena.wepar.hr\/wp-content\/uploads\/2026\/02\/Exclusive-Studio-with-Sea-View-Whirlpool-Bath-Image-1.jpg\",\"datePublished\":\"2026-02-25T17:58:29+00:00\",\"dateModified\":\"2026-03-10T19:27:36+00:00\",\"breadcrumb\":{\"@id\":\"https:\/\/lojena.wepar.hr\/product\/exclusive-studio-with-sea-view-whirlpool-bath\/#breadcrumb\"},\"inLanguage\":\"sl-SI\",\"potentialAction\":[{\"@type\":\"ReadAction\",\"target\":[\"https:\/\/lojena.wepar.hr\/product\/exclusive-studio-with-sea-view-whirlpool-bath\/\"]}]},{\"@type\":\"ImageObject\",\"inLanguage\":\"sl-SI\",\"@id\":\"https:\/\/lojena.wepar.hr\/product\/exclusive-studio-with-sea-view-whirlpool-bath\/#primaryimage\",\"url\":\"https:\/\/lojena.wepar.hr\/wp-content\/uploads\/2026\/02\/Exclusive-Studio-with-Sea-View-Whirlpool-Bath-Image-1.jpg\",\"contentUrl\":\"https:\/\/lojena.wepar.hr\/wp-content\/uploads\/2026\/02\/Exclusive-Studio-with-Sea-View-Whirlpool-Bath-Image-1.jpg\",\"width\":1024,\"height\":768,\"caption\":\"Romanticly lightened bedroom with a double bed and wall television\"},{\"@type\":\"BreadcrumbList\",\"@id\":\"https:\/\/lojena.wepar.hr\/product\/exclusive-studio-with-sea-view-whirlpool-bath\/#breadcrumb\",\"itemListElement\":[{\"@type\":\"ListItem\",\"position\":1,\"name\":\"Home\",\"item\":\"https:\/\/lojena.wepar.hr\/sl\/\"},{\"@type\":\"ListItem\",\"position\":2,\"name\":\"Ekskluzivni studio s pogledom na morje i masa\u017eno kadjo\"}]},{\"@type\":\"WebSite\",\"@id\":\"https:\/\/lojena.wepar.hr\/#website\",\"url\":\"https:\/\/lojena.wepar.hr\/\",\"name\":\"Villa Lojena\",\"description\":\"Luxury Studios\",\"potentialAction\":[{\"@type\":\"SearchAction\",\"target\":{\"@type\":\"EntryPoint\",\"urlTemplate\":\"https:\/\/lojena.wepar.hr\/?s={search_term_string}\"},\"query-input\":{\"@type\":\"PropertyValueSpecification\",\"valueRequired\":true,\"valueName\":\"search_term_string\"}}],\"inLanguage\":\"sl-SI\"}]}<\/script>\n<!-- \/ Yoast SEO plugin. -->","yoast_head_json":{"title":"Ekskluzivni studio s pogledom na morje i masa\u017eno kadjo - Villa Lojena","robots":{"index":"index","follow":"follow","max-snippet":"max-snippet:-1","max-image-preview":"max-image-preview:large","max-video-preview":"max-video-preview:-1"},"canonical":"https:\/\/lojena.wepar.hr\/product\/exclusive-studio-with-sea-view-whirlpool-bath\/","og_locale":"sl_SI","og_type":"article","og_title":"Ekskluzivni studio s pogledom na morje i masa\u017eno kadjo - Villa Lojena","og_description":"To je kronski dragulj Vile Lojena za pare. Apartma 7 zdru\u017euje osupljiv pogled na morje in bazen z notranjo masa\u017eno kadjo z jacuzzijem in pogledom na pokrajino, resni\u010dno razko\u0161no spa izku\u0161njo, ne da bi kdaj zapustili svojo sobo. Stopite na prostorno sen\u010dno teraso in u\u017eivajte v panorami Jadrana, bazena in olj\u010dnih nasadov, ki obdajajo vilo. [&hellip;]","og_url":"https:\/\/lojena.wepar.hr\/product\/exclusive-studio-with-sea-view-whirlpool-bath\/","og_site_name":"Villa Lojena","article_modified_time":"2026-03-10T19:27:36+00:00","og_image":[{"width":1024,"height":768,"url":"https:\/\/lojena.wepar.hr\/wp-content\/uploads\/2026\/02\/Exclusive-Studio-with-Sea-View-Whirlpool-Bath-Image-1.jpg","type":"image\/jpeg"}],"twitter_card":"summary_large_image","twitter_misc":{"Est. reading time":"1 minuta"},"schema":{"@context":"https:\/\/schema.org","@graph":[{"@type":"WebPage","@id":"https:\/\/lojena.wepar.hr\/product\/exclusive-studio-with-sea-view-whirlpool-bath\/","url":"https:\/\/lojena.wepar.hr\/product\/exclusive-studio-with-sea-view-whirlpool-bath\/","name":"Ekskluzivni studio s pogledom na morje i masa\u017eno kadjo - Villa Lojena","isPartOf":{"@id":"https:\/\/lojena.wepar.hr\/#website"},"primaryImageOfPage":{"@id":"https:\/\/lojena.wepar.hr\/product\/exclusive-studio-with-sea-view-whirlpool-bath\/#primaryimage"},"image":{"@id":"https:\/\/lojena.wepar.hr\/product\/exclusive-studio-with-sea-view-whirlpool-bath\/#primaryimage"},"thumbnailUrl":"https:\/\/lojena.wepar.hr\/wp-content\/uploads\/2026\/02\/Exclusive-Studio-with-Sea-View-Whirlpool-Bath-Image-1.jpg","datePublished":"2026-02-25T17:58:29+00:00","dateModified":"2026-03-10T19:27:36+00:00","breadcrumb":{"@id":"https:\/\/lojena.wepar.hr\/product\/exclusive-studio-with-sea-view-whirlpool-bath\/#breadcrumb"},"inLanguage":"sl-SI","potentialAction":[{"@type":"ReadAction","target":["https:\/\/lojena.wepar.hr\/product\/exclusive-studio-with-sea-view-whirlpool-bath\/"]}]},{"@type":"ImageObject","inLanguage":"sl-SI","@id":"https:\/\/lojena.wepar.hr\/product\/exclusive-studio-with-sea-view-whirlpool-bath\/#primaryimage","url":"https:\/\/lojena.wepar.hr\/wp-content\/uploads\/2026\/02\/Exclusive-Studio-with-Sea-View-Whirlpool-Bath-Image-1.jpg","contentUrl":"https:\/\/lojena.wepar.hr\/wp-content\/uploads\/2026\/02\/Exclusive-Studio-with-Sea-View-Whirlpool-Bath-Image-1.jpg","width":1024,"height":768,"caption":"Romanticly lightened bedroom with a double bed and wall television"},{"@type":"BreadcrumbList","@id":"https:\/\/lojena.wepar.hr\/product\/exclusive-studio-with-sea-view-whirlpool-bath\/#breadcrumb","itemListElement":[{"@type":"ListItem","position":1,"name":"Home","item":"https:\/\/lojena.wepar.hr\/sl\/"},{"@type":"ListItem","position":2,"name":"Ekskluzivni studio s pogledom na morje i masa\u017eno kadjo"}]},{"@type":"WebSite","@id":"https:\/\/lojena.wepar.hr\/#website","url":"https:\/\/lojena.wepar.hr\/","name":"Villa Lojena","description":"Luxury Studios","potentialAction":[{"@type":"SearchAction","target":{"@type":"EntryPoint","urlTemplate":"https:\/\/lojena.wepar.hr\/?s={search_term_string}"},"query-input":{"@type":"PropertyValueSpecification","valueRequired":true,"valueName":"search_term_string"}}],"inLanguage":"sl-SI"}]}},"_links":{"self":[{"href":"https:\/\/lojena.wepar.hr\/sl\/wp-json\/wp\/v2\/product\/2129","targetHints":{"allow":["GET"]}}],"collection":[{"href":"https:\/\/lojena.wepar.hr\/sl\/wp-json\/wp\/v2\/product"}],"about":[{"href":"https:\/\/lojena.wepar.hr\/sl\/wp-json\/wp\/v2\/types\/product"}],"replies":[{"embeddable":true,"href":"https:\/\/lojena.wepar.hr\/sl\/wp-json\/wp\/v2\/comments?post=2129"}],"wp:featuredmedia":[{"embeddable":true,"href":"https:\/\/lojena.wepar.hr\/sl\/wp-json\/wp\/v2\/media\/2130"}],"wp:attachment":[{"href":"https:\/\/lojena.wepar.hr\/sl\/wp-json\/wp\/v2\/media?parent=2129"}],"wp:term":[{"taxonomy":"product_brand","embeddable":true,"href":"https:\/\/lojena.wepar.hr\/sl\/wp-json\/wp\/v2\/product_brand?post=2129"},{"taxonomy":"product_cat","embeddable":true,"href":"https:\/\/lojena.wepar.hr\/sl\/wp-json\/wp\/v2\/product_cat?post=2129"},{"taxonomy":"product_tag","embeddable":true,"href":"https:\/\/lojena.wepar.hr\/sl\/wp-json\/wp\/v2\/product_tag?post=2129"}],"curies":[{"name":"wp","href":"https:\/\/api.w.org\/{rel}","templated":true}]}}