{"id":1857,"date":"2026-02-25T18:06:05","date_gmt":"2026-02-25T18:06:05","guid":{"rendered":"https:\/\/lojena.wepar.hr\/?post_type=product&#038;p=1857"},"modified":"2026-03-10T18:54:50","modified_gmt":"2026-03-10T18:54:50","slug":"ekskluzivni-penthouse-s-tremi-spalnicami-in-panoramskim-pogledom-na-morje","status":"publish","type":"product","link":"https:\/\/lojena.wepar.hr\/sl\/izdelek\/ekskluzivni-penthouse-s-tremi-spalnicami-in-panoramskim-pogledom-na-morje\/","title":{"rendered":"Ekskluzivni penthouse s tremi spalnicami in panoramskim pogledom na morje"},"content":{"rendered":"<p>Vrhunsko do\u017eivetje v Villi Lojena. Ta penthouse, ki se razprostira na impresivnih 155 m\u00b2, krona vilo z 80 m\u00b2 veliko teraso, ki ponuja \u010dudovit panoramski razgled na morje in nepozabne son\u010dne zahode.<\/p>\n<p>Glavna spalnica ima svojo razko\u0161no kopalnico z masa\u017eno kadjo in pogledom na vrt, va\u0161 zasebni spa umik.<\/p>\n<p>Dve dodatni spalnici, vsaka z lastno kopalnico in klimatsko napravo Daikin, zagotavljata udobje in zasebnost za dru\u017eino ali goste.<\/p>\n<p>Elegantna dnevna soba se odpira s pogledom na morje, jedilnica pa sprejme \u0161est oseb za nepozabne skupne obroke.<\/p>\n<p>Popolnoma opremljena kuhinja s pralnim in pomivalnim strojem omogo\u010da dalj\u0161e bivanje brez napora.<\/p>\n<p>Le\u017ealniki na terasi vas vabijo, da se prepustite mediteranski lepoti, za va\u0161e udobje pa so rezervirana tri sen\u010dna parkirna mesta, vklju\u010dno s polnilnico za elektri\u010dna vozila.<\/p>\n<p>S pametno televizijo, hitrim 5G internetom, vrhunskimi 34 cm antialergenskimi vzmetnicami in notranjostjo, kjer vsaka podrobnost odra\u017ea sodoben luksuz, je ta penthouse zasnovan za tiste, ki ne pri\u010dakujejo ni\u010d manj kot izjemnosti.<\/p>\n","protected":false},"excerpt":{"rendered":"<p>Vrhunsko do\u017eivetje v Villi Lojena. Ta penthouse, ki se razprostira na impresivnih 155 m\u00b2, krona vilo z 80 m\u00b2 veliko teraso, ki ponuja \u010dudovit panoramski razgled na morje in nepozabne son\u010dne zahode. Glavna spalnica ima svojo razko\u0161no kopalnico z masa\u017eno kadjo in pogledom na vrt, va\u0161 zasebni spa umik. Dve dodatni spalnici, vsaka z lastno [&hellip;]<\/p>\n","protected":false},"featured_media":1858,"comment_status":"closed","ping_status":"closed","template":"","meta":{"_acf_changed":false},"product_brand":[],"product_cat":[89],"product_tag":[],"class_list":{"0":"post-1857","1":"product","2":"type-product","3":"status-publish","4":"has-post-thumbnail","6":"product_cat-ekskluzivni-penthouse-s-tremi-spalnicami-in-panoramskim-pogledom-na-morje","8":"first","9":"instock","10":"sold-individually","11":"shipping-taxable","12":"purchasable","13":"product-type-phive_booking"},"acf":[],"yoast_head":"<!-- This site is optimized with the Yoast SEO plugin v27.1.1 - https:\/\/yoast.com\/product\/yoast-seo-wordpress\/ -->\n<title>Ekskluzivni penthouse s tremi spalnicami in panoramskim pogledom na morje - Villa Lojena<\/title>\n<meta name=\"robots\" content=\"index, follow, max-snippet:-1, max-image-preview:large, max-video-preview:-1\" \/>\n<link rel=\"canonical\" href=\"https:\/\/lojena.wepar.hr\/product\/exclusive-three-bedroom-penthouse-with-panoramic-sea-view\/\" \/>\n<meta property=\"og:locale\" content=\"sl_SI\" \/>\n<meta property=\"og:type\" content=\"article\" \/>\n<meta property=\"og:title\" content=\"Ekskluzivni penthouse s tremi spalnicami in panoramskim pogledom na morje - Villa Lojena\" \/>\n<meta property=\"og:description\" content=\"Vrhunsko do\u017eivetje v Villi Lojena. Ta penthouse, ki se razprostira na impresivnih 155 m\u00b2, krona vilo z 80 m\u00b2 veliko teraso, ki ponuja \u010dudovit panoramski razgled na morje in nepozabne son\u010dne zahode. Glavna spalnica ima svojo razko\u0161no kopalnico z masa\u017eno kadjo in pogledom na vrt, va\u0161 zasebni spa umik. Dve dodatni spalnici, vsaka z lastno [&hellip;]\" \/>\n<meta property=\"og:url\" content=\"https:\/\/lojena.wepar.hr\/product\/exclusive-three-bedroom-penthouse-with-panoramic-sea-view\/\" \/>\n<meta property=\"og:site_name\" content=\"Villa Lojena\" \/>\n<meta property=\"article:modified_time\" content=\"2026-03-10T18:54:50+00:00\" \/>\n<meta property=\"og:image\" content=\"https:\/\/lojena.wepar.hr\/wp-content\/uploads\/2026\/02\/penthouse-featuired-image.jpeg\" \/>\n\t<meta property=\"og:image:width\" content=\"1920\" \/>\n\t<meta property=\"og:image:height\" content=\"1280\" \/>\n\t<meta property=\"og:image:type\" content=\"image\/jpeg\" \/>\n<meta name=\"twitter:card\" content=\"summary_large_image\" \/>\n<meta name=\"twitter:label1\" content=\"Est. reading time\" \/>\n\t<meta name=\"twitter:data1\" content=\"1 minuta\" \/>\n<script type=\"application\/ld+json\" class=\"yoast-schema-graph\">{\"@context\":\"https:\/\/schema.org\",\"@graph\":[{\"@type\":\"WebPage\",\"@id\":\"https:\/\/lojena.wepar.hr\/product\/exclusive-three-bedroom-penthouse-with-panoramic-sea-view\/\",\"url\":\"https:\/\/lojena.wepar.hr\/product\/exclusive-three-bedroom-penthouse-with-panoramic-sea-view\/\",\"name\":\"Ekskluzivni penthouse s tremi spalnicami in panoramskim pogledom na morje - Villa Lojena\",\"isPartOf\":{\"@id\":\"https:\/\/lojena.wepar.hr\/#website\"},\"primaryImageOfPage\":{\"@id\":\"https:\/\/lojena.wepar.hr\/product\/exclusive-three-bedroom-penthouse-with-panoramic-sea-view\/#primaryimage\"},\"image\":{\"@id\":\"https:\/\/lojena.wepar.hr\/product\/exclusive-three-bedroom-penthouse-with-panoramic-sea-view\/#primaryimage\"},\"thumbnailUrl\":\"https:\/\/lojena.wepar.hr\/wp-content\/uploads\/2026\/02\/penthouse-featuired-image.jpeg\",\"datePublished\":\"2026-02-25T18:06:05+00:00\",\"dateModified\":\"2026-03-10T18:54:50+00:00\",\"breadcrumb\":{\"@id\":\"https:\/\/lojena.wepar.hr\/product\/exclusive-three-bedroom-penthouse-with-panoramic-sea-view\/#breadcrumb\"},\"inLanguage\":\"sl-SI\",\"potentialAction\":[{\"@type\":\"ReadAction\",\"target\":[\"https:\/\/lojena.wepar.hr\/product\/exclusive-three-bedroom-penthouse-with-panoramic-sea-view\/\"]}]},{\"@type\":\"ImageObject\",\"inLanguage\":\"sl-SI\",\"@id\":\"https:\/\/lojena.wepar.hr\/product\/exclusive-three-bedroom-penthouse-with-panoramic-sea-view\/#primaryimage\",\"url\":\"https:\/\/lojena.wepar.hr\/wp-content\/uploads\/2026\/02\/penthouse-featuired-image.jpeg\",\"contentUrl\":\"https:\/\/lojena.wepar.hr\/wp-content\/uploads\/2026\/02\/penthouse-featuired-image.jpeg\",\"width\":1920,\"height\":1280,\"caption\":\"View of the sea and trees from balcony table\"},{\"@type\":\"BreadcrumbList\",\"@id\":\"https:\/\/lojena.wepar.hr\/product\/exclusive-three-bedroom-penthouse-with-panoramic-sea-view\/#breadcrumb\",\"itemListElement\":[{\"@type\":\"ListItem\",\"position\":1,\"name\":\"Home\",\"item\":\"https:\/\/lojena.wepar.hr\/sl\/\"},{\"@type\":\"ListItem\",\"position\":2,\"name\":\"Ekskluzivni penthouse s tremi spalnicami in panoramskim pogledom na morje\"}]},{\"@type\":\"WebSite\",\"@id\":\"https:\/\/lojena.wepar.hr\/#website\",\"url\":\"https:\/\/lojena.wepar.hr\/\",\"name\":\"Villa Lojena\",\"description\":\"Luxury Studios\",\"potentialAction\":[{\"@type\":\"SearchAction\",\"target\":{\"@type\":\"EntryPoint\",\"urlTemplate\":\"https:\/\/lojena.wepar.hr\/?s={search_term_string}\"},\"query-input\":{\"@type\":\"PropertyValueSpecification\",\"valueRequired\":true,\"valueName\":\"search_term_string\"}}],\"inLanguage\":\"sl-SI\"}]}<\/script>\n<!-- \/ Yoast SEO plugin. -->","yoast_head_json":{"title":"Ekskluzivni penthouse s tremi spalnicami in panoramskim pogledom na morje - Villa Lojena","robots":{"index":"index","follow":"follow","max-snippet":"max-snippet:-1","max-image-preview":"max-image-preview:large","max-video-preview":"max-video-preview:-1"},"canonical":"https:\/\/lojena.wepar.hr\/product\/exclusive-three-bedroom-penthouse-with-panoramic-sea-view\/","og_locale":"sl_SI","og_type":"article","og_title":"Ekskluzivni penthouse s tremi spalnicami in panoramskim pogledom na morje - Villa Lojena","og_description":"Vrhunsko do\u017eivetje v Villi Lojena. Ta penthouse, ki se razprostira na impresivnih 155 m\u00b2, krona vilo z 80 m\u00b2 veliko teraso, ki ponuja \u010dudovit panoramski razgled na morje in nepozabne son\u010dne zahode. Glavna spalnica ima svojo razko\u0161no kopalnico z masa\u017eno kadjo in pogledom na vrt, va\u0161 zasebni spa umik. Dve dodatni spalnici, vsaka z lastno [&hellip;]","og_url":"https:\/\/lojena.wepar.hr\/product\/exclusive-three-bedroom-penthouse-with-panoramic-sea-view\/","og_site_name":"Villa Lojena","article_modified_time":"2026-03-10T18:54:50+00:00","og_image":[{"width":1920,"height":1280,"url":"https:\/\/lojena.wepar.hr\/wp-content\/uploads\/2026\/02\/penthouse-featuired-image.jpeg","type":"image\/jpeg"}],"twitter_card":"summary_large_image","twitter_misc":{"Est. reading time":"1 minuta"},"schema":{"@context":"https:\/\/schema.org","@graph":[{"@type":"WebPage","@id":"https:\/\/lojena.wepar.hr\/product\/exclusive-three-bedroom-penthouse-with-panoramic-sea-view\/","url":"https:\/\/lojena.wepar.hr\/product\/exclusive-three-bedroom-penthouse-with-panoramic-sea-view\/","name":"Ekskluzivni penthouse s tremi spalnicami in panoramskim pogledom na morje - Villa Lojena","isPartOf":{"@id":"https:\/\/lojena.wepar.hr\/#website"},"primaryImageOfPage":{"@id":"https:\/\/lojena.wepar.hr\/product\/exclusive-three-bedroom-penthouse-with-panoramic-sea-view\/#primaryimage"},"image":{"@id":"https:\/\/lojena.wepar.hr\/product\/exclusive-three-bedroom-penthouse-with-panoramic-sea-view\/#primaryimage"},"thumbnailUrl":"https:\/\/lojena.wepar.hr\/wp-content\/uploads\/2026\/02\/penthouse-featuired-image.jpeg","datePublished":"2026-02-25T18:06:05+00:00","dateModified":"2026-03-10T18:54:50+00:00","breadcrumb":{"@id":"https:\/\/lojena.wepar.hr\/product\/exclusive-three-bedroom-penthouse-with-panoramic-sea-view\/#breadcrumb"},"inLanguage":"sl-SI","potentialAction":[{"@type":"ReadAction","target":["https:\/\/lojena.wepar.hr\/product\/exclusive-three-bedroom-penthouse-with-panoramic-sea-view\/"]}]},{"@type":"ImageObject","inLanguage":"sl-SI","@id":"https:\/\/lojena.wepar.hr\/product\/exclusive-three-bedroom-penthouse-with-panoramic-sea-view\/#primaryimage","url":"https:\/\/lojena.wepar.hr\/wp-content\/uploads\/2026\/02\/penthouse-featuired-image.jpeg","contentUrl":"https:\/\/lojena.wepar.hr\/wp-content\/uploads\/2026\/02\/penthouse-featuired-image.jpeg","width":1920,"height":1280,"caption":"View of the sea and trees from balcony table"},{"@type":"BreadcrumbList","@id":"https:\/\/lojena.wepar.hr\/product\/exclusive-three-bedroom-penthouse-with-panoramic-sea-view\/#breadcrumb","itemListElement":[{"@type":"ListItem","position":1,"name":"Home","item":"https:\/\/lojena.wepar.hr\/sl\/"},{"@type":"ListItem","position":2,"name":"Ekskluzivni penthouse s tremi spalnicami in panoramskim pogledom na morje"}]},{"@type":"WebSite","@id":"https:\/\/lojena.wepar.hr\/#website","url":"https:\/\/lojena.wepar.hr\/","name":"Villa Lojena","description":"Luxury Studios","potentialAction":[{"@type":"SearchAction","target":{"@type":"EntryPoint","urlTemplate":"https:\/\/lojena.wepar.hr\/?s={search_term_string}"},"query-input":{"@type":"PropertyValueSpecification","valueRequired":true,"valueName":"search_term_string"}}],"inLanguage":"sl-SI"}]}},"_links":{"self":[{"href":"https:\/\/lojena.wepar.hr\/sl\/wp-json\/wp\/v2\/product\/1857","targetHints":{"allow":["GET"]}}],"collection":[{"href":"https:\/\/lojena.wepar.hr\/sl\/wp-json\/wp\/v2\/product"}],"about":[{"href":"https:\/\/lojena.wepar.hr\/sl\/wp-json\/wp\/v2\/types\/product"}],"replies":[{"embeddable":true,"href":"https:\/\/lojena.wepar.hr\/sl\/wp-json\/wp\/v2\/comments?post=1857"}],"wp:featuredmedia":[{"embeddable":true,"href":"https:\/\/lojena.wepar.hr\/sl\/wp-json\/wp\/v2\/media\/1858"}],"wp:attachment":[{"href":"https:\/\/lojena.wepar.hr\/sl\/wp-json\/wp\/v2\/media?parent=1857"}],"wp:term":[{"taxonomy":"product_brand","embeddable":true,"href":"https:\/\/lojena.wepar.hr\/sl\/wp-json\/wp\/v2\/product_brand?post=1857"},{"taxonomy":"product_cat","embeddable":true,"href":"https:\/\/lojena.wepar.hr\/sl\/wp-json\/wp\/v2\/product_cat?post=1857"},{"taxonomy":"product_tag","embeddable":true,"href":"https:\/\/lojena.wepar.hr\/sl\/wp-json\/wp\/v2\/product_tag?post=1857"}],"curies":[{"name":"wp","href":"https:\/\/api.w.org\/{rel}","templated":true}]}}