{"id":1825,"date":"2026-02-25T14:46:42","date_gmt":"2026-02-25T14:46:42","guid":{"rendered":"https:\/\/lojena.wepar.hr\/?post_type=product&#038;p=1825"},"modified":"2026-03-19T08:12:27","modified_gmt":"2026-03-19T08:12:27","slug":"premium-studio-z-zasebno-zunanjo-masazno-kadjo-id-2","status":"publish","type":"product","link":"https:\/\/lojena.wepar.hr\/sl\/izdelek\/premium-studio-z-zasebno-zunanjo-masazno-kadjo-id-2\/","title":{"rendered":"Premium studio z zasebno zunanjo masa\u017eno kadjo ID 2"},"content":{"rendered":"<p>Potopite se v pristno sredozemsko vzdu\u0161je v studiu, ki daje prednost tako slogu kot prakti\u010dnosti. Ta pritli\u010dni apartma ponuja vabljivo sen\u010dno teraso s panoramskim razgledom na na\u0161e mirne olj\u010dne nasade \u2013 idili\u010den kraj za sprostitev po dnevu na pla\u017ei.<\/p>\n<p>V notranjosti premi\u0161ljena zasnova vklju\u010duje elegantno dnevno sobo, popolnoma opremljeno kuhinjo za va\u0161e kulinari\u010dne potrebe in veliko, elegantno kopalnico. Vsak ve\u010der je luksuzna izku\u0161nja zahvaljujo\u010d 34 cm debelim hipoalergenim vzmetnicam in udobju s klimatsko napravo, ki ga zagotavljajo sistemi Daikin.<\/p>\n<p>Ostanite povezani s svetom z visokohitrostnim 5G Wi-Fi-jem in pametno televizijo, medtem ko u\u017eivate v razko\u0161ju na\u0161e brezpla\u010dne storitve pranja in likanja perila. Ta studio je vrhunska me\u0161anica sodobnega udobja in brez\u010dasnega miru Sredozemlja ter ponuja vse, kar potrebujete za resni\u010dno spro\u0161\u010dujo\u010d oddih.<\/p>\n","protected":false},"excerpt":{"rendered":"<p>Potopite se v pristno sredozemsko vzdu\u0161je v studiu, ki daje prednost tako slogu kot prakti\u010dnosti. Ta pritli\u010dni apartma ponuja vabljivo sen\u010dno teraso s panoramskim razgledom na na\u0161e mirne olj\u010dne nasade \u2013 idili\u010den kraj za sprostitev po dnevu na pla\u017ei. V notranjosti premi\u0161ljena zasnova vklju\u010duje elegantno dnevno sobo, popolnoma opremljeno kuhinjo za va\u0161e kulinari\u010dne potrebe in [&hellip;]<\/p>\n","protected":false},"featured_media":1133,"comment_status":"closed","ping_status":"closed","template":"","meta":{"_acf_changed":false},"product_brand":[],"product_cat":[97],"product_tag":[],"class_list":{"0":"post-1825","1":"product","2":"type-product","3":"status-publish","4":"has-post-thumbnail","6":"product_cat-premium-studio-z-zasebno-zunanjo-masazno-kadjo","8":"first","9":"instock","10":"sold-individually","11":"shipping-taxable","12":"purchasable","13":"product-type-phive_booking"},"acf":[],"yoast_head":"<!-- This site is optimized with the Yoast SEO plugin v27.1.1 - https:\/\/yoast.com\/product\/yoast-seo-wordpress\/ -->\n<title>Premium studio z zasebno zunanjo masa\u017eno kadjo ID 2 - Villa Lojena<\/title>\n<meta name=\"robots\" content=\"index, follow, max-snippet:-1, max-image-preview:large, max-video-preview:-1\" \/>\n<link rel=\"canonical\" href=\"https:\/\/lojena.wepar.hr\/sl\/izdelek\/premium-studio-z-zasebno-zunanjo-masazno-kadjo-id-2\/\" \/>\n<meta property=\"og:locale\" content=\"sl_SI\" \/>\n<meta property=\"og:type\" content=\"article\" \/>\n<meta property=\"og:title\" content=\"Premium studio z zasebno zunanjo masa\u017eno kadjo ID 2 - Villa Lojena\" \/>\n<meta property=\"og:description\" content=\"Potopite se v pristno sredozemsko vzdu\u0161je v studiu, ki daje prednost tako slogu kot prakti\u010dnosti. Ta pritli\u010dni apartma ponuja vabljivo sen\u010dno teraso s panoramskim razgledom na na\u0161e mirne olj\u010dne nasade \u2013 idili\u010den kraj za sprostitev po dnevu na pla\u017ei. V notranjosti premi\u0161ljena zasnova vklju\u010duje elegantno dnevno sobo, popolnoma opremljeno kuhinjo za va\u0161e kulinari\u010dne potrebe in [&hellip;]\" \/>\n<meta property=\"og:url\" content=\"https:\/\/lojena.wepar.hr\/sl\/izdelek\/premium-studio-z-zasebno-zunanjo-masazno-kadjo-id-2\/\" \/>\n<meta property=\"og:site_name\" content=\"Villa Lojena\" \/>\n<meta property=\"article:modified_time\" content=\"2026-03-19T08:12:27+00:00\" \/>\n<meta property=\"og:image\" content=\"https:\/\/lojena.wepar.hr\/wp-content\/uploads\/2026\/02\/ap-1-jacuzzi.jpg\" \/>\n\t<meta property=\"og:image:width\" content=\"2000\" \/>\n\t<meta property=\"og:image:height\" content=\"1500\" \/>\n\t<meta property=\"og:image:type\" content=\"image\/jpeg\" \/>\n<meta name=\"twitter:card\" content=\"summary_large_image\" \/>\n<meta name=\"twitter:label1\" content=\"Est. reading time\" \/>\n\t<meta name=\"twitter:data1\" content=\"1 minuta\" \/>\n<script type=\"application\/ld+json\" class=\"yoast-schema-graph\">{\"@context\":\"https:\/\/schema.org\",\"@graph\":[{\"@type\":\"WebPage\",\"@id\":\"https:\/\/lojena.wepar.hr\/sl\/izdelek\/premium-studio-z-zasebno-zunanjo-masazno-kadjo-id-2\/\",\"url\":\"https:\/\/lojena.wepar.hr\/sl\/izdelek\/premium-studio-z-zasebno-zunanjo-masazno-kadjo-id-2\/\",\"name\":\"Premium studio z zasebno zunanjo masa\u017eno kadjo ID 2 - Villa Lojena\",\"isPartOf\":{\"@id\":\"https:\/\/lojena.wepar.hr\/#website\"},\"primaryImageOfPage\":{\"@id\":\"https:\/\/lojena.wepar.hr\/sl\/izdelek\/premium-studio-z-zasebno-zunanjo-masazno-kadjo-id-2\/#primaryimage\"},\"image\":{\"@id\":\"https:\/\/lojena.wepar.hr\/sl\/izdelek\/premium-studio-z-zasebno-zunanjo-masazno-kadjo-id-2\/#primaryimage\"},\"thumbnailUrl\":\"https:\/\/lojena.wepar.hr\/wp-content\/uploads\/2026\/02\/ap-1-jacuzzi.jpg\",\"datePublished\":\"2026-02-25T14:46:42+00:00\",\"dateModified\":\"2026-03-19T08:12:27+00:00\",\"breadcrumb\":{\"@id\":\"https:\/\/lojena.wepar.hr\/sl\/izdelek\/premium-studio-z-zasebno-zunanjo-masazno-kadjo-id-2\/#breadcrumb\"},\"inLanguage\":\"sl-SI\",\"potentialAction\":[{\"@type\":\"ReadAction\",\"target\":[\"https:\/\/lojena.wepar.hr\/sl\/izdelek\/premium-studio-z-zasebno-zunanjo-masazno-kadjo-id-2\/\"]}]},{\"@type\":\"ImageObject\",\"inLanguage\":\"sl-SI\",\"@id\":\"https:\/\/lojena.wepar.hr\/sl\/izdelek\/premium-studio-z-zasebno-zunanjo-masazno-kadjo-id-2\/#primaryimage\",\"url\":\"https:\/\/lojena.wepar.hr\/wp-content\/uploads\/2026\/02\/ap-1-jacuzzi.jpg\",\"contentUrl\":\"https:\/\/lojena.wepar.hr\/wp-content\/uploads\/2026\/02\/ap-1-jacuzzi.jpg\",\"width\":2000,\"height\":1500,\"caption\":\"View of outside jacuzzi from shadow covered terrace\"},{\"@type\":\"BreadcrumbList\",\"@id\":\"https:\/\/lojena.wepar.hr\/sl\/izdelek\/premium-studio-z-zasebno-zunanjo-masazno-kadjo-id-2\/#breadcrumb\",\"itemListElement\":[{\"@type\":\"ListItem\",\"position\":1,\"name\":\"Home\",\"item\":\"https:\/\/lojena.wepar.hr\/sl\/\"},{\"@type\":\"ListItem\",\"position\":2,\"name\":\"Premium studio z zasebno zunanjo masa\u017eno kadjo ID 2\"}]},{\"@type\":\"WebSite\",\"@id\":\"https:\/\/lojena.wepar.hr\/#website\",\"url\":\"https:\/\/lojena.wepar.hr\/\",\"name\":\"Villa Lojena\",\"description\":\"Luxury Studios\",\"potentialAction\":[{\"@type\":\"SearchAction\",\"target\":{\"@type\":\"EntryPoint\",\"urlTemplate\":\"https:\/\/lojena.wepar.hr\/?s={search_term_string}\"},\"query-input\":{\"@type\":\"PropertyValueSpecification\",\"valueRequired\":true,\"valueName\":\"search_term_string\"}}],\"inLanguage\":\"sl-SI\"}]}<\/script>\n<!-- \/ Yoast SEO plugin. -->","yoast_head_json":{"title":"Premium studio z zasebno zunanjo masa\u017eno kadjo ID 2 - Villa Lojena","robots":{"index":"index","follow":"follow","max-snippet":"max-snippet:-1","max-image-preview":"max-image-preview:large","max-video-preview":"max-video-preview:-1"},"canonical":"https:\/\/lojena.wepar.hr\/sl\/izdelek\/premium-studio-z-zasebno-zunanjo-masazno-kadjo-id-2\/","og_locale":"sl_SI","og_type":"article","og_title":"Premium studio z zasebno zunanjo masa\u017eno kadjo ID 2 - Villa Lojena","og_description":"Potopite se v pristno sredozemsko vzdu\u0161je v studiu, ki daje prednost tako slogu kot prakti\u010dnosti. Ta pritli\u010dni apartma ponuja vabljivo sen\u010dno teraso s panoramskim razgledom na na\u0161e mirne olj\u010dne nasade \u2013 idili\u010den kraj za sprostitev po dnevu na pla\u017ei. V notranjosti premi\u0161ljena zasnova vklju\u010duje elegantno dnevno sobo, popolnoma opremljeno kuhinjo za va\u0161e kulinari\u010dne potrebe in [&hellip;]","og_url":"https:\/\/lojena.wepar.hr\/sl\/izdelek\/premium-studio-z-zasebno-zunanjo-masazno-kadjo-id-2\/","og_site_name":"Villa Lojena","article_modified_time":"2026-03-19T08:12:27+00:00","og_image":[{"width":2000,"height":1500,"url":"https:\/\/lojena.wepar.hr\/wp-content\/uploads\/2026\/02\/ap-1-jacuzzi.jpg","type":"image\/jpeg"}],"twitter_card":"summary_large_image","twitter_misc":{"Est. reading time":"1 minuta"},"schema":{"@context":"https:\/\/schema.org","@graph":[{"@type":"WebPage","@id":"https:\/\/lojena.wepar.hr\/sl\/izdelek\/premium-studio-z-zasebno-zunanjo-masazno-kadjo-id-2\/","url":"https:\/\/lojena.wepar.hr\/sl\/izdelek\/premium-studio-z-zasebno-zunanjo-masazno-kadjo-id-2\/","name":"Premium studio z zasebno zunanjo masa\u017eno kadjo ID 2 - Villa Lojena","isPartOf":{"@id":"https:\/\/lojena.wepar.hr\/#website"},"primaryImageOfPage":{"@id":"https:\/\/lojena.wepar.hr\/sl\/izdelek\/premium-studio-z-zasebno-zunanjo-masazno-kadjo-id-2\/#primaryimage"},"image":{"@id":"https:\/\/lojena.wepar.hr\/sl\/izdelek\/premium-studio-z-zasebno-zunanjo-masazno-kadjo-id-2\/#primaryimage"},"thumbnailUrl":"https:\/\/lojena.wepar.hr\/wp-content\/uploads\/2026\/02\/ap-1-jacuzzi.jpg","datePublished":"2026-02-25T14:46:42+00:00","dateModified":"2026-03-19T08:12:27+00:00","breadcrumb":{"@id":"https:\/\/lojena.wepar.hr\/sl\/izdelek\/premium-studio-z-zasebno-zunanjo-masazno-kadjo-id-2\/#breadcrumb"},"inLanguage":"sl-SI","potentialAction":[{"@type":"ReadAction","target":["https:\/\/lojena.wepar.hr\/sl\/izdelek\/premium-studio-z-zasebno-zunanjo-masazno-kadjo-id-2\/"]}]},{"@type":"ImageObject","inLanguage":"sl-SI","@id":"https:\/\/lojena.wepar.hr\/sl\/izdelek\/premium-studio-z-zasebno-zunanjo-masazno-kadjo-id-2\/#primaryimage","url":"https:\/\/lojena.wepar.hr\/wp-content\/uploads\/2026\/02\/ap-1-jacuzzi.jpg","contentUrl":"https:\/\/lojena.wepar.hr\/wp-content\/uploads\/2026\/02\/ap-1-jacuzzi.jpg","width":2000,"height":1500,"caption":"View of outside jacuzzi from shadow covered terrace"},{"@type":"BreadcrumbList","@id":"https:\/\/lojena.wepar.hr\/sl\/izdelek\/premium-studio-z-zasebno-zunanjo-masazno-kadjo-id-2\/#breadcrumb","itemListElement":[{"@type":"ListItem","position":1,"name":"Home","item":"https:\/\/lojena.wepar.hr\/sl\/"},{"@type":"ListItem","position":2,"name":"Premium studio z zasebno zunanjo masa\u017eno kadjo ID 2"}]},{"@type":"WebSite","@id":"https:\/\/lojena.wepar.hr\/#website","url":"https:\/\/lojena.wepar.hr\/","name":"Villa Lojena","description":"Luxury Studios","potentialAction":[{"@type":"SearchAction","target":{"@type":"EntryPoint","urlTemplate":"https:\/\/lojena.wepar.hr\/?s={search_term_string}"},"query-input":{"@type":"PropertyValueSpecification","valueRequired":true,"valueName":"search_term_string"}}],"inLanguage":"sl-SI"}]}},"_links":{"self":[{"href":"https:\/\/lojena.wepar.hr\/sl\/wp-json\/wp\/v2\/product\/1825","targetHints":{"allow":["GET"]}}],"collection":[{"href":"https:\/\/lojena.wepar.hr\/sl\/wp-json\/wp\/v2\/product"}],"about":[{"href":"https:\/\/lojena.wepar.hr\/sl\/wp-json\/wp\/v2\/types\/product"}],"replies":[{"embeddable":true,"href":"https:\/\/lojena.wepar.hr\/sl\/wp-json\/wp\/v2\/comments?post=1825"}],"wp:featuredmedia":[{"embeddable":true,"href":"https:\/\/lojena.wepar.hr\/sl\/wp-json\/wp\/v2\/media\/1133"}],"wp:attachment":[{"href":"https:\/\/lojena.wepar.hr\/sl\/wp-json\/wp\/v2\/media?parent=1825"}],"wp:term":[{"taxonomy":"product_brand","embeddable":true,"href":"https:\/\/lojena.wepar.hr\/sl\/wp-json\/wp\/v2\/product_brand?post=1825"},{"taxonomy":"product_cat","embeddable":true,"href":"https:\/\/lojena.wepar.hr\/sl\/wp-json\/wp\/v2\/product_cat?post=1825"},{"taxonomy":"product_tag","embeddable":true,"href":"https:\/\/lojena.wepar.hr\/sl\/wp-json\/wp\/v2\/product_tag?post=1825"}],"curies":[{"name":"wp","href":"https:\/\/api.w.org\/{rel}","templated":true}]}}