{"id":1478,"date":"2026-02-25T12:48:35","date_gmt":"2026-02-25T12:48:35","guid":{"rendered":"https:\/\/lojena.wepar.hr\/?post_type=product&#038;p=1478"},"modified":"2026-03-19T08:09:45","modified_gmt":"2026-03-19T08:09:45","slug":"premium-studio-s-pogledom-na-morje-id-2","status":"publish","type":"product","link":"https:\/\/lojena.wepar.hr\/sl\/izdelek\/premium-studio-s-pogledom-na-morje-id-2\/","title":{"rendered":"Premium studio s pogledom na morje ID 2"},"content":{"rendered":"<p>Do\u017eivite pobeg v pritli\u010dju, zasnovan za tiste, ki cenijo prostor in spokojnost. Ta elegantni studio se pona\u0161a s prostorno 40 m\u00b2 veliko teraso, ki ponuja nemoten prehod iz elegantne notranjosti v naravne lepote na\u0161ega stoletnega olj\u010dnega vrta. Potopite se v mehur\u010dke zasebnega jacuzzija na terasi velikosti 2 x 2 m \u2013 popolnega protistrupa za dan na soncu.<\/p>\n<p>V notranjosti je poudarek na brezkompromisnem udobju. U\u017eivajte v sodobnem bivalnem prostoru z gurmansko kuhinjo, veliko moderno kopalnico in mehko oporo 34 cm debelih hipoalergenih vzmetnic. Z Daikinovo klimatsko napravo je va\u0161e okolje vedno to\u010dno tak\u0161no, kot si ga \u017eelite.<\/p>\n<p>Poskrbeli smo za vsako podrobnost: od bliskovito hitrega 5G Wi-Fi-ja in pametne televizije do skupnega ledomata za popoldanske osve\u017eilne pija\u010de. Z vklju\u010deno storitvijo pranja in likanja lahko potujete z malo prtljage in se popolnoma osredoto\u010dite na sredozemski mir, ki vas obdaja.<\/p>\n","protected":false},"excerpt":{"rendered":"<p>Do\u017eivite pobeg v pritli\u010dju, zasnovan za tiste, ki cenijo prostor in spokojnost. Ta elegantni studio se pona\u0161a s prostorno 40 m\u00b2 veliko teraso, ki ponuja nemoten prehod iz elegantne notranjosti v naravne lepote na\u0161ega stoletnega olj\u010dnega vrta. Potopite se v mehur\u010dke zasebnega jacuzzija na terasi velikosti 2 x 2 m \u2013 popolnega protistrupa za dan [&hellip;]<\/p>\n","protected":false},"featured_media":1173,"comment_status":"closed","ping_status":"closed","template":"","meta":{"_acf_changed":false},"product_brand":[],"product_cat":[105],"product_tag":[],"class_list":{"0":"post-1478","1":"product","2":"type-product","3":"status-publish","4":"has-post-thumbnail","6":"product_cat-premium-studio-s-pogledom-na-morje","8":"first","9":"instock","10":"sold-individually","11":"shipping-taxable","12":"purchasable","13":"product-type-phive_booking"},"acf":[],"yoast_head":"<!-- This site is optimized with the Yoast SEO plugin v27.1.1 - https:\/\/yoast.com\/product\/yoast-seo-wordpress\/ -->\n<title>Premium studio s pogledom na morje ID 2 - Villa Lojena<\/title>\n<meta name=\"robots\" content=\"index, follow, max-snippet:-1, max-image-preview:large, max-video-preview:-1\" \/>\n<link rel=\"canonical\" href=\"https:\/\/lojena.wepar.hr\/sl\/izdelek\/premium-studio-s-pogledom-na-morje-id-2\/\" \/>\n<meta property=\"og:locale\" content=\"sl_SI\" \/>\n<meta property=\"og:type\" content=\"article\" \/>\n<meta property=\"og:title\" content=\"Premium studio s pogledom na morje ID 2 - Villa Lojena\" \/>\n<meta property=\"og:description\" content=\"Do\u017eivite pobeg v pritli\u010dju, zasnovan za tiste, ki cenijo prostor in spokojnost. Ta elegantni studio se pona\u0161a s prostorno 40 m\u00b2 veliko teraso, ki ponuja nemoten prehod iz elegantne notranjosti v naravne lepote na\u0161ega stoletnega olj\u010dnega vrta. Potopite se v mehur\u010dke zasebnega jacuzzija na terasi velikosti 2 x 2 m \u2013 popolnega protistrupa za dan [&hellip;]\" \/>\n<meta property=\"og:url\" content=\"https:\/\/lojena.wepar.hr\/sl\/izdelek\/premium-studio-s-pogledom-na-morje-id-2\/\" \/>\n<meta property=\"og:site_name\" content=\"Villa Lojena\" \/>\n<meta property=\"article:modified_time\" content=\"2026-03-19T08:09:45+00:00\" \/>\n<meta property=\"og:image\" content=\"https:\/\/lojena.wepar.hr\/wp-content\/uploads\/2026\/02\/5-i-6.jpeg\" \/>\n\t<meta property=\"og:image:width\" content=\"1980\" \/>\n\t<meta property=\"og:image:height\" content=\"1485\" \/>\n\t<meta property=\"og:image:type\" content=\"image\/jpeg\" \/>\n<meta name=\"twitter:card\" content=\"summary_large_image\" \/>\n<meta name=\"twitter:label1\" content=\"Est. reading time\" \/>\n\t<meta name=\"twitter:data1\" content=\"1 minuta\" \/>\n<script type=\"application\/ld+json\" class=\"yoast-schema-graph\">{\"@context\":\"https:\/\/schema.org\",\"@graph\":[{\"@type\":\"WebPage\",\"@id\":\"https:\/\/lojena.wepar.hr\/sl\/izdelek\/premium-studio-s-pogledom-na-morje-id-2\/\",\"url\":\"https:\/\/lojena.wepar.hr\/sl\/izdelek\/premium-studio-s-pogledom-na-morje-id-2\/\",\"name\":\"Premium studio s pogledom na morje ID 2 - Villa Lojena\",\"isPartOf\":{\"@id\":\"https:\/\/lojena.wepar.hr\/#website\"},\"primaryImageOfPage\":{\"@id\":\"https:\/\/lojena.wepar.hr\/sl\/izdelek\/premium-studio-s-pogledom-na-morje-id-2\/#primaryimage\"},\"image\":{\"@id\":\"https:\/\/lojena.wepar.hr\/sl\/izdelek\/premium-studio-s-pogledom-na-morje-id-2\/#primaryimage\"},\"thumbnailUrl\":\"https:\/\/lojena.wepar.hr\/wp-content\/uploads\/2026\/02\/5-i-6.jpeg\",\"datePublished\":\"2026-02-25T12:48:35+00:00\",\"dateModified\":\"2026-03-19T08:09:45+00:00\",\"breadcrumb\":{\"@id\":\"https:\/\/lojena.wepar.hr\/sl\/izdelek\/premium-studio-s-pogledom-na-morje-id-2\/#breadcrumb\"},\"inLanguage\":\"sl-SI\",\"potentialAction\":[{\"@type\":\"ReadAction\",\"target\":[\"https:\/\/lojena.wepar.hr\/sl\/izdelek\/premium-studio-s-pogledom-na-morje-id-2\/\"]}]},{\"@type\":\"ImageObject\",\"inLanguage\":\"sl-SI\",\"@id\":\"https:\/\/lojena.wepar.hr\/sl\/izdelek\/premium-studio-s-pogledom-na-morje-id-2\/#primaryimage\",\"url\":\"https:\/\/lojena.wepar.hr\/wp-content\/uploads\/2026\/02\/5-i-6.jpeg\",\"contentUrl\":\"https:\/\/lojena.wepar.hr\/wp-content\/uploads\/2026\/02\/5-i-6.jpeg\",\"width\":1980,\"height\":1485,\"caption\":\"Double sized bed with couch, coffe table and television\"},{\"@type\":\"BreadcrumbList\",\"@id\":\"https:\/\/lojena.wepar.hr\/sl\/izdelek\/premium-studio-s-pogledom-na-morje-id-2\/#breadcrumb\",\"itemListElement\":[{\"@type\":\"ListItem\",\"position\":1,\"name\":\"Home\",\"item\":\"https:\/\/lojena.wepar.hr\/sl\/\"},{\"@type\":\"ListItem\",\"position\":2,\"name\":\"Premium studio s pogledom na morje ID 2\"}]},{\"@type\":\"WebSite\",\"@id\":\"https:\/\/lojena.wepar.hr\/#website\",\"url\":\"https:\/\/lojena.wepar.hr\/\",\"name\":\"Villa Lojena\",\"description\":\"Luxury Studios\",\"potentialAction\":[{\"@type\":\"SearchAction\",\"target\":{\"@type\":\"EntryPoint\",\"urlTemplate\":\"https:\/\/lojena.wepar.hr\/?s={search_term_string}\"},\"query-input\":{\"@type\":\"PropertyValueSpecification\",\"valueRequired\":true,\"valueName\":\"search_term_string\"}}],\"inLanguage\":\"sl-SI\"}]}<\/script>\n<!-- \/ Yoast SEO plugin. -->","yoast_head_json":{"title":"Premium studio s pogledom na morje ID 2 - Villa Lojena","robots":{"index":"index","follow":"follow","max-snippet":"max-snippet:-1","max-image-preview":"max-image-preview:large","max-video-preview":"max-video-preview:-1"},"canonical":"https:\/\/lojena.wepar.hr\/sl\/izdelek\/premium-studio-s-pogledom-na-morje-id-2\/","og_locale":"sl_SI","og_type":"article","og_title":"Premium studio s pogledom na morje ID 2 - Villa Lojena","og_description":"Do\u017eivite pobeg v pritli\u010dju, zasnovan za tiste, ki cenijo prostor in spokojnost. Ta elegantni studio se pona\u0161a s prostorno 40 m\u00b2 veliko teraso, ki ponuja nemoten prehod iz elegantne notranjosti v naravne lepote na\u0161ega stoletnega olj\u010dnega vrta. Potopite se v mehur\u010dke zasebnega jacuzzija na terasi velikosti 2 x 2 m \u2013 popolnega protistrupa za dan [&hellip;]","og_url":"https:\/\/lojena.wepar.hr\/sl\/izdelek\/premium-studio-s-pogledom-na-morje-id-2\/","og_site_name":"Villa Lojena","article_modified_time":"2026-03-19T08:09:45+00:00","og_image":[{"width":1980,"height":1485,"url":"https:\/\/lojena.wepar.hr\/wp-content\/uploads\/2026\/02\/5-i-6.jpeg","type":"image\/jpeg"}],"twitter_card":"summary_large_image","twitter_misc":{"Est. reading time":"1 minuta"},"schema":{"@context":"https:\/\/schema.org","@graph":[{"@type":"WebPage","@id":"https:\/\/lojena.wepar.hr\/sl\/izdelek\/premium-studio-s-pogledom-na-morje-id-2\/","url":"https:\/\/lojena.wepar.hr\/sl\/izdelek\/premium-studio-s-pogledom-na-morje-id-2\/","name":"Premium studio s pogledom na morje ID 2 - Villa Lojena","isPartOf":{"@id":"https:\/\/lojena.wepar.hr\/#website"},"primaryImageOfPage":{"@id":"https:\/\/lojena.wepar.hr\/sl\/izdelek\/premium-studio-s-pogledom-na-morje-id-2\/#primaryimage"},"image":{"@id":"https:\/\/lojena.wepar.hr\/sl\/izdelek\/premium-studio-s-pogledom-na-morje-id-2\/#primaryimage"},"thumbnailUrl":"https:\/\/lojena.wepar.hr\/wp-content\/uploads\/2026\/02\/5-i-6.jpeg","datePublished":"2026-02-25T12:48:35+00:00","dateModified":"2026-03-19T08:09:45+00:00","breadcrumb":{"@id":"https:\/\/lojena.wepar.hr\/sl\/izdelek\/premium-studio-s-pogledom-na-morje-id-2\/#breadcrumb"},"inLanguage":"sl-SI","potentialAction":[{"@type":"ReadAction","target":["https:\/\/lojena.wepar.hr\/sl\/izdelek\/premium-studio-s-pogledom-na-morje-id-2\/"]}]},{"@type":"ImageObject","inLanguage":"sl-SI","@id":"https:\/\/lojena.wepar.hr\/sl\/izdelek\/premium-studio-s-pogledom-na-morje-id-2\/#primaryimage","url":"https:\/\/lojena.wepar.hr\/wp-content\/uploads\/2026\/02\/5-i-6.jpeg","contentUrl":"https:\/\/lojena.wepar.hr\/wp-content\/uploads\/2026\/02\/5-i-6.jpeg","width":1980,"height":1485,"caption":"Double sized bed with couch, coffe table and television"},{"@type":"BreadcrumbList","@id":"https:\/\/lojena.wepar.hr\/sl\/izdelek\/premium-studio-s-pogledom-na-morje-id-2\/#breadcrumb","itemListElement":[{"@type":"ListItem","position":1,"name":"Home","item":"https:\/\/lojena.wepar.hr\/sl\/"},{"@type":"ListItem","position":2,"name":"Premium studio s pogledom na morje ID 2"}]},{"@type":"WebSite","@id":"https:\/\/lojena.wepar.hr\/#website","url":"https:\/\/lojena.wepar.hr\/","name":"Villa Lojena","description":"Luxury Studios","potentialAction":[{"@type":"SearchAction","target":{"@type":"EntryPoint","urlTemplate":"https:\/\/lojena.wepar.hr\/?s={search_term_string}"},"query-input":{"@type":"PropertyValueSpecification","valueRequired":true,"valueName":"search_term_string"}}],"inLanguage":"sl-SI"}]}},"_links":{"self":[{"href":"https:\/\/lojena.wepar.hr\/sl\/wp-json\/wp\/v2\/product\/1478","targetHints":{"allow":["GET"]}}],"collection":[{"href":"https:\/\/lojena.wepar.hr\/sl\/wp-json\/wp\/v2\/product"}],"about":[{"href":"https:\/\/lojena.wepar.hr\/sl\/wp-json\/wp\/v2\/types\/product"}],"replies":[{"embeddable":true,"href":"https:\/\/lojena.wepar.hr\/sl\/wp-json\/wp\/v2\/comments?post=1478"}],"wp:featuredmedia":[{"embeddable":true,"href":"https:\/\/lojena.wepar.hr\/sl\/wp-json\/wp\/v2\/media\/1173"}],"wp:attachment":[{"href":"https:\/\/lojena.wepar.hr\/sl\/wp-json\/wp\/v2\/media?parent=1478"}],"wp:term":[{"taxonomy":"product_brand","embeddable":true,"href":"https:\/\/lojena.wepar.hr\/sl\/wp-json\/wp\/v2\/product_brand?post=1478"},{"taxonomy":"product_cat","embeddable":true,"href":"https:\/\/lojena.wepar.hr\/sl\/wp-json\/wp\/v2\/product_cat?post=1478"},{"taxonomy":"product_tag","embeddable":true,"href":"https:\/\/lojena.wepar.hr\/sl\/wp-json\/wp\/v2\/product_tag?post=1478"}],"curies":[{"name":"wp","href":"https:\/\/api.w.org\/{rel}","templated":true}]}}