{"id":1134,"date":"2026-02-25T12:27:41","date_gmt":"2026-02-25T12:27:41","guid":{"rendered":"https:\/\/lojena.wepar.hr\/?post_type=product&#038;p=1134"},"modified":"2026-03-10T15:01:22","modified_gmt":"2026-03-10T15:01:22","slug":"premium-studio-s-pogledom-na-morje-id-1","status":"publish","type":"product","link":"https:\/\/lojena.wepar.hr\/sl\/izdelek\/premium-studio-s-pogledom-na-morje-id-1\/","title":{"rendered":"Premium studio s pogledom na morje ID 1"},"content":{"rendered":"<p>Stopite v svoj zasebni zato\u010di\u0161\u010de v pritli\u010dju Vile Lojena. Ta elegantno zasnovan studio ima prostorno 40 m\u00b2 veliko sen\u010dno teraso s pogledom na stoletne olj\u010dne nasade, idealen kraj za jutranjo kavo, son\u010denje ali preprosto sprostitev v miru.<\/p>\n<p>Vrhunec? Va\u0161 lasten zasebni jacuzzi velikosti 2 x 2 m na terasi, ki ponuja razko\u0161no sprostitev v popolni zasebnosti.<\/p>\n<p>V notranjosti boste na\u0161li moderno in stilsko opremljeno notranjost s popolnoma opremljeno kuhinjo, veliko sodobno kopalnico, vrhunskimi 34 cm antialergijskimi vzmetnicami za najgloblji spanec in klimatsko napravo Daikin za celoletno udobje.<\/p>\n<p>Ostanite povezani s pametno televizijo in hitrim 5G internetom ter u\u017eivajte v brezpla\u010dni storitvi pranja in likanja za resni\u010dno brezskrbno bivanje. Obdan z olj\u010dnimi nasadi in sredozemskim mirom je ta studio popoln romanti\u010dni pobeg.<\/p>\n<p>Vsem gostom je na voljo skupni ledomat, saj si vsaka pija\u010da zaslu\u017ei, da je popolnoma ohlajena. Vklju\u010dena je tudi brezpla\u010dna storitev pranja in likanja, tako da lahko spakirate lahko prtljago in u\u017eivate v popolnoma brezskrbnem bivanju.<\/p>\n","protected":false},"excerpt":{"rendered":"<p>Stopite v svoj zasebni zato\u010di\u0161\u010de v pritli\u010dju Vile Lojena. Ta elegantno zasnovan studio ima prostorno 40 m\u00b2 veliko sen\u010dno teraso s pogledom na stoletne olj\u010dne nasade, idealen kraj za jutranjo kavo, son\u010denje ali preprosto sprostitev v miru. Vrhunec? Va\u0161 lasten zasebni jacuzzi velikosti 2 x 2 m na terasi, ki ponuja razko\u0161no sprostitev v popolni [&hellip;]<\/p>\n","protected":false},"featured_media":1174,"comment_status":"closed","ping_status":"closed","template":"","meta":{"_acf_changed":false},"product_brand":[],"product_cat":[105],"product_tag":[],"class_list":{"0":"post-1134","1":"product","2":"type-product","3":"status-publish","4":"has-post-thumbnail","6":"product_cat-premium-studio-s-pogledom-na-morje","8":"first","9":"instock","10":"sold-individually","11":"shipping-taxable","12":"purchasable","13":"product-type-phive_booking"},"acf":[],"yoast_head":"<!-- This site is optimized with the Yoast SEO plugin v27.1.1 - https:\/\/yoast.com\/product\/yoast-seo-wordpress\/ -->\n<title>Premium studio s pogledom na morje ID 1 - Villa Lojena<\/title>\n<meta name=\"robots\" content=\"index, follow, max-snippet:-1, max-image-preview:large, max-video-preview:-1\" \/>\n<link rel=\"canonical\" href=\"https:\/\/lojena.wepar.hr\/product\/premium-studio-with-sea-view-id-1\/\" \/>\n<meta property=\"og:locale\" content=\"sl_SI\" \/>\n<meta property=\"og:type\" content=\"article\" \/>\n<meta property=\"og:title\" content=\"Premium studio s pogledom na morje ID 1 - Villa Lojena\" \/>\n<meta property=\"og:description\" content=\"Stopite v svoj zasebni zato\u010di\u0161\u010de v pritli\u010dju Vile Lojena. Ta elegantno zasnovan studio ima prostorno 40 m\u00b2 veliko sen\u010dno teraso s pogledom na stoletne olj\u010dne nasade, idealen kraj za jutranjo kavo, son\u010denje ali preprosto sprostitev v miru. Vrhunec? Va\u0161 lasten zasebni jacuzzi velikosti 2 x 2 m na terasi, ki ponuja razko\u0161no sprostitev v popolni [&hellip;]\" \/>\n<meta property=\"og:url\" content=\"https:\/\/lojena.wepar.hr\/product\/premium-studio-with-sea-view-id-1\/\" \/>\n<meta property=\"og:site_name\" content=\"Villa Lojena\" \/>\n<meta property=\"article:modified_time\" content=\"2026-03-10T15:01:22+00:00\" \/>\n<meta property=\"og:image\" content=\"https:\/\/lojena.wepar.hr\/wp-content\/uploads\/2026\/02\/5-i-6-app.jpeg\" \/>\n\t<meta property=\"og:image:width\" content=\"1980\" \/>\n\t<meta property=\"og:image:height\" content=\"1485\" \/>\n\t<meta property=\"og:image:type\" content=\"image\/jpeg\" \/>\n<meta name=\"twitter:card\" content=\"summary_large_image\" \/>\n<meta name=\"twitter:label1\" content=\"Est. reading time\" \/>\n\t<meta name=\"twitter:data1\" content=\"1 minuta\" \/>\n<script type=\"application\/ld+json\" class=\"yoast-schema-graph\">{\"@context\":\"https:\/\/schema.org\",\"@graph\":[{\"@type\":\"WebPage\",\"@id\":\"https:\/\/lojena.wepar.hr\/product\/premium-studio-with-sea-view-id-1\/\",\"url\":\"https:\/\/lojena.wepar.hr\/product\/premium-studio-with-sea-view-id-1\/\",\"name\":\"Premium studio s pogledom na morje ID 1 - Villa Lojena\",\"isPartOf\":{\"@id\":\"https:\/\/lojena.wepar.hr\/#website\"},\"primaryImageOfPage\":{\"@id\":\"https:\/\/lojena.wepar.hr\/product\/premium-studio-with-sea-view-id-1\/#primaryimage\"},\"image\":{\"@id\":\"https:\/\/lojena.wepar.hr\/product\/premium-studio-with-sea-view-id-1\/#primaryimage\"},\"thumbnailUrl\":\"https:\/\/lojena.wepar.hr\/wp-content\/uploads\/2026\/02\/5-i-6-app.jpeg\",\"datePublished\":\"2026-02-25T12:27:41+00:00\",\"dateModified\":\"2026-03-10T15:01:22+00:00\",\"breadcrumb\":{\"@id\":\"https:\/\/lojena.wepar.hr\/product\/premium-studio-with-sea-view-id-1\/#breadcrumb\"},\"inLanguage\":\"sl-SI\",\"potentialAction\":[{\"@type\":\"ReadAction\",\"target\":[\"https:\/\/lojena.wepar.hr\/product\/premium-studio-with-sea-view-id-1\/\"]}]},{\"@type\":\"ImageObject\",\"inLanguage\":\"sl-SI\",\"@id\":\"https:\/\/lojena.wepar.hr\/product\/premium-studio-with-sea-view-id-1\/#primaryimage\",\"url\":\"https:\/\/lojena.wepar.hr\/wp-content\/uploads\/2026\/02\/5-i-6-app.jpeg\",\"contentUrl\":\"https:\/\/lojena.wepar.hr\/wp-content\/uploads\/2026\/02\/5-i-6-app.jpeg\",\"width\":1980,\"height\":1485,\"caption\":\"View of the pool from the apartment terrace\"},{\"@type\":\"BreadcrumbList\",\"@id\":\"https:\/\/lojena.wepar.hr\/product\/premium-studio-with-sea-view-id-1\/#breadcrumb\",\"itemListElement\":[{\"@type\":\"ListItem\",\"position\":1,\"name\":\"Home\",\"item\":\"https:\/\/lojena.wepar.hr\/sl\/\"},{\"@type\":\"ListItem\",\"position\":2,\"name\":\"Premium studio s pogledom na morje ID 1\"}]},{\"@type\":\"WebSite\",\"@id\":\"https:\/\/lojena.wepar.hr\/#website\",\"url\":\"https:\/\/lojena.wepar.hr\/\",\"name\":\"Villa Lojena\",\"description\":\"Luxury Studios\",\"potentialAction\":[{\"@type\":\"SearchAction\",\"target\":{\"@type\":\"EntryPoint\",\"urlTemplate\":\"https:\/\/lojena.wepar.hr\/?s={search_term_string}\"},\"query-input\":{\"@type\":\"PropertyValueSpecification\",\"valueRequired\":true,\"valueName\":\"search_term_string\"}}],\"inLanguage\":\"sl-SI\"}]}<\/script>\n<!-- \/ Yoast SEO plugin. -->","yoast_head_json":{"title":"Premium studio s pogledom na morje ID 1 - Villa Lojena","robots":{"index":"index","follow":"follow","max-snippet":"max-snippet:-1","max-image-preview":"max-image-preview:large","max-video-preview":"max-video-preview:-1"},"canonical":"https:\/\/lojena.wepar.hr\/product\/premium-studio-with-sea-view-id-1\/","og_locale":"sl_SI","og_type":"article","og_title":"Premium studio s pogledom na morje ID 1 - Villa Lojena","og_description":"Stopite v svoj zasebni zato\u010di\u0161\u010de v pritli\u010dju Vile Lojena. Ta elegantno zasnovan studio ima prostorno 40 m\u00b2 veliko sen\u010dno teraso s pogledom na stoletne olj\u010dne nasade, idealen kraj za jutranjo kavo, son\u010denje ali preprosto sprostitev v miru. Vrhunec? Va\u0161 lasten zasebni jacuzzi velikosti 2 x 2 m na terasi, ki ponuja razko\u0161no sprostitev v popolni [&hellip;]","og_url":"https:\/\/lojena.wepar.hr\/product\/premium-studio-with-sea-view-id-1\/","og_site_name":"Villa Lojena","article_modified_time":"2026-03-10T15:01:22+00:00","og_image":[{"width":1980,"height":1485,"url":"https:\/\/lojena.wepar.hr\/wp-content\/uploads\/2026\/02\/5-i-6-app.jpeg","type":"image\/jpeg"}],"twitter_card":"summary_large_image","twitter_misc":{"Est. reading time":"1 minuta"},"schema":{"@context":"https:\/\/schema.org","@graph":[{"@type":"WebPage","@id":"https:\/\/lojena.wepar.hr\/product\/premium-studio-with-sea-view-id-1\/","url":"https:\/\/lojena.wepar.hr\/product\/premium-studio-with-sea-view-id-1\/","name":"Premium studio s pogledom na morje ID 1 - Villa Lojena","isPartOf":{"@id":"https:\/\/lojena.wepar.hr\/#website"},"primaryImageOfPage":{"@id":"https:\/\/lojena.wepar.hr\/product\/premium-studio-with-sea-view-id-1\/#primaryimage"},"image":{"@id":"https:\/\/lojena.wepar.hr\/product\/premium-studio-with-sea-view-id-1\/#primaryimage"},"thumbnailUrl":"https:\/\/lojena.wepar.hr\/wp-content\/uploads\/2026\/02\/5-i-6-app.jpeg","datePublished":"2026-02-25T12:27:41+00:00","dateModified":"2026-03-10T15:01:22+00:00","breadcrumb":{"@id":"https:\/\/lojena.wepar.hr\/product\/premium-studio-with-sea-view-id-1\/#breadcrumb"},"inLanguage":"sl-SI","potentialAction":[{"@type":"ReadAction","target":["https:\/\/lojena.wepar.hr\/product\/premium-studio-with-sea-view-id-1\/"]}]},{"@type":"ImageObject","inLanguage":"sl-SI","@id":"https:\/\/lojena.wepar.hr\/product\/premium-studio-with-sea-view-id-1\/#primaryimage","url":"https:\/\/lojena.wepar.hr\/wp-content\/uploads\/2026\/02\/5-i-6-app.jpeg","contentUrl":"https:\/\/lojena.wepar.hr\/wp-content\/uploads\/2026\/02\/5-i-6-app.jpeg","width":1980,"height":1485,"caption":"View of the pool from the apartment terrace"},{"@type":"BreadcrumbList","@id":"https:\/\/lojena.wepar.hr\/product\/premium-studio-with-sea-view-id-1\/#breadcrumb","itemListElement":[{"@type":"ListItem","position":1,"name":"Home","item":"https:\/\/lojena.wepar.hr\/sl\/"},{"@type":"ListItem","position":2,"name":"Premium studio s pogledom na morje ID 1"}]},{"@type":"WebSite","@id":"https:\/\/lojena.wepar.hr\/#website","url":"https:\/\/lojena.wepar.hr\/","name":"Villa Lojena","description":"Luxury Studios","potentialAction":[{"@type":"SearchAction","target":{"@type":"EntryPoint","urlTemplate":"https:\/\/lojena.wepar.hr\/?s={search_term_string}"},"query-input":{"@type":"PropertyValueSpecification","valueRequired":true,"valueName":"search_term_string"}}],"inLanguage":"sl-SI"}]}},"_links":{"self":[{"href":"https:\/\/lojena.wepar.hr\/sl\/wp-json\/wp\/v2\/product\/1134","targetHints":{"allow":["GET"]}}],"collection":[{"href":"https:\/\/lojena.wepar.hr\/sl\/wp-json\/wp\/v2\/product"}],"about":[{"href":"https:\/\/lojena.wepar.hr\/sl\/wp-json\/wp\/v2\/types\/product"}],"replies":[{"embeddable":true,"href":"https:\/\/lojena.wepar.hr\/sl\/wp-json\/wp\/v2\/comments?post=1134"}],"wp:featuredmedia":[{"embeddable":true,"href":"https:\/\/lojena.wepar.hr\/sl\/wp-json\/wp\/v2\/media\/1174"}],"wp:attachment":[{"href":"https:\/\/lojena.wepar.hr\/sl\/wp-json\/wp\/v2\/media?parent=1134"}],"wp:term":[{"taxonomy":"product_brand","embeddable":true,"href":"https:\/\/lojena.wepar.hr\/sl\/wp-json\/wp\/v2\/product_brand?post=1134"},{"taxonomy":"product_cat","embeddable":true,"href":"https:\/\/lojena.wepar.hr\/sl\/wp-json\/wp\/v2\/product_cat?post=1134"},{"taxonomy":"product_tag","embeddable":true,"href":"https:\/\/lojena.wepar.hr\/sl\/wp-json\/wp\/v2\/product_tag?post=1134"}],"curies":[{"name":"wp","href":"https:\/\/api.w.org\/{rel}","templated":true}]}}