{"id":1132,"date":"2026-02-25T12:26:53","date_gmt":"2026-02-25T12:26:53","guid":{"rendered":"https:\/\/lojena.wepar.hr\/?post_type=product&#038;p=1132"},"modified":"2026-03-19T08:05:50","modified_gmt":"2026-03-19T08:05:50","slug":"superior-studio-s-pogledom-na-vrt-id-2","status":"publish","type":"product","link":"https:\/\/lojena.wepar.hr\/sl\/izdelek\/superior-studio-s-pogledom-na-vrt-id-2\/","title":{"rendered":"Superior studio s pogledom na vrt ID 2"},"content":{"rendered":"<p>Predstavljajte si, da se zbudite z uokvirjenim pogledom na Sredozemlje: morje, bazen in stoletja stare oljke tik pred va\u0161imi vrati. Ta sodoben studio ponuja \u010dudovito sen\u010dno teraso, idealen kraj za jutranji espresso ali miren napitek ob son\u010dnem zahodu v spokojnem vzdu\u0161ju.<\/p>\n<p>V notranjosti je razko\u0161je v podrobnostih. Od popolnoma opremljene kuhinje in velike moderne kopalnice do klimatske naprave Daikin in ultra-premium 34 cm hipoalergenih vzmetnic je vsak centimeter zasnovan za sprostitev. Razporeditev udobno sprejme majhno dru\u017eino zahvaljujo\u010d namenski otro\u0161ki posteljici.<\/p>\n<p>Ostanite povezani z visokohitrostnim internetom 5G in pametnim televizorjem ali pa izkoristite na\u0161e ugodnosti, namenjene predvsem gostom, vklju\u010dno s skupnim ledomatom in brezpla\u010dno storitvijo pranja perila. Ta studio, ki se nahaja v obmo\u010dju absolutne ti\u0161ine in sredozemskega \u0161arma, ponuja prefinjen umik od vsakdanjega vrve\u017ea.<\/p>\n","protected":false},"excerpt":{"rendered":"<p>Predstavljajte si, da se zbudite z uokvirjenim pogledom na Sredozemlje: morje, bazen in stoletja stare oljke tik pred va\u0161imi vrati. Ta sodoben studio ponuja \u010dudovito sen\u010dno teraso, idealen kraj za jutranji espresso ali miren napitek ob son\u010dnem zahodu v spokojnem vzdu\u0161ju. V notranjosti je razko\u0161je v podrobnostih. Od popolnoma opremljene kuhinje in velike moderne kopalnice [&hellip;]<\/p>\n","protected":false},"featured_media":1113,"comment_status":"closed","ping_status":"closed","template":"","meta":{"_acf_changed":false},"product_brand":[],"product_cat":[113],"product_tag":[],"class_list":{"0":"post-1132","1":"product","2":"type-product","3":"status-publish","4":"has-post-thumbnail","6":"product_cat-superior-studio-s-pogledom-na-vrt","8":"first","9":"instock","10":"sold-individually","11":"shipping-taxable","12":"purchasable","13":"product-type-phive_booking"},"acf":[],"yoast_head":"<!-- This site is optimized with the Yoast SEO plugin v27.1.1 - https:\/\/yoast.com\/product\/yoast-seo-wordpress\/ -->\n<title>Superior studio s pogledom na vrt ID 2 - Villa Lojena<\/title>\n<meta name=\"robots\" content=\"index, follow, max-snippet:-1, max-image-preview:large, max-video-preview:-1\" \/>\n<link rel=\"canonical\" href=\"https:\/\/lojena.wepar.hr\/sl\/izdelek\/superior-studio-s-pogledom-na-vrt-id-2\/\" \/>\n<meta property=\"og:locale\" content=\"sl_SI\" \/>\n<meta property=\"og:type\" content=\"article\" \/>\n<meta property=\"og:title\" content=\"Superior studio s pogledom na vrt ID 2 - Villa Lojena\" \/>\n<meta property=\"og:description\" content=\"Predstavljajte si, da se zbudite z uokvirjenim pogledom na Sredozemlje: morje, bazen in stoletja stare oljke tik pred va\u0161imi vrati. Ta sodoben studio ponuja \u010dudovito sen\u010dno teraso, idealen kraj za jutranji espresso ali miren napitek ob son\u010dnem zahodu v spokojnem vzdu\u0161ju. V notranjosti je razko\u0161je v podrobnostih. Od popolnoma opremljene kuhinje in velike moderne kopalnice [&hellip;]\" \/>\n<meta property=\"og:url\" content=\"https:\/\/lojena.wepar.hr\/sl\/izdelek\/superior-studio-s-pogledom-na-vrt-id-2\/\" \/>\n<meta property=\"og:site_name\" content=\"Villa Lojena\" \/>\n<meta property=\"article:modified_time\" content=\"2026-03-19T08:05:50+00:00\" \/>\n<meta property=\"og:image\" content=\"https:\/\/lojena.wepar.hr\/wp-content\/uploads\/2026\/02\/ap-3-i-4.jpg\" \/>\n\t<meta property=\"og:image:width\" content=\"1980\" \/>\n\t<meta property=\"og:image:height\" content=\"1350\" \/>\n\t<meta property=\"og:image:type\" content=\"image\/jpeg\" \/>\n<meta name=\"twitter:card\" content=\"summary_large_image\" \/>\n<meta name=\"twitter:label1\" content=\"Est. reading time\" \/>\n\t<meta name=\"twitter:data1\" content=\"1 minuta\" \/>\n<script type=\"application\/ld+json\" class=\"yoast-schema-graph\">{\"@context\":\"https:\/\/schema.org\",\"@graph\":[{\"@type\":\"WebPage\",\"@id\":\"https:\/\/lojena.wepar.hr\/sl\/izdelek\/superior-studio-s-pogledom-na-vrt-id-2\/\",\"url\":\"https:\/\/lojena.wepar.hr\/sl\/izdelek\/superior-studio-s-pogledom-na-vrt-id-2\/\",\"name\":\"Superior studio s pogledom na vrt ID 2 - Villa Lojena\",\"isPartOf\":{\"@id\":\"https:\/\/lojena.wepar.hr\/#website\"},\"primaryImageOfPage\":{\"@id\":\"https:\/\/lojena.wepar.hr\/sl\/izdelek\/superior-studio-s-pogledom-na-vrt-id-2\/#primaryimage\"},\"image\":{\"@id\":\"https:\/\/lojena.wepar.hr\/sl\/izdelek\/superior-studio-s-pogledom-na-vrt-id-2\/#primaryimage\"},\"thumbnailUrl\":\"https:\/\/lojena.wepar.hr\/wp-content\/uploads\/2026\/02\/ap-3-i-4.jpg\",\"datePublished\":\"2026-02-25T12:26:53+00:00\",\"dateModified\":\"2026-03-19T08:05:50+00:00\",\"breadcrumb\":{\"@id\":\"https:\/\/lojena.wepar.hr\/sl\/izdelek\/superior-studio-s-pogledom-na-vrt-id-2\/#breadcrumb\"},\"inLanguage\":\"sl-SI\",\"potentialAction\":[{\"@type\":\"ReadAction\",\"target\":[\"https:\/\/lojena.wepar.hr\/sl\/izdelek\/superior-studio-s-pogledom-na-vrt-id-2\/\"]}]},{\"@type\":\"ImageObject\",\"inLanguage\":\"sl-SI\",\"@id\":\"https:\/\/lojena.wepar.hr\/sl\/izdelek\/superior-studio-s-pogledom-na-vrt-id-2\/#primaryimage\",\"url\":\"https:\/\/lojena.wepar.hr\/wp-content\/uploads\/2026\/02\/ap-3-i-4.jpg\",\"contentUrl\":\"https:\/\/lojena.wepar.hr\/wp-content\/uploads\/2026\/02\/ap-3-i-4.jpg\",\"width\":1980,\"height\":1350,\"caption\":\"View of the sun covered terrace from the apartment\"},{\"@type\":\"BreadcrumbList\",\"@id\":\"https:\/\/lojena.wepar.hr\/sl\/izdelek\/superior-studio-s-pogledom-na-vrt-id-2\/#breadcrumb\",\"itemListElement\":[{\"@type\":\"ListItem\",\"position\":1,\"name\":\"Home\",\"item\":\"https:\/\/lojena.wepar.hr\/sl\/\"},{\"@type\":\"ListItem\",\"position\":2,\"name\":\"Superior studio s pogledom na vrt ID 2\"}]},{\"@type\":\"WebSite\",\"@id\":\"https:\/\/lojena.wepar.hr\/#website\",\"url\":\"https:\/\/lojena.wepar.hr\/\",\"name\":\"Villa Lojena\",\"description\":\"Luxury Studios\",\"potentialAction\":[{\"@type\":\"SearchAction\",\"target\":{\"@type\":\"EntryPoint\",\"urlTemplate\":\"https:\/\/lojena.wepar.hr\/?s={search_term_string}\"},\"query-input\":{\"@type\":\"PropertyValueSpecification\",\"valueRequired\":true,\"valueName\":\"search_term_string\"}}],\"inLanguage\":\"sl-SI\"}]}<\/script>\n<!-- \/ Yoast SEO plugin. -->","yoast_head_json":{"title":"Superior studio s pogledom na vrt ID 2 - Villa Lojena","robots":{"index":"index","follow":"follow","max-snippet":"max-snippet:-1","max-image-preview":"max-image-preview:large","max-video-preview":"max-video-preview:-1"},"canonical":"https:\/\/lojena.wepar.hr\/sl\/izdelek\/superior-studio-s-pogledom-na-vrt-id-2\/","og_locale":"sl_SI","og_type":"article","og_title":"Superior studio s pogledom na vrt ID 2 - Villa Lojena","og_description":"Predstavljajte si, da se zbudite z uokvirjenim pogledom na Sredozemlje: morje, bazen in stoletja stare oljke tik pred va\u0161imi vrati. Ta sodoben studio ponuja \u010dudovito sen\u010dno teraso, idealen kraj za jutranji espresso ali miren napitek ob son\u010dnem zahodu v spokojnem vzdu\u0161ju. V notranjosti je razko\u0161je v podrobnostih. Od popolnoma opremljene kuhinje in velike moderne kopalnice [&hellip;]","og_url":"https:\/\/lojena.wepar.hr\/sl\/izdelek\/superior-studio-s-pogledom-na-vrt-id-2\/","og_site_name":"Villa Lojena","article_modified_time":"2026-03-19T08:05:50+00:00","og_image":[{"width":1980,"height":1350,"url":"https:\/\/lojena.wepar.hr\/wp-content\/uploads\/2026\/02\/ap-3-i-4.jpg","type":"image\/jpeg"}],"twitter_card":"summary_large_image","twitter_misc":{"Est. reading time":"1 minuta"},"schema":{"@context":"https:\/\/schema.org","@graph":[{"@type":"WebPage","@id":"https:\/\/lojena.wepar.hr\/sl\/izdelek\/superior-studio-s-pogledom-na-vrt-id-2\/","url":"https:\/\/lojena.wepar.hr\/sl\/izdelek\/superior-studio-s-pogledom-na-vrt-id-2\/","name":"Superior studio s pogledom na vrt ID 2 - Villa Lojena","isPartOf":{"@id":"https:\/\/lojena.wepar.hr\/#website"},"primaryImageOfPage":{"@id":"https:\/\/lojena.wepar.hr\/sl\/izdelek\/superior-studio-s-pogledom-na-vrt-id-2\/#primaryimage"},"image":{"@id":"https:\/\/lojena.wepar.hr\/sl\/izdelek\/superior-studio-s-pogledom-na-vrt-id-2\/#primaryimage"},"thumbnailUrl":"https:\/\/lojena.wepar.hr\/wp-content\/uploads\/2026\/02\/ap-3-i-4.jpg","datePublished":"2026-02-25T12:26:53+00:00","dateModified":"2026-03-19T08:05:50+00:00","breadcrumb":{"@id":"https:\/\/lojena.wepar.hr\/sl\/izdelek\/superior-studio-s-pogledom-na-vrt-id-2\/#breadcrumb"},"inLanguage":"sl-SI","potentialAction":[{"@type":"ReadAction","target":["https:\/\/lojena.wepar.hr\/sl\/izdelek\/superior-studio-s-pogledom-na-vrt-id-2\/"]}]},{"@type":"ImageObject","inLanguage":"sl-SI","@id":"https:\/\/lojena.wepar.hr\/sl\/izdelek\/superior-studio-s-pogledom-na-vrt-id-2\/#primaryimage","url":"https:\/\/lojena.wepar.hr\/wp-content\/uploads\/2026\/02\/ap-3-i-4.jpg","contentUrl":"https:\/\/lojena.wepar.hr\/wp-content\/uploads\/2026\/02\/ap-3-i-4.jpg","width":1980,"height":1350,"caption":"View of the sun covered terrace from the apartment"},{"@type":"BreadcrumbList","@id":"https:\/\/lojena.wepar.hr\/sl\/izdelek\/superior-studio-s-pogledom-na-vrt-id-2\/#breadcrumb","itemListElement":[{"@type":"ListItem","position":1,"name":"Home","item":"https:\/\/lojena.wepar.hr\/sl\/"},{"@type":"ListItem","position":2,"name":"Superior studio s pogledom na vrt ID 2"}]},{"@type":"WebSite","@id":"https:\/\/lojena.wepar.hr\/#website","url":"https:\/\/lojena.wepar.hr\/","name":"Villa Lojena","description":"Luxury Studios","potentialAction":[{"@type":"SearchAction","target":{"@type":"EntryPoint","urlTemplate":"https:\/\/lojena.wepar.hr\/?s={search_term_string}"},"query-input":{"@type":"PropertyValueSpecification","valueRequired":true,"valueName":"search_term_string"}}],"inLanguage":"sl-SI"}]}},"_links":{"self":[{"href":"https:\/\/lojena.wepar.hr\/sl\/wp-json\/wp\/v2\/product\/1132","targetHints":{"allow":["GET"]}}],"collection":[{"href":"https:\/\/lojena.wepar.hr\/sl\/wp-json\/wp\/v2\/product"}],"about":[{"href":"https:\/\/lojena.wepar.hr\/sl\/wp-json\/wp\/v2\/types\/product"}],"replies":[{"embeddable":true,"href":"https:\/\/lojena.wepar.hr\/sl\/wp-json\/wp\/v2\/comments?post=1132"}],"wp:featuredmedia":[{"embeddable":true,"href":"https:\/\/lojena.wepar.hr\/sl\/wp-json\/wp\/v2\/media\/1113"}],"wp:attachment":[{"href":"https:\/\/lojena.wepar.hr\/sl\/wp-json\/wp\/v2\/media?parent=1132"}],"wp:term":[{"taxonomy":"product_brand","embeddable":true,"href":"https:\/\/lojena.wepar.hr\/sl\/wp-json\/wp\/v2\/product_brand?post=1132"},{"taxonomy":"product_cat","embeddable":true,"href":"https:\/\/lojena.wepar.hr\/sl\/wp-json\/wp\/v2\/product_cat?post=1132"},{"taxonomy":"product_tag","embeddable":true,"href":"https:\/\/lojena.wepar.hr\/sl\/wp-json\/wp\/v2\/product_tag?post=1132"}],"curies":[{"name":"wp","href":"https:\/\/api.w.org\/{rel}","templated":true}]}}