{"id":1076,"date":"2026-02-17T15:03:08","date_gmt":"2026-02-17T15:03:08","guid":{"rendered":"https:\/\/lojena.wepar.hr\/?post_type=product&#038;p=1076"},"modified":"2026-03-10T14:23:40","modified_gmt":"2026-03-10T14:23:40","slug":"superior-studio-s-pogledom-na-vrt-id-1","status":"publish","type":"product","link":"https:\/\/lojena.wepar.hr\/sl\/izdelek\/superior-studio-s-pogledom-na-vrt-id-1\/","title":{"rendered":"Superior studio s pogledom na vrt ID 1"},"content":{"rendered":"<p>Zbudite se ob osupljivem razgledu na morje, bazen in okoli\u0161ke olj\u010dne nasade. Ti \u010dudovito opremljeni studii imajo sen\u010dno teraso, ki uokvirja panoramsko sredozemsko pokrajino, idealno za srkanje jutranje kave ali romanti\u010dno dru\u017eenje ob son\u010dnem zahodu.<\/p>\n<p>Elegantna in moderna notranjost ponuja popolnoma opremljeno kuhinjo, prostorno sodobno kopalnico, vrhunske 34 cm antialergijske vzmetnice in klimatsko napravo Daikin za popolno udobje.<\/p>\n<p>Dodatna otro\u0161ka postelja naredi te studie odli\u010dno mo\u017enost tudi za manj\u0161i dru\u017einski oddih.<\/p>\n<p>S pametno televizijo, hitrim 5G internetom, brezpla\u010dno storitvijo pranja perila in skupnim ledomatom za osve\u017eilne pija\u010de je bila upo\u0161tevana vsaka podrobnost.<\/p>\n<p>Obdani s stoletnimi olj\u010dnimi nasadi v popolnem miru, se tukaj sre\u010da sredozemski \u010dar in sodoben luksuz.<\/p>\n","protected":false},"excerpt":{"rendered":"<p>Zbudite se ob osupljivem razgledu na morje, bazen in okoli\u0161ke olj\u010dne nasade. Ti \u010dudovito opremljeni studii imajo sen\u010dno teraso, ki uokvirja panoramsko sredozemsko pokrajino, idealno za srkanje jutranje kave ali romanti\u010dno dru\u017eenje ob son\u010dnem zahodu. Elegantna in moderna notranjost ponuja popolnoma opremljeno kuhinjo, prostorno sodobno kopalnico, vrhunske 34 cm antialergijske vzmetnice in klimatsko napravo Daikin [&hellip;]<\/p>\n","protected":false},"featured_media":1112,"comment_status":"closed","ping_status":"closed","template":"","meta":{"_acf_changed":false},"product_brand":[],"product_cat":[113],"product_tag":[],"class_list":{"0":"post-1076","1":"product","2":"type-product","3":"status-publish","4":"has-post-thumbnail","6":"product_cat-superior-studio-s-pogledom-na-vrt","8":"first","9":"instock","10":"sold-individually","11":"shipping-taxable","12":"purchasable","13":"product-type-phive_booking"},"acf":[],"yoast_head":"<!-- This site is optimized with the Yoast SEO plugin v27.1.1 - https:\/\/yoast.com\/product\/yoast-seo-wordpress\/ -->\n<title>Superior studio s pogledom na vrt ID 1 - Villa Lojena<\/title>\n<meta name=\"robots\" content=\"index, follow, max-snippet:-1, max-image-preview:large, max-video-preview:-1\" \/>\n<link rel=\"canonical\" href=\"https:\/\/lojena.wepar.hr\/product\/luxury-studio-near-the-beach-id-111-4\/\" \/>\n<meta property=\"og:locale\" content=\"sl_SI\" \/>\n<meta property=\"og:type\" content=\"article\" \/>\n<meta property=\"og:title\" content=\"Superior studio s pogledom na vrt ID 1 - Villa Lojena\" \/>\n<meta property=\"og:description\" content=\"Zbudite se ob osupljivem razgledu na morje, bazen in okoli\u0161ke olj\u010dne nasade. Ti \u010dudovito opremljeni studii imajo sen\u010dno teraso, ki uokvirja panoramsko sredozemsko pokrajino, idealno za srkanje jutranje kave ali romanti\u010dno dru\u017eenje ob son\u010dnem zahodu. Elegantna in moderna notranjost ponuja popolnoma opremljeno kuhinjo, prostorno sodobno kopalnico, vrhunske 34 cm antialergijske vzmetnice in klimatsko napravo Daikin [&hellip;]\" \/>\n<meta property=\"og:url\" content=\"https:\/\/lojena.wepar.hr\/product\/luxury-studio-near-the-beach-id-111-4\/\" \/>\n<meta property=\"og:site_name\" content=\"Villa Lojena\" \/>\n<meta property=\"article:modified_time\" content=\"2026-03-10T14:23:40+00:00\" \/>\n<meta property=\"og:image\" content=\"https:\/\/lojena.wepar.hr\/wp-content\/uploads\/2026\/02\/apar-3-i-4.jpeg\" \/>\n\t<meta property=\"og:image:width\" content=\"1980\" \/>\n\t<meta property=\"og:image:height\" content=\"1485\" \/>\n\t<meta property=\"og:image:type\" content=\"image\/jpeg\" \/>\n<meta name=\"twitter:card\" content=\"summary_large_image\" \/>\n<meta name=\"twitter:label1\" content=\"Est. reading time\" \/>\n\t<meta name=\"twitter:data1\" content=\"1 minuta\" \/>\n<script type=\"application\/ld+json\" class=\"yoast-schema-graph\">{\"@context\":\"https:\/\/schema.org\",\"@graph\":[{\"@type\":\"WebPage\",\"@id\":\"https:\/\/lojena.wepar.hr\/product\/luxury-studio-near-the-beach-id-111-4\/\",\"url\":\"https:\/\/lojena.wepar.hr\/product\/luxury-studio-near-the-beach-id-111-4\/\",\"name\":\"Superior studio s pogledom na vrt ID 1 - Villa Lojena\",\"isPartOf\":{\"@id\":\"https:\/\/lojena.wepar.hr\/#website\"},\"primaryImageOfPage\":{\"@id\":\"https:\/\/lojena.wepar.hr\/product\/luxury-studio-near-the-beach-id-111-4\/#primaryimage\"},\"image\":{\"@id\":\"https:\/\/lojena.wepar.hr\/product\/luxury-studio-near-the-beach-id-111-4\/#primaryimage\"},\"thumbnailUrl\":\"https:\/\/lojena.wepar.hr\/wp-content\/uploads\/2026\/02\/apar-3-i-4.jpeg\",\"datePublished\":\"2026-02-17T15:03:08+00:00\",\"dateModified\":\"2026-03-10T14:23:40+00:00\",\"breadcrumb\":{\"@id\":\"https:\/\/lojena.wepar.hr\/product\/luxury-studio-near-the-beach-id-111-4\/#breadcrumb\"},\"inLanguage\":\"sl-SI\",\"potentialAction\":[{\"@type\":\"ReadAction\",\"target\":[\"https:\/\/lojena.wepar.hr\/product\/luxury-studio-near-the-beach-id-111-4\/\"]}]},{\"@type\":\"ImageObject\",\"inLanguage\":\"sl-SI\",\"@id\":\"https:\/\/lojena.wepar.hr\/product\/luxury-studio-near-the-beach-id-111-4\/#primaryimage\",\"url\":\"https:\/\/lojena.wepar.hr\/wp-content\/uploads\/2026\/02\/apar-3-i-4.jpeg\",\"contentUrl\":\"https:\/\/lojena.wepar.hr\/wp-content\/uploads\/2026\/02\/apar-3-i-4.jpeg\",\"width\":1980,\"height\":1485,\"caption\":\"View of the lush forest from terrace lounge\"},{\"@type\":\"BreadcrumbList\",\"@id\":\"https:\/\/lojena.wepar.hr\/product\/luxury-studio-near-the-beach-id-111-4\/#breadcrumb\",\"itemListElement\":[{\"@type\":\"ListItem\",\"position\":1,\"name\":\"Home\",\"item\":\"https:\/\/lojena.wepar.hr\/sl\/\"},{\"@type\":\"ListItem\",\"position\":2,\"name\":\"Superior studio s pogledom na vrt ID 1\"}]},{\"@type\":\"WebSite\",\"@id\":\"https:\/\/lojena.wepar.hr\/#website\",\"url\":\"https:\/\/lojena.wepar.hr\/\",\"name\":\"Villa Lojena\",\"description\":\"Luxury Studios\",\"potentialAction\":[{\"@type\":\"SearchAction\",\"target\":{\"@type\":\"EntryPoint\",\"urlTemplate\":\"https:\/\/lojena.wepar.hr\/?s={search_term_string}\"},\"query-input\":{\"@type\":\"PropertyValueSpecification\",\"valueRequired\":true,\"valueName\":\"search_term_string\"}}],\"inLanguage\":\"sl-SI\"}]}<\/script>\n<!-- \/ Yoast SEO plugin. -->","yoast_head_json":{"title":"Superior studio s pogledom na vrt ID 1 - Villa Lojena","robots":{"index":"index","follow":"follow","max-snippet":"max-snippet:-1","max-image-preview":"max-image-preview:large","max-video-preview":"max-video-preview:-1"},"canonical":"https:\/\/lojena.wepar.hr\/product\/luxury-studio-near-the-beach-id-111-4\/","og_locale":"sl_SI","og_type":"article","og_title":"Superior studio s pogledom na vrt ID 1 - Villa Lojena","og_description":"Zbudite se ob osupljivem razgledu na morje, bazen in okoli\u0161ke olj\u010dne nasade. Ti \u010dudovito opremljeni studii imajo sen\u010dno teraso, ki uokvirja panoramsko sredozemsko pokrajino, idealno za srkanje jutranje kave ali romanti\u010dno dru\u017eenje ob son\u010dnem zahodu. Elegantna in moderna notranjost ponuja popolnoma opremljeno kuhinjo, prostorno sodobno kopalnico, vrhunske 34 cm antialergijske vzmetnice in klimatsko napravo Daikin [&hellip;]","og_url":"https:\/\/lojena.wepar.hr\/product\/luxury-studio-near-the-beach-id-111-4\/","og_site_name":"Villa Lojena","article_modified_time":"2026-03-10T14:23:40+00:00","og_image":[{"width":1980,"height":1485,"url":"https:\/\/lojena.wepar.hr\/wp-content\/uploads\/2026\/02\/apar-3-i-4.jpeg","type":"image\/jpeg"}],"twitter_card":"summary_large_image","twitter_misc":{"Est. reading time":"1 minuta"},"schema":{"@context":"https:\/\/schema.org","@graph":[{"@type":"WebPage","@id":"https:\/\/lojena.wepar.hr\/product\/luxury-studio-near-the-beach-id-111-4\/","url":"https:\/\/lojena.wepar.hr\/product\/luxury-studio-near-the-beach-id-111-4\/","name":"Superior studio s pogledom na vrt ID 1 - Villa Lojena","isPartOf":{"@id":"https:\/\/lojena.wepar.hr\/#website"},"primaryImageOfPage":{"@id":"https:\/\/lojena.wepar.hr\/product\/luxury-studio-near-the-beach-id-111-4\/#primaryimage"},"image":{"@id":"https:\/\/lojena.wepar.hr\/product\/luxury-studio-near-the-beach-id-111-4\/#primaryimage"},"thumbnailUrl":"https:\/\/lojena.wepar.hr\/wp-content\/uploads\/2026\/02\/apar-3-i-4.jpeg","datePublished":"2026-02-17T15:03:08+00:00","dateModified":"2026-03-10T14:23:40+00:00","breadcrumb":{"@id":"https:\/\/lojena.wepar.hr\/product\/luxury-studio-near-the-beach-id-111-4\/#breadcrumb"},"inLanguage":"sl-SI","potentialAction":[{"@type":"ReadAction","target":["https:\/\/lojena.wepar.hr\/product\/luxury-studio-near-the-beach-id-111-4\/"]}]},{"@type":"ImageObject","inLanguage":"sl-SI","@id":"https:\/\/lojena.wepar.hr\/product\/luxury-studio-near-the-beach-id-111-4\/#primaryimage","url":"https:\/\/lojena.wepar.hr\/wp-content\/uploads\/2026\/02\/apar-3-i-4.jpeg","contentUrl":"https:\/\/lojena.wepar.hr\/wp-content\/uploads\/2026\/02\/apar-3-i-4.jpeg","width":1980,"height":1485,"caption":"View of the lush forest from terrace lounge"},{"@type":"BreadcrumbList","@id":"https:\/\/lojena.wepar.hr\/product\/luxury-studio-near-the-beach-id-111-4\/#breadcrumb","itemListElement":[{"@type":"ListItem","position":1,"name":"Home","item":"https:\/\/lojena.wepar.hr\/sl\/"},{"@type":"ListItem","position":2,"name":"Superior studio s pogledom na vrt ID 1"}]},{"@type":"WebSite","@id":"https:\/\/lojena.wepar.hr\/#website","url":"https:\/\/lojena.wepar.hr\/","name":"Villa Lojena","description":"Luxury Studios","potentialAction":[{"@type":"SearchAction","target":{"@type":"EntryPoint","urlTemplate":"https:\/\/lojena.wepar.hr\/?s={search_term_string}"},"query-input":{"@type":"PropertyValueSpecification","valueRequired":true,"valueName":"search_term_string"}}],"inLanguage":"sl-SI"}]}},"_links":{"self":[{"href":"https:\/\/lojena.wepar.hr\/sl\/wp-json\/wp\/v2\/product\/1076","targetHints":{"allow":["GET"]}}],"collection":[{"href":"https:\/\/lojena.wepar.hr\/sl\/wp-json\/wp\/v2\/product"}],"about":[{"href":"https:\/\/lojena.wepar.hr\/sl\/wp-json\/wp\/v2\/types\/product"}],"replies":[{"embeddable":true,"href":"https:\/\/lojena.wepar.hr\/sl\/wp-json\/wp\/v2\/comments?post=1076"}],"wp:featuredmedia":[{"embeddable":true,"href":"https:\/\/lojena.wepar.hr\/sl\/wp-json\/wp\/v2\/media\/1112"}],"wp:attachment":[{"href":"https:\/\/lojena.wepar.hr\/sl\/wp-json\/wp\/v2\/media?parent=1076"}],"wp:term":[{"taxonomy":"product_brand","embeddable":true,"href":"https:\/\/lojena.wepar.hr\/sl\/wp-json\/wp\/v2\/product_brand?post=1076"},{"taxonomy":"product_cat","embeddable":true,"href":"https:\/\/lojena.wepar.hr\/sl\/wp-json\/wp\/v2\/product_cat?post=1076"},{"taxonomy":"product_tag","embeddable":true,"href":"https:\/\/lojena.wepar.hr\/sl\/wp-json\/wp\/v2\/product_tag?post=1076"}],"curies":[{"name":"wp","href":"https:\/\/api.w.org\/{rel}","templated":true}]}}