{"id":2091,"date":"2026-02-25T17:58:29","date_gmt":"2026-02-25T17:58:29","guid":{"rendered":"https:\/\/lojena.wepar.hr\/?post_type=product&#038;p=2091"},"modified":"2026-03-10T19:25:22","modified_gmt":"2026-03-10T19:25:22","slug":"exkluzivne-studio-s-vyhladom-na-more-a-virivkou","status":"publish","type":"product","link":"https:\/\/lojena.wepar.hr\/sk\/produkt\/exkluzivne-studio-s-vyhladom-na-more-a-virivkou\/","title":{"rendered":"Exkluz\u00edvne \u0161t\u00fadio s v\u00fdh\u013eadom na more a v\u00edrivkou"},"content":{"rendered":"<p>Toto je klenot Vily Lojena pre p\u00e1ry. Apartm\u00e1n 7 kombinuje \u00fachvatn\u00fd v\u00fdh\u013ead na more a baz\u00e9n s vn\u00fatornou v\u00edrivkou s v\u00fdh\u013eadom na krajinu, \u010do je skuto\u010dne luxusn\u00fd k\u00fape\u013en\u00fd z\u00e1\u017eitok bez toho, aby ste museli opusti\u0165 svoju izbu.<\/p>\n<p>Vyst\u00fapte na priestrann\u00fa tienen\u00fa terasu a vychutnajte si panor\u00e1mu Jadranu, baz\u00e9na a olivov\u00fdch h\u00e1jov, ktor\u00e9 obklopuj\u00fa vilu.<\/p>\n<p>Interi\u00e9r je navrhnut\u00fd s oh\u013eadom na romantiku, elegantn\u00fd, modern\u00fd n\u00e1bytok, plne vybaven\u00e1 kuchy\u0148a, ve\u013ek\u00e1 modern\u00e1 k\u00fape\u013e\u0148a a pr\u00e9miov\u00e9 34 cm antialergick\u00e9 matrace pre dokonal\u00fd no\u010dn\u00fd sp\u00e1nok. Klimatiz\u00e1cia Daikin, Smart TV a vysokor\u00fdchlostn\u00fd 5G internet zabezpe\u010duj\u00fa \u00fapln\u00e9 pohodlie, zatia\u013e \u010do bezplatn\u00e1 slu\u017eba prania a \u017eehlenia v\u00e1m umo\u017en\u00ed s\u00fastredi\u0165 sa na to, na \u010dom skuto\u010dne z\u00e1le\u017e\u00ed, jeden na druhom.<\/p>\n<p>Nezabudnute\u013en\u00fd \u00fanik, kde sa sp\u00e1ja luxus, s\u00fakromie a stredomorsk\u00e1 kr\u00e1sa.<\/p>\n","protected":false},"excerpt":{"rendered":"<p>Toto je klenot Vily Lojena pre p\u00e1ry. Apartm\u00e1n 7 kombinuje \u00fachvatn\u00fd v\u00fdh\u013ead na more a baz\u00e9n s vn\u00fatornou v\u00edrivkou s v\u00fdh\u013eadom na krajinu, \u010do je skuto\u010dne luxusn\u00fd k\u00fape\u013en\u00fd z\u00e1\u017eitok bez toho, aby ste museli opusti\u0165 svoju izbu. Vyst\u00fapte na priestrann\u00fa tienen\u00fa terasu a vychutnajte si panor\u00e1mu Jadranu, baz\u00e9na a olivov\u00fdch h\u00e1jov, ktor\u00e9 obklopuj\u00fa vilu. Interi\u00e9r [&hellip;]<\/p>\n","protected":false},"featured_media":2092,"comment_status":"closed","ping_status":"closed","template":"","meta":{"_acf_changed":false},"product_brand":[],"product_cat":[80],"product_tag":[],"class_list":{"0":"post-2091","1":"product","2":"type-product","3":"status-publish","4":"has-post-thumbnail","6":"product_cat-exkluzivne-studio-s-vyhladom-na-more-a-virivkou","8":"first","9":"instock","10":"sold-individually","11":"shipping-taxable","12":"purchasable","13":"product-type-phive_booking"},"acf":[],"yoast_head":"<!-- This site is optimized with the Yoast SEO plugin v27.1.1 - https:\/\/yoast.com\/product\/yoast-seo-wordpress\/ -->\n<title>Exkluz\u00edvne \u0161t\u00fadio s v\u00fdh\u013eadom na more a v\u00edrivkou - Villa Lojena<\/title>\n<meta name=\"robots\" content=\"index, follow, max-snippet:-1, max-image-preview:large, max-video-preview:-1\" \/>\n<link rel=\"canonical\" href=\"https:\/\/lojena.wepar.hr\/product\/exclusive-studio-with-sea-view-whirlpool-bath\/\" \/>\n<meta property=\"og:locale\" content=\"sk_SK\" \/>\n<meta property=\"og:type\" content=\"article\" \/>\n<meta property=\"og:title\" content=\"Exkluz\u00edvne \u0161t\u00fadio s v\u00fdh\u013eadom na more a v\u00edrivkou - Villa Lojena\" \/>\n<meta property=\"og:description\" content=\"Toto je klenot Vily Lojena pre p\u00e1ry. Apartm\u00e1n 7 kombinuje \u00fachvatn\u00fd v\u00fdh\u013ead na more a baz\u00e9n s vn\u00fatornou v\u00edrivkou s v\u00fdh\u013eadom na krajinu, \u010do je skuto\u010dne luxusn\u00fd k\u00fape\u013en\u00fd z\u00e1\u017eitok bez toho, aby ste museli opusti\u0165 svoju izbu. Vyst\u00fapte na priestrann\u00fa tienen\u00fa terasu a vychutnajte si panor\u00e1mu Jadranu, baz\u00e9na a olivov\u00fdch h\u00e1jov, ktor\u00e9 obklopuj\u00fa vilu. Interi\u00e9r [&hellip;]\" \/>\n<meta property=\"og:url\" content=\"https:\/\/lojena.wepar.hr\/product\/exclusive-studio-with-sea-view-whirlpool-bath\/\" \/>\n<meta property=\"og:site_name\" content=\"Villa Lojena\" \/>\n<meta property=\"article:modified_time\" content=\"2026-03-10T19:25:22+00:00\" \/>\n<meta property=\"og:image\" content=\"https:\/\/lojena.wepar.hr\/wp-content\/uploads\/2026\/02\/Exclusive-Studio-with-Sea-View-Whirlpool-Bath-Image-1.jpg\" \/>\n\t<meta property=\"og:image:width\" content=\"1024\" \/>\n\t<meta property=\"og:image:height\" content=\"768\" \/>\n\t<meta property=\"og:image:type\" content=\"image\/jpeg\" \/>\n<meta name=\"twitter:card\" content=\"summary_large_image\" \/>\n<meta name=\"twitter:label1\" content=\"Predpokladan\u00fd \u010das \u010d\u00edtania\" \/>\n\t<meta name=\"twitter:data1\" content=\"1 min\u00fata\" \/>\n<script type=\"application\/ld+json\" class=\"yoast-schema-graph\">{\"@context\":\"https:\/\/schema.org\",\"@graph\":[{\"@type\":\"WebPage\",\"@id\":\"https:\/\/lojena.wepar.hr\/product\/exclusive-studio-with-sea-view-whirlpool-bath\/\",\"url\":\"https:\/\/lojena.wepar.hr\/product\/exclusive-studio-with-sea-view-whirlpool-bath\/\",\"name\":\"Exkluz\u00edvne \u0161t\u00fadio s v\u00fdh\u013eadom na more a v\u00edrivkou - Villa Lojena\",\"isPartOf\":{\"@id\":\"https:\/\/lojena.wepar.hr\/#website\"},\"primaryImageOfPage\":{\"@id\":\"https:\/\/lojena.wepar.hr\/product\/exclusive-studio-with-sea-view-whirlpool-bath\/#primaryimage\"},\"image\":{\"@id\":\"https:\/\/lojena.wepar.hr\/product\/exclusive-studio-with-sea-view-whirlpool-bath\/#primaryimage\"},\"thumbnailUrl\":\"https:\/\/lojena.wepar.hr\/wp-content\/uploads\/2026\/02\/Exclusive-Studio-with-Sea-View-Whirlpool-Bath-Image-1.jpg\",\"datePublished\":\"2026-02-25T17:58:29+00:00\",\"dateModified\":\"2026-03-10T19:25:22+00:00\",\"breadcrumb\":{\"@id\":\"https:\/\/lojena.wepar.hr\/product\/exclusive-studio-with-sea-view-whirlpool-bath\/#breadcrumb\"},\"inLanguage\":\"sk-SK\",\"potentialAction\":[{\"@type\":\"ReadAction\",\"target\":[\"https:\/\/lojena.wepar.hr\/product\/exclusive-studio-with-sea-view-whirlpool-bath\/\"]}]},{\"@type\":\"ImageObject\",\"inLanguage\":\"sk-SK\",\"@id\":\"https:\/\/lojena.wepar.hr\/product\/exclusive-studio-with-sea-view-whirlpool-bath\/#primaryimage\",\"url\":\"https:\/\/lojena.wepar.hr\/wp-content\/uploads\/2026\/02\/Exclusive-Studio-with-Sea-View-Whirlpool-Bath-Image-1.jpg\",\"contentUrl\":\"https:\/\/lojena.wepar.hr\/wp-content\/uploads\/2026\/02\/Exclusive-Studio-with-Sea-View-Whirlpool-Bath-Image-1.jpg\",\"width\":1024,\"height\":768,\"caption\":\"Romanticly lightened bedroom with a double bed and wall television\"},{\"@type\":\"BreadcrumbList\",\"@id\":\"https:\/\/lojena.wepar.hr\/product\/exclusive-studio-with-sea-view-whirlpool-bath\/#breadcrumb\",\"itemListElement\":[{\"@type\":\"ListItem\",\"position\":1,\"name\":\"Home\",\"item\":\"https:\/\/lojena.wepar.hr\/sk\/\"},{\"@type\":\"ListItem\",\"position\":2,\"name\":\"Exkluz\u00edvne \u0161t\u00fadio s v\u00fdh\u013eadom na more a v\u00edrivkou\"}]},{\"@type\":\"WebSite\",\"@id\":\"https:\/\/lojena.wepar.hr\/#website\",\"url\":\"https:\/\/lojena.wepar.hr\/\",\"name\":\"Villa Lojena\",\"description\":\"Luxury Studios\",\"potentialAction\":[{\"@type\":\"SearchAction\",\"target\":{\"@type\":\"EntryPoint\",\"urlTemplate\":\"https:\/\/lojena.wepar.hr\/?s={search_term_string}\"},\"query-input\":{\"@type\":\"PropertyValueSpecification\",\"valueRequired\":true,\"valueName\":\"search_term_string\"}}],\"inLanguage\":\"sk-SK\"}]}<\/script>\n<!-- \/ Yoast SEO plugin. -->","yoast_head_json":{"title":"Exkluz\u00edvne \u0161t\u00fadio s v\u00fdh\u013eadom na more a v\u00edrivkou - Villa Lojena","robots":{"index":"index","follow":"follow","max-snippet":"max-snippet:-1","max-image-preview":"max-image-preview:large","max-video-preview":"max-video-preview:-1"},"canonical":"https:\/\/lojena.wepar.hr\/product\/exclusive-studio-with-sea-view-whirlpool-bath\/","og_locale":"sk_SK","og_type":"article","og_title":"Exkluz\u00edvne \u0161t\u00fadio s v\u00fdh\u013eadom na more a v\u00edrivkou - Villa Lojena","og_description":"Toto je klenot Vily Lojena pre p\u00e1ry. Apartm\u00e1n 7 kombinuje \u00fachvatn\u00fd v\u00fdh\u013ead na more a baz\u00e9n s vn\u00fatornou v\u00edrivkou s v\u00fdh\u013eadom na krajinu, \u010do je skuto\u010dne luxusn\u00fd k\u00fape\u013en\u00fd z\u00e1\u017eitok bez toho, aby ste museli opusti\u0165 svoju izbu. Vyst\u00fapte na priestrann\u00fa tienen\u00fa terasu a vychutnajte si panor\u00e1mu Jadranu, baz\u00e9na a olivov\u00fdch h\u00e1jov, ktor\u00e9 obklopuj\u00fa vilu. Interi\u00e9r [&hellip;]","og_url":"https:\/\/lojena.wepar.hr\/product\/exclusive-studio-with-sea-view-whirlpool-bath\/","og_site_name":"Villa Lojena","article_modified_time":"2026-03-10T19:25:22+00:00","og_image":[{"width":1024,"height":768,"url":"https:\/\/lojena.wepar.hr\/wp-content\/uploads\/2026\/02\/Exclusive-Studio-with-Sea-View-Whirlpool-Bath-Image-1.jpg","type":"image\/jpeg"}],"twitter_card":"summary_large_image","twitter_misc":{"Predpokladan\u00fd \u010das \u010d\u00edtania":"1 min\u00fata"},"schema":{"@context":"https:\/\/schema.org","@graph":[{"@type":"WebPage","@id":"https:\/\/lojena.wepar.hr\/product\/exclusive-studio-with-sea-view-whirlpool-bath\/","url":"https:\/\/lojena.wepar.hr\/product\/exclusive-studio-with-sea-view-whirlpool-bath\/","name":"Exkluz\u00edvne \u0161t\u00fadio s v\u00fdh\u013eadom na more a v\u00edrivkou - Villa Lojena","isPartOf":{"@id":"https:\/\/lojena.wepar.hr\/#website"},"primaryImageOfPage":{"@id":"https:\/\/lojena.wepar.hr\/product\/exclusive-studio-with-sea-view-whirlpool-bath\/#primaryimage"},"image":{"@id":"https:\/\/lojena.wepar.hr\/product\/exclusive-studio-with-sea-view-whirlpool-bath\/#primaryimage"},"thumbnailUrl":"https:\/\/lojena.wepar.hr\/wp-content\/uploads\/2026\/02\/Exclusive-Studio-with-Sea-View-Whirlpool-Bath-Image-1.jpg","datePublished":"2026-02-25T17:58:29+00:00","dateModified":"2026-03-10T19:25:22+00:00","breadcrumb":{"@id":"https:\/\/lojena.wepar.hr\/product\/exclusive-studio-with-sea-view-whirlpool-bath\/#breadcrumb"},"inLanguage":"sk-SK","potentialAction":[{"@type":"ReadAction","target":["https:\/\/lojena.wepar.hr\/product\/exclusive-studio-with-sea-view-whirlpool-bath\/"]}]},{"@type":"ImageObject","inLanguage":"sk-SK","@id":"https:\/\/lojena.wepar.hr\/product\/exclusive-studio-with-sea-view-whirlpool-bath\/#primaryimage","url":"https:\/\/lojena.wepar.hr\/wp-content\/uploads\/2026\/02\/Exclusive-Studio-with-Sea-View-Whirlpool-Bath-Image-1.jpg","contentUrl":"https:\/\/lojena.wepar.hr\/wp-content\/uploads\/2026\/02\/Exclusive-Studio-with-Sea-View-Whirlpool-Bath-Image-1.jpg","width":1024,"height":768,"caption":"Romanticly lightened bedroom with a double bed and wall television"},{"@type":"BreadcrumbList","@id":"https:\/\/lojena.wepar.hr\/product\/exclusive-studio-with-sea-view-whirlpool-bath\/#breadcrumb","itemListElement":[{"@type":"ListItem","position":1,"name":"Home","item":"https:\/\/lojena.wepar.hr\/sk\/"},{"@type":"ListItem","position":2,"name":"Exkluz\u00edvne \u0161t\u00fadio s v\u00fdh\u013eadom na more a v\u00edrivkou"}]},{"@type":"WebSite","@id":"https:\/\/lojena.wepar.hr\/#website","url":"https:\/\/lojena.wepar.hr\/","name":"Villa Lojena","description":"Luxury Studios","potentialAction":[{"@type":"SearchAction","target":{"@type":"EntryPoint","urlTemplate":"https:\/\/lojena.wepar.hr\/?s={search_term_string}"},"query-input":{"@type":"PropertyValueSpecification","valueRequired":true,"valueName":"search_term_string"}}],"inLanguage":"sk-SK"}]}},"_links":{"self":[{"href":"https:\/\/lojena.wepar.hr\/sk\/wp-json\/wp\/v2\/product\/2091","targetHints":{"allow":["GET"]}}],"collection":[{"href":"https:\/\/lojena.wepar.hr\/sk\/wp-json\/wp\/v2\/product"}],"about":[{"href":"https:\/\/lojena.wepar.hr\/sk\/wp-json\/wp\/v2\/types\/product"}],"replies":[{"embeddable":true,"href":"https:\/\/lojena.wepar.hr\/sk\/wp-json\/wp\/v2\/comments?post=2091"}],"wp:featuredmedia":[{"embeddable":true,"href":"https:\/\/lojena.wepar.hr\/sk\/wp-json\/wp\/v2\/media\/2092"}],"wp:attachment":[{"href":"https:\/\/lojena.wepar.hr\/sk\/wp-json\/wp\/v2\/media?parent=2091"}],"wp:term":[{"taxonomy":"product_brand","embeddable":true,"href":"https:\/\/lojena.wepar.hr\/sk\/wp-json\/wp\/v2\/product_brand?post=2091"},{"taxonomy":"product_cat","embeddable":true,"href":"https:\/\/lojena.wepar.hr\/sk\/wp-json\/wp\/v2\/product_cat?post=2091"},{"taxonomy":"product_tag","embeddable":true,"href":"https:\/\/lojena.wepar.hr\/sk\/wp-json\/wp\/v2\/product_tag?post=2091"}],"curies":[{"name":"wp","href":"https:\/\/api.w.org\/{rel}","templated":true}]}}