{"id":1737,"date":"2026-02-25T13:44:32","date_gmt":"2026-02-25T13:44:32","guid":{"rendered":"https:\/\/lojena.wepar.hr\/?post_type=product&#038;p=1737"},"modified":"2026-03-10T18:29:11","modified_gmt":"2026-03-10T18:29:11","slug":"premium-studio-s-vlastnou-vonkajsou-virivkou-id-1","status":"publish","type":"product","link":"https:\/\/lojena.wepar.hr\/sk\/produkt\/premium-studio-s-vlastnou-vonkajsou-virivkou-id-1\/","title":{"rendered":"Premium \u0161t\u00fadio s vlastnou vonkaj\u0161ou v\u00edrivkou ID 1"},"content":{"rendered":"<p>Objavte pokojn\u00e9 \u00fato\u010disko ur\u010den\u00e9 pre p\u00e1ry h\u013eadaj\u00face pokoj a jednoduchos\u0165 zabalen\u00e9 v modernom luxuse. Tento priestrann\u00fd a funk\u010dn\u00fd \u0161t\u00fadiov\u00fd apartm\u00e1n sa otv\u00e1ra na tienen\u00fa terasu s v\u00fdh\u013eadom na okolit\u00e9 olivov\u00e9 h\u00e1je, idylick\u00e9 prostredie pre pokojn\u00e9 ra\u0148ajky alebo tich\u00fd ve\u010der pod hviezdami.<\/p>\n<p>Interi\u00e9r je premyslene navrhnut\u00fd s elegantn\u00fdm, modern\u00fdm n\u00e1bytkom, plne vybavenou kuchy\u0148ou, ve\u013ekou modernou k\u00fape\u013e\u0148ou a pr\u00e9miov\u00fdmi 34 cm antialergick\u00fdmi matracmi pre zaistenie pokojn\u00fdch noc\u00ed.<\/p>\n<p>Klimatiz\u00e1cia Daikin, Smart TV a vysokor\u00fdchlostn\u00fd 5G internet v\u00e1m zabezpe\u010dia pohodlie a pripojenie, zatia\u013e \u010do bezplatn\u00e1 slu\u017eba prania a \u017eehlenia dod\u00e1va extra pohodlie.<\/p>\n<p>Toto \u0161t\u00fadio, ponoren\u00e9 do autentickej stredomorskej atmosf\u00e9ry olivovn\u00edkov a absol\u00fatneho pokoja, pon\u00faka dokonal\u00fa kombin\u00e1ciu praktickosti, pohodlia a \u00faplnej relax\u00e1cie.<\/p>\n","protected":false},"excerpt":{"rendered":"<p>Objavte pokojn\u00e9 \u00fato\u010disko ur\u010den\u00e9 pre p\u00e1ry h\u013eadaj\u00face pokoj a jednoduchos\u0165 zabalen\u00e9 v modernom luxuse. Tento priestrann\u00fd a funk\u010dn\u00fd \u0161t\u00fadiov\u00fd apartm\u00e1n sa otv\u00e1ra na tienen\u00fa terasu s v\u00fdh\u013eadom na okolit\u00e9 olivov\u00e9 h\u00e1je, idylick\u00e9 prostredie pre pokojn\u00e9 ra\u0148ajky alebo tich\u00fd ve\u010der pod hviezdami. Interi\u00e9r je premyslene navrhnut\u00fd s elegantn\u00fdm, modern\u00fdm n\u00e1bytkom, plne vybavenou kuchy\u0148ou, ve\u013ekou modernou k\u00fape\u013e\u0148ou [&hellip;]<\/p>\n","protected":false},"featured_media":1777,"comment_status":"closed","ping_status":"closed","template":"","meta":{"_acf_changed":false},"product_brand":[],"product_cat":[96],"product_tag":[],"class_list":{"0":"post-1737","1":"product","2":"type-product","3":"status-publish","4":"has-post-thumbnail","6":"product_cat-premium-studio-s-vlastnou-vonkajsou-virivkou","8":"first","9":"instock","10":"sold-individually","11":"shipping-taxable","12":"purchasable","13":"product-type-phive_booking"},"acf":[],"yoast_head":"<!-- This site is optimized with the Yoast SEO plugin v27.1.1 - https:\/\/yoast.com\/product\/yoast-seo-wordpress\/ -->\n<title>Premium \u0161t\u00fadio s vlastnou vonkaj\u0161ou v\u00edrivkou ID 1 - Villa Lojena<\/title>\n<meta name=\"robots\" content=\"index, follow, max-snippet:-1, max-image-preview:large, max-video-preview:-1\" \/>\n<link rel=\"canonical\" href=\"https:\/\/lojena.wepar.hr\/product\/premium-studio-with-private-outdoor-jacuzzi\/\" \/>\n<meta property=\"og:locale\" content=\"sk_SK\" \/>\n<meta property=\"og:type\" content=\"article\" \/>\n<meta property=\"og:title\" content=\"Premium \u0161t\u00fadio s vlastnou vonkaj\u0161ou v\u00edrivkou ID 1 - Villa Lojena\" \/>\n<meta property=\"og:description\" content=\"Objavte pokojn\u00e9 \u00fato\u010disko ur\u010den\u00e9 pre p\u00e1ry h\u013eadaj\u00face pokoj a jednoduchos\u0165 zabalen\u00e9 v modernom luxuse. Tento priestrann\u00fd a funk\u010dn\u00fd \u0161t\u00fadiov\u00fd apartm\u00e1n sa otv\u00e1ra na tienen\u00fa terasu s v\u00fdh\u013eadom na okolit\u00e9 olivov\u00e9 h\u00e1je, idylick\u00e9 prostredie pre pokojn\u00e9 ra\u0148ajky alebo tich\u00fd ve\u010der pod hviezdami. Interi\u00e9r je premyslene navrhnut\u00fd s elegantn\u00fdm, modern\u00fdm n\u00e1bytkom, plne vybavenou kuchy\u0148ou, ve\u013ekou modernou k\u00fape\u013e\u0148ou [&hellip;]\" \/>\n<meta property=\"og:url\" content=\"https:\/\/lojena.wepar.hr\/product\/premium-studio-with-private-outdoor-jacuzzi\/\" \/>\n<meta property=\"og:site_name\" content=\"Villa Lojena\" \/>\n<meta property=\"article:modified_time\" content=\"2026-03-10T18:29:11+00:00\" \/>\n<meta property=\"og:image\" content=\"https:\/\/lojena.wepar.hr\/wp-content\/uploads\/2026\/02\/ap-1-i-2.jpg\" \/>\n\t<meta property=\"og:image:width\" content=\"1980\" \/>\n\t<meta property=\"og:image:height\" content=\"1350\" \/>\n\t<meta property=\"og:image:type\" content=\"image\/jpeg\" \/>\n<meta name=\"twitter:card\" content=\"summary_large_image\" \/>\n<meta name=\"twitter:label1\" content=\"Predpokladan\u00fd \u010das \u010d\u00edtania\" \/>\n\t<meta name=\"twitter:data1\" content=\"1 min\u00fata\" \/>\n<script type=\"application\/ld+json\" class=\"yoast-schema-graph\">{\"@context\":\"https:\/\/schema.org\",\"@graph\":[{\"@type\":\"WebPage\",\"@id\":\"https:\/\/lojena.wepar.hr\/product\/premium-studio-with-private-outdoor-jacuzzi\/\",\"url\":\"https:\/\/lojena.wepar.hr\/product\/premium-studio-with-private-outdoor-jacuzzi\/\",\"name\":\"Premium \u0161t\u00fadio s vlastnou vonkaj\u0161ou v\u00edrivkou ID 1 - Villa Lojena\",\"isPartOf\":{\"@id\":\"https:\/\/lojena.wepar.hr\/#website\"},\"primaryImageOfPage\":{\"@id\":\"https:\/\/lojena.wepar.hr\/product\/premium-studio-with-private-outdoor-jacuzzi\/#primaryimage\"},\"image\":{\"@id\":\"https:\/\/lojena.wepar.hr\/product\/premium-studio-with-private-outdoor-jacuzzi\/#primaryimage\"},\"thumbnailUrl\":\"https:\/\/lojena.wepar.hr\/wp-content\/uploads\/2026\/02\/ap-1-i-2.jpg\",\"datePublished\":\"2026-02-25T13:44:32+00:00\",\"dateModified\":\"2026-03-10T18:29:11+00:00\",\"breadcrumb\":{\"@id\":\"https:\/\/lojena.wepar.hr\/product\/premium-studio-with-private-outdoor-jacuzzi\/#breadcrumb\"},\"inLanguage\":\"sk-SK\",\"potentialAction\":[{\"@type\":\"ReadAction\",\"target\":[\"https:\/\/lojena.wepar.hr\/product\/premium-studio-with-private-outdoor-jacuzzi\/\"]}]},{\"@type\":\"ImageObject\",\"inLanguage\":\"sk-SK\",\"@id\":\"https:\/\/lojena.wepar.hr\/product\/premium-studio-with-private-outdoor-jacuzzi\/#primaryimage\",\"url\":\"https:\/\/lojena.wepar.hr\/wp-content\/uploads\/2026\/02\/ap-1-i-2.jpg\",\"contentUrl\":\"https:\/\/lojena.wepar.hr\/wp-content\/uploads\/2026\/02\/ap-1-i-2.jpg\",\"width\":1980,\"height\":1350,\"caption\":\"View of outside jacuzzi in sunset from lighted terrace\"},{\"@type\":\"BreadcrumbList\",\"@id\":\"https:\/\/lojena.wepar.hr\/product\/premium-studio-with-private-outdoor-jacuzzi\/#breadcrumb\",\"itemListElement\":[{\"@type\":\"ListItem\",\"position\":1,\"name\":\"Home\",\"item\":\"https:\/\/lojena.wepar.hr\/sk\/\"},{\"@type\":\"ListItem\",\"position\":2,\"name\":\"Premium \u0161t\u00fadio s vlastnou vonkaj\u0161ou v\u00edrivkou ID 1\"}]},{\"@type\":\"WebSite\",\"@id\":\"https:\/\/lojena.wepar.hr\/#website\",\"url\":\"https:\/\/lojena.wepar.hr\/\",\"name\":\"Villa Lojena\",\"description\":\"Luxury Studios\",\"potentialAction\":[{\"@type\":\"SearchAction\",\"target\":{\"@type\":\"EntryPoint\",\"urlTemplate\":\"https:\/\/lojena.wepar.hr\/?s={search_term_string}\"},\"query-input\":{\"@type\":\"PropertyValueSpecification\",\"valueRequired\":true,\"valueName\":\"search_term_string\"}}],\"inLanguage\":\"sk-SK\"}]}<\/script>\n<!-- \/ Yoast SEO plugin. -->","yoast_head_json":{"title":"Premium \u0161t\u00fadio s vlastnou vonkaj\u0161ou v\u00edrivkou ID 1 - Villa Lojena","robots":{"index":"index","follow":"follow","max-snippet":"max-snippet:-1","max-image-preview":"max-image-preview:large","max-video-preview":"max-video-preview:-1"},"canonical":"https:\/\/lojena.wepar.hr\/product\/premium-studio-with-private-outdoor-jacuzzi\/","og_locale":"sk_SK","og_type":"article","og_title":"Premium \u0161t\u00fadio s vlastnou vonkaj\u0161ou v\u00edrivkou ID 1 - Villa Lojena","og_description":"Objavte pokojn\u00e9 \u00fato\u010disko ur\u010den\u00e9 pre p\u00e1ry h\u013eadaj\u00face pokoj a jednoduchos\u0165 zabalen\u00e9 v modernom luxuse. Tento priestrann\u00fd a funk\u010dn\u00fd \u0161t\u00fadiov\u00fd apartm\u00e1n sa otv\u00e1ra na tienen\u00fa terasu s v\u00fdh\u013eadom na okolit\u00e9 olivov\u00e9 h\u00e1je, idylick\u00e9 prostredie pre pokojn\u00e9 ra\u0148ajky alebo tich\u00fd ve\u010der pod hviezdami. Interi\u00e9r je premyslene navrhnut\u00fd s elegantn\u00fdm, modern\u00fdm n\u00e1bytkom, plne vybavenou kuchy\u0148ou, ve\u013ekou modernou k\u00fape\u013e\u0148ou [&hellip;]","og_url":"https:\/\/lojena.wepar.hr\/product\/premium-studio-with-private-outdoor-jacuzzi\/","og_site_name":"Villa Lojena","article_modified_time":"2026-03-10T18:29:11+00:00","og_image":[{"width":1980,"height":1350,"url":"https:\/\/lojena.wepar.hr\/wp-content\/uploads\/2026\/02\/ap-1-i-2.jpg","type":"image\/jpeg"}],"twitter_card":"summary_large_image","twitter_misc":{"Predpokladan\u00fd \u010das \u010d\u00edtania":"1 min\u00fata"},"schema":{"@context":"https:\/\/schema.org","@graph":[{"@type":"WebPage","@id":"https:\/\/lojena.wepar.hr\/product\/premium-studio-with-private-outdoor-jacuzzi\/","url":"https:\/\/lojena.wepar.hr\/product\/premium-studio-with-private-outdoor-jacuzzi\/","name":"Premium \u0161t\u00fadio s vlastnou vonkaj\u0161ou v\u00edrivkou ID 1 - Villa Lojena","isPartOf":{"@id":"https:\/\/lojena.wepar.hr\/#website"},"primaryImageOfPage":{"@id":"https:\/\/lojena.wepar.hr\/product\/premium-studio-with-private-outdoor-jacuzzi\/#primaryimage"},"image":{"@id":"https:\/\/lojena.wepar.hr\/product\/premium-studio-with-private-outdoor-jacuzzi\/#primaryimage"},"thumbnailUrl":"https:\/\/lojena.wepar.hr\/wp-content\/uploads\/2026\/02\/ap-1-i-2.jpg","datePublished":"2026-02-25T13:44:32+00:00","dateModified":"2026-03-10T18:29:11+00:00","breadcrumb":{"@id":"https:\/\/lojena.wepar.hr\/product\/premium-studio-with-private-outdoor-jacuzzi\/#breadcrumb"},"inLanguage":"sk-SK","potentialAction":[{"@type":"ReadAction","target":["https:\/\/lojena.wepar.hr\/product\/premium-studio-with-private-outdoor-jacuzzi\/"]}]},{"@type":"ImageObject","inLanguage":"sk-SK","@id":"https:\/\/lojena.wepar.hr\/product\/premium-studio-with-private-outdoor-jacuzzi\/#primaryimage","url":"https:\/\/lojena.wepar.hr\/wp-content\/uploads\/2026\/02\/ap-1-i-2.jpg","contentUrl":"https:\/\/lojena.wepar.hr\/wp-content\/uploads\/2026\/02\/ap-1-i-2.jpg","width":1980,"height":1350,"caption":"View of outside jacuzzi in sunset from lighted terrace"},{"@type":"BreadcrumbList","@id":"https:\/\/lojena.wepar.hr\/product\/premium-studio-with-private-outdoor-jacuzzi\/#breadcrumb","itemListElement":[{"@type":"ListItem","position":1,"name":"Home","item":"https:\/\/lojena.wepar.hr\/sk\/"},{"@type":"ListItem","position":2,"name":"Premium \u0161t\u00fadio s vlastnou vonkaj\u0161ou v\u00edrivkou ID 1"}]},{"@type":"WebSite","@id":"https:\/\/lojena.wepar.hr\/#website","url":"https:\/\/lojena.wepar.hr\/","name":"Villa Lojena","description":"Luxury Studios","potentialAction":[{"@type":"SearchAction","target":{"@type":"EntryPoint","urlTemplate":"https:\/\/lojena.wepar.hr\/?s={search_term_string}"},"query-input":{"@type":"PropertyValueSpecification","valueRequired":true,"valueName":"search_term_string"}}],"inLanguage":"sk-SK"}]}},"_links":{"self":[{"href":"https:\/\/lojena.wepar.hr\/sk\/wp-json\/wp\/v2\/product\/1737","targetHints":{"allow":["GET"]}}],"collection":[{"href":"https:\/\/lojena.wepar.hr\/sk\/wp-json\/wp\/v2\/product"}],"about":[{"href":"https:\/\/lojena.wepar.hr\/sk\/wp-json\/wp\/v2\/types\/product"}],"replies":[{"embeddable":true,"href":"https:\/\/lojena.wepar.hr\/sk\/wp-json\/wp\/v2\/comments?post=1737"}],"wp:featuredmedia":[{"embeddable":true,"href":"https:\/\/lojena.wepar.hr\/sk\/wp-json\/wp\/v2\/media\/1777"}],"wp:attachment":[{"href":"https:\/\/lojena.wepar.hr\/sk\/wp-json\/wp\/v2\/media?parent=1737"}],"wp:term":[{"taxonomy":"product_brand","embeddable":true,"href":"https:\/\/lojena.wepar.hr\/sk\/wp-json\/wp\/v2\/product_brand?post=1737"},{"taxonomy":"product_cat","embeddable":true,"href":"https:\/\/lojena.wepar.hr\/sk\/wp-json\/wp\/v2\/product_cat?post=1737"},{"taxonomy":"product_tag","embeddable":true,"href":"https:\/\/lojena.wepar.hr\/sk\/wp-json\/wp\/v2\/product_tag?post=1737"}],"curies":[{"name":"wp","href":"https:\/\/api.w.org\/{rel}","templated":true}]}}