{"id":1477,"date":"2026-02-25T12:48:35","date_gmt":"2026-02-25T12:48:35","guid":{"rendered":"https:\/\/lojena.wepar.hr\/?post_type=product&#038;p=1477"},"modified":"2026-03-19T08:09:29","modified_gmt":"2026-03-19T08:09:29","slug":"premium-studio-s-vyhladom-na-more-id-2","status":"publish","type":"product","link":"https:\/\/lojena.wepar.hr\/sk\/produkt\/premium-studio-s-vyhladom-na-more-id-2\/","title":{"rendered":"Premium \u0161t\u00fadio s v\u00fdh\u013eadom na more ID 2"},"content":{"rendered":"<p>Za\u017eite \u00fanik na pr\u00edzem\u00ed ur\u010den\u00fd pre t\u00fdch, ktor\u00ed si cenia priestor a pokoj. Toto \u0161t\u00fdlov\u00e9 \u0161t\u00fadio sa m\u00f4\u017ee pochv\u00e1li\u0165 roz\u013eahlou 40 m\u00b2 terasou, ktor\u00e1 pon\u00faka plynul\u00fd prechod z elegantn\u00e9ho interi\u00e9ru do pr\u00edrodnej kr\u00e1sy na\u0161ej st\u00e1ro\u010dnej olivovej z\u00e1hrady. Ponorte sa do bubl\u00edn va\u0161ej s\u00fakromnej v\u00edrivky s rozmermi 2&#215;2 m na terase \u2013 dokonal\u00e9ho protijedu na de\u0148 str\u00e1ven\u00fd na slnku.<\/p>\n<p>Vn\u00fatri sa kladie d\u00f4raz na nekompromisn\u00fd komfort. U\u017eite si modern\u00fd obytn\u00fd priestor s gurm\u00e1nskou kuchy\u0148ou, ve\u013ekou modernou k\u00fape\u013e\u0148ou a pohodlnou oporou 34 cm hypoalerg\u00e9nnych matracov. V\u010faka klimatiz\u00e1cii Daikin je va\u0161e prostredie v\u017edy presne tak\u00e9, ak\u00e9 si \u017eel\u00e1te.<\/p>\n<p>Postarali sme sa o ka\u017ed\u00fd detail: od bleskur\u00fdchlej 5G Wi-Fi a Smart TV a\u017e po spolo\u010dn\u00fd v\u00fdrobn\u00edk \u013eadu na popolud\u0148aj\u0161ie ob\u010derstvenie. V\u010faka na\u0161ej zahrnutej slu\u017ebe prania a \u017eehlenia m\u00f4\u017eete cestova\u0165 na\u013eahko a s\u00fastredi\u0165 sa v\u00fdlu\u010dne na stredomorsk\u00fd pokoj, ktor\u00fd v\u00e1s obklopuje.<\/p>\n","protected":false},"excerpt":{"rendered":"<p>Za\u017eite \u00fanik na pr\u00edzem\u00ed ur\u010den\u00fd pre t\u00fdch, ktor\u00ed si cenia priestor a pokoj. Toto \u0161t\u00fdlov\u00e9 \u0161t\u00fadio sa m\u00f4\u017ee pochv\u00e1li\u0165 roz\u013eahlou 40 m\u00b2 terasou, ktor\u00e1 pon\u00faka plynul\u00fd prechod z elegantn\u00e9ho interi\u00e9ru do pr\u00edrodnej kr\u00e1sy na\u0161ej st\u00e1ro\u010dnej olivovej z\u00e1hrady. Ponorte sa do bubl\u00edn va\u0161ej s\u00fakromnej v\u00edrivky s rozmermi 2&#215;2 m na terase \u2013 dokonal\u00e9ho protijedu na de\u0148 [&hellip;]<\/p>\n","protected":false},"featured_media":1215,"comment_status":"closed","ping_status":"closed","template":"","meta":{"_acf_changed":false},"product_brand":[],"product_cat":[104],"product_tag":[],"class_list":{"0":"post-1477","1":"product","2":"type-product","3":"status-publish","4":"has-post-thumbnail","6":"product_cat-premium-studio-s-vyhladom-na-more","8":"first","9":"instock","10":"sold-individually","11":"shipping-taxable","12":"purchasable","13":"product-type-phive_booking"},"acf":[],"yoast_head":"<!-- This site is optimized with the Yoast SEO plugin v27.1.1 - https:\/\/yoast.com\/product\/yoast-seo-wordpress\/ -->\n<title>Premium \u0161t\u00fadio s v\u00fdh\u013eadom na more ID 2 - Villa Lojena<\/title>\n<meta name=\"robots\" content=\"index, follow, max-snippet:-1, max-image-preview:large, max-video-preview:-1\" \/>\n<link rel=\"canonical\" href=\"https:\/\/lojena.wepar.hr\/sk\/produkt\/premium-studio-s-vyhladom-na-more-id-2\/\" \/>\n<meta property=\"og:locale\" content=\"sk_SK\" \/>\n<meta property=\"og:type\" content=\"article\" \/>\n<meta property=\"og:title\" content=\"Premium \u0161t\u00fadio s v\u00fdh\u013eadom na more ID 2 - Villa Lojena\" \/>\n<meta property=\"og:description\" content=\"Za\u017eite \u00fanik na pr\u00edzem\u00ed ur\u010den\u00fd pre t\u00fdch, ktor\u00ed si cenia priestor a pokoj. Toto \u0161t\u00fdlov\u00e9 \u0161t\u00fadio sa m\u00f4\u017ee pochv\u00e1li\u0165 roz\u013eahlou 40 m\u00b2 terasou, ktor\u00e1 pon\u00faka plynul\u00fd prechod z elegantn\u00e9ho interi\u00e9ru do pr\u00edrodnej kr\u00e1sy na\u0161ej st\u00e1ro\u010dnej olivovej z\u00e1hrady. Ponorte sa do bubl\u00edn va\u0161ej s\u00fakromnej v\u00edrivky s rozmermi 2&#215;2 m na terase \u2013 dokonal\u00e9ho protijedu na de\u0148 [&hellip;]\" \/>\n<meta property=\"og:url\" content=\"https:\/\/lojena.wepar.hr\/sk\/produkt\/premium-studio-s-vyhladom-na-more-id-2\/\" \/>\n<meta property=\"og:site_name\" content=\"Villa Lojena\" \/>\n<meta property=\"article:modified_time\" content=\"2026-03-19T08:09:29+00:00\" \/>\n<meta property=\"og:image\" content=\"https:\/\/lojena.wepar.hr\/wp-content\/uploads\/2026\/02\/5-i-6.jpeg\" \/>\n\t<meta property=\"og:image:width\" content=\"1980\" \/>\n\t<meta property=\"og:image:height\" content=\"1485\" \/>\n\t<meta property=\"og:image:type\" content=\"image\/jpeg\" \/>\n<meta name=\"twitter:card\" content=\"summary_large_image\" \/>\n<meta name=\"twitter:label1\" content=\"Predpokladan\u00fd \u010das \u010d\u00edtania\" \/>\n\t<meta name=\"twitter:data1\" content=\"1 min\u00fata\" \/>\n<script type=\"application\/ld+json\" class=\"yoast-schema-graph\">{\"@context\":\"https:\/\/schema.org\",\"@graph\":[{\"@type\":\"WebPage\",\"@id\":\"https:\/\/lojena.wepar.hr\/sk\/produkt\/premium-studio-s-vyhladom-na-more-id-2\/\",\"url\":\"https:\/\/lojena.wepar.hr\/sk\/produkt\/premium-studio-s-vyhladom-na-more-id-2\/\",\"name\":\"Premium \u0161t\u00fadio s v\u00fdh\u013eadom na more ID 2 - Villa Lojena\",\"isPartOf\":{\"@id\":\"https:\/\/lojena.wepar.hr\/#website\"},\"primaryImageOfPage\":{\"@id\":\"https:\/\/lojena.wepar.hr\/sk\/produkt\/premium-studio-s-vyhladom-na-more-id-2\/#primaryimage\"},\"image\":{\"@id\":\"https:\/\/lojena.wepar.hr\/sk\/produkt\/premium-studio-s-vyhladom-na-more-id-2\/#primaryimage\"},\"thumbnailUrl\":\"https:\/\/lojena.wepar.hr\/wp-content\/uploads\/2026\/02\/5-i-6.jpeg\",\"datePublished\":\"2026-02-25T12:48:35+00:00\",\"dateModified\":\"2026-03-19T08:09:29+00:00\",\"breadcrumb\":{\"@id\":\"https:\/\/lojena.wepar.hr\/sk\/produkt\/premium-studio-s-vyhladom-na-more-id-2\/#breadcrumb\"},\"inLanguage\":\"sk-SK\",\"potentialAction\":[{\"@type\":\"ReadAction\",\"target\":[\"https:\/\/lojena.wepar.hr\/sk\/produkt\/premium-studio-s-vyhladom-na-more-id-2\/\"]}]},{\"@type\":\"ImageObject\",\"inLanguage\":\"sk-SK\",\"@id\":\"https:\/\/lojena.wepar.hr\/sk\/produkt\/premium-studio-s-vyhladom-na-more-id-2\/#primaryimage\",\"url\":\"https:\/\/lojena.wepar.hr\/wp-content\/uploads\/2026\/02\/5-i-6.jpeg\",\"contentUrl\":\"https:\/\/lojena.wepar.hr\/wp-content\/uploads\/2026\/02\/5-i-6.jpeg\",\"width\":1980,\"height\":1485,\"caption\":\"Double sized bed with couch, coffe table and television\"},{\"@type\":\"BreadcrumbList\",\"@id\":\"https:\/\/lojena.wepar.hr\/sk\/produkt\/premium-studio-s-vyhladom-na-more-id-2\/#breadcrumb\",\"itemListElement\":[{\"@type\":\"ListItem\",\"position\":1,\"name\":\"Home\",\"item\":\"https:\/\/lojena.wepar.hr\/sk\/\"},{\"@type\":\"ListItem\",\"position\":2,\"name\":\"Premium \u0161t\u00fadio s v\u00fdh\u013eadom na more ID 2\"}]},{\"@type\":\"WebSite\",\"@id\":\"https:\/\/lojena.wepar.hr\/#website\",\"url\":\"https:\/\/lojena.wepar.hr\/\",\"name\":\"Villa Lojena\",\"description\":\"Luxury Studios\",\"potentialAction\":[{\"@type\":\"SearchAction\",\"target\":{\"@type\":\"EntryPoint\",\"urlTemplate\":\"https:\/\/lojena.wepar.hr\/?s={search_term_string}\"},\"query-input\":{\"@type\":\"PropertyValueSpecification\",\"valueRequired\":true,\"valueName\":\"search_term_string\"}}],\"inLanguage\":\"sk-SK\"}]}<\/script>\n<!-- \/ Yoast SEO plugin. -->","yoast_head_json":{"title":"Premium \u0161t\u00fadio s v\u00fdh\u013eadom na more ID 2 - Villa Lojena","robots":{"index":"index","follow":"follow","max-snippet":"max-snippet:-1","max-image-preview":"max-image-preview:large","max-video-preview":"max-video-preview:-1"},"canonical":"https:\/\/lojena.wepar.hr\/sk\/produkt\/premium-studio-s-vyhladom-na-more-id-2\/","og_locale":"sk_SK","og_type":"article","og_title":"Premium \u0161t\u00fadio s v\u00fdh\u013eadom na more ID 2 - Villa Lojena","og_description":"Za\u017eite \u00fanik na pr\u00edzem\u00ed ur\u010den\u00fd pre t\u00fdch, ktor\u00ed si cenia priestor a pokoj. Toto \u0161t\u00fdlov\u00e9 \u0161t\u00fadio sa m\u00f4\u017ee pochv\u00e1li\u0165 roz\u013eahlou 40 m\u00b2 terasou, ktor\u00e1 pon\u00faka plynul\u00fd prechod z elegantn\u00e9ho interi\u00e9ru do pr\u00edrodnej kr\u00e1sy na\u0161ej st\u00e1ro\u010dnej olivovej z\u00e1hrady. Ponorte sa do bubl\u00edn va\u0161ej s\u00fakromnej v\u00edrivky s rozmermi 2&#215;2 m na terase \u2013 dokonal\u00e9ho protijedu na de\u0148 [&hellip;]","og_url":"https:\/\/lojena.wepar.hr\/sk\/produkt\/premium-studio-s-vyhladom-na-more-id-2\/","og_site_name":"Villa Lojena","article_modified_time":"2026-03-19T08:09:29+00:00","og_image":[{"width":1980,"height":1485,"url":"https:\/\/lojena.wepar.hr\/wp-content\/uploads\/2026\/02\/5-i-6.jpeg","type":"image\/jpeg"}],"twitter_card":"summary_large_image","twitter_misc":{"Predpokladan\u00fd \u010das \u010d\u00edtania":"1 min\u00fata"},"schema":{"@context":"https:\/\/schema.org","@graph":[{"@type":"WebPage","@id":"https:\/\/lojena.wepar.hr\/sk\/produkt\/premium-studio-s-vyhladom-na-more-id-2\/","url":"https:\/\/lojena.wepar.hr\/sk\/produkt\/premium-studio-s-vyhladom-na-more-id-2\/","name":"Premium \u0161t\u00fadio s v\u00fdh\u013eadom na more ID 2 - Villa Lojena","isPartOf":{"@id":"https:\/\/lojena.wepar.hr\/#website"},"primaryImageOfPage":{"@id":"https:\/\/lojena.wepar.hr\/sk\/produkt\/premium-studio-s-vyhladom-na-more-id-2\/#primaryimage"},"image":{"@id":"https:\/\/lojena.wepar.hr\/sk\/produkt\/premium-studio-s-vyhladom-na-more-id-2\/#primaryimage"},"thumbnailUrl":"https:\/\/lojena.wepar.hr\/wp-content\/uploads\/2026\/02\/5-i-6.jpeg","datePublished":"2026-02-25T12:48:35+00:00","dateModified":"2026-03-19T08:09:29+00:00","breadcrumb":{"@id":"https:\/\/lojena.wepar.hr\/sk\/produkt\/premium-studio-s-vyhladom-na-more-id-2\/#breadcrumb"},"inLanguage":"sk-SK","potentialAction":[{"@type":"ReadAction","target":["https:\/\/lojena.wepar.hr\/sk\/produkt\/premium-studio-s-vyhladom-na-more-id-2\/"]}]},{"@type":"ImageObject","inLanguage":"sk-SK","@id":"https:\/\/lojena.wepar.hr\/sk\/produkt\/premium-studio-s-vyhladom-na-more-id-2\/#primaryimage","url":"https:\/\/lojena.wepar.hr\/wp-content\/uploads\/2026\/02\/5-i-6.jpeg","contentUrl":"https:\/\/lojena.wepar.hr\/wp-content\/uploads\/2026\/02\/5-i-6.jpeg","width":1980,"height":1485,"caption":"Double sized bed with couch, coffe table and television"},{"@type":"BreadcrumbList","@id":"https:\/\/lojena.wepar.hr\/sk\/produkt\/premium-studio-s-vyhladom-na-more-id-2\/#breadcrumb","itemListElement":[{"@type":"ListItem","position":1,"name":"Home","item":"https:\/\/lojena.wepar.hr\/sk\/"},{"@type":"ListItem","position":2,"name":"Premium \u0161t\u00fadio s v\u00fdh\u013eadom na more ID 2"}]},{"@type":"WebSite","@id":"https:\/\/lojena.wepar.hr\/#website","url":"https:\/\/lojena.wepar.hr\/","name":"Villa Lojena","description":"Luxury Studios","potentialAction":[{"@type":"SearchAction","target":{"@type":"EntryPoint","urlTemplate":"https:\/\/lojena.wepar.hr\/?s={search_term_string}"},"query-input":{"@type":"PropertyValueSpecification","valueRequired":true,"valueName":"search_term_string"}}],"inLanguage":"sk-SK"}]}},"_links":{"self":[{"href":"https:\/\/lojena.wepar.hr\/sk\/wp-json\/wp\/v2\/product\/1477","targetHints":{"allow":["GET"]}}],"collection":[{"href":"https:\/\/lojena.wepar.hr\/sk\/wp-json\/wp\/v2\/product"}],"about":[{"href":"https:\/\/lojena.wepar.hr\/sk\/wp-json\/wp\/v2\/types\/product"}],"replies":[{"embeddable":true,"href":"https:\/\/lojena.wepar.hr\/sk\/wp-json\/wp\/v2\/comments?post=1477"}],"wp:featuredmedia":[{"embeddable":true,"href":"https:\/\/lojena.wepar.hr\/sk\/wp-json\/wp\/v2\/media\/1215"}],"wp:attachment":[{"href":"https:\/\/lojena.wepar.hr\/sk\/wp-json\/wp\/v2\/media?parent=1477"}],"wp:term":[{"taxonomy":"product_brand","embeddable":true,"href":"https:\/\/lojena.wepar.hr\/sk\/wp-json\/wp\/v2\/product_brand?post=1477"},{"taxonomy":"product_cat","embeddable":true,"href":"https:\/\/lojena.wepar.hr\/sk\/wp-json\/wp\/v2\/product_cat?post=1477"},{"taxonomy":"product_tag","embeddable":true,"href":"https:\/\/lojena.wepar.hr\/sk\/wp-json\/wp\/v2\/product_tag?post=1477"}],"curies":[{"name":"wp","href":"https:\/\/api.w.org\/{rel}","templated":true}]}}