{"id":1130,"date":"2026-02-25T12:26:53","date_gmt":"2026-02-25T12:26:53","guid":{"rendered":"https:\/\/lojena.wepar.hr\/?post_type=product&#038;p=1130"},"modified":"2026-03-19T08:05:28","modified_gmt":"2026-03-19T08:05:28","slug":"superior-studio-s-vyhladom-do-zahrady-id-2","status":"publish","type":"product","link":"https:\/\/lojena.wepar.hr\/sk\/produkt\/superior-studio-s-vyhladom-do-zahrady-id-2\/","title":{"rendered":"Superior \u0161t\u00fadio s v\u00fdh\u013eadom do z\u00e1hrady ID 2"},"content":{"rendered":"<p>Predstavte si, \u017ee sa zobud\u00edte s v\u00fdh\u013eadom na Stredozemn\u00e9 more: more, baz\u00e9n a st\u00e1ro\u010dn\u00e9 olivovn\u00edky priamo pred va\u0161imi dverami. Toto modern\u00e9 \u0161t\u00fadio pon\u00faka kr\u00e1snu tienen\u00fa terasu, ide\u00e1lne miesto na rann\u00e9 espresso alebo tich\u00fd drink pri z\u00e1pade slnka v pokojnej atmosf\u00e9re.<\/p>\n<p>Vn\u00fatri sa luxus skr\u00fdva v detailoch. Od plne vybavenej kuchyne a ve\u013ekej modernej k\u00fape\u013ene a\u017e po klimatiz\u00e1ciu Daikin a ultra pr\u00e9miov\u00e9 hypoalerg\u00e9nne matrace s hr\u00fabkou 34 cm, ka\u017ed\u00fd centimeter je stvoren\u00fd pre relax\u00e1ciu. Dispoz\u00edcia pohodlne pojme mal\u00fa rodinu v\u010faka detskej postie\u013eke.<\/p>\n<p>Zosta\u0148te v spojen\u00ed s vysokor\u00fdchlostn\u00fdm internetom 5G a Smart TV alebo vyu\u017eite na\u0161e vybavenie pre host\u00ed vr\u00e1tane spolo\u010dn\u00e9ho v\u00fdrobn\u00edka \u013eadu a bezplatnej pr\u00e1\u010dovne. Toto \u0161t\u00fadio sa nach\u00e1dza v z\u00f3ne absol\u00fatneho pokoja so stredomorsk\u00fdm \u0161armom a pon\u00faka sofistikovan\u00fd \u00fanik od ka\u017edodenn\u00e9ho \u017eivota.<\/p>\n","protected":false},"excerpt":{"rendered":"<p>Predstavte si, \u017ee sa zobud\u00edte s v\u00fdh\u013eadom na Stredozemn\u00e9 more: more, baz\u00e9n a st\u00e1ro\u010dn\u00e9 olivovn\u00edky priamo pred va\u0161imi dverami. Toto modern\u00e9 \u0161t\u00fadio pon\u00faka kr\u00e1snu tienen\u00fa terasu, ide\u00e1lne miesto na rann\u00e9 espresso alebo tich\u00fd drink pri z\u00e1pade slnka v pokojnej atmosf\u00e9re. Vn\u00fatri sa luxus skr\u00fdva v detailoch. Od plne vybavenej kuchyne a ve\u013ekej modernej k\u00fape\u013ene a\u017e [&hellip;]<\/p>\n","protected":false},"featured_media":1075,"comment_status":"closed","ping_status":"closed","template":"","meta":{"_acf_changed":false},"product_brand":[],"product_cat":[112],"product_tag":[],"class_list":{"0":"post-1130","1":"product","2":"type-product","3":"status-publish","4":"has-post-thumbnail","6":"product_cat-superior-studio-s-vyhladom-do-zahrady","8":"first","9":"instock","10":"sold-individually","11":"shipping-taxable","12":"purchasable","13":"product-type-phive_booking"},"acf":[],"yoast_head":"<!-- This site is optimized with the Yoast SEO plugin v27.1.1 - https:\/\/yoast.com\/product\/yoast-seo-wordpress\/ -->\n<title>Superior \u0161t\u00fadio s v\u00fdh\u013eadom do z\u00e1hrady ID 2 - Villa Lojena<\/title>\n<meta name=\"robots\" content=\"index, follow, max-snippet:-1, max-image-preview:large, max-video-preview:-1\" \/>\n<link rel=\"canonical\" href=\"https:\/\/lojena.wepar.hr\/sk\/produkt\/superior-studio-s-vyhladom-do-zahrady-id-2\/\" \/>\n<meta property=\"og:locale\" content=\"sk_SK\" \/>\n<meta property=\"og:type\" content=\"article\" \/>\n<meta property=\"og:title\" content=\"Superior \u0161t\u00fadio s v\u00fdh\u013eadom do z\u00e1hrady ID 2 - Villa Lojena\" \/>\n<meta property=\"og:description\" content=\"Predstavte si, \u017ee sa zobud\u00edte s v\u00fdh\u013eadom na Stredozemn\u00e9 more: more, baz\u00e9n a st\u00e1ro\u010dn\u00e9 olivovn\u00edky priamo pred va\u0161imi dverami. Toto modern\u00e9 \u0161t\u00fadio pon\u00faka kr\u00e1snu tienen\u00fa terasu, ide\u00e1lne miesto na rann\u00e9 espresso alebo tich\u00fd drink pri z\u00e1pade slnka v pokojnej atmosf\u00e9re. Vn\u00fatri sa luxus skr\u00fdva v detailoch. Od plne vybavenej kuchyne a ve\u013ekej modernej k\u00fape\u013ene a\u017e [&hellip;]\" \/>\n<meta property=\"og:url\" content=\"https:\/\/lojena.wepar.hr\/sk\/produkt\/superior-studio-s-vyhladom-do-zahrady-id-2\/\" \/>\n<meta property=\"og:site_name\" content=\"Villa Lojena\" \/>\n<meta property=\"article:modified_time\" content=\"2026-03-19T08:05:28+00:00\" \/>\n<meta property=\"og:image\" content=\"https:\/\/lojena.wepar.hr\/wp-content\/uploads\/2026\/02\/ap-3-i-4.jpg\" \/>\n\t<meta property=\"og:image:width\" content=\"1980\" \/>\n\t<meta property=\"og:image:height\" content=\"1350\" \/>\n\t<meta property=\"og:image:type\" content=\"image\/jpeg\" \/>\n<meta name=\"twitter:card\" content=\"summary_large_image\" \/>\n<meta name=\"twitter:label1\" content=\"Predpokladan\u00fd \u010das \u010d\u00edtania\" \/>\n\t<meta name=\"twitter:data1\" content=\"1 min\u00fata\" \/>\n<script type=\"application\/ld+json\" class=\"yoast-schema-graph\">{\"@context\":\"https:\/\/schema.org\",\"@graph\":[{\"@type\":\"WebPage\",\"@id\":\"https:\/\/lojena.wepar.hr\/sk\/produkt\/superior-studio-s-vyhladom-do-zahrady-id-2\/\",\"url\":\"https:\/\/lojena.wepar.hr\/sk\/produkt\/superior-studio-s-vyhladom-do-zahrady-id-2\/\",\"name\":\"Superior \u0161t\u00fadio s v\u00fdh\u013eadom do z\u00e1hrady ID 2 - Villa Lojena\",\"isPartOf\":{\"@id\":\"https:\/\/lojena.wepar.hr\/#website\"},\"primaryImageOfPage\":{\"@id\":\"https:\/\/lojena.wepar.hr\/sk\/produkt\/superior-studio-s-vyhladom-do-zahrady-id-2\/#primaryimage\"},\"image\":{\"@id\":\"https:\/\/lojena.wepar.hr\/sk\/produkt\/superior-studio-s-vyhladom-do-zahrady-id-2\/#primaryimage\"},\"thumbnailUrl\":\"https:\/\/lojena.wepar.hr\/wp-content\/uploads\/2026\/02\/ap-3-i-4.jpg\",\"datePublished\":\"2026-02-25T12:26:53+00:00\",\"dateModified\":\"2026-03-19T08:05:28+00:00\",\"breadcrumb\":{\"@id\":\"https:\/\/lojena.wepar.hr\/sk\/produkt\/superior-studio-s-vyhladom-do-zahrady-id-2\/#breadcrumb\"},\"inLanguage\":\"sk-SK\",\"potentialAction\":[{\"@type\":\"ReadAction\",\"target\":[\"https:\/\/lojena.wepar.hr\/sk\/produkt\/superior-studio-s-vyhladom-do-zahrady-id-2\/\"]}]},{\"@type\":\"ImageObject\",\"inLanguage\":\"sk-SK\",\"@id\":\"https:\/\/lojena.wepar.hr\/sk\/produkt\/superior-studio-s-vyhladom-do-zahrady-id-2\/#primaryimage\",\"url\":\"https:\/\/lojena.wepar.hr\/wp-content\/uploads\/2026\/02\/ap-3-i-4.jpg\",\"contentUrl\":\"https:\/\/lojena.wepar.hr\/wp-content\/uploads\/2026\/02\/ap-3-i-4.jpg\",\"width\":1980,\"height\":1350,\"caption\":\"View of the sun covered terrace from the apartment\"},{\"@type\":\"BreadcrumbList\",\"@id\":\"https:\/\/lojena.wepar.hr\/sk\/produkt\/superior-studio-s-vyhladom-do-zahrady-id-2\/#breadcrumb\",\"itemListElement\":[{\"@type\":\"ListItem\",\"position\":1,\"name\":\"Home\",\"item\":\"https:\/\/lojena.wepar.hr\/sk\/\"},{\"@type\":\"ListItem\",\"position\":2,\"name\":\"Superior \u0161t\u00fadio s v\u00fdh\u013eadom do z\u00e1hrady ID 2\"}]},{\"@type\":\"WebSite\",\"@id\":\"https:\/\/lojena.wepar.hr\/#website\",\"url\":\"https:\/\/lojena.wepar.hr\/\",\"name\":\"Villa Lojena\",\"description\":\"Luxury Studios\",\"potentialAction\":[{\"@type\":\"SearchAction\",\"target\":{\"@type\":\"EntryPoint\",\"urlTemplate\":\"https:\/\/lojena.wepar.hr\/?s={search_term_string}\"},\"query-input\":{\"@type\":\"PropertyValueSpecification\",\"valueRequired\":true,\"valueName\":\"search_term_string\"}}],\"inLanguage\":\"sk-SK\"}]}<\/script>\n<!-- \/ Yoast SEO plugin. -->","yoast_head_json":{"title":"Superior \u0161t\u00fadio s v\u00fdh\u013eadom do z\u00e1hrady ID 2 - Villa Lojena","robots":{"index":"index","follow":"follow","max-snippet":"max-snippet:-1","max-image-preview":"max-image-preview:large","max-video-preview":"max-video-preview:-1"},"canonical":"https:\/\/lojena.wepar.hr\/sk\/produkt\/superior-studio-s-vyhladom-do-zahrady-id-2\/","og_locale":"sk_SK","og_type":"article","og_title":"Superior \u0161t\u00fadio s v\u00fdh\u013eadom do z\u00e1hrady ID 2 - Villa Lojena","og_description":"Predstavte si, \u017ee sa zobud\u00edte s v\u00fdh\u013eadom na Stredozemn\u00e9 more: more, baz\u00e9n a st\u00e1ro\u010dn\u00e9 olivovn\u00edky priamo pred va\u0161imi dverami. Toto modern\u00e9 \u0161t\u00fadio pon\u00faka kr\u00e1snu tienen\u00fa terasu, ide\u00e1lne miesto na rann\u00e9 espresso alebo tich\u00fd drink pri z\u00e1pade slnka v pokojnej atmosf\u00e9re. Vn\u00fatri sa luxus skr\u00fdva v detailoch. Od plne vybavenej kuchyne a ve\u013ekej modernej k\u00fape\u013ene a\u017e [&hellip;]","og_url":"https:\/\/lojena.wepar.hr\/sk\/produkt\/superior-studio-s-vyhladom-do-zahrady-id-2\/","og_site_name":"Villa Lojena","article_modified_time":"2026-03-19T08:05:28+00:00","og_image":[{"width":1980,"height":1350,"url":"https:\/\/lojena.wepar.hr\/wp-content\/uploads\/2026\/02\/ap-3-i-4.jpg","type":"image\/jpeg"}],"twitter_card":"summary_large_image","twitter_misc":{"Predpokladan\u00fd \u010das \u010d\u00edtania":"1 min\u00fata"},"schema":{"@context":"https:\/\/schema.org","@graph":[{"@type":"WebPage","@id":"https:\/\/lojena.wepar.hr\/sk\/produkt\/superior-studio-s-vyhladom-do-zahrady-id-2\/","url":"https:\/\/lojena.wepar.hr\/sk\/produkt\/superior-studio-s-vyhladom-do-zahrady-id-2\/","name":"Superior \u0161t\u00fadio s v\u00fdh\u013eadom do z\u00e1hrady ID 2 - Villa Lojena","isPartOf":{"@id":"https:\/\/lojena.wepar.hr\/#website"},"primaryImageOfPage":{"@id":"https:\/\/lojena.wepar.hr\/sk\/produkt\/superior-studio-s-vyhladom-do-zahrady-id-2\/#primaryimage"},"image":{"@id":"https:\/\/lojena.wepar.hr\/sk\/produkt\/superior-studio-s-vyhladom-do-zahrady-id-2\/#primaryimage"},"thumbnailUrl":"https:\/\/lojena.wepar.hr\/wp-content\/uploads\/2026\/02\/ap-3-i-4.jpg","datePublished":"2026-02-25T12:26:53+00:00","dateModified":"2026-03-19T08:05:28+00:00","breadcrumb":{"@id":"https:\/\/lojena.wepar.hr\/sk\/produkt\/superior-studio-s-vyhladom-do-zahrady-id-2\/#breadcrumb"},"inLanguage":"sk-SK","potentialAction":[{"@type":"ReadAction","target":["https:\/\/lojena.wepar.hr\/sk\/produkt\/superior-studio-s-vyhladom-do-zahrady-id-2\/"]}]},{"@type":"ImageObject","inLanguage":"sk-SK","@id":"https:\/\/lojena.wepar.hr\/sk\/produkt\/superior-studio-s-vyhladom-do-zahrady-id-2\/#primaryimage","url":"https:\/\/lojena.wepar.hr\/wp-content\/uploads\/2026\/02\/ap-3-i-4.jpg","contentUrl":"https:\/\/lojena.wepar.hr\/wp-content\/uploads\/2026\/02\/ap-3-i-4.jpg","width":1980,"height":1350,"caption":"View of the sun covered terrace from the apartment"},{"@type":"BreadcrumbList","@id":"https:\/\/lojena.wepar.hr\/sk\/produkt\/superior-studio-s-vyhladom-do-zahrady-id-2\/#breadcrumb","itemListElement":[{"@type":"ListItem","position":1,"name":"Home","item":"https:\/\/lojena.wepar.hr\/sk\/"},{"@type":"ListItem","position":2,"name":"Superior \u0161t\u00fadio s v\u00fdh\u013eadom do z\u00e1hrady ID 2"}]},{"@type":"WebSite","@id":"https:\/\/lojena.wepar.hr\/#website","url":"https:\/\/lojena.wepar.hr\/","name":"Villa Lojena","description":"Luxury Studios","potentialAction":[{"@type":"SearchAction","target":{"@type":"EntryPoint","urlTemplate":"https:\/\/lojena.wepar.hr\/?s={search_term_string}"},"query-input":{"@type":"PropertyValueSpecification","valueRequired":true,"valueName":"search_term_string"}}],"inLanguage":"sk-SK"}]}},"_links":{"self":[{"href":"https:\/\/lojena.wepar.hr\/sk\/wp-json\/wp\/v2\/product\/1130","targetHints":{"allow":["GET"]}}],"collection":[{"href":"https:\/\/lojena.wepar.hr\/sk\/wp-json\/wp\/v2\/product"}],"about":[{"href":"https:\/\/lojena.wepar.hr\/sk\/wp-json\/wp\/v2\/types\/product"}],"replies":[{"embeddable":true,"href":"https:\/\/lojena.wepar.hr\/sk\/wp-json\/wp\/v2\/comments?post=1130"}],"wp:featuredmedia":[{"embeddable":true,"href":"https:\/\/lojena.wepar.hr\/sk\/wp-json\/wp\/v2\/media\/1075"}],"wp:attachment":[{"href":"https:\/\/lojena.wepar.hr\/sk\/wp-json\/wp\/v2\/media?parent=1130"}],"wp:term":[{"taxonomy":"product_brand","embeddable":true,"href":"https:\/\/lojena.wepar.hr\/sk\/wp-json\/wp\/v2\/product_brand?post=1130"},{"taxonomy":"product_cat","embeddable":true,"href":"https:\/\/lojena.wepar.hr\/sk\/wp-json\/wp\/v2\/product_cat?post=1130"},{"taxonomy":"product_tag","embeddable":true,"href":"https:\/\/lojena.wepar.hr\/sk\/wp-json\/wp\/v2\/product_tag?post=1130"}],"curies":[{"name":"wp","href":"https:\/\/api.w.org\/{rel}","templated":true}]}}