{"id":2219,"date":"2026-02-05T07:08:14","date_gmt":"2026-02-05T07:08:14","guid":{"rendered":"https:\/\/lojena.wepar.hr\/?page_id=2219"},"modified":"2026-03-11T06:06:44","modified_gmt":"2026-03-11T06:06:44","slug":"zasady-ochrany-osobnych-udajov","status":"publish","type":"page","link":"https:\/\/lojena.wepar.hr\/sk\/zasady-ochrany-osobnych-udajov\/","title":{"rendered":"Z\u00e1sady ochrany osobn\u00fdch \u00fadajov"},"content":{"rendered":"\n<h1 class=\"wp-block-heading\">Z\u00e1sady ochrany osobn\u00fdch \u00fadajov<\/h1>\n\n\n\n<h2 class=\"wp-block-heading\">Ani my nem\u00e1me radi spam!<\/h2>\n\n\n\n<p id=\"p-rc_4d6f92845c2d1f59-19\">Spolo\u010dnos\u0165 Murter rentals d.o.o., Sali XII 6, 23281 Sali (\u010falej len: Villa Lojena) sa zav\u00e4zuje chr\u00e1ni\u0165 s\u00fakromie v\u0161etk\u00fdch na\u0161ich z\u00e1kazn\u00edkov. T\u00fdmto vyhl\u00e1sen\u00edm sa zav\u00e4zujeme chr\u00e1ni\u0165 s\u00fakromie pou\u017e\u00edvate\u013eov, z\u00e1kazn\u00edkov a n\u00e1v\u0161tevn\u00edkov na\u0161ej webovej str\u00e1nky a bezpe\u010dnos\u0165 osobn\u00fdch \u00fadajov, ktor\u00e9 n\u00e1m boli poskytnut\u00e9 prostredn\u00edctvom webovej str\u00e1nky.<\/p>\n\n\n\n<p>Toto ozn\u00e1menie popisuje typ inform\u00e1ci\u00ed, ktor\u00e9 od v\u00e1s m\u00f4\u017eeme zhroma\u017e\u010fova\u0165 pri n\u00e1v\u0161teve na\u0161ej webovej str\u00e1nky, vysvet\u013euje, ako tieto inform\u00e1cie pou\u017e\u00edvame, a kroky, ktor\u00e9 podnik\u00e1me na ich ochranu.<\/p>\n\n\n\n<h3 class=\"wp-block-heading\">Ak\u00e9 inform\u00e1cie o v\u00e1s zhroma\u017e\u010fujeme a ako ich pou\u017e\u00edvame?<\/h3>\n\n\n\n<p>Vo v\u0161eobecnosti m\u00f4\u017eete nav\u0161t\u00edvi\u0165 na\u0161u webov\u00fa str\u00e1nku bez toho, aby ste o sebe prezradili ak\u00e9ko\u013evek osobn\u00e9 \u00fadaje. Nezhroma\u017e\u010fujeme o v\u00e1s osobn\u00e9 \u00fadaje (ako je va\u0161e meno a kontaktn\u00e9 \u00fadaje), ke\u010f nav\u0161t\u00edvite t\u00fato webov\u00fa str\u00e1nku, pokia\u013e \u00fadaje dobrovo\u013ene neodo\u0161lete pomocou jedn\u00e9ho z dostupn\u00fdch formul\u00e1rov na konkr\u00e9tny \u00fa\u010del (kontaktn\u00fd formul\u00e1r alebo rezerva\u010dn\u00fd\/n\u00e1kupn\u00fd formul\u00e1r), a t\u00fdm neudel\u00edte s\u00fahlas so zhroma\u017e\u010fovan\u00edm a pou\u017e\u00edvan\u00edm va\u0161ich osobn\u00fdch \u00fadajov na uveden\u00e9 \u00fa\u010dely.<\/p>\n\n\n\n<p>V\u0161etky osobn\u00e9 \u00fadaje sa pou\u017e\u00edvaj\u00fa v\u00fdhradne na \u00fa\u010dely, na ktor\u00e9 boli zhroma\u017eden\u00e9. N\u00e1kupy a rezerv\u00e1cie m\u00f4\u017eu vykon\u00e1va\u0165 iba osoby star\u0161ie ako 18 rokov. Zhroma\u017eden\u00e9 \u00fadaje \u017eiadnym sp\u00f4sobom nespr\u00edstupn\u00edme neopr\u00e1vnen\u00fdm tret\u00edm stran\u00e1m, s v\u00fdnimkou \u00fa\u010delov stanoven\u00fdch z\u00e1konom (napr\u00edklad povinn\u00e1 registr\u00e1cia v syst\u00e9me <strong>e-Visitor<\/strong> vy\u017eadovan\u00e1 chorv\u00e1tskymi z\u00e1konmi).<\/p>\n\n\n\n<h3 class=\"wp-block-heading\">Zdie\u013eanie inform\u00e1ci\u00ed s opr\u00e1vnen\u00fdmi tret\u00edmi stranami<\/h3>\n\n\n\n<p>Va\u0161e inform\u00e1cie zdie\u013eame s opr\u00e1vnen\u00fdmi tret\u00edmi stranami na nasleduj\u00face \u00fa\u010dely:<\/p>\n\n\n\n<ul class=\"wp-block-list\">\n<li><strong>Google Analytics:<\/strong> Google zhroma\u017e\u010fuje anonymn\u00e9 inform\u00e1cie prostredn\u00edctvom na\u0161ej slu\u017eby Google Analytics na na\u0161ej webovej str\u00e1nke, aby n\u00e1m pomohol zlep\u0161i\u0165 na\u0161e podnikanie prostredn\u00edctvom sp\u00e4tnej v\u00e4zby. Odhl\u00e1si\u0165 sa m\u00f4\u017eete tu: <a href=\"https:\/\/tools.google.com\/dlpage\/gaoptout\" target=\"_blank\" rel=\"noreferrer noopener\">https:\/\/tools.google.com\/dlpage\/gaoptout<\/a>.<\/li>\n\n\n\n<li><strong>Google Maps:<\/strong> Pou\u017e\u00edvame Google Maps na poskytovanie lokaliza\u010dn\u00fdch slu\u017eieb pre na\u0161e apartm\u00e1ny. Google m\u00f4\u017ee zhroma\u017e\u010fova\u0165 IP adresy a d\u00e1ta o s\u00faboroch cookie v s\u00falade so svojimi z\u00e1sadami ochrany osobn\u00fdch \u00fadajov.<\/li>\n\n\n\n<li><strong>\u00da\u010dtovn\u00edctvo:<\/strong> \u00dadaje zdie\u013eame s na\u0161imi \u00fa\u010dtovn\u00edkmi na da\u0148ov\u00e9 \u00fa\u010dely, konkr\u00e9tne fakt\u00fary vystaven\u00e9 za v\u00e1\u0161 pobyt za \u00fa\u010delom vyplnenia da\u0148ov\u00fdch priznan\u00ed a ro\u010dnej \u00fa\u010dtovnej z\u00e1vierky.<\/li>\n\n\n\n<li><strong>Bankov\u00e9 prevody:<\/strong> Vzh\u013eadom na to, \u017ee v\u0161etky platby prebiehaj\u00fa priamym bankov\u00fdm prevodom, va\u0161e transak\u010dn\u00e9 \u00fadaje spracov\u00e1vaj\u00fa pr\u00edslu\u0161n\u00e9 bankov\u00e9 in\u0161tit\u00facie za \u00fa\u010delom plnenia zmluvy.<\/li>\n<\/ul>\n\n\n\n<h3 class=\"wp-block-heading\">Typy sprac\u00favan\u00fdch osobn\u00fdch \u00fadajov<\/h3>\n\n\n\n<ul class=\"wp-block-list\">\n<li><strong>Kontaktn\u00fd formul\u00e1r:<\/strong> Meno a priezvisko, e-mail a ak\u00e9ko\u013evek \u010fal\u0161ie poskytnut\u00e9 inform\u00e1cie (telef\u00f3n, adresa).<\/li>\n\n\n\n<li><strong>Rezerva\u010dn\u00fd\/n\u00e1kupn\u00fd formul\u00e1r:<\/strong> Krajina, meno a priezvisko, e-mail, adresa, mesto, PS\u010c a telef\u00f3nne \u010d\u00edslo.<\/li>\n\n\n\n<li><strong>Automaticky zhroma\u017e\u010fovan\u00e9 inform\u00e1cie:<\/strong> Automaticky zhroma\u017e\u010fujeme inform\u00e1cie v s\u00faboroch protokolu servera, ako je va\u0161a IP adresa, typ prehliada\u010da a opera\u010dn\u00fd syst\u00e9m, aby sme mohli spravova\u0165 na\u0161e technick\u00e9 rie\u0161enia a zlep\u0161ova\u0165 v\u00e1\u0161 pou\u017e\u00edvate\u013esk\u00fd z\u00e1\u017eitok.<\/li>\n<\/ul>\n\n\n\n<h3 class=\"wp-block-heading\">Pr\u00e1va dotknut\u00fdch os\u00f4b<\/h3>\n\n\n\n<p>Poskytujeme v\u00e1m podmienky na to, aby ste sa o sprac\u00favan\u00ed svojich osobn\u00fdch \u00fadajov mohli rozhodova\u0165 sami. M\u00e1te nasleduj\u00face pr\u00e1va:<\/p>\n\n\n\n<ul class=\"wp-block-list\">\n<li><strong>Pr\u00e1vo na pr\u00edstup:<\/strong> Vy\u017eiada\u0165 si potvrdenie, \u010di sprac\u00favame va\u0161e \u00fadaje.<\/li>\n\n\n\n<li><strong>Pr\u00e1vo na opravu:<\/strong> Vy\u017eiada\u0165 si opravu nepresn\u00fdch alebo ne\u00fapln\u00fdch \u00fadajov.<\/li>\n\n\n\n<li><strong>Pr\u00e1vo na vymazanie (\u201epr\u00e1vo na zabudnutie\u201c):<\/strong> Vy\u017eiada\u0165 si vymazanie \u00fadajov, ak je s\u00fahlas odvolan\u00fd alebo s\u00fa \u00fadaje sprac\u00favan\u00e9 nez\u00e1konne, pokia\u013e nie s\u00fa potrebn\u00e9 pre z\u00e1konn\u00e9\/zmluvn\u00e9 povinnosti.<\/li>\n\n\n\n<li><strong>Pr\u00e1vo na obmedzenie sprac\u00favania.<\/strong><\/li>\n\n\n\n<li><strong>Pr\u00e1vo na prenosnos\u0165 \u00fadajov.<\/strong><\/li>\n\n\n\n<li><strong>Pr\u00e1vo namieta\u0165:<\/strong> Najm\u00e4 v s\u00favislosti s \u00fa\u010delmi priameho marketingu.<\/li>\n<\/ul>\n\n\n\n<h3 class=\"wp-block-heading\">Pr\u00e1vo poda\u0165 s\u0165a\u017enos\u0165 dozorn\u00e9mu org\u00e1nu<\/h3>\n\n\n\n<p>Ak sa domnievate, \u017ee sprac\u00favanie va\u0161ich osobn\u00fdch \u00fadajov poru\u0161uje V\u0161eobecn\u00e9 nariadenie o ochrane \u00fadajov (GDPR), m\u00e1te pr\u00e1vo poda\u0165 s\u0165a\u017enos\u0165 na <strong>Agent\u00faru pre ochranu osobn\u00fdch \u00fadajov (AZOP)<\/strong>, Marti\u0107eva ulica 14, 10000 Z\u00e1hreb, Chorv\u00e1tsko (<a target=\"_blank\" rel=\"noreferrer noopener\" href=\"http:\/\/azop.hr\/\">http:\/\/azop.hr\/<\/a>).<\/p>\n\n\n\n<h3 class=\"wp-block-heading\">Pr\u00e1vo odvola\u0165 s\u00fahlas<\/h3>\n\n\n\n<p>Ak je sprac\u00favanie zalo\u017een\u00e9 na va\u0161om s\u00fahlase, m\u00e1te pr\u00e1vo ho kedyko\u013evek odvola\u0165 zaslan\u00edm e-mailu na adresu: <strong>[Vlo\u017ete e-mail z ACF Options]<\/strong>. Pre va\u0161u ochranu je vy\u017eadovan\u00e1 identifik\u00e1cia \u017eiadate\u013ea.<\/p>\n\n\n\n<h3 class=\"wp-block-heading\">Bezpe\u010dnos\u0165 va\u0161ich osobn\u00fdch \u00fadajov<\/h3>\n\n\n\n<p>Zaviazali sme sa prija\u0165 vhodn\u00e9 technick\u00e9 a organiza\u010dn\u00e9 opatrenia na ochranu va\u0161ich osobn\u00fdch \u00fadajov pred neopr\u00e1vnenou manipul\u00e1ciou, n\u00e1hodnou stratou alebo po\u0161koden\u00edm. Va\u0161e inform\u00e1cie s\u00fa bezpe\u010dne odosielan\u00e9 cez internet pomocou vysokokvalitn\u00e9ho \u0161ifrovania a ukladan\u00e9 na zabezpe\u010den\u00fdch serveroch umiestnen\u00fdch v E\u00da.<\/p>\n\n\n\n<h3 class=\"wp-block-heading\">Rie\u0161enie nedorozumen\u00ed<\/h3>\n\n\n\n<p>Na vyrie\u0161enie pr\u00edpadn\u00fdch nedorozumen\u00ed alebo pre dopl\u0148uj\u00face ot\u00e1zky pou\u017eite pros\u00edm e-mail: <strong>[Vlo\u017ete e-mail z ACF Options]<\/strong>.<\/p>\n\n\n\n<p><strong>Kontakt:<\/strong> V pr\u00edpade ak\u00fdchko\u013evek \u010fal\u0161\u00edch ot\u00e1zok n\u00e1s m\u00f4\u017eete kontaktova\u0165 na:<\/p>\n\n\n\n<p><strong>Telef\u00f3n:<\/strong> <\/p>\n\n\n\n<p><strong>E-mail:<\/strong> <\/p>\n\n\n\n<div style=\"height:110px\" aria-hidden=\"true\" class=\"wp-block-spacer\"><\/div>\n","protected":false},"excerpt":{"rendered":"<p>Z\u00e1sady ochrany osobn\u00fdch \u00fadajov Ani my nem\u00e1me radi spam! Spolo\u010dnos\u0165 Murter rentals d.o.o., Sali XII 6, 23281 Sali (\u010falej len: Villa Lojena) sa zav\u00e4zuje chr\u00e1ni\u0165 s\u00fakromie v\u0161etk\u00fdch na\u0161ich z\u00e1kazn\u00edkov. T\u00fdmto vyhl\u00e1sen\u00edm sa zav\u00e4zujeme chr\u00e1ni\u0165 s\u00fakromie pou\u017e\u00edvate\u013eov, z\u00e1kazn\u00edkov a n\u00e1v\u0161tevn\u00edkov na\u0161ej webovej str\u00e1nky a bezpe\u010dnos\u0165 osobn\u00fdch \u00fadajov, ktor\u00e9 n\u00e1m boli poskytnut\u00e9 prostredn\u00edctvom webovej str\u00e1nky. Toto ozn\u00e1menie [&hellip;]<\/p>\n","protected":false},"author":1,"featured_media":0,"parent":0,"menu_order":0,"comment_status":"closed","ping_status":"open","template":"page-content.php","meta":{"_acf_changed":false,"footnotes":""},"class_list":["post-2219","page","type-page","status-publish","hentry"],"acf":[],"yoast_head":"<!-- This site is optimized with the Yoast SEO plugin v27.1.1 - https:\/\/yoast.com\/product\/yoast-seo-wordpress\/ -->\n<title>Z\u00e1sady ochrany osobn\u00fdch \u00fadajov - Villa Lojena<\/title>\n<meta name=\"robots\" content=\"index, follow, max-snippet:-1, max-image-preview:large, max-video-preview:-1\" \/>\n<link rel=\"canonical\" href=\"https:\/\/lojena.wepar.hr\/privacy-policy\/\" \/>\n<meta property=\"og:locale\" content=\"sk_SK\" \/>\n<meta property=\"og:type\" content=\"article\" \/>\n<meta property=\"og:title\" content=\"Z\u00e1sady ochrany osobn\u00fdch \u00fadajov - Villa Lojena\" \/>\n<meta property=\"og:description\" content=\"Z\u00e1sady ochrany osobn\u00fdch \u00fadajov Ani my nem\u00e1me radi spam! Spolo\u010dnos\u0165 Murter rentals d.o.o., Sali XII 6, 23281 Sali (\u010falej len: Villa Lojena) sa zav\u00e4zuje chr\u00e1ni\u0165 s\u00fakromie v\u0161etk\u00fdch na\u0161ich z\u00e1kazn\u00edkov. T\u00fdmto vyhl\u00e1sen\u00edm sa zav\u00e4zujeme chr\u00e1ni\u0165 s\u00fakromie pou\u017e\u00edvate\u013eov, z\u00e1kazn\u00edkov a n\u00e1v\u0161tevn\u00edkov na\u0161ej webovej str\u00e1nky a bezpe\u010dnos\u0165 osobn\u00fdch \u00fadajov, ktor\u00e9 n\u00e1m boli poskytnut\u00e9 prostredn\u00edctvom webovej str\u00e1nky. Toto ozn\u00e1menie [&hellip;]\" \/>\n<meta property=\"og:url\" content=\"https:\/\/lojena.wepar.hr\/privacy-policy\/\" \/>\n<meta property=\"og:site_name\" content=\"Villa Lojena\" \/>\n<meta property=\"article:modified_time\" content=\"2026-03-11T06:06:44+00:00\" \/>\n<meta name=\"twitter:card\" content=\"summary_large_image\" \/>\n<meta name=\"twitter:label1\" content=\"Predpokladan\u00fd \u010das \u010d\u00edtania\" \/>\n\t<meta name=\"twitter:data1\" content=\"3 min\u00faty\" \/>\n<script type=\"application\/ld+json\" class=\"yoast-schema-graph\">{\"@context\":\"https:\/\/schema.org\",\"@graph\":[{\"@type\":\"WebPage\",\"@id\":\"https:\/\/lojena.wepar.hr\/privacy-policy\/\",\"url\":\"https:\/\/lojena.wepar.hr\/privacy-policy\/\",\"name\":\"Z\u00e1sady ochrany osobn\u00fdch \u00fadajov - Villa Lojena\",\"isPartOf\":{\"@id\":\"https:\/\/lojena.wepar.hr\/#website\"},\"datePublished\":\"2026-02-05T07:08:14+00:00\",\"dateModified\":\"2026-03-11T06:06:44+00:00\",\"breadcrumb\":{\"@id\":\"https:\/\/lojena.wepar.hr\/privacy-policy\/#breadcrumb\"},\"inLanguage\":\"sk-SK\",\"potentialAction\":[{\"@type\":\"ReadAction\",\"target\":[\"https:\/\/lojena.wepar.hr\/privacy-policy\/\"]}]},{\"@type\":\"BreadcrumbList\",\"@id\":\"https:\/\/lojena.wepar.hr\/privacy-policy\/#breadcrumb\",\"itemListElement\":[{\"@type\":\"ListItem\",\"position\":1,\"name\":\"Home\",\"item\":\"https:\/\/lojena.wepar.hr\/sk\/\"},{\"@type\":\"ListItem\",\"position\":2,\"name\":\"Z\u00e1sady ochrany osobn\u00fdch \u00fadajov\"}]},{\"@type\":\"WebSite\",\"@id\":\"https:\/\/lojena.wepar.hr\/#website\",\"url\":\"https:\/\/lojena.wepar.hr\/\",\"name\":\"Villa Lojena\",\"description\":\"Luxury Studios\",\"potentialAction\":[{\"@type\":\"SearchAction\",\"target\":{\"@type\":\"EntryPoint\",\"urlTemplate\":\"https:\/\/lojena.wepar.hr\/?s={search_term_string}\"},\"query-input\":{\"@type\":\"PropertyValueSpecification\",\"valueRequired\":true,\"valueName\":\"search_term_string\"}}],\"inLanguage\":\"sk-SK\"}]}<\/script>\n<!-- \/ Yoast SEO plugin. -->","yoast_head_json":{"title":"Z\u00e1sady ochrany osobn\u00fdch \u00fadajov - Villa Lojena","robots":{"index":"index","follow":"follow","max-snippet":"max-snippet:-1","max-image-preview":"max-image-preview:large","max-video-preview":"max-video-preview:-1"},"canonical":"https:\/\/lojena.wepar.hr\/privacy-policy\/","og_locale":"sk_SK","og_type":"article","og_title":"Z\u00e1sady ochrany osobn\u00fdch \u00fadajov - Villa Lojena","og_description":"Z\u00e1sady ochrany osobn\u00fdch \u00fadajov Ani my nem\u00e1me radi spam! Spolo\u010dnos\u0165 Murter rentals d.o.o., Sali XII 6, 23281 Sali (\u010falej len: Villa Lojena) sa zav\u00e4zuje chr\u00e1ni\u0165 s\u00fakromie v\u0161etk\u00fdch na\u0161ich z\u00e1kazn\u00edkov. T\u00fdmto vyhl\u00e1sen\u00edm sa zav\u00e4zujeme chr\u00e1ni\u0165 s\u00fakromie pou\u017e\u00edvate\u013eov, z\u00e1kazn\u00edkov a n\u00e1v\u0161tevn\u00edkov na\u0161ej webovej str\u00e1nky a bezpe\u010dnos\u0165 osobn\u00fdch \u00fadajov, ktor\u00e9 n\u00e1m boli poskytnut\u00e9 prostredn\u00edctvom webovej str\u00e1nky. Toto ozn\u00e1menie [&hellip;]","og_url":"https:\/\/lojena.wepar.hr\/privacy-policy\/","og_site_name":"Villa Lojena","article_modified_time":"2026-03-11T06:06:44+00:00","twitter_card":"summary_large_image","twitter_misc":{"Predpokladan\u00fd \u010das \u010d\u00edtania":"3 min\u00faty"},"schema":{"@context":"https:\/\/schema.org","@graph":[{"@type":"WebPage","@id":"https:\/\/lojena.wepar.hr\/privacy-policy\/","url":"https:\/\/lojena.wepar.hr\/privacy-policy\/","name":"Z\u00e1sady ochrany osobn\u00fdch \u00fadajov - Villa Lojena","isPartOf":{"@id":"https:\/\/lojena.wepar.hr\/#website"},"datePublished":"2026-02-05T07:08:14+00:00","dateModified":"2026-03-11T06:06:44+00:00","breadcrumb":{"@id":"https:\/\/lojena.wepar.hr\/privacy-policy\/#breadcrumb"},"inLanguage":"sk-SK","potentialAction":[{"@type":"ReadAction","target":["https:\/\/lojena.wepar.hr\/privacy-policy\/"]}]},{"@type":"BreadcrumbList","@id":"https:\/\/lojena.wepar.hr\/privacy-policy\/#breadcrumb","itemListElement":[{"@type":"ListItem","position":1,"name":"Home","item":"https:\/\/lojena.wepar.hr\/sk\/"},{"@type":"ListItem","position":2,"name":"Z\u00e1sady ochrany osobn\u00fdch \u00fadajov"}]},{"@type":"WebSite","@id":"https:\/\/lojena.wepar.hr\/#website","url":"https:\/\/lojena.wepar.hr\/","name":"Villa Lojena","description":"Luxury Studios","potentialAction":[{"@type":"SearchAction","target":{"@type":"EntryPoint","urlTemplate":"https:\/\/lojena.wepar.hr\/?s={search_term_string}"},"query-input":{"@type":"PropertyValueSpecification","valueRequired":true,"valueName":"search_term_string"}}],"inLanguage":"sk-SK"}]}},"_links":{"self":[{"href":"https:\/\/lojena.wepar.hr\/sk\/wp-json\/wp\/v2\/pages\/2219","targetHints":{"allow":["GET"]}}],"collection":[{"href":"https:\/\/lojena.wepar.hr\/sk\/wp-json\/wp\/v2\/pages"}],"about":[{"href":"https:\/\/lojena.wepar.hr\/sk\/wp-json\/wp\/v2\/types\/page"}],"author":[{"embeddable":true,"href":"https:\/\/lojena.wepar.hr\/sk\/wp-json\/wp\/v2\/users\/1"}],"replies":[{"embeddable":true,"href":"https:\/\/lojena.wepar.hr\/sk\/wp-json\/wp\/v2\/comments?post=2219"}],"version-history":[{"count":1,"href":"https:\/\/lojena.wepar.hr\/sk\/wp-json\/wp\/v2\/pages\/2219\/revisions"}],"predecessor-version":[{"id":2220,"href":"https:\/\/lojena.wepar.hr\/sk\/wp-json\/wp\/v2\/pages\/2219\/revisions\/2220"}],"wp:attachment":[{"href":"https:\/\/lojena.wepar.hr\/sk\/wp-json\/wp\/v2\/media?parent=2219"}],"curies":[{"name":"wp","href":"https:\/\/api.w.org\/{rel}","templated":true}]}}