{"id":2184,"date":"2026-02-16T18:09:31","date_gmt":"2026-02-16T18:09:31","guid":{"rendered":"https:\/\/lojena.wepar.hr\/?page_id=2184"},"modified":"2026-03-10T20:09:12","modified_gmt":"2026-03-10T20:09:12","slug":"o-nas","status":"publish","type":"page","link":"https:\/\/lojena.wepar.hr\/sk\/o-nas\/","title":{"rendered":"O n\u00e1s"},"content":{"rendered":"\n<h1 class=\"wp-block-heading\">Villa Lojena: Kde sa luxus stret\u00e1va so stredomorsk\u00fdm pokojom<\/h1>\n\n\n\n<p>Vitajte vo Ville Lojena, va\u0161ej luxusnej rezidencii na ostrove Murter, navrhnutej pre t\u00fdch, ktor\u00ed od miesta pobytu o\u010dak\u00e1vaj\u00fa nie\u010do viac. Na\u0161a vila sa nach\u00e1dza v jednej z najpokojnej\u0161\u00edch a najprest\u00ed\u017enej\u0161\u00edch \u010dast\u00ed ostrova a zrodila sa zo sna: vytvori\u0165 dokonal\u00e9 \u00fato\u010disko, kde koexistuje luxus, najvy\u0161\u0161ia kvalita a uvo\u013enen\u00e1 atmosf\u00e9ra.<\/p>\n\n\n\n<h2 class=\"wp-block-heading\">Sen premenen\u00fd na realitu<\/h2>\n\n\n\n<p>Villa Lojena nebola postaven\u00e1 ako typick\u00e1 invest\u00edcia. Postavili sme ju my \u2013 <strong>Diana a Marko<\/strong> \u2013 ako odraz na\u0161ich viac ne\u017e 20-ro\u010dn\u00fdch profesion\u00e1lnych sk\u00fasenost\u00ed v oblasti mana\u017ementu cestovn\u00e9ho ruchu a jazykov\u00e9ho vzdel\u00e1vania. Chceli sme vybudova\u0165 miesto, ktor\u00e9 by sme si sami vybrali: pokojn\u00fa, elegantn\u00fa a autentick\u00fa o\u00e1zu. \u010ci u\u017e h\u013ead\u00e1te priestrann\u00fd apartm\u00e1n alebo pobyt pln\u00fd luxusn\u00fdch z\u00e1\u017eitkov, ka\u017ed\u00fd k\u00fat na\u0161ej vily je navrhnut\u00fd tak, aby v\u00e1m pomohol odpoji\u0165 sa od hluku a znova n\u00e1js\u0165 sami seba.<\/p>\n\n\n\n<h2 class=\"wp-block-heading\">Autentick\u00fd dizajn a bezkonkuren\u010dn\u00e1 kvalita<\/h2>\n\n\n\n<p>Na\u0161e interi\u00e9ry oslavuj\u00fa stredomorsk\u00fa du\u0161u s vyu\u017eit\u00edm pr\u00edrodn\u00e9ho dreva a pr\u00e9miov\u00fdch materi\u00e1lov, ktor\u00e9 vytv\u00e1raj\u00fa atmosf\u00e9ru jemnej elegancie. Ver\u00edme, \u017ee skuto\u010dn\u00fd luxus spo\u010d\u00edva v detailoch:<\/p>\n\n\n\n<ul class=\"wp-block-list\">\n<li><strong>Dokonal\u00fd sp\u00e1nok:<\/strong> Ru\u010dne vybran\u00e9 matrace a poste\u013en\u00e1 bielize\u0148 najvy\u0161\u0161ej kvality.<\/li>\n\n\n\n<li><strong>Pr\u00e9miov\u00e9 vybavenie:<\/strong> \u0160pi\u010dkov\u00e1 kozmetika a pedantn\u00e1 starostlivos\u0165 o \u010distotu.<\/li>\n\n\n\n<li><strong>O\u00e1za:<\/strong> Roz\u013eahl\u00e1 terasa s baz\u00e9nom s rozlohou <strong>80 m\u00b2<\/strong>, vybaven\u00fdm hydromas\u00e1\u017enymi tryskami a vzduchov\u00fdmi gejz\u00edrmi \u2013 ide\u00e1lne na k\u00fapanie pod hviezdami alebo osvie\u017euj\u00facu rann\u00fa mas\u00e1\u017e.<\/li>\n\n\n\n<li><strong>Modern\u00e9 pohodlie:<\/strong> Tienen\u00e9 s\u00fakromn\u00e9 parkovisko, dve nab\u00edja\u010dky pre elektromobily (EV) a v\u00fdrobn\u00edk \u013eadu priamo na mieste, ide\u00e1lny pre va\u0161e koktaily pri baz\u00e9ne.<\/li>\n<\/ul>\n\n\n\n<h2 class=\"wp-block-heading\">Objavujte Murter s \u013eahkos\u0165ou<\/h2>\n\n\n\n<p>Villa Lojena m\u00e1 ide\u00e1lnu polohu medzi nebesk\u00fdm pokojom a lok\u00e1lnymi aktivitami a pon\u00faka bezkonkuren\u010dn\u00fd pr\u00edstup k tomu najlep\u0161iemu, \u010do ostrov pon\u00faka:<\/p>\n\n\n\n<ul class=\"wp-block-list\">\n<li><strong>Pl\u00e1\u017e Slanica:<\/strong> Len 4 min\u00faty pokojnej ch\u00f4dze.<\/li>\n\n\n\n<li><strong>Pl\u00e1\u017e Podvr\u0161ke:<\/strong> Skryt\u00fd klenot dostupn\u00fd za menej ako 10 min\u00fat.<\/li>\n\n\n\n<li><strong>Centrum Murtera:<\/strong> Malebn\u00e1 15-min\u00fatov\u00e1 prech\u00e1dzka k miestnym re\u0161taur\u00e1ci\u00e1m a za kult\u00farou.<\/li>\n<\/ul>\n\n\n\n<p>Aby sme v\u00e1m pomohli presk\u00fama\u0165 pobre\u017eie pod\u013ea va\u0161ich predst\u00e1v, poskytujeme <strong>elektrick\u00e9 kolobe\u017eky a SUP dosky<\/strong>. Objavujte skryt\u00e9 z\u00e1toky alebo sa odvezte do centra bez stresu z dopravy \u010di davov.<\/p>\n\n\n\n<h2 class=\"wp-block-heading\">Va\u0161i hostitelia, v\u00e1\u0161 domov<\/h2>\n\n\n\n<p>Ako profesorka angli\u010dtiny a magister mana\u017ementu cestovn\u00e9ho ruchu si zaklad\u00e1me na profesion\u00e1lnej, no z\u00e1rove\u0148 diskr\u00e9tnej pohostinnosti. N\u00e1\u0161 cie\u013e je jednoduch\u00fd: poskytova\u0165 pozorn\u00e9 slu\u017eby luxusn\u00e9ho hotela pri zachovan\u00ed hrejivej a relaxa\u010dnej atmosf\u00e9ry s\u00fakromn\u00e9ho domova.<\/p>\n\n\n\n<p>Vo Ville Lojena z\u00edska va\u0161a dovolenka svoj skuto\u010dn\u00fd zmysel. \u010cak\u00e1 na v\u00e1s v\u00fdnimo\u010dn\u00e1 lokalita, luxusn\u00fd interi\u00e9r a upokojuj\u00faca atmosf\u00e9ra.<\/p>\n\n\n\n<p><strong>Za\u017eite skuto\u010dn\u00e9 Stredomorie. Za\u017eite Villu Lojena.<\/strong><\/p>\n\n\n\n<div style=\"height:110px\" aria-hidden=\"true\" class=\"wp-block-spacer\"><\/div>\n","protected":false},"excerpt":{"rendered":"<p>Villa Lojena: Kde sa luxus stret\u00e1va so stredomorsk\u00fdm pokojom Vitajte vo Ville Lojena, va\u0161ej luxusnej rezidencii na ostrove Murter, navrhnutej pre t\u00fdch, ktor\u00ed od miesta pobytu o\u010dak\u00e1vaj\u00fa nie\u010do viac. Na\u0161a vila sa nach\u00e1dza v jednej z najpokojnej\u0161\u00edch a najprest\u00ed\u017enej\u0161\u00edch \u010dast\u00ed ostrova a zrodila sa zo sna: vytvori\u0165 dokonal\u00e9 \u00fato\u010disko, kde koexistuje luxus, najvy\u0161\u0161ia kvalita a [&hellip;]<\/p>\n","protected":false},"author":1,"featured_media":683,"parent":0,"menu_order":0,"comment_status":"closed","ping_status":"closed","template":"page-content.php","meta":{"_acf_changed":false,"footnotes":""},"class_list":["post-2184","page","type-page","status-publish","has-post-thumbnail","hentry"],"acf":[],"yoast_head":"<!-- This site is optimized with the Yoast SEO plugin v27.1.1 - https:\/\/yoast.com\/product\/yoast-seo-wordpress\/ -->\n<title>O n\u00e1s - Villa Lojena<\/title>\n<meta name=\"robots\" content=\"index, follow, max-snippet:-1, max-image-preview:large, max-video-preview:-1\" \/>\n<link rel=\"canonical\" href=\"https:\/\/lojena.wepar.hr\/about-us\/\" \/>\n<meta property=\"og:locale\" content=\"sk_SK\" \/>\n<meta property=\"og:type\" content=\"article\" \/>\n<meta property=\"og:title\" content=\"O n\u00e1s - Villa Lojena\" \/>\n<meta property=\"og:description\" content=\"Villa Lojena: Kde sa luxus stret\u00e1va so stredomorsk\u00fdm pokojom Vitajte vo Ville Lojena, va\u0161ej luxusnej rezidencii na ostrove Murter, navrhnutej pre t\u00fdch, ktor\u00ed od miesta pobytu o\u010dak\u00e1vaj\u00fa nie\u010do viac. Na\u0161a vila sa nach\u00e1dza v jednej z najpokojnej\u0161\u00edch a najprest\u00ed\u017enej\u0161\u00edch \u010dast\u00ed ostrova a zrodila sa zo sna: vytvori\u0165 dokonal\u00e9 \u00fato\u010disko, kde koexistuje luxus, najvy\u0161\u0161ia kvalita a [&hellip;]\" \/>\n<meta property=\"og:url\" content=\"https:\/\/lojena.wepar.hr\/about-us\/\" \/>\n<meta property=\"og:site_name\" content=\"Villa Lojena\" \/>\n<meta property=\"article:modified_time\" content=\"2026-03-10T20:09:12+00:00\" \/>\n<meta property=\"og:image\" content=\"https:\/\/lojena.wepar.hr\/wp-content\/uploads\/2026\/02\/Mask-group.jpg\" \/>\n\t<meta property=\"og:image:width\" content=\"1512\" \/>\n\t<meta property=\"og:image:height\" content=\"650\" \/>\n\t<meta property=\"og:image:type\" content=\"image\/jpeg\" \/>\n<meta name=\"twitter:card\" content=\"summary_large_image\" \/>\n<meta name=\"twitter:label1\" content=\"Predpokladan\u00fd \u010das \u010d\u00edtania\" \/>\n\t<meta name=\"twitter:data1\" content=\"2 min\u00faty\" \/>\n<script type=\"application\/ld+json\" class=\"yoast-schema-graph\">{\"@context\":\"https:\/\/schema.org\",\"@graph\":[{\"@type\":\"WebPage\",\"@id\":\"https:\/\/lojena.wepar.hr\/about-us\/\",\"url\":\"https:\/\/lojena.wepar.hr\/about-us\/\",\"name\":\"O n\u00e1s - Villa Lojena\",\"isPartOf\":{\"@id\":\"https:\/\/lojena.wepar.hr\/#website\"},\"primaryImageOfPage\":{\"@id\":\"https:\/\/lojena.wepar.hr\/about-us\/#primaryimage\"},\"image\":{\"@id\":\"https:\/\/lojena.wepar.hr\/about-us\/#primaryimage\"},\"thumbnailUrl\":\"https:\/\/lojena.wepar.hr\/wp-content\/uploads\/2026\/02\/Mask-group.jpg\",\"datePublished\":\"2026-02-16T18:09:31+00:00\",\"dateModified\":\"2026-03-10T20:09:12+00:00\",\"breadcrumb\":{\"@id\":\"https:\/\/lojena.wepar.hr\/about-us\/#breadcrumb\"},\"inLanguage\":\"sk-SK\",\"potentialAction\":[{\"@type\":\"ReadAction\",\"target\":[\"https:\/\/lojena.wepar.hr\/about-us\/\"]}]},{\"@type\":\"ImageObject\",\"inLanguage\":\"sk-SK\",\"@id\":\"https:\/\/lojena.wepar.hr\/about-us\/#primaryimage\",\"url\":\"https:\/\/lojena.wepar.hr\/wp-content\/uploads\/2026\/02\/Mask-group.jpg\",\"contentUrl\":\"https:\/\/lojena.wepar.hr\/wp-content\/uploads\/2026\/02\/Mask-group.jpg\",\"width\":1512,\"height\":650,\"caption\":\"Nightview of the Pool surrounded by palm trees\"},{\"@type\":\"BreadcrumbList\",\"@id\":\"https:\/\/lojena.wepar.hr\/about-us\/#breadcrumb\",\"itemListElement\":[{\"@type\":\"ListItem\",\"position\":1,\"name\":\"Home\",\"item\":\"https:\/\/lojena.wepar.hr\/sk\/\"},{\"@type\":\"ListItem\",\"position\":2,\"name\":\"O n\u00e1s\"}]},{\"@type\":\"WebSite\",\"@id\":\"https:\/\/lojena.wepar.hr\/#website\",\"url\":\"https:\/\/lojena.wepar.hr\/\",\"name\":\"Villa Lojena\",\"description\":\"Luxury Studios\",\"potentialAction\":[{\"@type\":\"SearchAction\",\"target\":{\"@type\":\"EntryPoint\",\"urlTemplate\":\"https:\/\/lojena.wepar.hr\/?s={search_term_string}\"},\"query-input\":{\"@type\":\"PropertyValueSpecification\",\"valueRequired\":true,\"valueName\":\"search_term_string\"}}],\"inLanguage\":\"sk-SK\"}]}<\/script>\n<!-- \/ Yoast SEO plugin. -->","yoast_head_json":{"title":"O n\u00e1s - Villa Lojena","robots":{"index":"index","follow":"follow","max-snippet":"max-snippet:-1","max-image-preview":"max-image-preview:large","max-video-preview":"max-video-preview:-1"},"canonical":"https:\/\/lojena.wepar.hr\/about-us\/","og_locale":"sk_SK","og_type":"article","og_title":"O n\u00e1s - Villa Lojena","og_description":"Villa Lojena: Kde sa luxus stret\u00e1va so stredomorsk\u00fdm pokojom Vitajte vo Ville Lojena, va\u0161ej luxusnej rezidencii na ostrove Murter, navrhnutej pre t\u00fdch, ktor\u00ed od miesta pobytu o\u010dak\u00e1vaj\u00fa nie\u010do viac. Na\u0161a vila sa nach\u00e1dza v jednej z najpokojnej\u0161\u00edch a najprest\u00ed\u017enej\u0161\u00edch \u010dast\u00ed ostrova a zrodila sa zo sna: vytvori\u0165 dokonal\u00e9 \u00fato\u010disko, kde koexistuje luxus, najvy\u0161\u0161ia kvalita a [&hellip;]","og_url":"https:\/\/lojena.wepar.hr\/about-us\/","og_site_name":"Villa Lojena","article_modified_time":"2026-03-10T20:09:12+00:00","og_image":[{"width":1512,"height":650,"url":"https:\/\/lojena.wepar.hr\/wp-content\/uploads\/2026\/02\/Mask-group.jpg","type":"image\/jpeg"}],"twitter_card":"summary_large_image","twitter_misc":{"Predpokladan\u00fd \u010das \u010d\u00edtania":"2 min\u00faty"},"schema":{"@context":"https:\/\/schema.org","@graph":[{"@type":"WebPage","@id":"https:\/\/lojena.wepar.hr\/about-us\/","url":"https:\/\/lojena.wepar.hr\/about-us\/","name":"O n\u00e1s - Villa Lojena","isPartOf":{"@id":"https:\/\/lojena.wepar.hr\/#website"},"primaryImageOfPage":{"@id":"https:\/\/lojena.wepar.hr\/about-us\/#primaryimage"},"image":{"@id":"https:\/\/lojena.wepar.hr\/about-us\/#primaryimage"},"thumbnailUrl":"https:\/\/lojena.wepar.hr\/wp-content\/uploads\/2026\/02\/Mask-group.jpg","datePublished":"2026-02-16T18:09:31+00:00","dateModified":"2026-03-10T20:09:12+00:00","breadcrumb":{"@id":"https:\/\/lojena.wepar.hr\/about-us\/#breadcrumb"},"inLanguage":"sk-SK","potentialAction":[{"@type":"ReadAction","target":["https:\/\/lojena.wepar.hr\/about-us\/"]}]},{"@type":"ImageObject","inLanguage":"sk-SK","@id":"https:\/\/lojena.wepar.hr\/about-us\/#primaryimage","url":"https:\/\/lojena.wepar.hr\/wp-content\/uploads\/2026\/02\/Mask-group.jpg","contentUrl":"https:\/\/lojena.wepar.hr\/wp-content\/uploads\/2026\/02\/Mask-group.jpg","width":1512,"height":650,"caption":"Nightview of the Pool surrounded by palm trees"},{"@type":"BreadcrumbList","@id":"https:\/\/lojena.wepar.hr\/about-us\/#breadcrumb","itemListElement":[{"@type":"ListItem","position":1,"name":"Home","item":"https:\/\/lojena.wepar.hr\/sk\/"},{"@type":"ListItem","position":2,"name":"O n\u00e1s"}]},{"@type":"WebSite","@id":"https:\/\/lojena.wepar.hr\/#website","url":"https:\/\/lojena.wepar.hr\/","name":"Villa Lojena","description":"Luxury Studios","potentialAction":[{"@type":"SearchAction","target":{"@type":"EntryPoint","urlTemplate":"https:\/\/lojena.wepar.hr\/?s={search_term_string}"},"query-input":{"@type":"PropertyValueSpecification","valueRequired":true,"valueName":"search_term_string"}}],"inLanguage":"sk-SK"}]}},"_links":{"self":[{"href":"https:\/\/lojena.wepar.hr\/sk\/wp-json\/wp\/v2\/pages\/2184","targetHints":{"allow":["GET"]}}],"collection":[{"href":"https:\/\/lojena.wepar.hr\/sk\/wp-json\/wp\/v2\/pages"}],"about":[{"href":"https:\/\/lojena.wepar.hr\/sk\/wp-json\/wp\/v2\/types\/page"}],"author":[{"embeddable":true,"href":"https:\/\/lojena.wepar.hr\/sk\/wp-json\/wp\/v2\/users\/1"}],"replies":[{"embeddable":true,"href":"https:\/\/lojena.wepar.hr\/sk\/wp-json\/wp\/v2\/comments?post=2184"}],"version-history":[{"count":1,"href":"https:\/\/lojena.wepar.hr\/sk\/wp-json\/wp\/v2\/pages\/2184\/revisions"}],"predecessor-version":[{"id":2185,"href":"https:\/\/lojena.wepar.hr\/sk\/wp-json\/wp\/v2\/pages\/2184\/revisions\/2185"}],"wp:featuredmedia":[{"embeddable":true,"href":"https:\/\/lojena.wepar.hr\/sk\/wp-json\/wp\/v2\/media\/683"}],"wp:attachment":[{"href":"https:\/\/lojena.wepar.hr\/sk\/wp-json\/wp\/v2\/media?parent=2184"}],"curies":[{"name":"wp","href":"https:\/\/api.w.org\/{rel}","templated":true}]}}