{"id":1833,"date":"2026-02-25T14:46:42","date_gmt":"2026-02-25T14:46:42","guid":{"rendered":"https:\/\/lojena.wepar.hr\/?post_type=product&#038;p=1833"},"modified":"2026-03-19T08:11:56","modified_gmt":"2026-03-19T08:11:56","slug":"studio-premium-z-prywatnym-jacuzzi-id-2","status":"publish","type":"product","link":"https:\/\/lojena.wepar.hr\/pl\/produkt\/studio-premium-z-prywatnym-jacuzzi-id-2\/","title":{"rendered":"Studio Premium z prywatnym jacuzzi ID 2"},"content":{"rendered":"<p>Zanurz si\u0119 w autentycznej \u015br\u00f3dziemnomorskiej atmosferze studia, w kt\u00f3rym styl i praktyczno\u015b\u0107 s\u0105 priorytetem. Ten parterowy azyl oferuje przytulny, zacieniony taras z panoramicznym widokiem na nasze spokojne gaje oliwne \u2013 idylliczne miejsce na relaks po dniu sp\u0119dzonym na pla\u017cy.<\/p>\n<p>Przemy\u015blany projekt wn\u0119trza obejmuje elegancki salon, w pe\u0142ni wyposa\u017con\u0105 kuchni\u0119 do zaspokojenia kulinarnych potrzeb oraz du\u017c\u0105, stylow\u0105 \u0142azienk\u0119. Ka\u017cda noc to luksusowe doznanie dzi\u0119ki 34-centymetrowym hipoalergicznym materacom i komfortowym systemom klimatyzacyjnym Daikin.<\/p>\n<p>Pozosta\u0144 w kontakcie ze \u015bwiatem dzi\u0119ki szybkiemu Wi-Fi 5G i telewizorowi Smart TV, a jednocze\u015bnie ciesz si\u0119 luksusem naszych bezp\u0142atnych us\u0142ug prania i prasowania. To studio to idealne po\u0142\u0105czenie nowoczesnej wygody i ponadczasowego spokoju Morza \u015ar\u00f3dziemnego, oferuj\u0105c wszystko, czego potrzebujesz do prawdziwie relaksuj\u0105cego wypoczynku.<\/p>\n","protected":false},"excerpt":{"rendered":"<p>Zanurz si\u0119 w autentycznej \u015br\u00f3dziemnomorskiej atmosferze studia, w kt\u00f3rym styl i praktyczno\u015b\u0107 s\u0105 priorytetem. Ten parterowy azyl oferuje przytulny, zacieniony taras z panoramicznym widokiem na nasze spokojne gaje oliwne \u2013 idylliczne miejsce na relaks po dniu sp\u0119dzonym na pla\u017cy. Przemy\u015blany projekt wn\u0119trza obejmuje elegancki salon, w pe\u0142ni wyposa\u017con\u0105 kuchni\u0119 do zaspokojenia kulinarnych potrzeb oraz du\u017c\u0105, [&hellip;]<\/p>\n","protected":false},"featured_media":1129,"comment_status":"closed","ping_status":"closed","template":"","meta":{"_acf_changed":false},"product_brand":[],"product_cat":[95],"product_tag":[],"class_list":{"0":"post-1833","1":"product","2":"type-product","3":"status-publish","4":"has-post-thumbnail","6":"product_cat-studio-premium-z-prywatnym-zewnetrznym-jacuzzi","8":"first","9":"instock","10":"sold-individually","11":"shipping-taxable","12":"purchasable","13":"product-type-phive_booking"},"acf":[],"yoast_head":"<!-- This site is optimized with the Yoast SEO plugin v27.1.1 - https:\/\/yoast.com\/product\/yoast-seo-wordpress\/ -->\n<title>Studio Premium z prywatnym jacuzzi ID 2 - Villa Lojena<\/title>\n<meta name=\"robots\" content=\"index, follow, max-snippet:-1, max-image-preview:large, max-video-preview:-1\" \/>\n<link rel=\"canonical\" href=\"https:\/\/lojena.wepar.hr\/pl\/produkt\/studio-premium-z-prywatnym-jacuzzi-id-2\/\" \/>\n<meta property=\"og:locale\" content=\"pl_PL\" \/>\n<meta property=\"og:type\" content=\"article\" \/>\n<meta property=\"og:title\" content=\"Studio Premium z prywatnym jacuzzi ID 2 - Villa Lojena\" \/>\n<meta property=\"og:description\" content=\"Zanurz si\u0119 w autentycznej \u015br\u00f3dziemnomorskiej atmosferze studia, w kt\u00f3rym styl i praktyczno\u015b\u0107 s\u0105 priorytetem. Ten parterowy azyl oferuje przytulny, zacieniony taras z panoramicznym widokiem na nasze spokojne gaje oliwne \u2013 idylliczne miejsce na relaks po dniu sp\u0119dzonym na pla\u017cy. Przemy\u015blany projekt wn\u0119trza obejmuje elegancki salon, w pe\u0142ni wyposa\u017con\u0105 kuchni\u0119 do zaspokojenia kulinarnych potrzeb oraz du\u017c\u0105, [&hellip;]\" \/>\n<meta property=\"og:url\" content=\"https:\/\/lojena.wepar.hr\/pl\/produkt\/studio-premium-z-prywatnym-jacuzzi-id-2\/\" \/>\n<meta property=\"og:site_name\" content=\"Villa Lojena\" \/>\n<meta property=\"article:modified_time\" content=\"2026-03-19T08:11:56+00:00\" \/>\n<meta property=\"og:image\" content=\"https:\/\/lojena.wepar.hr\/wp-content\/uploads\/2026\/02\/ap-1-jacuzzi.jpg\" \/>\n\t<meta property=\"og:image:width\" content=\"2000\" \/>\n\t<meta property=\"og:image:height\" content=\"1500\" \/>\n\t<meta property=\"og:image:type\" content=\"image\/jpeg\" \/>\n<meta name=\"twitter:card\" content=\"summary_large_image\" \/>\n<meta name=\"twitter:label1\" content=\"Szacowany czas czytania\" \/>\n\t<meta name=\"twitter:data1\" content=\"1 minuta\" \/>\n<script type=\"application\/ld+json\" class=\"yoast-schema-graph\">{\"@context\":\"https:\/\/schema.org\",\"@graph\":[{\"@type\":\"WebPage\",\"@id\":\"https:\/\/lojena.wepar.hr\/pl\/produkt\/studio-premium-z-prywatnym-jacuzzi-id-2\/\",\"url\":\"https:\/\/lojena.wepar.hr\/pl\/produkt\/studio-premium-z-prywatnym-jacuzzi-id-2\/\",\"name\":\"Studio Premium z prywatnym jacuzzi ID 2 - Villa Lojena\",\"isPartOf\":{\"@id\":\"https:\/\/lojena.wepar.hr\/#website\"},\"primaryImageOfPage\":{\"@id\":\"https:\/\/lojena.wepar.hr\/pl\/produkt\/studio-premium-z-prywatnym-jacuzzi-id-2\/#primaryimage\"},\"image\":{\"@id\":\"https:\/\/lojena.wepar.hr\/pl\/produkt\/studio-premium-z-prywatnym-jacuzzi-id-2\/#primaryimage\"},\"thumbnailUrl\":\"https:\/\/lojena.wepar.hr\/wp-content\/uploads\/2026\/02\/ap-1-jacuzzi.jpg\",\"datePublished\":\"2026-02-25T14:46:42+00:00\",\"dateModified\":\"2026-03-19T08:11:56+00:00\",\"breadcrumb\":{\"@id\":\"https:\/\/lojena.wepar.hr\/pl\/produkt\/studio-premium-z-prywatnym-jacuzzi-id-2\/#breadcrumb\"},\"inLanguage\":\"pl-PL\",\"potentialAction\":[{\"@type\":\"ReadAction\",\"target\":[\"https:\/\/lojena.wepar.hr\/pl\/produkt\/studio-premium-z-prywatnym-jacuzzi-id-2\/\"]}]},{\"@type\":\"ImageObject\",\"inLanguage\":\"pl-PL\",\"@id\":\"https:\/\/lojena.wepar.hr\/pl\/produkt\/studio-premium-z-prywatnym-jacuzzi-id-2\/#primaryimage\",\"url\":\"https:\/\/lojena.wepar.hr\/wp-content\/uploads\/2026\/02\/ap-1-jacuzzi.jpg\",\"contentUrl\":\"https:\/\/lojena.wepar.hr\/wp-content\/uploads\/2026\/02\/ap-1-jacuzzi.jpg\",\"width\":2000,\"height\":1500,\"caption\":\"View of outside jacuzzi from shadow covered terrace\"},{\"@type\":\"BreadcrumbList\",\"@id\":\"https:\/\/lojena.wepar.hr\/pl\/produkt\/studio-premium-z-prywatnym-jacuzzi-id-2\/#breadcrumb\",\"itemListElement\":[{\"@type\":\"ListItem\",\"position\":1,\"name\":\"Home\",\"item\":\"https:\/\/lojena.wepar.hr\/pl\/\"},{\"@type\":\"ListItem\",\"position\":2,\"name\":\"Studio Premium z prywatnym jacuzzi ID 2\"}]},{\"@type\":\"WebSite\",\"@id\":\"https:\/\/lojena.wepar.hr\/#website\",\"url\":\"https:\/\/lojena.wepar.hr\/\",\"name\":\"Villa Lojena\",\"description\":\"Luxury Studios\",\"potentialAction\":[{\"@type\":\"SearchAction\",\"target\":{\"@type\":\"EntryPoint\",\"urlTemplate\":\"https:\/\/lojena.wepar.hr\/?s={search_term_string}\"},\"query-input\":{\"@type\":\"PropertyValueSpecification\",\"valueRequired\":true,\"valueName\":\"search_term_string\"}}],\"inLanguage\":\"pl-PL\"}]}<\/script>\n<!-- \/ Yoast SEO plugin. -->","yoast_head_json":{"title":"Studio Premium z prywatnym jacuzzi ID 2 - Villa Lojena","robots":{"index":"index","follow":"follow","max-snippet":"max-snippet:-1","max-image-preview":"max-image-preview:large","max-video-preview":"max-video-preview:-1"},"canonical":"https:\/\/lojena.wepar.hr\/pl\/produkt\/studio-premium-z-prywatnym-jacuzzi-id-2\/","og_locale":"pl_PL","og_type":"article","og_title":"Studio Premium z prywatnym jacuzzi ID 2 - Villa Lojena","og_description":"Zanurz si\u0119 w autentycznej \u015br\u00f3dziemnomorskiej atmosferze studia, w kt\u00f3rym styl i praktyczno\u015b\u0107 s\u0105 priorytetem. Ten parterowy azyl oferuje przytulny, zacieniony taras z panoramicznym widokiem na nasze spokojne gaje oliwne \u2013 idylliczne miejsce na relaks po dniu sp\u0119dzonym na pla\u017cy. Przemy\u015blany projekt wn\u0119trza obejmuje elegancki salon, w pe\u0142ni wyposa\u017con\u0105 kuchni\u0119 do zaspokojenia kulinarnych potrzeb oraz du\u017c\u0105, [&hellip;]","og_url":"https:\/\/lojena.wepar.hr\/pl\/produkt\/studio-premium-z-prywatnym-jacuzzi-id-2\/","og_site_name":"Villa Lojena","article_modified_time":"2026-03-19T08:11:56+00:00","og_image":[{"width":2000,"height":1500,"url":"https:\/\/lojena.wepar.hr\/wp-content\/uploads\/2026\/02\/ap-1-jacuzzi.jpg","type":"image\/jpeg"}],"twitter_card":"summary_large_image","twitter_misc":{"Szacowany czas czytania":"1 minuta"},"schema":{"@context":"https:\/\/schema.org","@graph":[{"@type":"WebPage","@id":"https:\/\/lojena.wepar.hr\/pl\/produkt\/studio-premium-z-prywatnym-jacuzzi-id-2\/","url":"https:\/\/lojena.wepar.hr\/pl\/produkt\/studio-premium-z-prywatnym-jacuzzi-id-2\/","name":"Studio Premium z prywatnym jacuzzi ID 2 - Villa Lojena","isPartOf":{"@id":"https:\/\/lojena.wepar.hr\/#website"},"primaryImageOfPage":{"@id":"https:\/\/lojena.wepar.hr\/pl\/produkt\/studio-premium-z-prywatnym-jacuzzi-id-2\/#primaryimage"},"image":{"@id":"https:\/\/lojena.wepar.hr\/pl\/produkt\/studio-premium-z-prywatnym-jacuzzi-id-2\/#primaryimage"},"thumbnailUrl":"https:\/\/lojena.wepar.hr\/wp-content\/uploads\/2026\/02\/ap-1-jacuzzi.jpg","datePublished":"2026-02-25T14:46:42+00:00","dateModified":"2026-03-19T08:11:56+00:00","breadcrumb":{"@id":"https:\/\/lojena.wepar.hr\/pl\/produkt\/studio-premium-z-prywatnym-jacuzzi-id-2\/#breadcrumb"},"inLanguage":"pl-PL","potentialAction":[{"@type":"ReadAction","target":["https:\/\/lojena.wepar.hr\/pl\/produkt\/studio-premium-z-prywatnym-jacuzzi-id-2\/"]}]},{"@type":"ImageObject","inLanguage":"pl-PL","@id":"https:\/\/lojena.wepar.hr\/pl\/produkt\/studio-premium-z-prywatnym-jacuzzi-id-2\/#primaryimage","url":"https:\/\/lojena.wepar.hr\/wp-content\/uploads\/2026\/02\/ap-1-jacuzzi.jpg","contentUrl":"https:\/\/lojena.wepar.hr\/wp-content\/uploads\/2026\/02\/ap-1-jacuzzi.jpg","width":2000,"height":1500,"caption":"View of outside jacuzzi from shadow covered terrace"},{"@type":"BreadcrumbList","@id":"https:\/\/lojena.wepar.hr\/pl\/produkt\/studio-premium-z-prywatnym-jacuzzi-id-2\/#breadcrumb","itemListElement":[{"@type":"ListItem","position":1,"name":"Home","item":"https:\/\/lojena.wepar.hr\/pl\/"},{"@type":"ListItem","position":2,"name":"Studio Premium z prywatnym jacuzzi ID 2"}]},{"@type":"WebSite","@id":"https:\/\/lojena.wepar.hr\/#website","url":"https:\/\/lojena.wepar.hr\/","name":"Villa Lojena","description":"Luxury Studios","potentialAction":[{"@type":"SearchAction","target":{"@type":"EntryPoint","urlTemplate":"https:\/\/lojena.wepar.hr\/?s={search_term_string}"},"query-input":{"@type":"PropertyValueSpecification","valueRequired":true,"valueName":"search_term_string"}}],"inLanguage":"pl-PL"}]}},"_links":{"self":[{"href":"https:\/\/lojena.wepar.hr\/pl\/wp-json\/wp\/v2\/product\/1833","targetHints":{"allow":["GET"]}}],"collection":[{"href":"https:\/\/lojena.wepar.hr\/pl\/wp-json\/wp\/v2\/product"}],"about":[{"href":"https:\/\/lojena.wepar.hr\/pl\/wp-json\/wp\/v2\/types\/product"}],"replies":[{"embeddable":true,"href":"https:\/\/lojena.wepar.hr\/pl\/wp-json\/wp\/v2\/comments?post=1833"}],"wp:featuredmedia":[{"embeddable":true,"href":"https:\/\/lojena.wepar.hr\/pl\/wp-json\/wp\/v2\/media\/1129"}],"wp:attachment":[{"href":"https:\/\/lojena.wepar.hr\/pl\/wp-json\/wp\/v2\/media?parent=1833"}],"wp:term":[{"taxonomy":"product_brand","embeddable":true,"href":"https:\/\/lojena.wepar.hr\/pl\/wp-json\/wp\/v2\/product_brand?post=1833"},{"taxonomy":"product_cat","embeddable":true,"href":"https:\/\/lojena.wepar.hr\/pl\/wp-json\/wp\/v2\/product_cat?post=1833"},{"taxonomy":"product_tag","embeddable":true,"href":"https:\/\/lojena.wepar.hr\/pl\/wp-json\/wp\/v2\/product_tag?post=1833"}],"curies":[{"name":"wp","href":"https:\/\/api.w.org\/{rel}","templated":true}]}}