{"id":1696,"date":"2026-02-25T13:44:32","date_gmt":"2026-02-25T13:44:32","guid":{"rendered":"https:\/\/lojena.wepar.hr\/?post_type=product&#038;p=1696"},"modified":"2026-03-10T18:25:35","modified_gmt":"2026-03-10T18:25:35","slug":"studio-premium-z-prywatnym-zewnetrznym-jacuzzi-id-1","status":"publish","type":"product","link":"https:\/\/lojena.wepar.hr\/pl\/produkt\/studio-premium-z-prywatnym-zewnetrznym-jacuzzi-id-1\/","title":{"rendered":"Studio Premium z prywatnym zewn\u0119trznym jacuzzi ID 1"},"content":{"rendered":"<p>Odkryj spokojn\u0105 oaz\u0119 spokoju zaprojektowan\u0105 dla par poszukuj\u0105cych spokoju i prostoty otulonych nowoczesnym luksusem. Ten przestronny i funkcjonalny apartament typu studio wychodzi na zacieniony taras z widokiem na okoliczne gaje oliwne \u2013 idylliczne miejsce na leniwe \u015bniadanie lub spokojny wiecz\u00f3r pod gwiazdami.<\/p>\n<p>Wn\u0119trze zosta\u0142o starannie zaprojektowane z eleganckimi, nowoczesnymi meblami, w pe\u0142ni wyposa\u017con\u0105 kuchni\u0105, du\u017c\u0105, nowoczesn\u0105 \u0142azienk\u0105 i wysokiej jako\u015bci 34-centymetrowymi materacami antyalergicznymi, kt\u00f3re zapewni\u0105 spokojny sen.<\/p>\n<p>Klimatyzacja Daikin, telewizor Smart TV i szybki internet 5G zapewni\u0105 Ci komfort i \u0142\u0105czno\u015b\u0107 ze \u015bwiatem, a bezp\u0142atne us\u0142ugi prania i prasowania dodadz\u0105 Ci odrobin\u0119 wygody.<\/p>\n<p>Zanurzone w autentycznej \u015br\u00f3dziemnomorskiej atmosferze drzew oliwnych i absolutnej ciszy, to studio oferuje idealne po\u0142\u0105czenie praktyczno\u015bci, komfortu i ca\u0142kowitego relaksu.<\/p>\n","protected":false},"excerpt":{"rendered":"<p>Odkryj spokojn\u0105 oaz\u0119 spokoju zaprojektowan\u0105 dla par poszukuj\u0105cych spokoju i prostoty otulonych nowoczesnym luksusem. Ten przestronny i funkcjonalny apartament typu studio wychodzi na zacieniony taras z widokiem na okoliczne gaje oliwne \u2013 idylliczne miejsce na leniwe \u015bniadanie lub spokojny wiecz\u00f3r pod gwiazdami. Wn\u0119trze zosta\u0142o starannie zaprojektowane z eleganckimi, nowoczesnymi meblami, w pe\u0142ni wyposa\u017con\u0105 kuchni\u0105, du\u017c\u0105, [&hellip;]<\/p>\n","protected":false},"featured_media":1736,"comment_status":"closed","ping_status":"closed","template":"","meta":{"_acf_changed":false},"product_brand":[],"product_cat":[95],"product_tag":[],"class_list":{"0":"post-1696","1":"product","2":"type-product","3":"status-publish","4":"has-post-thumbnail","6":"product_cat-studio-premium-z-prywatnym-zewnetrznym-jacuzzi","8":"first","9":"instock","10":"sold-individually","11":"shipping-taxable","12":"purchasable","13":"product-type-phive_booking"},"acf":[],"yoast_head":"<!-- This site is optimized with the Yoast SEO plugin v27.1.1 - https:\/\/yoast.com\/product\/yoast-seo-wordpress\/ -->\n<title>Studio Premium z prywatnym zewn\u0119trznym jacuzzi ID 1 - Villa Lojena<\/title>\n<meta name=\"robots\" content=\"index, follow, max-snippet:-1, max-image-preview:large, max-video-preview:-1\" \/>\n<link rel=\"canonical\" href=\"https:\/\/lojena.wepar.hr\/product\/premium-studio-with-private-outdoor-jacuzzi\/\" \/>\n<meta property=\"og:locale\" content=\"pl_PL\" \/>\n<meta property=\"og:type\" content=\"article\" \/>\n<meta property=\"og:title\" content=\"Studio Premium z prywatnym zewn\u0119trznym jacuzzi ID 1 - Villa Lojena\" \/>\n<meta property=\"og:description\" content=\"Odkryj spokojn\u0105 oaz\u0119 spokoju zaprojektowan\u0105 dla par poszukuj\u0105cych spokoju i prostoty otulonych nowoczesnym luksusem. Ten przestronny i funkcjonalny apartament typu studio wychodzi na zacieniony taras z widokiem na okoliczne gaje oliwne \u2013 idylliczne miejsce na leniwe \u015bniadanie lub spokojny wiecz\u00f3r pod gwiazdami. Wn\u0119trze zosta\u0142o starannie zaprojektowane z eleganckimi, nowoczesnymi meblami, w pe\u0142ni wyposa\u017con\u0105 kuchni\u0105, du\u017c\u0105, [&hellip;]\" \/>\n<meta property=\"og:url\" content=\"https:\/\/lojena.wepar.hr\/product\/premium-studio-with-private-outdoor-jacuzzi\/\" \/>\n<meta property=\"og:site_name\" content=\"Villa Lojena\" \/>\n<meta property=\"article:modified_time\" content=\"2026-03-10T18:25:35+00:00\" \/>\n<meta property=\"og:image\" content=\"https:\/\/lojena.wepar.hr\/wp-content\/uploads\/2026\/02\/ap-1-i-2.jpg\" \/>\n\t<meta property=\"og:image:width\" content=\"1980\" \/>\n\t<meta property=\"og:image:height\" content=\"1350\" \/>\n\t<meta property=\"og:image:type\" content=\"image\/jpeg\" \/>\n<meta name=\"twitter:card\" content=\"summary_large_image\" \/>\n<meta name=\"twitter:label1\" content=\"Szacowany czas czytania\" \/>\n\t<meta name=\"twitter:data1\" content=\"1 minuta\" \/>\n<script type=\"application\/ld+json\" class=\"yoast-schema-graph\">{\"@context\":\"https:\/\/schema.org\",\"@graph\":[{\"@type\":\"WebPage\",\"@id\":\"https:\/\/lojena.wepar.hr\/product\/premium-studio-with-private-outdoor-jacuzzi\/\",\"url\":\"https:\/\/lojena.wepar.hr\/product\/premium-studio-with-private-outdoor-jacuzzi\/\",\"name\":\"Studio Premium z prywatnym zewn\u0119trznym jacuzzi ID 1 - Villa Lojena\",\"isPartOf\":{\"@id\":\"https:\/\/lojena.wepar.hr\/#website\"},\"primaryImageOfPage\":{\"@id\":\"https:\/\/lojena.wepar.hr\/product\/premium-studio-with-private-outdoor-jacuzzi\/#primaryimage\"},\"image\":{\"@id\":\"https:\/\/lojena.wepar.hr\/product\/premium-studio-with-private-outdoor-jacuzzi\/#primaryimage\"},\"thumbnailUrl\":\"https:\/\/lojena.wepar.hr\/wp-content\/uploads\/2026\/02\/ap-1-i-2.jpg\",\"datePublished\":\"2026-02-25T13:44:32+00:00\",\"dateModified\":\"2026-03-10T18:25:35+00:00\",\"breadcrumb\":{\"@id\":\"https:\/\/lojena.wepar.hr\/product\/premium-studio-with-private-outdoor-jacuzzi\/#breadcrumb\"},\"inLanguage\":\"pl-PL\",\"potentialAction\":[{\"@type\":\"ReadAction\",\"target\":[\"https:\/\/lojena.wepar.hr\/product\/premium-studio-with-private-outdoor-jacuzzi\/\"]}]},{\"@type\":\"ImageObject\",\"inLanguage\":\"pl-PL\",\"@id\":\"https:\/\/lojena.wepar.hr\/product\/premium-studio-with-private-outdoor-jacuzzi\/#primaryimage\",\"url\":\"https:\/\/lojena.wepar.hr\/wp-content\/uploads\/2026\/02\/ap-1-i-2.jpg\",\"contentUrl\":\"https:\/\/lojena.wepar.hr\/wp-content\/uploads\/2026\/02\/ap-1-i-2.jpg\",\"width\":1980,\"height\":1350,\"caption\":\"View of outside jacuzzi in sunset from lighted terrace\"},{\"@type\":\"BreadcrumbList\",\"@id\":\"https:\/\/lojena.wepar.hr\/product\/premium-studio-with-private-outdoor-jacuzzi\/#breadcrumb\",\"itemListElement\":[{\"@type\":\"ListItem\",\"position\":1,\"name\":\"Home\",\"item\":\"https:\/\/lojena.wepar.hr\/pl\/\"},{\"@type\":\"ListItem\",\"position\":2,\"name\":\"Studio Premium z prywatnym zewn\u0119trznym jacuzzi ID 1\"}]},{\"@type\":\"WebSite\",\"@id\":\"https:\/\/lojena.wepar.hr\/#website\",\"url\":\"https:\/\/lojena.wepar.hr\/\",\"name\":\"Villa Lojena\",\"description\":\"Luxury Studios\",\"potentialAction\":[{\"@type\":\"SearchAction\",\"target\":{\"@type\":\"EntryPoint\",\"urlTemplate\":\"https:\/\/lojena.wepar.hr\/?s={search_term_string}\"},\"query-input\":{\"@type\":\"PropertyValueSpecification\",\"valueRequired\":true,\"valueName\":\"search_term_string\"}}],\"inLanguage\":\"pl-PL\"}]}<\/script>\n<!-- \/ Yoast SEO plugin. -->","yoast_head_json":{"title":"Studio Premium z prywatnym zewn\u0119trznym jacuzzi ID 1 - Villa Lojena","robots":{"index":"index","follow":"follow","max-snippet":"max-snippet:-1","max-image-preview":"max-image-preview:large","max-video-preview":"max-video-preview:-1"},"canonical":"https:\/\/lojena.wepar.hr\/product\/premium-studio-with-private-outdoor-jacuzzi\/","og_locale":"pl_PL","og_type":"article","og_title":"Studio Premium z prywatnym zewn\u0119trznym jacuzzi ID 1 - Villa Lojena","og_description":"Odkryj spokojn\u0105 oaz\u0119 spokoju zaprojektowan\u0105 dla par poszukuj\u0105cych spokoju i prostoty otulonych nowoczesnym luksusem. Ten przestronny i funkcjonalny apartament typu studio wychodzi na zacieniony taras z widokiem na okoliczne gaje oliwne \u2013 idylliczne miejsce na leniwe \u015bniadanie lub spokojny wiecz\u00f3r pod gwiazdami. Wn\u0119trze zosta\u0142o starannie zaprojektowane z eleganckimi, nowoczesnymi meblami, w pe\u0142ni wyposa\u017con\u0105 kuchni\u0105, du\u017c\u0105, [&hellip;]","og_url":"https:\/\/lojena.wepar.hr\/product\/premium-studio-with-private-outdoor-jacuzzi\/","og_site_name":"Villa Lojena","article_modified_time":"2026-03-10T18:25:35+00:00","og_image":[{"width":1980,"height":1350,"url":"https:\/\/lojena.wepar.hr\/wp-content\/uploads\/2026\/02\/ap-1-i-2.jpg","type":"image\/jpeg"}],"twitter_card":"summary_large_image","twitter_misc":{"Szacowany czas czytania":"1 minuta"},"schema":{"@context":"https:\/\/schema.org","@graph":[{"@type":"WebPage","@id":"https:\/\/lojena.wepar.hr\/product\/premium-studio-with-private-outdoor-jacuzzi\/","url":"https:\/\/lojena.wepar.hr\/product\/premium-studio-with-private-outdoor-jacuzzi\/","name":"Studio Premium z prywatnym zewn\u0119trznym jacuzzi ID 1 - Villa Lojena","isPartOf":{"@id":"https:\/\/lojena.wepar.hr\/#website"},"primaryImageOfPage":{"@id":"https:\/\/lojena.wepar.hr\/product\/premium-studio-with-private-outdoor-jacuzzi\/#primaryimage"},"image":{"@id":"https:\/\/lojena.wepar.hr\/product\/premium-studio-with-private-outdoor-jacuzzi\/#primaryimage"},"thumbnailUrl":"https:\/\/lojena.wepar.hr\/wp-content\/uploads\/2026\/02\/ap-1-i-2.jpg","datePublished":"2026-02-25T13:44:32+00:00","dateModified":"2026-03-10T18:25:35+00:00","breadcrumb":{"@id":"https:\/\/lojena.wepar.hr\/product\/premium-studio-with-private-outdoor-jacuzzi\/#breadcrumb"},"inLanguage":"pl-PL","potentialAction":[{"@type":"ReadAction","target":["https:\/\/lojena.wepar.hr\/product\/premium-studio-with-private-outdoor-jacuzzi\/"]}]},{"@type":"ImageObject","inLanguage":"pl-PL","@id":"https:\/\/lojena.wepar.hr\/product\/premium-studio-with-private-outdoor-jacuzzi\/#primaryimage","url":"https:\/\/lojena.wepar.hr\/wp-content\/uploads\/2026\/02\/ap-1-i-2.jpg","contentUrl":"https:\/\/lojena.wepar.hr\/wp-content\/uploads\/2026\/02\/ap-1-i-2.jpg","width":1980,"height":1350,"caption":"View of outside jacuzzi in sunset from lighted terrace"},{"@type":"BreadcrumbList","@id":"https:\/\/lojena.wepar.hr\/product\/premium-studio-with-private-outdoor-jacuzzi\/#breadcrumb","itemListElement":[{"@type":"ListItem","position":1,"name":"Home","item":"https:\/\/lojena.wepar.hr\/pl\/"},{"@type":"ListItem","position":2,"name":"Studio Premium z prywatnym zewn\u0119trznym jacuzzi ID 1"}]},{"@type":"WebSite","@id":"https:\/\/lojena.wepar.hr\/#website","url":"https:\/\/lojena.wepar.hr\/","name":"Villa Lojena","description":"Luxury Studios","potentialAction":[{"@type":"SearchAction","target":{"@type":"EntryPoint","urlTemplate":"https:\/\/lojena.wepar.hr\/?s={search_term_string}"},"query-input":{"@type":"PropertyValueSpecification","valueRequired":true,"valueName":"search_term_string"}}],"inLanguage":"pl-PL"}]}},"_links":{"self":[{"href":"https:\/\/lojena.wepar.hr\/pl\/wp-json\/wp\/v2\/product\/1696","targetHints":{"allow":["GET"]}}],"collection":[{"href":"https:\/\/lojena.wepar.hr\/pl\/wp-json\/wp\/v2\/product"}],"about":[{"href":"https:\/\/lojena.wepar.hr\/pl\/wp-json\/wp\/v2\/types\/product"}],"replies":[{"embeddable":true,"href":"https:\/\/lojena.wepar.hr\/pl\/wp-json\/wp\/v2\/comments?post=1696"}],"wp:featuredmedia":[{"embeddable":true,"href":"https:\/\/lojena.wepar.hr\/pl\/wp-json\/wp\/v2\/media\/1736"}],"wp:attachment":[{"href":"https:\/\/lojena.wepar.hr\/pl\/wp-json\/wp\/v2\/media?parent=1696"}],"wp:term":[{"taxonomy":"product_brand","embeddable":true,"href":"https:\/\/lojena.wepar.hr\/pl\/wp-json\/wp\/v2\/product_brand?post=1696"},{"taxonomy":"product_cat","embeddable":true,"href":"https:\/\/lojena.wepar.hr\/pl\/wp-json\/wp\/v2\/product_cat?post=1696"},{"taxonomy":"product_tag","embeddable":true,"href":"https:\/\/lojena.wepar.hr\/pl\/wp-json\/wp\/v2\/product_tag?post=1696"}],"curies":[{"name":"wp","href":"https:\/\/api.w.org\/{rel}","templated":true}]}}