{"id":1218,"date":"2026-02-25T12:27:41","date_gmt":"2026-02-25T12:27:41","guid":{"rendered":"https:\/\/lojena.wepar.hr\/?post_type=product&#038;p=1218"},"modified":"2026-03-10T18:05:41","modified_gmt":"2026-03-10T18:05:41","slug":"studio-premium-z-widokiem-na-morze-id-1","status":"publish","type":"product","link":"https:\/\/lojena.wepar.hr\/pl\/produkt\/studio-premium-z-widokiem-na-morze-id-1\/","title":{"rendered":"Studio Premium z widokiem na morze ID 1"},"content":{"rendered":"<p>Zanurz si\u0119 w sw\u00f3j prywatny azyl na parterze willi Lojena. To elegancko zaprojektowane studio oferuje przestronny, zacieniony taras o powierzchni 40 m\u00b2 z widokiem na wiekowe gaje oliwne \u2013 idealne miejsce na porann\u0105 kaw\u0119, opalanie si\u0119 lub po prostu relaks w ciszy i spokoju.<\/p>\n<p>Najwa\u017cniejszy punkt? Prywatne jacuzzi o wymiarach 2&#215;2 m na tarasie, oferuj\u0105ce luksusowy relaks w ca\u0142kowitej prywatno\u015bci.<\/p>\n<p>Wn\u0119trze jest nowoczesne i stylowo urz\u0105dzone, z w pe\u0142ni wyposa\u017con\u0105 kuchni\u0105, du\u017c\u0105, nowoczesn\u0105 \u0142azienk\u0105, wysokiej jako\u015bci 34-centymetrowymi materacami antyalergicznymi zapewniaj\u0105cymi g\u0142\u0119boki sen oraz klimatyzacj\u0105 Daikin zapewniaj\u0105c\u0105 komfort przez ca\u0142y rok.<\/p>\n<p>Pozosta\u0144 w kontakcie dzi\u0119ki telewizorowi Smart TV i szybkiemu internetowi 5G, a tak\u017ce skorzystaj z bezp\u0142atnych us\u0142ug prania i prasowania, aby zapewni\u0107 sobie prawdziwie beztroski pobyt. Otoczone gajami oliwnymi i \u015br\u00f3dziemnomorsk\u0105 cisz\u0105, to studio to idealne miejsce na romantyczn\u0105 ucieczk\u0119.<\/p>\n<p>Do dyspozycji wszystkich go\u015bci jest wsp\u00f3lna kostkarka do lodu, poniewa\u017c ka\u017cdy nap\u00f3j zas\u0142uguje na idealne sch\u0142odzenie. W cen\u0119 wliczona jest us\u0142uga prania i prasowania, dzi\u0119ki czemu mo\u017cesz spakowa\u0107 si\u0119 lekko i cieszy\u0107 si\u0119 bezstresowym pobytem.<\/p>\n","protected":false},"excerpt":{"rendered":"<p>Zanurz si\u0119 w sw\u00f3j prywatny azyl na parterze willi Lojena. To elegancko zaprojektowane studio oferuje przestronny, zacieniony taras o powierzchni 40 m\u00b2 z widokiem na wiekowe gaje oliwne \u2013 idealne miejsce na porann\u0105 kaw\u0119, opalanie si\u0119 lub po prostu relaks w ciszy i spokoju. Najwa\u017cniejszy punkt? Prywatne jacuzzi o wymiarach 2&#215;2 m na tarasie, oferuj\u0105ce [&hellip;]<\/p>\n","protected":false},"featured_media":1258,"comment_status":"closed","ping_status":"closed","template":"","meta":{"_acf_changed":false},"product_brand":[],"product_cat":[103],"product_tag":[],"class_list":{"0":"post-1218","1":"product","2":"type-product","3":"status-publish","4":"has-post-thumbnail","6":"product_cat-studio-premium-z-widokiem-na-morze","8":"first","9":"instock","10":"sold-individually","11":"shipping-taxable","12":"purchasable","13":"product-type-phive_booking"},"acf":[],"yoast_head":"<!-- This site is optimized with the Yoast SEO plugin v27.1.1 - https:\/\/yoast.com\/product\/yoast-seo-wordpress\/ -->\n<title>Studio Premium z widokiem na morze ID 1 - Villa Lojena<\/title>\n<meta name=\"robots\" content=\"index, follow, max-snippet:-1, max-image-preview:large, max-video-preview:-1\" \/>\n<link rel=\"canonical\" href=\"https:\/\/lojena.wepar.hr\/product\/premium-studio-with-sea-view-id-1\/\" \/>\n<meta property=\"og:locale\" content=\"pl_PL\" \/>\n<meta property=\"og:type\" content=\"article\" \/>\n<meta property=\"og:title\" content=\"Studio Premium z widokiem na morze ID 1 - Villa Lojena\" \/>\n<meta property=\"og:description\" content=\"Zanurz si\u0119 w sw\u00f3j prywatny azyl na parterze willi Lojena. To elegancko zaprojektowane studio oferuje przestronny, zacieniony taras o powierzchni 40 m\u00b2 z widokiem na wiekowe gaje oliwne \u2013 idealne miejsce na porann\u0105 kaw\u0119, opalanie si\u0119 lub po prostu relaks w ciszy i spokoju. Najwa\u017cniejszy punkt? Prywatne jacuzzi o wymiarach 2&#215;2 m na tarasie, oferuj\u0105ce [&hellip;]\" \/>\n<meta property=\"og:url\" content=\"https:\/\/lojena.wepar.hr\/product\/premium-studio-with-sea-view-id-1\/\" \/>\n<meta property=\"og:site_name\" content=\"Villa Lojena\" \/>\n<meta property=\"article:modified_time\" content=\"2026-03-10T18:05:41+00:00\" \/>\n<meta property=\"og:image\" content=\"https:\/\/lojena.wepar.hr\/wp-content\/uploads\/2026\/02\/5-i-6-app.jpeg\" \/>\n\t<meta property=\"og:image:width\" content=\"1980\" \/>\n\t<meta property=\"og:image:height\" content=\"1485\" \/>\n\t<meta property=\"og:image:type\" content=\"image\/jpeg\" \/>\n<meta name=\"twitter:card\" content=\"summary_large_image\" \/>\n<meta name=\"twitter:label1\" content=\"Szacowany czas czytania\" \/>\n\t<meta name=\"twitter:data1\" content=\"1 minuta\" \/>\n<script type=\"application\/ld+json\" class=\"yoast-schema-graph\">{\"@context\":\"https:\/\/schema.org\",\"@graph\":[{\"@type\":\"WebPage\",\"@id\":\"https:\/\/lojena.wepar.hr\/product\/premium-studio-with-sea-view-id-1\/\",\"url\":\"https:\/\/lojena.wepar.hr\/product\/premium-studio-with-sea-view-id-1\/\",\"name\":\"Studio Premium z widokiem na morze ID 1 - Villa Lojena\",\"isPartOf\":{\"@id\":\"https:\/\/lojena.wepar.hr\/#website\"},\"primaryImageOfPage\":{\"@id\":\"https:\/\/lojena.wepar.hr\/product\/premium-studio-with-sea-view-id-1\/#primaryimage\"},\"image\":{\"@id\":\"https:\/\/lojena.wepar.hr\/product\/premium-studio-with-sea-view-id-1\/#primaryimage\"},\"thumbnailUrl\":\"https:\/\/lojena.wepar.hr\/wp-content\/uploads\/2026\/02\/5-i-6-app.jpeg\",\"datePublished\":\"2026-02-25T12:27:41+00:00\",\"dateModified\":\"2026-03-10T18:05:41+00:00\",\"breadcrumb\":{\"@id\":\"https:\/\/lojena.wepar.hr\/product\/premium-studio-with-sea-view-id-1\/#breadcrumb\"},\"inLanguage\":\"pl-PL\",\"potentialAction\":[{\"@type\":\"ReadAction\",\"target\":[\"https:\/\/lojena.wepar.hr\/product\/premium-studio-with-sea-view-id-1\/\"]}]},{\"@type\":\"ImageObject\",\"inLanguage\":\"pl-PL\",\"@id\":\"https:\/\/lojena.wepar.hr\/product\/premium-studio-with-sea-view-id-1\/#primaryimage\",\"url\":\"https:\/\/lojena.wepar.hr\/wp-content\/uploads\/2026\/02\/5-i-6-app.jpeg\",\"contentUrl\":\"https:\/\/lojena.wepar.hr\/wp-content\/uploads\/2026\/02\/5-i-6-app.jpeg\",\"width\":1980,\"height\":1485,\"caption\":\"View of the pool from the apartment terrace\"},{\"@type\":\"BreadcrumbList\",\"@id\":\"https:\/\/lojena.wepar.hr\/product\/premium-studio-with-sea-view-id-1\/#breadcrumb\",\"itemListElement\":[{\"@type\":\"ListItem\",\"position\":1,\"name\":\"Home\",\"item\":\"https:\/\/lojena.wepar.hr\/pl\/\"},{\"@type\":\"ListItem\",\"position\":2,\"name\":\"Studio Premium z widokiem na morze ID 1\"}]},{\"@type\":\"WebSite\",\"@id\":\"https:\/\/lojena.wepar.hr\/#website\",\"url\":\"https:\/\/lojena.wepar.hr\/\",\"name\":\"Villa Lojena\",\"description\":\"Luxury Studios\",\"potentialAction\":[{\"@type\":\"SearchAction\",\"target\":{\"@type\":\"EntryPoint\",\"urlTemplate\":\"https:\/\/lojena.wepar.hr\/?s={search_term_string}\"},\"query-input\":{\"@type\":\"PropertyValueSpecification\",\"valueRequired\":true,\"valueName\":\"search_term_string\"}}],\"inLanguage\":\"pl-PL\"}]}<\/script>\n<!-- \/ Yoast SEO plugin. -->","yoast_head_json":{"title":"Studio Premium z widokiem na morze ID 1 - Villa Lojena","robots":{"index":"index","follow":"follow","max-snippet":"max-snippet:-1","max-image-preview":"max-image-preview:large","max-video-preview":"max-video-preview:-1"},"canonical":"https:\/\/lojena.wepar.hr\/product\/premium-studio-with-sea-view-id-1\/","og_locale":"pl_PL","og_type":"article","og_title":"Studio Premium z widokiem na morze ID 1 - Villa Lojena","og_description":"Zanurz si\u0119 w sw\u00f3j prywatny azyl na parterze willi Lojena. To elegancko zaprojektowane studio oferuje przestronny, zacieniony taras o powierzchni 40 m\u00b2 z widokiem na wiekowe gaje oliwne \u2013 idealne miejsce na porann\u0105 kaw\u0119, opalanie si\u0119 lub po prostu relaks w ciszy i spokoju. Najwa\u017cniejszy punkt? Prywatne jacuzzi o wymiarach 2&#215;2 m na tarasie, oferuj\u0105ce [&hellip;]","og_url":"https:\/\/lojena.wepar.hr\/product\/premium-studio-with-sea-view-id-1\/","og_site_name":"Villa Lojena","article_modified_time":"2026-03-10T18:05:41+00:00","og_image":[{"width":1980,"height":1485,"url":"https:\/\/lojena.wepar.hr\/wp-content\/uploads\/2026\/02\/5-i-6-app.jpeg","type":"image\/jpeg"}],"twitter_card":"summary_large_image","twitter_misc":{"Szacowany czas czytania":"1 minuta"},"schema":{"@context":"https:\/\/schema.org","@graph":[{"@type":"WebPage","@id":"https:\/\/lojena.wepar.hr\/product\/premium-studio-with-sea-view-id-1\/","url":"https:\/\/lojena.wepar.hr\/product\/premium-studio-with-sea-view-id-1\/","name":"Studio Premium z widokiem na morze ID 1 - Villa Lojena","isPartOf":{"@id":"https:\/\/lojena.wepar.hr\/#website"},"primaryImageOfPage":{"@id":"https:\/\/lojena.wepar.hr\/product\/premium-studio-with-sea-view-id-1\/#primaryimage"},"image":{"@id":"https:\/\/lojena.wepar.hr\/product\/premium-studio-with-sea-view-id-1\/#primaryimage"},"thumbnailUrl":"https:\/\/lojena.wepar.hr\/wp-content\/uploads\/2026\/02\/5-i-6-app.jpeg","datePublished":"2026-02-25T12:27:41+00:00","dateModified":"2026-03-10T18:05:41+00:00","breadcrumb":{"@id":"https:\/\/lojena.wepar.hr\/product\/premium-studio-with-sea-view-id-1\/#breadcrumb"},"inLanguage":"pl-PL","potentialAction":[{"@type":"ReadAction","target":["https:\/\/lojena.wepar.hr\/product\/premium-studio-with-sea-view-id-1\/"]}]},{"@type":"ImageObject","inLanguage":"pl-PL","@id":"https:\/\/lojena.wepar.hr\/product\/premium-studio-with-sea-view-id-1\/#primaryimage","url":"https:\/\/lojena.wepar.hr\/wp-content\/uploads\/2026\/02\/5-i-6-app.jpeg","contentUrl":"https:\/\/lojena.wepar.hr\/wp-content\/uploads\/2026\/02\/5-i-6-app.jpeg","width":1980,"height":1485,"caption":"View of the pool from the apartment terrace"},{"@type":"BreadcrumbList","@id":"https:\/\/lojena.wepar.hr\/product\/premium-studio-with-sea-view-id-1\/#breadcrumb","itemListElement":[{"@type":"ListItem","position":1,"name":"Home","item":"https:\/\/lojena.wepar.hr\/pl\/"},{"@type":"ListItem","position":2,"name":"Studio Premium z widokiem na morze ID 1"}]},{"@type":"WebSite","@id":"https:\/\/lojena.wepar.hr\/#website","url":"https:\/\/lojena.wepar.hr\/","name":"Villa Lojena","description":"Luxury Studios","potentialAction":[{"@type":"SearchAction","target":{"@type":"EntryPoint","urlTemplate":"https:\/\/lojena.wepar.hr\/?s={search_term_string}"},"query-input":{"@type":"PropertyValueSpecification","valueRequired":true,"valueName":"search_term_string"}}],"inLanguage":"pl-PL"}]}},"_links":{"self":[{"href":"https:\/\/lojena.wepar.hr\/pl\/wp-json\/wp\/v2\/product\/1218","targetHints":{"allow":["GET"]}}],"collection":[{"href":"https:\/\/lojena.wepar.hr\/pl\/wp-json\/wp\/v2\/product"}],"about":[{"href":"https:\/\/lojena.wepar.hr\/pl\/wp-json\/wp\/v2\/types\/product"}],"replies":[{"embeddable":true,"href":"https:\/\/lojena.wepar.hr\/pl\/wp-json\/wp\/v2\/comments?post=1218"}],"wp:featuredmedia":[{"embeddable":true,"href":"https:\/\/lojena.wepar.hr\/pl\/wp-json\/wp\/v2\/media\/1258"}],"wp:attachment":[{"href":"https:\/\/lojena.wepar.hr\/pl\/wp-json\/wp\/v2\/media?parent=1218"}],"wp:term":[{"taxonomy":"product_brand","embeddable":true,"href":"https:\/\/lojena.wepar.hr\/pl\/wp-json\/wp\/v2\/product_brand?post=1218"},{"taxonomy":"product_cat","embeddable":true,"href":"https:\/\/lojena.wepar.hr\/pl\/wp-json\/wp\/v2\/product_cat?post=1218"},{"taxonomy":"product_tag","embeddable":true,"href":"https:\/\/lojena.wepar.hr\/pl\/wp-json\/wp\/v2\/product_tag?post=1218"}],"curies":[{"name":"wp","href":"https:\/\/api.w.org\/{rel}","templated":true}]}}