{"id":1128,"date":"2026-02-25T12:26:53","date_gmt":"2026-02-25T12:26:53","guid":{"rendered":"https:\/\/lojena.wepar.hr\/?post_type=product&#038;p=1128"},"modified":"2026-03-19T08:05:11","modified_gmt":"2026-03-19T08:05:11","slug":"studio-superior-z-widokiem-na-ogrod-id-2","status":"publish","type":"product","link":"https:\/\/lojena.wepar.hr\/pl\/produkt\/studio-superior-z-widokiem-na-ogrod-id-2\/","title":{"rendered":"Studio Superior z widokiem na ogr\u00f3d ID 2"},"content":{"rendered":"<p>Wyobra\u017a sobie, \u017ce budzisz si\u0119 z widokiem na Morze \u015ar\u00f3dziemne: morze, basen i wiekowe drzewa oliwne tu\u017c za progiem. To nowoczesne studio oferuje pi\u0119kny, zacieniony taras, idealne miejsce na poranne espresso lub spokojny drink o zachodzie s\u0142o\u0144ca w spokojnej atmosferze.<\/p>\n<p>Wn\u0119trze to luksus tkwi w szczeg\u00f3\u0142ach. Od w pe\u0142ni wyposa\u017conej kuchni i du\u017cej, nowoczesnej \u0142azienki, po klimatyzacj\u0119 Daikin i ultra-wysokiej jako\u015bci, hipoalergiczne materace o szeroko\u015bci 34 cm, ka\u017cdy centymetr jest stworzony do relaksu. Uk\u0142ad wn\u0119trza zmie\u015bci nawet ma\u0142\u0105 rodzin\u0119 dzi\u0119ki dedykowanemu \u0142\u00f3\u017ceczku dzieci\u0119cemu.<\/p>\n<p>Pozosta\u0144 w kontakcie dzi\u0119ki szybkiemu internetowi 5G i telewizorowi Smart TV lub skorzystaj z naszych udogodnie\u0144 dla go\u015bci, takich jak wsp\u00f3lna kostkarka do lodu i bezp\u0142atna pralnia. Po\u0142o\u017cone w strefie absolutnej ciszy i \u015br\u00f3dziemnomorskiego uroku, to studio oferuje wyrafinowany azyl od codzienno\u015bci.<\/p>\n","protected":false},"excerpt":{"rendered":"<p>Wyobra\u017a sobie, \u017ce budzisz si\u0119 z widokiem na Morze \u015ar\u00f3dziemne: morze, basen i wiekowe drzewa oliwne tu\u017c za progiem. To nowoczesne studio oferuje pi\u0119kny, zacieniony taras, idealne miejsce na poranne espresso lub spokojny drink o zachodzie s\u0142o\u0144ca w spokojnej atmosferze. Wn\u0119trze to luksus tkwi w szczeg\u00f3\u0142ach. Od w pe\u0142ni wyposa\u017conej kuchni i du\u017cej, nowoczesnej \u0142azienki, [&hellip;]<\/p>\n","protected":false},"featured_media":1037,"comment_status":"closed","ping_status":"closed","template":"","meta":{"_acf_changed":false},"product_brand":[],"product_cat":[111],"product_tag":[],"class_list":{"0":"post-1128","1":"product","2":"type-product","3":"status-publish","4":"has-post-thumbnail","6":"product_cat-studio-superior-z-widokiem-na-ogrod","8":"first","9":"instock","10":"sold-individually","11":"shipping-taxable","12":"purchasable","13":"product-type-phive_booking"},"acf":[],"yoast_head":"<!-- This site is optimized with the Yoast SEO plugin v27.1.1 - https:\/\/yoast.com\/product\/yoast-seo-wordpress\/ -->\n<title>Studio Superior z widokiem na ogr\u00f3d ID 2 - Villa Lojena<\/title>\n<meta name=\"robots\" content=\"index, follow, max-snippet:-1, max-image-preview:large, max-video-preview:-1\" \/>\n<link rel=\"canonical\" href=\"https:\/\/lojena.wepar.hr\/pl\/produkt\/studio-superior-z-widokiem-na-ogrod-id-2\/\" \/>\n<meta property=\"og:locale\" content=\"pl_PL\" \/>\n<meta property=\"og:type\" content=\"article\" \/>\n<meta property=\"og:title\" content=\"Studio Superior z widokiem na ogr\u00f3d ID 2 - Villa Lojena\" \/>\n<meta property=\"og:description\" content=\"Wyobra\u017a sobie, \u017ce budzisz si\u0119 z widokiem na Morze \u015ar\u00f3dziemne: morze, basen i wiekowe drzewa oliwne tu\u017c za progiem. To nowoczesne studio oferuje pi\u0119kny, zacieniony taras, idealne miejsce na poranne espresso lub spokojny drink o zachodzie s\u0142o\u0144ca w spokojnej atmosferze. Wn\u0119trze to luksus tkwi w szczeg\u00f3\u0142ach. Od w pe\u0142ni wyposa\u017conej kuchni i du\u017cej, nowoczesnej \u0142azienki, [&hellip;]\" \/>\n<meta property=\"og:url\" content=\"https:\/\/lojena.wepar.hr\/pl\/produkt\/studio-superior-z-widokiem-na-ogrod-id-2\/\" \/>\n<meta property=\"og:site_name\" content=\"Villa Lojena\" \/>\n<meta property=\"article:modified_time\" content=\"2026-03-19T08:05:11+00:00\" \/>\n<meta property=\"og:image\" content=\"https:\/\/lojena.wepar.hr\/wp-content\/uploads\/2026\/02\/ap-3-i-4.jpg\" \/>\n\t<meta property=\"og:image:width\" content=\"1980\" \/>\n\t<meta property=\"og:image:height\" content=\"1350\" \/>\n\t<meta property=\"og:image:type\" content=\"image\/jpeg\" \/>\n<meta name=\"twitter:card\" content=\"summary_large_image\" \/>\n<meta name=\"twitter:label1\" content=\"Szacowany czas czytania\" \/>\n\t<meta name=\"twitter:data1\" content=\"1 minuta\" \/>\n<script type=\"application\/ld+json\" class=\"yoast-schema-graph\">{\"@context\":\"https:\/\/schema.org\",\"@graph\":[{\"@type\":\"WebPage\",\"@id\":\"https:\/\/lojena.wepar.hr\/pl\/produkt\/studio-superior-z-widokiem-na-ogrod-id-2\/\",\"url\":\"https:\/\/lojena.wepar.hr\/pl\/produkt\/studio-superior-z-widokiem-na-ogrod-id-2\/\",\"name\":\"Studio Superior z widokiem na ogr\u00f3d ID 2 - Villa Lojena\",\"isPartOf\":{\"@id\":\"https:\/\/lojena.wepar.hr\/#website\"},\"primaryImageOfPage\":{\"@id\":\"https:\/\/lojena.wepar.hr\/pl\/produkt\/studio-superior-z-widokiem-na-ogrod-id-2\/#primaryimage\"},\"image\":{\"@id\":\"https:\/\/lojena.wepar.hr\/pl\/produkt\/studio-superior-z-widokiem-na-ogrod-id-2\/#primaryimage\"},\"thumbnailUrl\":\"https:\/\/lojena.wepar.hr\/wp-content\/uploads\/2026\/02\/ap-3-i-4.jpg\",\"datePublished\":\"2026-02-25T12:26:53+00:00\",\"dateModified\":\"2026-03-19T08:05:11+00:00\",\"breadcrumb\":{\"@id\":\"https:\/\/lojena.wepar.hr\/pl\/produkt\/studio-superior-z-widokiem-na-ogrod-id-2\/#breadcrumb\"},\"inLanguage\":\"pl-PL\",\"potentialAction\":[{\"@type\":\"ReadAction\",\"target\":[\"https:\/\/lojena.wepar.hr\/pl\/produkt\/studio-superior-z-widokiem-na-ogrod-id-2\/\"]}]},{\"@type\":\"ImageObject\",\"inLanguage\":\"pl-PL\",\"@id\":\"https:\/\/lojena.wepar.hr\/pl\/produkt\/studio-superior-z-widokiem-na-ogrod-id-2\/#primaryimage\",\"url\":\"https:\/\/lojena.wepar.hr\/wp-content\/uploads\/2026\/02\/ap-3-i-4.jpg\",\"contentUrl\":\"https:\/\/lojena.wepar.hr\/wp-content\/uploads\/2026\/02\/ap-3-i-4.jpg\",\"width\":1980,\"height\":1350,\"caption\":\"View of the sun covered terrace from the apartment\"},{\"@type\":\"BreadcrumbList\",\"@id\":\"https:\/\/lojena.wepar.hr\/pl\/produkt\/studio-superior-z-widokiem-na-ogrod-id-2\/#breadcrumb\",\"itemListElement\":[{\"@type\":\"ListItem\",\"position\":1,\"name\":\"Home\",\"item\":\"https:\/\/lojena.wepar.hr\/pl\/\"},{\"@type\":\"ListItem\",\"position\":2,\"name\":\"Studio Superior z widokiem na ogr\u00f3d ID 2\"}]},{\"@type\":\"WebSite\",\"@id\":\"https:\/\/lojena.wepar.hr\/#website\",\"url\":\"https:\/\/lojena.wepar.hr\/\",\"name\":\"Villa Lojena\",\"description\":\"Luxury Studios\",\"potentialAction\":[{\"@type\":\"SearchAction\",\"target\":{\"@type\":\"EntryPoint\",\"urlTemplate\":\"https:\/\/lojena.wepar.hr\/?s={search_term_string}\"},\"query-input\":{\"@type\":\"PropertyValueSpecification\",\"valueRequired\":true,\"valueName\":\"search_term_string\"}}],\"inLanguage\":\"pl-PL\"}]}<\/script>\n<!-- \/ Yoast SEO plugin. -->","yoast_head_json":{"title":"Studio Superior z widokiem na ogr\u00f3d ID 2 - Villa Lojena","robots":{"index":"index","follow":"follow","max-snippet":"max-snippet:-1","max-image-preview":"max-image-preview:large","max-video-preview":"max-video-preview:-1"},"canonical":"https:\/\/lojena.wepar.hr\/pl\/produkt\/studio-superior-z-widokiem-na-ogrod-id-2\/","og_locale":"pl_PL","og_type":"article","og_title":"Studio Superior z widokiem na ogr\u00f3d ID 2 - Villa Lojena","og_description":"Wyobra\u017a sobie, \u017ce budzisz si\u0119 z widokiem na Morze \u015ar\u00f3dziemne: morze, basen i wiekowe drzewa oliwne tu\u017c za progiem. To nowoczesne studio oferuje pi\u0119kny, zacieniony taras, idealne miejsce na poranne espresso lub spokojny drink o zachodzie s\u0142o\u0144ca w spokojnej atmosferze. Wn\u0119trze to luksus tkwi w szczeg\u00f3\u0142ach. Od w pe\u0142ni wyposa\u017conej kuchni i du\u017cej, nowoczesnej \u0142azienki, [&hellip;]","og_url":"https:\/\/lojena.wepar.hr\/pl\/produkt\/studio-superior-z-widokiem-na-ogrod-id-2\/","og_site_name":"Villa Lojena","article_modified_time":"2026-03-19T08:05:11+00:00","og_image":[{"width":1980,"height":1350,"url":"https:\/\/lojena.wepar.hr\/wp-content\/uploads\/2026\/02\/ap-3-i-4.jpg","type":"image\/jpeg"}],"twitter_card":"summary_large_image","twitter_misc":{"Szacowany czas czytania":"1 minuta"},"schema":{"@context":"https:\/\/schema.org","@graph":[{"@type":"WebPage","@id":"https:\/\/lojena.wepar.hr\/pl\/produkt\/studio-superior-z-widokiem-na-ogrod-id-2\/","url":"https:\/\/lojena.wepar.hr\/pl\/produkt\/studio-superior-z-widokiem-na-ogrod-id-2\/","name":"Studio Superior z widokiem na ogr\u00f3d ID 2 - Villa Lojena","isPartOf":{"@id":"https:\/\/lojena.wepar.hr\/#website"},"primaryImageOfPage":{"@id":"https:\/\/lojena.wepar.hr\/pl\/produkt\/studio-superior-z-widokiem-na-ogrod-id-2\/#primaryimage"},"image":{"@id":"https:\/\/lojena.wepar.hr\/pl\/produkt\/studio-superior-z-widokiem-na-ogrod-id-2\/#primaryimage"},"thumbnailUrl":"https:\/\/lojena.wepar.hr\/wp-content\/uploads\/2026\/02\/ap-3-i-4.jpg","datePublished":"2026-02-25T12:26:53+00:00","dateModified":"2026-03-19T08:05:11+00:00","breadcrumb":{"@id":"https:\/\/lojena.wepar.hr\/pl\/produkt\/studio-superior-z-widokiem-na-ogrod-id-2\/#breadcrumb"},"inLanguage":"pl-PL","potentialAction":[{"@type":"ReadAction","target":["https:\/\/lojena.wepar.hr\/pl\/produkt\/studio-superior-z-widokiem-na-ogrod-id-2\/"]}]},{"@type":"ImageObject","inLanguage":"pl-PL","@id":"https:\/\/lojena.wepar.hr\/pl\/produkt\/studio-superior-z-widokiem-na-ogrod-id-2\/#primaryimage","url":"https:\/\/lojena.wepar.hr\/wp-content\/uploads\/2026\/02\/ap-3-i-4.jpg","contentUrl":"https:\/\/lojena.wepar.hr\/wp-content\/uploads\/2026\/02\/ap-3-i-4.jpg","width":1980,"height":1350,"caption":"View of the sun covered terrace from the apartment"},{"@type":"BreadcrumbList","@id":"https:\/\/lojena.wepar.hr\/pl\/produkt\/studio-superior-z-widokiem-na-ogrod-id-2\/#breadcrumb","itemListElement":[{"@type":"ListItem","position":1,"name":"Home","item":"https:\/\/lojena.wepar.hr\/pl\/"},{"@type":"ListItem","position":2,"name":"Studio Superior z widokiem na ogr\u00f3d ID 2"}]},{"@type":"WebSite","@id":"https:\/\/lojena.wepar.hr\/#website","url":"https:\/\/lojena.wepar.hr\/","name":"Villa Lojena","description":"Luxury Studios","potentialAction":[{"@type":"SearchAction","target":{"@type":"EntryPoint","urlTemplate":"https:\/\/lojena.wepar.hr\/?s={search_term_string}"},"query-input":{"@type":"PropertyValueSpecification","valueRequired":true,"valueName":"search_term_string"}}],"inLanguage":"pl-PL"}]}},"_links":{"self":[{"href":"https:\/\/lojena.wepar.hr\/pl\/wp-json\/wp\/v2\/product\/1128","targetHints":{"allow":["GET"]}}],"collection":[{"href":"https:\/\/lojena.wepar.hr\/pl\/wp-json\/wp\/v2\/product"}],"about":[{"href":"https:\/\/lojena.wepar.hr\/pl\/wp-json\/wp\/v2\/types\/product"}],"replies":[{"embeddable":true,"href":"https:\/\/lojena.wepar.hr\/pl\/wp-json\/wp\/v2\/comments?post=1128"}],"wp:featuredmedia":[{"embeddable":true,"href":"https:\/\/lojena.wepar.hr\/pl\/wp-json\/wp\/v2\/media\/1037"}],"wp:attachment":[{"href":"https:\/\/lojena.wepar.hr\/pl\/wp-json\/wp\/v2\/media?parent=1128"}],"wp:term":[{"taxonomy":"product_brand","embeddable":true,"href":"https:\/\/lojena.wepar.hr\/pl\/wp-json\/wp\/v2\/product_brand?post=1128"},{"taxonomy":"product_cat","embeddable":true,"href":"https:\/\/lojena.wepar.hr\/pl\/wp-json\/wp\/v2\/product_cat?post=1128"},{"taxonomy":"product_tag","embeddable":true,"href":"https:\/\/lojena.wepar.hr\/pl\/wp-json\/wp\/v2\/product_tag?post=1128"}],"curies":[{"name":"wp","href":"https:\/\/api.w.org\/{rel}","templated":true}]}}