{"id":1000,"date":"2026-02-17T15:03:08","date_gmt":"2026-02-17T15:03:08","guid":{"rendered":"https:\/\/lojena.wepar.hr\/?post_type=product&#038;p=1000"},"modified":"2026-03-10T14:19:46","modified_gmt":"2026-03-10T14:19:46","slug":"studio-superior-z-widokiem-na-ogrod-id-1","status":"publish","type":"product","link":"https:\/\/lojena.wepar.hr\/pl\/produkt\/studio-superior-z-widokiem-na-ogrod-id-1\/","title":{"rendered":"Studio Superior z widokiem na ogr\u00f3d ID 1"},"content":{"rendered":"<p>Obud\u017a si\u0119 z zachwycaj\u0105cym widokiem na morze, basen i okoliczne gaje oliwne. Te pi\u0119knie urz\u0105dzone studia dysponuj\u0105 zacienionym tarasem, z kt\u00f3rego roztacza si\u0119 panoramiczny widok na Morze \u015ar\u00f3dziemne \u2013 idealny na porann\u0105 kaw\u0119 lub romantyczne chwile zachodu s\u0142o\u0144ca.<\/p>\n<p>Eleganckie i nowoczesne wn\u0119trze oferuje w pe\u0142ni wyposa\u017con\u0105 kuchni\u0119, przestronn\u0105, nowoczesn\u0105 \u0142azienk\u0119, wysokiej jako\u015bci materace antyalergiczne o szeroko\u015bci 34 cm oraz klimatyzacj\u0119 Daikin dla zapewnienia idealnego komfortu.<\/p>\n<p>Dodatkowe \u0142\u00f3\u017ceczko dzieci\u0119ce sprawia, \u017ce \u200b\u200bte studia s\u0105 r\u00f3wnie\u017c doskona\u0142\u0105 opcj\u0105 na rodzinny wypad.<\/p>\n<p>Smart TV, szybki internet 5G, bezp\u0142atne us\u0142ugi pralnicze i wsp\u00f3lna kostkarka do lodu do napoj\u00f3w orze\u017awiaj\u0105cych \u2013 ka\u017cdy szczeg\u00f3\u0142 zosta\u0142 przemy\u015blany.<\/p>\n<p>Otoczone wiekowymi gajami oliwnymi, w pe\u0142nym spokoju, to miejsce, gdzie \u015br\u00f3dziemnomorski urok spotyka si\u0119 z nowoczesnym luksusem.<\/p>\n","protected":false},"excerpt":{"rendered":"<p>Obud\u017a si\u0119 z zachwycaj\u0105cym widokiem na morze, basen i okoliczne gaje oliwne. Te pi\u0119knie urz\u0105dzone studia dysponuj\u0105 zacienionym tarasem, z kt\u00f3rego roztacza si\u0119 panoramiczny widok na Morze \u015ar\u00f3dziemne \u2013 idealny na porann\u0105 kaw\u0119 lub romantyczne chwile zachodu s\u0142o\u0144ca. Eleganckie i nowoczesne wn\u0119trze oferuje w pe\u0142ni wyposa\u017con\u0105 kuchni\u0119, przestronn\u0105, nowoczesn\u0105 \u0142azienk\u0119, wysokiej jako\u015bci materace antyalergiczne o [&hellip;]<\/p>\n","protected":false},"featured_media":1036,"comment_status":"closed","ping_status":"closed","template":"","meta":{"_acf_changed":false},"product_brand":[],"product_cat":[111],"product_tag":[],"class_list":{"0":"post-1000","1":"product","2":"type-product","3":"status-publish","4":"has-post-thumbnail","6":"product_cat-studio-superior-z-widokiem-na-ogrod","8":"first","9":"instock","10":"sold-individually","11":"shipping-taxable","12":"purchasable","13":"product-type-phive_booking"},"acf":[],"yoast_head":"<!-- This site is optimized with the Yoast SEO plugin v27.1.1 - https:\/\/yoast.com\/product\/yoast-seo-wordpress\/ -->\n<title>Studio Superior z widokiem na ogr\u00f3d ID 1 - Villa Lojena<\/title>\n<meta name=\"robots\" content=\"index, follow, max-snippet:-1, max-image-preview:large, max-video-preview:-1\" \/>\n<link rel=\"canonical\" href=\"https:\/\/lojena.wepar.hr\/product\/luxury-studio-near-the-beach-id-111-4\/\" \/>\n<meta property=\"og:locale\" content=\"pl_PL\" \/>\n<meta property=\"og:type\" content=\"article\" \/>\n<meta property=\"og:title\" content=\"Studio Superior z widokiem na ogr\u00f3d ID 1 - Villa Lojena\" \/>\n<meta property=\"og:description\" content=\"Obud\u017a si\u0119 z zachwycaj\u0105cym widokiem na morze, basen i okoliczne gaje oliwne. Te pi\u0119knie urz\u0105dzone studia dysponuj\u0105 zacienionym tarasem, z kt\u00f3rego roztacza si\u0119 panoramiczny widok na Morze \u015ar\u00f3dziemne \u2013 idealny na porann\u0105 kaw\u0119 lub romantyczne chwile zachodu s\u0142o\u0144ca. Eleganckie i nowoczesne wn\u0119trze oferuje w pe\u0142ni wyposa\u017con\u0105 kuchni\u0119, przestronn\u0105, nowoczesn\u0105 \u0142azienk\u0119, wysokiej jako\u015bci materace antyalergiczne o [&hellip;]\" \/>\n<meta property=\"og:url\" content=\"https:\/\/lojena.wepar.hr\/product\/luxury-studio-near-the-beach-id-111-4\/\" \/>\n<meta property=\"og:site_name\" content=\"Villa Lojena\" \/>\n<meta property=\"article:modified_time\" content=\"2026-03-10T14:19:46+00:00\" \/>\n<meta property=\"og:image\" content=\"https:\/\/lojena.wepar.hr\/wp-content\/uploads\/2026\/02\/apar-3-i-4.jpeg\" \/>\n\t<meta property=\"og:image:width\" content=\"1980\" \/>\n\t<meta property=\"og:image:height\" content=\"1485\" \/>\n\t<meta property=\"og:image:type\" content=\"image\/jpeg\" \/>\n<meta name=\"twitter:card\" content=\"summary_large_image\" \/>\n<meta name=\"twitter:label1\" content=\"Szacowany czas czytania\" \/>\n\t<meta name=\"twitter:data1\" content=\"1 minuta\" \/>\n<script type=\"application\/ld+json\" class=\"yoast-schema-graph\">{\"@context\":\"https:\/\/schema.org\",\"@graph\":[{\"@type\":\"WebPage\",\"@id\":\"https:\/\/lojena.wepar.hr\/product\/luxury-studio-near-the-beach-id-111-4\/\",\"url\":\"https:\/\/lojena.wepar.hr\/product\/luxury-studio-near-the-beach-id-111-4\/\",\"name\":\"Studio Superior z widokiem na ogr\u00f3d ID 1 - Villa Lojena\",\"isPartOf\":{\"@id\":\"https:\/\/lojena.wepar.hr\/#website\"},\"primaryImageOfPage\":{\"@id\":\"https:\/\/lojena.wepar.hr\/product\/luxury-studio-near-the-beach-id-111-4\/#primaryimage\"},\"image\":{\"@id\":\"https:\/\/lojena.wepar.hr\/product\/luxury-studio-near-the-beach-id-111-4\/#primaryimage\"},\"thumbnailUrl\":\"https:\/\/lojena.wepar.hr\/wp-content\/uploads\/2026\/02\/apar-3-i-4.jpeg\",\"datePublished\":\"2026-02-17T15:03:08+00:00\",\"dateModified\":\"2026-03-10T14:19:46+00:00\",\"breadcrumb\":{\"@id\":\"https:\/\/lojena.wepar.hr\/product\/luxury-studio-near-the-beach-id-111-4\/#breadcrumb\"},\"inLanguage\":\"pl-PL\",\"potentialAction\":[{\"@type\":\"ReadAction\",\"target\":[\"https:\/\/lojena.wepar.hr\/product\/luxury-studio-near-the-beach-id-111-4\/\"]}]},{\"@type\":\"ImageObject\",\"inLanguage\":\"pl-PL\",\"@id\":\"https:\/\/lojena.wepar.hr\/product\/luxury-studio-near-the-beach-id-111-4\/#primaryimage\",\"url\":\"https:\/\/lojena.wepar.hr\/wp-content\/uploads\/2026\/02\/apar-3-i-4.jpeg\",\"contentUrl\":\"https:\/\/lojena.wepar.hr\/wp-content\/uploads\/2026\/02\/apar-3-i-4.jpeg\",\"width\":1980,\"height\":1485,\"caption\":\"View of the lush forest from terrace lounge\"},{\"@type\":\"BreadcrumbList\",\"@id\":\"https:\/\/lojena.wepar.hr\/product\/luxury-studio-near-the-beach-id-111-4\/#breadcrumb\",\"itemListElement\":[{\"@type\":\"ListItem\",\"position\":1,\"name\":\"Home\",\"item\":\"https:\/\/lojena.wepar.hr\/pl\/\"},{\"@type\":\"ListItem\",\"position\":2,\"name\":\"Studio Superior z widokiem na ogr\u00f3d ID 1\"}]},{\"@type\":\"WebSite\",\"@id\":\"https:\/\/lojena.wepar.hr\/#website\",\"url\":\"https:\/\/lojena.wepar.hr\/\",\"name\":\"Villa Lojena\",\"description\":\"Luxury Studios\",\"potentialAction\":[{\"@type\":\"SearchAction\",\"target\":{\"@type\":\"EntryPoint\",\"urlTemplate\":\"https:\/\/lojena.wepar.hr\/?s={search_term_string}\"},\"query-input\":{\"@type\":\"PropertyValueSpecification\",\"valueRequired\":true,\"valueName\":\"search_term_string\"}}],\"inLanguage\":\"pl-PL\"}]}<\/script>\n<!-- \/ Yoast SEO plugin. -->","yoast_head_json":{"title":"Studio Superior z widokiem na ogr\u00f3d ID 1 - Villa Lojena","robots":{"index":"index","follow":"follow","max-snippet":"max-snippet:-1","max-image-preview":"max-image-preview:large","max-video-preview":"max-video-preview:-1"},"canonical":"https:\/\/lojena.wepar.hr\/product\/luxury-studio-near-the-beach-id-111-4\/","og_locale":"pl_PL","og_type":"article","og_title":"Studio Superior z widokiem na ogr\u00f3d ID 1 - Villa Lojena","og_description":"Obud\u017a si\u0119 z zachwycaj\u0105cym widokiem na morze, basen i okoliczne gaje oliwne. Te pi\u0119knie urz\u0105dzone studia dysponuj\u0105 zacienionym tarasem, z kt\u00f3rego roztacza si\u0119 panoramiczny widok na Morze \u015ar\u00f3dziemne \u2013 idealny na porann\u0105 kaw\u0119 lub romantyczne chwile zachodu s\u0142o\u0144ca. Eleganckie i nowoczesne wn\u0119trze oferuje w pe\u0142ni wyposa\u017con\u0105 kuchni\u0119, przestronn\u0105, nowoczesn\u0105 \u0142azienk\u0119, wysokiej jako\u015bci materace antyalergiczne o [&hellip;]","og_url":"https:\/\/lojena.wepar.hr\/product\/luxury-studio-near-the-beach-id-111-4\/","og_site_name":"Villa Lojena","article_modified_time":"2026-03-10T14:19:46+00:00","og_image":[{"width":1980,"height":1485,"url":"https:\/\/lojena.wepar.hr\/wp-content\/uploads\/2026\/02\/apar-3-i-4.jpeg","type":"image\/jpeg"}],"twitter_card":"summary_large_image","twitter_misc":{"Szacowany czas czytania":"1 minuta"},"schema":{"@context":"https:\/\/schema.org","@graph":[{"@type":"WebPage","@id":"https:\/\/lojena.wepar.hr\/product\/luxury-studio-near-the-beach-id-111-4\/","url":"https:\/\/lojena.wepar.hr\/product\/luxury-studio-near-the-beach-id-111-4\/","name":"Studio Superior z widokiem na ogr\u00f3d ID 1 - Villa Lojena","isPartOf":{"@id":"https:\/\/lojena.wepar.hr\/#website"},"primaryImageOfPage":{"@id":"https:\/\/lojena.wepar.hr\/product\/luxury-studio-near-the-beach-id-111-4\/#primaryimage"},"image":{"@id":"https:\/\/lojena.wepar.hr\/product\/luxury-studio-near-the-beach-id-111-4\/#primaryimage"},"thumbnailUrl":"https:\/\/lojena.wepar.hr\/wp-content\/uploads\/2026\/02\/apar-3-i-4.jpeg","datePublished":"2026-02-17T15:03:08+00:00","dateModified":"2026-03-10T14:19:46+00:00","breadcrumb":{"@id":"https:\/\/lojena.wepar.hr\/product\/luxury-studio-near-the-beach-id-111-4\/#breadcrumb"},"inLanguage":"pl-PL","potentialAction":[{"@type":"ReadAction","target":["https:\/\/lojena.wepar.hr\/product\/luxury-studio-near-the-beach-id-111-4\/"]}]},{"@type":"ImageObject","inLanguage":"pl-PL","@id":"https:\/\/lojena.wepar.hr\/product\/luxury-studio-near-the-beach-id-111-4\/#primaryimage","url":"https:\/\/lojena.wepar.hr\/wp-content\/uploads\/2026\/02\/apar-3-i-4.jpeg","contentUrl":"https:\/\/lojena.wepar.hr\/wp-content\/uploads\/2026\/02\/apar-3-i-4.jpeg","width":1980,"height":1485,"caption":"View of the lush forest from terrace lounge"},{"@type":"BreadcrumbList","@id":"https:\/\/lojena.wepar.hr\/product\/luxury-studio-near-the-beach-id-111-4\/#breadcrumb","itemListElement":[{"@type":"ListItem","position":1,"name":"Home","item":"https:\/\/lojena.wepar.hr\/pl\/"},{"@type":"ListItem","position":2,"name":"Studio Superior z widokiem na ogr\u00f3d ID 1"}]},{"@type":"WebSite","@id":"https:\/\/lojena.wepar.hr\/#website","url":"https:\/\/lojena.wepar.hr\/","name":"Villa Lojena","description":"Luxury Studios","potentialAction":[{"@type":"SearchAction","target":{"@type":"EntryPoint","urlTemplate":"https:\/\/lojena.wepar.hr\/?s={search_term_string}"},"query-input":{"@type":"PropertyValueSpecification","valueRequired":true,"valueName":"search_term_string"}}],"inLanguage":"pl-PL"}]}},"_links":{"self":[{"href":"https:\/\/lojena.wepar.hr\/pl\/wp-json\/wp\/v2\/product\/1000","targetHints":{"allow":["GET"]}}],"collection":[{"href":"https:\/\/lojena.wepar.hr\/pl\/wp-json\/wp\/v2\/product"}],"about":[{"href":"https:\/\/lojena.wepar.hr\/pl\/wp-json\/wp\/v2\/types\/product"}],"replies":[{"embeddable":true,"href":"https:\/\/lojena.wepar.hr\/pl\/wp-json\/wp\/v2\/comments?post=1000"}],"wp:featuredmedia":[{"embeddable":true,"href":"https:\/\/lojena.wepar.hr\/pl\/wp-json\/wp\/v2\/media\/1036"}],"wp:attachment":[{"href":"https:\/\/lojena.wepar.hr\/pl\/wp-json\/wp\/v2\/media?parent=1000"}],"wp:term":[{"taxonomy":"product_brand","embeddable":true,"href":"https:\/\/lojena.wepar.hr\/pl\/wp-json\/wp\/v2\/product_brand?post=1000"},{"taxonomy":"product_cat","embeddable":true,"href":"https:\/\/lojena.wepar.hr\/pl\/wp-json\/wp\/v2\/product_cat?post=1000"},{"taxonomy":"product_tag","embeddable":true,"href":"https:\/\/lojena.wepar.hr\/pl\/wp-json\/wp\/v2\/product_tag?post=1000"}],"curies":[{"name":"wp","href":"https:\/\/api.w.org\/{rel}","templated":true}]}}