{"id":2182,"date":"2026-02-16T18:09:31","date_gmt":"2026-02-16T18:09:31","guid":{"rendered":"https:\/\/lojena.wepar.hr\/?page_id=2182"},"modified":"2026-03-10T20:07:48","modified_gmt":"2026-03-10T20:07:48","slug":"o-nas","status":"publish","type":"page","link":"https:\/\/lojena.wepar.hr\/pl\/o-nas\/","title":{"rendered":"O nas"},"content":{"rendered":"\n<h1 class=\"wp-block-heading\">Villa Lojena: Tam, gdzie luksus spotyka si\u0119 z \u015br\u00f3dziemnomorskim spokojem<\/h1>\n\n\n\n<p>Witamy w Villi Lojena, Twojej luksusowej rezydencji na wyspie Murter, zaprojektowanej dla tych, kt\u00f3rzy od miejsca pobytu oczekuj\u0105 czego\u015b wi\u0119cej. Po\u0142o\u017cona w jednej z najspokojniejszych i najbardziej presti\u017cowych cz\u0119\u015bci wyspy, nasza willa zrodzi\u0142a si\u0119 z marzenia: o stworzeniu idealnego schronienia, w kt\u00f3rym wsp\u00f3\u0142istniej\u0105 luksus, najwy\u017csza jako\u015b\u0107 i odpr\u0119\u017caj\u0105ca atmosfera.<\/p>\n\n\n\n<h2 class=\"wp-block-heading\">Marzenie przekute w rzeczywisto\u015b\u0107<\/h2>\n\n\n\n<p>Villa Lojena nie zosta\u0142a zbudowana jako typowa inwestycja. Stworzyli\u015bmy j\u0105 my \u2013 <strong>Diana i Marko<\/strong> \u2013 jako odzwierciedlenie naszego ponad 20-letniego do\u015bwiadczenia zawodowego w zarz\u0105dzaniu turystyk\u0105 i edukacji j\u0119zykowej. Chcieli\u015bmy zbudowa\u0107 miejsce, kt\u00f3re sami by\u015bmy wybrali: spokojn\u0105, eleganck\u0105 i autentyczn\u0105 oaz\u0119. Niezale\u017cnie od tego, czy szukasz przestronnego apartamentu, czy pe\u0142nego luksusowych wra\u017ce\u0144 pobytu, ka\u017cdy zak\u0105tek naszej willi zosta\u0142 zaprojektowany tak, aby pom\u00f3c Ci odci\u0105\u0107 si\u0119 od zgie\u0142ku i na nowo po\u0142\u0105czy\u0107 si\u0119 ze sob\u0105.<\/p>\n\n\n\n<h2 class=\"wp-block-heading\">Autentyczny design i niezr\u00f3wnana jako\u015b\u0107<\/h2>\n\n\n\n<p>Nasze wn\u0119trza celebruj\u0105 \u015br\u00f3dziemnomorsk\u0105 dusz\u0119, wykorzystuj\u0105c naturalne drewno i materia\u0142y premium, aby stworzy\u0107 atmosfer\u0119 subtelnej elegancji. Wierzymy, \u017ce prawdziwy luksus tkwi w szczeg\u00f3\u0142ach:<\/p>\n\n\n\n<ul class=\"wp-block-list\">\n<li><strong>Idealny sen:<\/strong> R\u0119cznie dobrane materace i wysokiej klasy po\u015bciel.<\/li>\n\n\n\n<li><strong>Udogodnienia Premium:<\/strong> Najwy\u017cszej jako\u015bci kosmetyki i drobiazgowa dba\u0142o\u015b\u0107 o czysto\u015b\u0107.<\/li>\n\n\n\n<li><strong>Oaza:<\/strong> Rozleg\u0142y taras z basenem o powierzchni <strong>80 m\u00b2<\/strong>, wyposa\u017conym w dysze do hydromasa\u017cu i gejzery powietrzne \u2013 idealny na k\u0105piel pod gwiazdami lub od\u015bwie\u017caj\u0105cy poranny masa\u017c.<\/li>\n\n\n\n<li><strong>Nowoczesna wygoda:<\/strong> Zacieniony prywatny parking, dwie \u0142adowarki do pojazd\u00f3w elektrycznych (EV) oraz dost\u0119pna na miejscu kostkarka do lodu, idealna do koktajli przy basenie.<\/li>\n<\/ul>\n\n\n\n<h2 class=\"wp-block-heading\">Odkrywaj Murter z \u0142atwo\u015bci\u0105<\/h2>\n\n\n\n<p>Idealnie usytuowana mi\u0119dzy b\u0142ogim spokojem a lokalnymi atrakcjami, Villa Lojena oferuje niezr\u00f3wnany dost\u0119p do tego, co na wyspie najlepsze:<\/p>\n\n\n\n<ul class=\"wp-block-list\">\n<li><strong>Pla\u017ca Slanica:<\/strong> Tylko 4 minuty spokojnego spaceru.<\/li>\n\n\n\n<li><strong>Pla\u017ca Podvr\u0161ke:<\/strong> Ukryty klejnot dost\u0119pny w mniej ni\u017c 10 minut.<\/li>\n\n\n\n<li><strong>Centrum Murteru:<\/strong> Malowniczy, 15-minutowy spacer do lokalnych restauracji i centr\u00f3w kultury.<\/li>\n<\/ul>\n\n\n\n<p>Aby pom\u00f3c Ci odkrywa\u0107 wybrze\u017ce na w\u0142asnych warunkach, zapewniamy <strong>hulajnogi elektryczne oraz deski SUP<\/strong>. Odkrywaj ukryte zatoczki lub udaj si\u0119 do centrum bez stresu zwi\u0105zanego z ruchem ulicznym czy t\u0142umami.<\/p>\n\n\n\n<h2 class=\"wp-block-heading\">Wasi gospodarze, Wasz dom<\/h2>\n\n\n\n<p>Jako profesor j\u0119zyka angielskiego i magister zarz\u0105dzania turystyk\u0105, szczycimy si\u0119 profesjonaln\u0105, a zarazem dyskretn\u0105 go\u015bcinno\u015bci\u0105. Nasz cel jest prosty: zapewni\u0107 uwa\u017cn\u0105 obs\u0142ug\u0119 godn\u0105 luksusowego hotelu, przy zachowaniu ciep\u0142ej, relaksuj\u0105cej atmosfery prywatnego domu.<\/p>\n\n\n\n<p>W Villi Lojena Twoje wakacje nabieraj\u0105 prawdziwego znaczenia. Wyj\u0105tkowa lokalizacja, luksusowy wystr\u00f3j i koj\u0105ca atmosfera czekaj\u0105 na Ciebie.<\/p>\n\n\n\n<p><strong>Do\u015bwiadcz prawdziwego Morza \u015ar\u00f3dziemnego. Do\u015bwiadcz Villi Lojena.<\/strong><\/p>\n\n\n\n<div style=\"height:110px\" aria-hidden=\"true\" class=\"wp-block-spacer\"><\/div>\n","protected":false},"excerpt":{"rendered":"<p>Villa Lojena: Tam, gdzie luksus spotyka si\u0119 z \u015br\u00f3dziemnomorskim spokojem Witamy w Villi Lojena, Twojej luksusowej rezydencji na wyspie Murter, zaprojektowanej dla tych, kt\u00f3rzy od miejsca pobytu oczekuj\u0105 czego\u015b wi\u0119cej. Po\u0142o\u017cona w jednej z najspokojniejszych i najbardziej presti\u017cowych cz\u0119\u015bci wyspy, nasza willa zrodzi\u0142a si\u0119 z marzenia: o stworzeniu idealnego schronienia, w kt\u00f3rym wsp\u00f3\u0142istniej\u0105 luksus, najwy\u017csza [&hellip;]<\/p>\n","protected":false},"author":1,"featured_media":653,"parent":0,"menu_order":0,"comment_status":"closed","ping_status":"closed","template":"page-content.php","meta":{"_acf_changed":false,"footnotes":""},"class_list":["post-2182","page","type-page","status-publish","has-post-thumbnail","hentry"],"acf":[],"yoast_head":"<!-- This site is optimized with the Yoast SEO plugin v27.1.1 - https:\/\/yoast.com\/product\/yoast-seo-wordpress\/ -->\n<title>O nas - Villa Lojena<\/title>\n<meta name=\"robots\" content=\"index, follow, max-snippet:-1, max-image-preview:large, max-video-preview:-1\" \/>\n<link rel=\"canonical\" href=\"https:\/\/lojena.wepar.hr\/about-us\/\" \/>\n<meta property=\"og:locale\" content=\"pl_PL\" \/>\n<meta property=\"og:type\" content=\"article\" \/>\n<meta property=\"og:title\" content=\"O nas - Villa Lojena\" \/>\n<meta property=\"og:description\" content=\"Villa Lojena: Tam, gdzie luksus spotyka si\u0119 z \u015br\u00f3dziemnomorskim spokojem Witamy w Villi Lojena, Twojej luksusowej rezydencji na wyspie Murter, zaprojektowanej dla tych, kt\u00f3rzy od miejsca pobytu oczekuj\u0105 czego\u015b wi\u0119cej. Po\u0142o\u017cona w jednej z najspokojniejszych i najbardziej presti\u017cowych cz\u0119\u015bci wyspy, nasza willa zrodzi\u0142a si\u0119 z marzenia: o stworzeniu idealnego schronienia, w kt\u00f3rym wsp\u00f3\u0142istniej\u0105 luksus, najwy\u017csza [&hellip;]\" \/>\n<meta property=\"og:url\" content=\"https:\/\/lojena.wepar.hr\/about-us\/\" \/>\n<meta property=\"og:site_name\" content=\"Villa Lojena\" \/>\n<meta property=\"article:modified_time\" content=\"2026-03-10T20:07:48+00:00\" \/>\n<meta property=\"og:image\" content=\"https:\/\/lojena.wepar.hr\/wp-content\/uploads\/2026\/02\/Mask-group.jpg\" \/>\n\t<meta property=\"og:image:width\" content=\"1512\" \/>\n\t<meta property=\"og:image:height\" content=\"650\" \/>\n\t<meta property=\"og:image:type\" content=\"image\/jpeg\" \/>\n<meta name=\"twitter:card\" content=\"summary_large_image\" \/>\n<meta name=\"twitter:label1\" content=\"Szacowany czas czytania\" \/>\n\t<meta name=\"twitter:data1\" content=\"2 minuty\" \/>\n<script type=\"application\/ld+json\" class=\"yoast-schema-graph\">{\"@context\":\"https:\/\/schema.org\",\"@graph\":[{\"@type\":\"WebPage\",\"@id\":\"https:\/\/lojena.wepar.hr\/about-us\/\",\"url\":\"https:\/\/lojena.wepar.hr\/about-us\/\",\"name\":\"O nas - Villa Lojena\",\"isPartOf\":{\"@id\":\"https:\/\/lojena.wepar.hr\/#website\"},\"primaryImageOfPage\":{\"@id\":\"https:\/\/lojena.wepar.hr\/about-us\/#primaryimage\"},\"image\":{\"@id\":\"https:\/\/lojena.wepar.hr\/about-us\/#primaryimage\"},\"thumbnailUrl\":\"https:\/\/lojena.wepar.hr\/wp-content\/uploads\/2026\/02\/Mask-group.jpg\",\"datePublished\":\"2026-02-16T18:09:31+00:00\",\"dateModified\":\"2026-03-10T20:07:48+00:00\",\"breadcrumb\":{\"@id\":\"https:\/\/lojena.wepar.hr\/about-us\/#breadcrumb\"},\"inLanguage\":\"pl-PL\",\"potentialAction\":[{\"@type\":\"ReadAction\",\"target\":[\"https:\/\/lojena.wepar.hr\/about-us\/\"]}]},{\"@type\":\"ImageObject\",\"inLanguage\":\"pl-PL\",\"@id\":\"https:\/\/lojena.wepar.hr\/about-us\/#primaryimage\",\"url\":\"https:\/\/lojena.wepar.hr\/wp-content\/uploads\/2026\/02\/Mask-group.jpg\",\"contentUrl\":\"https:\/\/lojena.wepar.hr\/wp-content\/uploads\/2026\/02\/Mask-group.jpg\",\"width\":1512,\"height\":650,\"caption\":\"Nightview of the Pool surrounded by palm trees\"},{\"@type\":\"BreadcrumbList\",\"@id\":\"https:\/\/lojena.wepar.hr\/about-us\/#breadcrumb\",\"itemListElement\":[{\"@type\":\"ListItem\",\"position\":1,\"name\":\"Home\",\"item\":\"https:\/\/lojena.wepar.hr\/pl\/\"},{\"@type\":\"ListItem\",\"position\":2,\"name\":\"O nas\"}]},{\"@type\":\"WebSite\",\"@id\":\"https:\/\/lojena.wepar.hr\/#website\",\"url\":\"https:\/\/lojena.wepar.hr\/\",\"name\":\"Villa Lojena\",\"description\":\"Luxury Studios\",\"potentialAction\":[{\"@type\":\"SearchAction\",\"target\":{\"@type\":\"EntryPoint\",\"urlTemplate\":\"https:\/\/lojena.wepar.hr\/?s={search_term_string}\"},\"query-input\":{\"@type\":\"PropertyValueSpecification\",\"valueRequired\":true,\"valueName\":\"search_term_string\"}}],\"inLanguage\":\"pl-PL\"}]}<\/script>\n<!-- \/ Yoast SEO plugin. -->","yoast_head_json":{"title":"O nas - Villa Lojena","robots":{"index":"index","follow":"follow","max-snippet":"max-snippet:-1","max-image-preview":"max-image-preview:large","max-video-preview":"max-video-preview:-1"},"canonical":"https:\/\/lojena.wepar.hr\/about-us\/","og_locale":"pl_PL","og_type":"article","og_title":"O nas - Villa Lojena","og_description":"Villa Lojena: Tam, gdzie luksus spotyka si\u0119 z \u015br\u00f3dziemnomorskim spokojem Witamy w Villi Lojena, Twojej luksusowej rezydencji na wyspie Murter, zaprojektowanej dla tych, kt\u00f3rzy od miejsca pobytu oczekuj\u0105 czego\u015b wi\u0119cej. Po\u0142o\u017cona w jednej z najspokojniejszych i najbardziej presti\u017cowych cz\u0119\u015bci wyspy, nasza willa zrodzi\u0142a si\u0119 z marzenia: o stworzeniu idealnego schronienia, w kt\u00f3rym wsp\u00f3\u0142istniej\u0105 luksus, najwy\u017csza [&hellip;]","og_url":"https:\/\/lojena.wepar.hr\/about-us\/","og_site_name":"Villa Lojena","article_modified_time":"2026-03-10T20:07:48+00:00","og_image":[{"width":1512,"height":650,"url":"https:\/\/lojena.wepar.hr\/wp-content\/uploads\/2026\/02\/Mask-group.jpg","type":"image\/jpeg"}],"twitter_card":"summary_large_image","twitter_misc":{"Szacowany czas czytania":"2 minuty"},"schema":{"@context":"https:\/\/schema.org","@graph":[{"@type":"WebPage","@id":"https:\/\/lojena.wepar.hr\/about-us\/","url":"https:\/\/lojena.wepar.hr\/about-us\/","name":"O nas - Villa Lojena","isPartOf":{"@id":"https:\/\/lojena.wepar.hr\/#website"},"primaryImageOfPage":{"@id":"https:\/\/lojena.wepar.hr\/about-us\/#primaryimage"},"image":{"@id":"https:\/\/lojena.wepar.hr\/about-us\/#primaryimage"},"thumbnailUrl":"https:\/\/lojena.wepar.hr\/wp-content\/uploads\/2026\/02\/Mask-group.jpg","datePublished":"2026-02-16T18:09:31+00:00","dateModified":"2026-03-10T20:07:48+00:00","breadcrumb":{"@id":"https:\/\/lojena.wepar.hr\/about-us\/#breadcrumb"},"inLanguage":"pl-PL","potentialAction":[{"@type":"ReadAction","target":["https:\/\/lojena.wepar.hr\/about-us\/"]}]},{"@type":"ImageObject","inLanguage":"pl-PL","@id":"https:\/\/lojena.wepar.hr\/about-us\/#primaryimage","url":"https:\/\/lojena.wepar.hr\/wp-content\/uploads\/2026\/02\/Mask-group.jpg","contentUrl":"https:\/\/lojena.wepar.hr\/wp-content\/uploads\/2026\/02\/Mask-group.jpg","width":1512,"height":650,"caption":"Nightview of the Pool surrounded by palm trees"},{"@type":"BreadcrumbList","@id":"https:\/\/lojena.wepar.hr\/about-us\/#breadcrumb","itemListElement":[{"@type":"ListItem","position":1,"name":"Home","item":"https:\/\/lojena.wepar.hr\/pl\/"},{"@type":"ListItem","position":2,"name":"O nas"}]},{"@type":"WebSite","@id":"https:\/\/lojena.wepar.hr\/#website","url":"https:\/\/lojena.wepar.hr\/","name":"Villa Lojena","description":"Luxury Studios","potentialAction":[{"@type":"SearchAction","target":{"@type":"EntryPoint","urlTemplate":"https:\/\/lojena.wepar.hr\/?s={search_term_string}"},"query-input":{"@type":"PropertyValueSpecification","valueRequired":true,"valueName":"search_term_string"}}],"inLanguage":"pl-PL"}]}},"_links":{"self":[{"href":"https:\/\/lojena.wepar.hr\/pl\/wp-json\/wp\/v2\/pages\/2182","targetHints":{"allow":["GET"]}}],"collection":[{"href":"https:\/\/lojena.wepar.hr\/pl\/wp-json\/wp\/v2\/pages"}],"about":[{"href":"https:\/\/lojena.wepar.hr\/pl\/wp-json\/wp\/v2\/types\/page"}],"author":[{"embeddable":true,"href":"https:\/\/lojena.wepar.hr\/pl\/wp-json\/wp\/v2\/users\/1"}],"replies":[{"embeddable":true,"href":"https:\/\/lojena.wepar.hr\/pl\/wp-json\/wp\/v2\/comments?post=2182"}],"version-history":[{"count":1,"href":"https:\/\/lojena.wepar.hr\/pl\/wp-json\/wp\/v2\/pages\/2182\/revisions"}],"predecessor-version":[{"id":2183,"href":"https:\/\/lojena.wepar.hr\/pl\/wp-json\/wp\/v2\/pages\/2182\/revisions\/2183"}],"wp:featuredmedia":[{"embeddable":true,"href":"https:\/\/lojena.wepar.hr\/pl\/wp-json\/wp\/v2\/media\/653"}],"wp:attachment":[{"href":"https:\/\/lojena.wepar.hr\/pl\/wp-json\/wp\/v2\/media?parent=2182"}],"curies":[{"name":"wp","href":"https:\/\/api.w.org\/{rel}","templated":true}]}}