{"id":962,"date":"2026-02-17T15:03:08","date_gmt":"2026-02-17T15:03:08","guid":{"rendered":"https:\/\/lojena.wepar.hr\/?post_type=product&#038;p=962"},"modified":"2026-03-10T14:17:28","modified_gmt":"2026-03-10T14:17:28","slug":"superior-studio-with-garden-view-id-1","status":"publish","type":"product","link":"https:\/\/lojena.wepar.hr\/hu\/termek\/superior-studio-with-garden-view-id-1\/","title":{"rendered":"Superior st\u00fadi\u00f3 kertre n\u00e9z\u0151 kil\u00e1t\u00e1ssal ID 1"},"content":{"rendered":"<p>\u00c9bredjen a tenger, a medence \u00e9s a k\u00f6rnyez\u0151 olajfaligetek leny\u0171g\u00f6z\u0151 kil\u00e1t\u00e1s\u00e1ra. Ezek a gy\u00f6ny\u00f6r\u0171en berendezett st\u00fadi\u00f3k \u00e1rny\u00e9kos terasszal rendelkeznek, amely panor\u00e1m\u00e1s mediterr\u00e1n t\u00e1jat keretez, ide\u00e1lis a reggeli k\u00e1v\u00e9 elfogyaszt\u00e1s\u00e1hoz vagy egy romantikus naplemente megcsod\u00e1l\u00e1s\u00e1hoz.<\/p>\n<p>Bel\u00fcl az eleg\u00e1ns \u00e9s modern bels\u0151 t\u00e9r teljesen felszerelt konyh\u00e1val, t\u00e1gas, modern f\u00fcrd\u0151szob\u00e1val, pr\u00e9mium, 34 cm-es antiallerg\u00e9n matracokkal \u00e9s Daikin l\u00e9gkondicion\u00e1l\u00f3val rendelkezik a t\u00f6k\u00e9letes k\u00e9nyelem \u00e9rdek\u00e9ben.<\/p>\n<p>Egy tov\u00e1bbi gyerek\u00e1gy teszi ezeket a st\u00fadi\u00f3kat nagyszer\u0171 v\u00e1laszt\u00e1ss\u00e1 egy kisebb csal\u00e1di kiruccan\u00e1shoz is.<\/p>\n<p>Okost\u00e9v\u00e9vel, nagy sebess\u00e9g\u0171 5G internettel, ingyenes mosodai szolg\u00e1ltat\u00e1ssal \u00e9s egy k\u00f6z\u00f6s j\u00e9gg\u00e9ppel a friss\u00edt\u0151 italok elk\u00e9sz\u00edt\u00e9s\u00e9hez, minden r\u00e9szletre odafigyeltek.<\/p>\n<p>\u00c9vsz\u00e1zados olajfaligetek veszik k\u00f6r\u00fcl, teljes b\u00e9k\u00e9ben, itt tal\u00e1lkozik a mediterr\u00e1n b\u00e1j a modern luxussal.<\/p>\n","protected":false},"excerpt":{"rendered":"<p>\u00c9bredjen a tenger, a medence \u00e9s a k\u00f6rnyez\u0151 olajfaligetek leny\u0171g\u00f6z\u0151 kil\u00e1t\u00e1s\u00e1ra. Ezek a gy\u00f6ny\u00f6r\u0171en berendezett st\u00fadi\u00f3k \u00e1rny\u00e9kos terasszal rendelkeznek, amely panor\u00e1m\u00e1s mediterr\u00e1n t\u00e1jat keretez, ide\u00e1lis a reggeli k\u00e1v\u00e9 elfogyaszt\u00e1s\u00e1hoz vagy egy romantikus naplemente megcsod\u00e1l\u00e1s\u00e1hoz. Bel\u00fcl az eleg\u00e1ns \u00e9s modern bels\u0151 t\u00e9r teljesen felszerelt konyh\u00e1val, t\u00e1gas, modern f\u00fcrd\u0151szob\u00e1val, pr\u00e9mium, 34 cm-es antiallerg\u00e9n matracokkal \u00e9s Daikin l\u00e9gkondicion\u00e1l\u00f3val [&hellip;]<\/p>\n","protected":false},"featured_media":998,"comment_status":"closed","ping_status":"closed","template":"","meta":{"_acf_changed":false},"product_brand":[],"product_cat":[110],"product_tag":[],"class_list":{"0":"post-962","1":"product","2":"type-product","3":"status-publish","4":"has-post-thumbnail","6":"product_cat-superior-studio-kertre-nezo-kilatassal","8":"first","9":"instock","10":"sold-individually","11":"shipping-taxable","12":"purchasable","13":"product-type-phive_booking"},"acf":[],"yoast_head":"<!-- This site is optimized with the Yoast SEO plugin v27.1.1 - https:\/\/yoast.com\/product\/yoast-seo-wordpress\/ -->\n<title>Superior st\u00fadi\u00f3 kertre n\u00e9z\u0151 kil\u00e1t\u00e1ssal ID 1 - Villa Lojena<\/title>\n<meta name=\"robots\" content=\"index, follow, max-snippet:-1, max-image-preview:large, max-video-preview:-1\" \/>\n<link rel=\"canonical\" href=\"https:\/\/lojena.wepar.hr\/product\/luxury-studio-near-the-beach-id-111-4\/\" \/>\n<meta property=\"og:locale\" content=\"hu_HU\" \/>\n<meta property=\"og:type\" content=\"article\" \/>\n<meta property=\"og:title\" content=\"Superior st\u00fadi\u00f3 kertre n\u00e9z\u0151 kil\u00e1t\u00e1ssal ID 1 - Villa Lojena\" \/>\n<meta property=\"og:description\" content=\"\u00c9bredjen a tenger, a medence \u00e9s a k\u00f6rnyez\u0151 olajfaligetek leny\u0171g\u00f6z\u0151 kil\u00e1t\u00e1s\u00e1ra. Ezek a gy\u00f6ny\u00f6r\u0171en berendezett st\u00fadi\u00f3k \u00e1rny\u00e9kos terasszal rendelkeznek, amely panor\u00e1m\u00e1s mediterr\u00e1n t\u00e1jat keretez, ide\u00e1lis a reggeli k\u00e1v\u00e9 elfogyaszt\u00e1s\u00e1hoz vagy egy romantikus naplemente megcsod\u00e1l\u00e1s\u00e1hoz. Bel\u00fcl az eleg\u00e1ns \u00e9s modern bels\u0151 t\u00e9r teljesen felszerelt konyh\u00e1val, t\u00e1gas, modern f\u00fcrd\u0151szob\u00e1val, pr\u00e9mium, 34 cm-es antiallerg\u00e9n matracokkal \u00e9s Daikin l\u00e9gkondicion\u00e1l\u00f3val [&hellip;]\" \/>\n<meta property=\"og:url\" content=\"https:\/\/lojena.wepar.hr\/product\/luxury-studio-near-the-beach-id-111-4\/\" \/>\n<meta property=\"og:site_name\" content=\"Villa Lojena\" \/>\n<meta property=\"article:modified_time\" content=\"2026-03-10T14:17:28+00:00\" \/>\n<meta property=\"og:image\" content=\"https:\/\/lojena.wepar.hr\/wp-content\/uploads\/2026\/02\/apar-3-i-4.jpeg\" \/>\n\t<meta property=\"og:image:width\" content=\"1980\" \/>\n\t<meta property=\"og:image:height\" content=\"1485\" \/>\n\t<meta property=\"og:image:type\" content=\"image\/jpeg\" \/>\n<meta name=\"twitter:card\" content=\"summary_large_image\" \/>\n<meta name=\"twitter:label1\" content=\"Becs\u00fclt olvas\u00e1si id\u0151\" \/>\n\t<meta name=\"twitter:data1\" content=\"1 perc\" \/>\n<script type=\"application\/ld+json\" class=\"yoast-schema-graph\">{\"@context\":\"https:\/\/schema.org\",\"@graph\":[{\"@type\":\"WebPage\",\"@id\":\"https:\/\/lojena.wepar.hr\/product\/luxury-studio-near-the-beach-id-111-4\/\",\"url\":\"https:\/\/lojena.wepar.hr\/product\/luxury-studio-near-the-beach-id-111-4\/\",\"name\":\"Superior st\u00fadi\u00f3 kertre n\u00e9z\u0151 kil\u00e1t\u00e1ssal ID 1 - Villa Lojena\",\"isPartOf\":{\"@id\":\"https:\/\/lojena.wepar.hr\/#website\"},\"primaryImageOfPage\":{\"@id\":\"https:\/\/lojena.wepar.hr\/product\/luxury-studio-near-the-beach-id-111-4\/#primaryimage\"},\"image\":{\"@id\":\"https:\/\/lojena.wepar.hr\/product\/luxury-studio-near-the-beach-id-111-4\/#primaryimage\"},\"thumbnailUrl\":\"https:\/\/lojena.wepar.hr\/wp-content\/uploads\/2026\/02\/apar-3-i-4.jpeg\",\"datePublished\":\"2026-02-17T15:03:08+00:00\",\"dateModified\":\"2026-03-10T14:17:28+00:00\",\"breadcrumb\":{\"@id\":\"https:\/\/lojena.wepar.hr\/product\/luxury-studio-near-the-beach-id-111-4\/#breadcrumb\"},\"inLanguage\":\"hu\",\"potentialAction\":[{\"@type\":\"ReadAction\",\"target\":[\"https:\/\/lojena.wepar.hr\/product\/luxury-studio-near-the-beach-id-111-4\/\"]}]},{\"@type\":\"ImageObject\",\"inLanguage\":\"hu\",\"@id\":\"https:\/\/lojena.wepar.hr\/product\/luxury-studio-near-the-beach-id-111-4\/#primaryimage\",\"url\":\"https:\/\/lojena.wepar.hr\/wp-content\/uploads\/2026\/02\/apar-3-i-4.jpeg\",\"contentUrl\":\"https:\/\/lojena.wepar.hr\/wp-content\/uploads\/2026\/02\/apar-3-i-4.jpeg\",\"width\":1980,\"height\":1485,\"caption\":\"View of the lush forest from terrace lounge\"},{\"@type\":\"BreadcrumbList\",\"@id\":\"https:\/\/lojena.wepar.hr\/product\/luxury-studio-near-the-beach-id-111-4\/#breadcrumb\",\"itemListElement\":[{\"@type\":\"ListItem\",\"position\":1,\"name\":\"Home\",\"item\":\"https:\/\/lojena.wepar.hr\/hu\/\"},{\"@type\":\"ListItem\",\"position\":2,\"name\":\"Superior st\u00fadi\u00f3 kertre n\u00e9z\u0151 kil\u00e1t\u00e1ssal ID 1\"}]},{\"@type\":\"WebSite\",\"@id\":\"https:\/\/lojena.wepar.hr\/#website\",\"url\":\"https:\/\/lojena.wepar.hr\/\",\"name\":\"Villa Lojena\",\"description\":\"Luxury Studios\",\"potentialAction\":[{\"@type\":\"SearchAction\",\"target\":{\"@type\":\"EntryPoint\",\"urlTemplate\":\"https:\/\/lojena.wepar.hr\/?s={search_term_string}\"},\"query-input\":{\"@type\":\"PropertyValueSpecification\",\"valueRequired\":true,\"valueName\":\"search_term_string\"}}],\"inLanguage\":\"hu\"}]}<\/script>\n<!-- \/ Yoast SEO plugin. -->","yoast_head_json":{"title":"Superior st\u00fadi\u00f3 kertre n\u00e9z\u0151 kil\u00e1t\u00e1ssal ID 1 - Villa Lojena","robots":{"index":"index","follow":"follow","max-snippet":"max-snippet:-1","max-image-preview":"max-image-preview:large","max-video-preview":"max-video-preview:-1"},"canonical":"https:\/\/lojena.wepar.hr\/product\/luxury-studio-near-the-beach-id-111-4\/","og_locale":"hu_HU","og_type":"article","og_title":"Superior st\u00fadi\u00f3 kertre n\u00e9z\u0151 kil\u00e1t\u00e1ssal ID 1 - Villa Lojena","og_description":"\u00c9bredjen a tenger, a medence \u00e9s a k\u00f6rnyez\u0151 olajfaligetek leny\u0171g\u00f6z\u0151 kil\u00e1t\u00e1s\u00e1ra. Ezek a gy\u00f6ny\u00f6r\u0171en berendezett st\u00fadi\u00f3k \u00e1rny\u00e9kos terasszal rendelkeznek, amely panor\u00e1m\u00e1s mediterr\u00e1n t\u00e1jat keretez, ide\u00e1lis a reggeli k\u00e1v\u00e9 elfogyaszt\u00e1s\u00e1hoz vagy egy romantikus naplemente megcsod\u00e1l\u00e1s\u00e1hoz. Bel\u00fcl az eleg\u00e1ns \u00e9s modern bels\u0151 t\u00e9r teljesen felszerelt konyh\u00e1val, t\u00e1gas, modern f\u00fcrd\u0151szob\u00e1val, pr\u00e9mium, 34 cm-es antiallerg\u00e9n matracokkal \u00e9s Daikin l\u00e9gkondicion\u00e1l\u00f3val [&hellip;]","og_url":"https:\/\/lojena.wepar.hr\/product\/luxury-studio-near-the-beach-id-111-4\/","og_site_name":"Villa Lojena","article_modified_time":"2026-03-10T14:17:28+00:00","og_image":[{"width":1980,"height":1485,"url":"https:\/\/lojena.wepar.hr\/wp-content\/uploads\/2026\/02\/apar-3-i-4.jpeg","type":"image\/jpeg"}],"twitter_card":"summary_large_image","twitter_misc":{"Becs\u00fclt olvas\u00e1si id\u0151":"1 perc"},"schema":{"@context":"https:\/\/schema.org","@graph":[{"@type":"WebPage","@id":"https:\/\/lojena.wepar.hr\/product\/luxury-studio-near-the-beach-id-111-4\/","url":"https:\/\/lojena.wepar.hr\/product\/luxury-studio-near-the-beach-id-111-4\/","name":"Superior st\u00fadi\u00f3 kertre n\u00e9z\u0151 kil\u00e1t\u00e1ssal ID 1 - Villa Lojena","isPartOf":{"@id":"https:\/\/lojena.wepar.hr\/#website"},"primaryImageOfPage":{"@id":"https:\/\/lojena.wepar.hr\/product\/luxury-studio-near-the-beach-id-111-4\/#primaryimage"},"image":{"@id":"https:\/\/lojena.wepar.hr\/product\/luxury-studio-near-the-beach-id-111-4\/#primaryimage"},"thumbnailUrl":"https:\/\/lojena.wepar.hr\/wp-content\/uploads\/2026\/02\/apar-3-i-4.jpeg","datePublished":"2026-02-17T15:03:08+00:00","dateModified":"2026-03-10T14:17:28+00:00","breadcrumb":{"@id":"https:\/\/lojena.wepar.hr\/product\/luxury-studio-near-the-beach-id-111-4\/#breadcrumb"},"inLanguage":"hu","potentialAction":[{"@type":"ReadAction","target":["https:\/\/lojena.wepar.hr\/product\/luxury-studio-near-the-beach-id-111-4\/"]}]},{"@type":"ImageObject","inLanguage":"hu","@id":"https:\/\/lojena.wepar.hr\/product\/luxury-studio-near-the-beach-id-111-4\/#primaryimage","url":"https:\/\/lojena.wepar.hr\/wp-content\/uploads\/2026\/02\/apar-3-i-4.jpeg","contentUrl":"https:\/\/lojena.wepar.hr\/wp-content\/uploads\/2026\/02\/apar-3-i-4.jpeg","width":1980,"height":1485,"caption":"View of the lush forest from terrace lounge"},{"@type":"BreadcrumbList","@id":"https:\/\/lojena.wepar.hr\/product\/luxury-studio-near-the-beach-id-111-4\/#breadcrumb","itemListElement":[{"@type":"ListItem","position":1,"name":"Home","item":"https:\/\/lojena.wepar.hr\/hu\/"},{"@type":"ListItem","position":2,"name":"Superior st\u00fadi\u00f3 kertre n\u00e9z\u0151 kil\u00e1t\u00e1ssal ID 1"}]},{"@type":"WebSite","@id":"https:\/\/lojena.wepar.hr\/#website","url":"https:\/\/lojena.wepar.hr\/","name":"Villa Lojena","description":"Luxury Studios","potentialAction":[{"@type":"SearchAction","target":{"@type":"EntryPoint","urlTemplate":"https:\/\/lojena.wepar.hr\/?s={search_term_string}"},"query-input":{"@type":"PropertyValueSpecification","valueRequired":true,"valueName":"search_term_string"}}],"inLanguage":"hu"}]}},"_links":{"self":[{"href":"https:\/\/lojena.wepar.hr\/hu\/wp-json\/wp\/v2\/product\/962","targetHints":{"allow":["GET"]}}],"collection":[{"href":"https:\/\/lojena.wepar.hr\/hu\/wp-json\/wp\/v2\/product"}],"about":[{"href":"https:\/\/lojena.wepar.hr\/hu\/wp-json\/wp\/v2\/types\/product"}],"replies":[{"embeddable":true,"href":"https:\/\/lojena.wepar.hr\/hu\/wp-json\/wp\/v2\/comments?post=962"}],"wp:featuredmedia":[{"embeddable":true,"href":"https:\/\/lojena.wepar.hr\/hu\/wp-json\/wp\/v2\/media\/998"}],"wp:attachment":[{"href":"https:\/\/lojena.wepar.hr\/hu\/wp-json\/wp\/v2\/media?parent=962"}],"wp:term":[{"taxonomy":"product_brand","embeddable":true,"href":"https:\/\/lojena.wepar.hr\/hu\/wp-json\/wp\/v2\/product_brand?post=962"},{"taxonomy":"product_cat","embeddable":true,"href":"https:\/\/lojena.wepar.hr\/hu\/wp-json\/wp\/v2\/product_cat?post=962"},{"taxonomy":"product_tag","embeddable":true,"href":"https:\/\/lojena.wepar.hr\/hu\/wp-json\/wp\/v2\/product_tag?post=962"}],"curies":[{"name":"wp","href":"https:\/\/api.w.org\/{rel}","templated":true}]}}