{"id":2015,"date":"2026-02-25T17:58:29","date_gmt":"2026-02-25T17:58:29","guid":{"rendered":"https:\/\/lojena.wepar.hr\/?post_type=product&#038;p=2015"},"modified":"2026-03-10T19:20:42","modified_gmt":"2026-03-10T19:20:42","slug":"exkluziv-studio-tengerre-nezo-kilatassal-es-pezsgofurdovel","status":"publish","type":"product","link":"https:\/\/lojena.wepar.hr\/hu\/termek\/exkluziv-studio-tengerre-nezo-kilatassal-es-pezsgofurdovel\/","title":{"rendered":"Exkluz\u00edv st\u00fadi\u00f3 tengerre n\u00e9z\u0151 kil\u00e1t\u00e1ssal \u00e9s pezsg\u0151f\u00fcrd\u0151vel"},"content":{"rendered":"<p>Ez a Villa Lojena gy\u00f6ngyszeme p\u00e1rok sz\u00e1m\u00e1ra. A 7-es apartman l\u00e9legzetel\u00e1ll\u00edt\u00f3 kil\u00e1t\u00e1st ny\u00fajt a tengerre \u00e9s a medenc\u00e9re, belt\u00e9ri pezsg\u0151f\u00fcrd\u0151vel, ahonnan kil\u00e1t\u00e1s ny\u00edlik a t\u00e1jra, \u00edgy val\u00f3ban luxus wellness\u00e9lm\u00e9nyben lehet r\u00e9sze an\u00e9lk\u00fcl, hogy elhagyn\u00e1 szob\u00e1j\u00e1t.<\/p>\n<p>L\u00e9pjen ki a t\u00e1gas, \u00e1rny\u00e9kos teraszra, \u00e9s \u00e9lvezze az Adriai-tenger, a medence \u00e9s a vill\u00e1t k\u00f6r\u00fclvev\u0151 olajfaligetek panor\u00e1m\u00e1j\u00e1t.<\/p>\n<p>A bels\u0151 t\u00e9r a romantika jegy\u00e9ben lett kialak\u00edtva, eleg\u00e1ns, modern b\u00fatorokkal, teljesen felszerelt konyh\u00e1val, nagym\u00e9ret\u0171, modern f\u00fcrd\u0151szob\u00e1val \u00e9s pr\u00e9mium, 34 cm-es antiallerg\u00e9n matracokkal a t\u00f6k\u00e9letes \u00e9jszakai alv\u00e1s\u00e9rt. A Daikin l\u00e9gkondicion\u00e1l\u00f3, az okost\u00e9v\u00e9 \u00e9s a nagy sebess\u00e9g\u0171 5G internet teljes k\u00e9nyelmet biztos\u00edt, m\u00edg az ingyenes mosoda \u00e9s vasal\u00e1si szolg\u00e1ltat\u00e1s lehet\u0151v\u00e9 teszi, hogy arra koncentr\u00e1ljon, ami igaz\u00e1n sz\u00e1m\u00edt: egym\u00e1sra.<\/p>\n<p>Egy felejthetetlen kikapcsol\u00f3d\u00e1s, ahol a luxus, a mag\u00e1n\u00e9let \u00e9s a mediterr\u00e1n sz\u00e9ps\u00e9g tal\u00e1lkozik.<\/p>\n","protected":false},"excerpt":{"rendered":"<p>Ez a Villa Lojena gy\u00f6ngyszeme p\u00e1rok sz\u00e1m\u00e1ra. A 7-es apartman l\u00e9legzetel\u00e1ll\u00edt\u00f3 kil\u00e1t\u00e1st ny\u00fajt a tengerre \u00e9s a medenc\u00e9re, belt\u00e9ri pezsg\u0151f\u00fcrd\u0151vel, ahonnan kil\u00e1t\u00e1s ny\u00edlik a t\u00e1jra, \u00edgy val\u00f3ban luxus wellness\u00e9lm\u00e9nyben lehet r\u00e9sze an\u00e9lk\u00fcl, hogy elhagyn\u00e1 szob\u00e1j\u00e1t. L\u00e9pjen ki a t\u00e1gas, \u00e1rny\u00e9kos teraszra, \u00e9s \u00e9lvezze az Adriai-tenger, a medence \u00e9s a vill\u00e1t k\u00f6r\u00fclvev\u0151 olajfaligetek panor\u00e1m\u00e1j\u00e1t. A bels\u0151 [&hellip;]<\/p>\n","protected":false},"featured_media":2016,"comment_status":"closed","ping_status":"closed","template":"","meta":{"_acf_changed":false},"product_brand":[],"product_cat":[78],"product_tag":[],"class_list":{"0":"post-2015","1":"product","2":"type-product","3":"status-publish","4":"has-post-thumbnail","6":"product_cat-exkluziv-studio-tengerre-nezo-kilatassal-es-pezsgofurdovel","8":"first","9":"instock","10":"sold-individually","11":"shipping-taxable","12":"purchasable","13":"product-type-phive_booking"},"acf":[],"yoast_head":"<!-- This site is optimized with the Yoast SEO plugin v27.1.1 - https:\/\/yoast.com\/product\/yoast-seo-wordpress\/ -->\n<title>Exkluz\u00edv st\u00fadi\u00f3 tengerre n\u00e9z\u0151 kil\u00e1t\u00e1ssal \u00e9s pezsg\u0151f\u00fcrd\u0151vel - Villa Lojena<\/title>\n<meta name=\"robots\" content=\"index, follow, max-snippet:-1, max-image-preview:large, max-video-preview:-1\" \/>\n<link rel=\"canonical\" href=\"https:\/\/lojena.wepar.hr\/product\/exclusive-studio-with-sea-view-whirlpool-bath\/\" \/>\n<meta property=\"og:locale\" content=\"hu_HU\" \/>\n<meta property=\"og:type\" content=\"article\" \/>\n<meta property=\"og:title\" content=\"Exkluz\u00edv st\u00fadi\u00f3 tengerre n\u00e9z\u0151 kil\u00e1t\u00e1ssal \u00e9s pezsg\u0151f\u00fcrd\u0151vel - Villa Lojena\" \/>\n<meta property=\"og:description\" content=\"Ez a Villa Lojena gy\u00f6ngyszeme p\u00e1rok sz\u00e1m\u00e1ra. A 7-es apartman l\u00e9legzetel\u00e1ll\u00edt\u00f3 kil\u00e1t\u00e1st ny\u00fajt a tengerre \u00e9s a medenc\u00e9re, belt\u00e9ri pezsg\u0151f\u00fcrd\u0151vel, ahonnan kil\u00e1t\u00e1s ny\u00edlik a t\u00e1jra, \u00edgy val\u00f3ban luxus wellness\u00e9lm\u00e9nyben lehet r\u00e9sze an\u00e9lk\u00fcl, hogy elhagyn\u00e1 szob\u00e1j\u00e1t. L\u00e9pjen ki a t\u00e1gas, \u00e1rny\u00e9kos teraszra, \u00e9s \u00e9lvezze az Adriai-tenger, a medence \u00e9s a vill\u00e1t k\u00f6r\u00fclvev\u0151 olajfaligetek panor\u00e1m\u00e1j\u00e1t. A bels\u0151 [&hellip;]\" \/>\n<meta property=\"og:url\" content=\"https:\/\/lojena.wepar.hr\/product\/exclusive-studio-with-sea-view-whirlpool-bath\/\" \/>\n<meta property=\"og:site_name\" content=\"Villa Lojena\" \/>\n<meta property=\"article:modified_time\" content=\"2026-03-10T19:20:42+00:00\" \/>\n<meta property=\"og:image\" content=\"https:\/\/lojena.wepar.hr\/wp-content\/uploads\/2026\/02\/Exclusive-Studio-with-Sea-View-Whirlpool-Bath-Image-1.jpg\" \/>\n\t<meta property=\"og:image:width\" content=\"1024\" \/>\n\t<meta property=\"og:image:height\" content=\"768\" \/>\n\t<meta property=\"og:image:type\" content=\"image\/jpeg\" \/>\n<meta name=\"twitter:card\" content=\"summary_large_image\" \/>\n<meta name=\"twitter:label1\" content=\"Becs\u00fclt olvas\u00e1si id\u0151\" \/>\n\t<meta name=\"twitter:data1\" content=\"1 perc\" \/>\n<script type=\"application\/ld+json\" class=\"yoast-schema-graph\">{\"@context\":\"https:\/\/schema.org\",\"@graph\":[{\"@type\":\"WebPage\",\"@id\":\"https:\/\/lojena.wepar.hr\/product\/exclusive-studio-with-sea-view-whirlpool-bath\/\",\"url\":\"https:\/\/lojena.wepar.hr\/product\/exclusive-studio-with-sea-view-whirlpool-bath\/\",\"name\":\"Exkluz\u00edv st\u00fadi\u00f3 tengerre n\u00e9z\u0151 kil\u00e1t\u00e1ssal \u00e9s pezsg\u0151f\u00fcrd\u0151vel - Villa Lojena\",\"isPartOf\":{\"@id\":\"https:\/\/lojena.wepar.hr\/#website\"},\"primaryImageOfPage\":{\"@id\":\"https:\/\/lojena.wepar.hr\/product\/exclusive-studio-with-sea-view-whirlpool-bath\/#primaryimage\"},\"image\":{\"@id\":\"https:\/\/lojena.wepar.hr\/product\/exclusive-studio-with-sea-view-whirlpool-bath\/#primaryimage\"},\"thumbnailUrl\":\"https:\/\/lojena.wepar.hr\/wp-content\/uploads\/2026\/02\/Exclusive-Studio-with-Sea-View-Whirlpool-Bath-Image-1.jpg\",\"datePublished\":\"2026-02-25T17:58:29+00:00\",\"dateModified\":\"2026-03-10T19:20:42+00:00\",\"breadcrumb\":{\"@id\":\"https:\/\/lojena.wepar.hr\/product\/exclusive-studio-with-sea-view-whirlpool-bath\/#breadcrumb\"},\"inLanguage\":\"hu\",\"potentialAction\":[{\"@type\":\"ReadAction\",\"target\":[\"https:\/\/lojena.wepar.hr\/product\/exclusive-studio-with-sea-view-whirlpool-bath\/\"]}]},{\"@type\":\"ImageObject\",\"inLanguage\":\"hu\",\"@id\":\"https:\/\/lojena.wepar.hr\/product\/exclusive-studio-with-sea-view-whirlpool-bath\/#primaryimage\",\"url\":\"https:\/\/lojena.wepar.hr\/wp-content\/uploads\/2026\/02\/Exclusive-Studio-with-Sea-View-Whirlpool-Bath-Image-1.jpg\",\"contentUrl\":\"https:\/\/lojena.wepar.hr\/wp-content\/uploads\/2026\/02\/Exclusive-Studio-with-Sea-View-Whirlpool-Bath-Image-1.jpg\",\"width\":1024,\"height\":768,\"caption\":\"Romanticly lightened bedroom with a double bed and wall television\"},{\"@type\":\"BreadcrumbList\",\"@id\":\"https:\/\/lojena.wepar.hr\/product\/exclusive-studio-with-sea-view-whirlpool-bath\/#breadcrumb\",\"itemListElement\":[{\"@type\":\"ListItem\",\"position\":1,\"name\":\"Home\",\"item\":\"https:\/\/lojena.wepar.hr\/hu\/\"},{\"@type\":\"ListItem\",\"position\":2,\"name\":\"Exkluz\u00edv st\u00fadi\u00f3 tengerre n\u00e9z\u0151 kil\u00e1t\u00e1ssal \u00e9s pezsg\u0151f\u00fcrd\u0151vel\"}]},{\"@type\":\"WebSite\",\"@id\":\"https:\/\/lojena.wepar.hr\/#website\",\"url\":\"https:\/\/lojena.wepar.hr\/\",\"name\":\"Villa Lojena\",\"description\":\"Luxury Studios\",\"potentialAction\":[{\"@type\":\"SearchAction\",\"target\":{\"@type\":\"EntryPoint\",\"urlTemplate\":\"https:\/\/lojena.wepar.hr\/?s={search_term_string}\"},\"query-input\":{\"@type\":\"PropertyValueSpecification\",\"valueRequired\":true,\"valueName\":\"search_term_string\"}}],\"inLanguage\":\"hu\"}]}<\/script>\n<!-- \/ Yoast SEO plugin. -->","yoast_head_json":{"title":"Exkluz\u00edv st\u00fadi\u00f3 tengerre n\u00e9z\u0151 kil\u00e1t\u00e1ssal \u00e9s pezsg\u0151f\u00fcrd\u0151vel - Villa Lojena","robots":{"index":"index","follow":"follow","max-snippet":"max-snippet:-1","max-image-preview":"max-image-preview:large","max-video-preview":"max-video-preview:-1"},"canonical":"https:\/\/lojena.wepar.hr\/product\/exclusive-studio-with-sea-view-whirlpool-bath\/","og_locale":"hu_HU","og_type":"article","og_title":"Exkluz\u00edv st\u00fadi\u00f3 tengerre n\u00e9z\u0151 kil\u00e1t\u00e1ssal \u00e9s pezsg\u0151f\u00fcrd\u0151vel - Villa Lojena","og_description":"Ez a Villa Lojena gy\u00f6ngyszeme p\u00e1rok sz\u00e1m\u00e1ra. A 7-es apartman l\u00e9legzetel\u00e1ll\u00edt\u00f3 kil\u00e1t\u00e1st ny\u00fajt a tengerre \u00e9s a medenc\u00e9re, belt\u00e9ri pezsg\u0151f\u00fcrd\u0151vel, ahonnan kil\u00e1t\u00e1s ny\u00edlik a t\u00e1jra, \u00edgy val\u00f3ban luxus wellness\u00e9lm\u00e9nyben lehet r\u00e9sze an\u00e9lk\u00fcl, hogy elhagyn\u00e1 szob\u00e1j\u00e1t. L\u00e9pjen ki a t\u00e1gas, \u00e1rny\u00e9kos teraszra, \u00e9s \u00e9lvezze az Adriai-tenger, a medence \u00e9s a vill\u00e1t k\u00f6r\u00fclvev\u0151 olajfaligetek panor\u00e1m\u00e1j\u00e1t. A bels\u0151 [&hellip;]","og_url":"https:\/\/lojena.wepar.hr\/product\/exclusive-studio-with-sea-view-whirlpool-bath\/","og_site_name":"Villa Lojena","article_modified_time":"2026-03-10T19:20:42+00:00","og_image":[{"width":1024,"height":768,"url":"https:\/\/lojena.wepar.hr\/wp-content\/uploads\/2026\/02\/Exclusive-Studio-with-Sea-View-Whirlpool-Bath-Image-1.jpg","type":"image\/jpeg"}],"twitter_card":"summary_large_image","twitter_misc":{"Becs\u00fclt olvas\u00e1si id\u0151":"1 perc"},"schema":{"@context":"https:\/\/schema.org","@graph":[{"@type":"WebPage","@id":"https:\/\/lojena.wepar.hr\/product\/exclusive-studio-with-sea-view-whirlpool-bath\/","url":"https:\/\/lojena.wepar.hr\/product\/exclusive-studio-with-sea-view-whirlpool-bath\/","name":"Exkluz\u00edv st\u00fadi\u00f3 tengerre n\u00e9z\u0151 kil\u00e1t\u00e1ssal \u00e9s pezsg\u0151f\u00fcrd\u0151vel - Villa Lojena","isPartOf":{"@id":"https:\/\/lojena.wepar.hr\/#website"},"primaryImageOfPage":{"@id":"https:\/\/lojena.wepar.hr\/product\/exclusive-studio-with-sea-view-whirlpool-bath\/#primaryimage"},"image":{"@id":"https:\/\/lojena.wepar.hr\/product\/exclusive-studio-with-sea-view-whirlpool-bath\/#primaryimage"},"thumbnailUrl":"https:\/\/lojena.wepar.hr\/wp-content\/uploads\/2026\/02\/Exclusive-Studio-with-Sea-View-Whirlpool-Bath-Image-1.jpg","datePublished":"2026-02-25T17:58:29+00:00","dateModified":"2026-03-10T19:20:42+00:00","breadcrumb":{"@id":"https:\/\/lojena.wepar.hr\/product\/exclusive-studio-with-sea-view-whirlpool-bath\/#breadcrumb"},"inLanguage":"hu","potentialAction":[{"@type":"ReadAction","target":["https:\/\/lojena.wepar.hr\/product\/exclusive-studio-with-sea-view-whirlpool-bath\/"]}]},{"@type":"ImageObject","inLanguage":"hu","@id":"https:\/\/lojena.wepar.hr\/product\/exclusive-studio-with-sea-view-whirlpool-bath\/#primaryimage","url":"https:\/\/lojena.wepar.hr\/wp-content\/uploads\/2026\/02\/Exclusive-Studio-with-Sea-View-Whirlpool-Bath-Image-1.jpg","contentUrl":"https:\/\/lojena.wepar.hr\/wp-content\/uploads\/2026\/02\/Exclusive-Studio-with-Sea-View-Whirlpool-Bath-Image-1.jpg","width":1024,"height":768,"caption":"Romanticly lightened bedroom with a double bed and wall television"},{"@type":"BreadcrumbList","@id":"https:\/\/lojena.wepar.hr\/product\/exclusive-studio-with-sea-view-whirlpool-bath\/#breadcrumb","itemListElement":[{"@type":"ListItem","position":1,"name":"Home","item":"https:\/\/lojena.wepar.hr\/hu\/"},{"@type":"ListItem","position":2,"name":"Exkluz\u00edv st\u00fadi\u00f3 tengerre n\u00e9z\u0151 kil\u00e1t\u00e1ssal \u00e9s pezsg\u0151f\u00fcrd\u0151vel"}]},{"@type":"WebSite","@id":"https:\/\/lojena.wepar.hr\/#website","url":"https:\/\/lojena.wepar.hr\/","name":"Villa Lojena","description":"Luxury Studios","potentialAction":[{"@type":"SearchAction","target":{"@type":"EntryPoint","urlTemplate":"https:\/\/lojena.wepar.hr\/?s={search_term_string}"},"query-input":{"@type":"PropertyValueSpecification","valueRequired":true,"valueName":"search_term_string"}}],"inLanguage":"hu"}]}},"_links":{"self":[{"href":"https:\/\/lojena.wepar.hr\/hu\/wp-json\/wp\/v2\/product\/2015","targetHints":{"allow":["GET"]}}],"collection":[{"href":"https:\/\/lojena.wepar.hr\/hu\/wp-json\/wp\/v2\/product"}],"about":[{"href":"https:\/\/lojena.wepar.hr\/hu\/wp-json\/wp\/v2\/types\/product"}],"replies":[{"embeddable":true,"href":"https:\/\/lojena.wepar.hr\/hu\/wp-json\/wp\/v2\/comments?post=2015"}],"wp:featuredmedia":[{"embeddable":true,"href":"https:\/\/lojena.wepar.hr\/hu\/wp-json\/wp\/v2\/media\/2016"}],"wp:attachment":[{"href":"https:\/\/lojena.wepar.hr\/hu\/wp-json\/wp\/v2\/media?parent=2015"}],"wp:term":[{"taxonomy":"product_brand","embeddable":true,"href":"https:\/\/lojena.wepar.hr\/hu\/wp-json\/wp\/v2\/product_brand?post=2015"},{"taxonomy":"product_cat","embeddable":true,"href":"https:\/\/lojena.wepar.hr\/hu\/wp-json\/wp\/v2\/product_cat?post=2015"},{"taxonomy":"product_tag","embeddable":true,"href":"https:\/\/lojena.wepar.hr\/hu\/wp-json\/wp\/v2\/product_tag?post=2015"}],"curies":[{"name":"wp","href":"https:\/\/api.w.org\/{rel}","templated":true}]}}