{"id":1840,"date":"2026-02-25T14:46:42","date_gmt":"2026-02-25T14:46:42","guid":{"rendered":"https:\/\/lojena.wepar.hr\/?post_type=product&#038;p=1840"},"modified":"2026-03-19T08:11:41","modified_gmt":"2026-03-19T08:11:41","slug":"premium-studio-sajat-kulteri-pezsgofurdovel-id-2","status":"publish","type":"product","link":"https:\/\/lojena.wepar.hr\/hu\/termek\/premium-studio-sajat-kulteri-pezsgofurdovel-id-2\/","title":{"rendered":"Pr\u00e9mium st\u00fadi\u00f3 saj\u00e1t k\u00fclt\u00e9ri pezsg\u0151f\u00fcrd\u0151vel ID 2"},"content":{"rendered":"<p>Mer\u00fclj\u00f6n el egy autentikus mediterr\u00e1n hangulatban egy olyan st\u00fadi\u00f3ban, amely a st\u00edlust \u00e9s a praktikumot egyar\u00e1nt el\u0151t\u00e9rbe helyezi. Ez a f\u00f6ldszinti sz\u00e1ll\u00e1s h\u00edvogat\u00f3, \u00e1rny\u00e9kos terasszal rendelkezik, ahonnan panor\u00e1m\u00e1s kil\u00e1t\u00e1s ny\u00edlik a nyugodt olajfaligetekre \u2013 idilli hely a kikapcsol\u00f3d\u00e1sra egy tengerparti nap ut\u00e1n.<\/p>\n<p>A gondosan megtervezett bels\u0151 t\u00e9rben eleg\u00e1ns nappali, teljesen felszerelt konyha tal\u00e1lhat\u00f3 az \u00d6n kulin\u00e1ris ig\u00e9nyeinek kiel\u00e9g\u00edt\u00e9s\u00e9re, valamint egy nagy, st\u00edlusos f\u00fcrd\u0151szoba. Minden este luxus\u00e9lm\u00e9ny a 34 cm-es hipoallerg\u00e9n matracoknak \u00e9s a Daikin rendszerek \u00e1ltal biztos\u00edtott kl\u00edmavez\u00e9relt k\u00e9nyelemnek k\u00f6sz\u00f6nhet\u0151en.<\/p>\n<p>Maradjon kapcsolatban a vil\u00e1ggal a nagy sebess\u00e9g\u0171 5G Wi-Fi \u00e9s az okost\u00e9v\u00e9 seg\u00edts\u00e9g\u00e9vel, mik\u00f6zben \u00e9lvezi az ingyenes mosodai \u00e9s vasal\u00e1si szolg\u00e1ltat\u00e1sunk luxus\u00e1t. Ez a st\u00fadi\u00f3 a modern k\u00e9nyelem \u00e9s a mediterr\u00e1n id\u0151tlen nyugalom t\u00f6k\u00e9letes \u00f6tv\u00f6zete, mindent k\u00edn\u00e1lva, amire sz\u00fcks\u00e9ge van egy igaz\u00e1n pihentet\u0151 kiruccan\u00e1shoz.<\/p>\n","protected":false},"excerpt":{"rendered":"<p>Mer\u00fclj\u00f6n el egy autentikus mediterr\u00e1n hangulatban egy olyan st\u00fadi\u00f3ban, amely a st\u00edlust \u00e9s a praktikumot egyar\u00e1nt el\u0151t\u00e9rbe helyezi. Ez a f\u00f6ldszinti sz\u00e1ll\u00e1s h\u00edvogat\u00f3, \u00e1rny\u00e9kos terasszal rendelkezik, ahonnan panor\u00e1m\u00e1s kil\u00e1t\u00e1s ny\u00edlik a nyugodt olajfaligetekre \u2013 idilli hely a kikapcsol\u00f3d\u00e1sra egy tengerparti nap ut\u00e1n. A gondosan megtervezett bels\u0151 t\u00e9rben eleg\u00e1ns nappali, teljesen felszerelt konyha tal\u00e1lhat\u00f3 az \u00d6n [&hellip;]<\/p>\n","protected":false},"featured_media":1127,"comment_status":"closed","ping_status":"closed","template":"","meta":{"_acf_changed":false},"product_brand":[],"product_cat":[94],"product_tag":[],"class_list":{"0":"post-1840","1":"product","2":"type-product","3":"status-publish","4":"has-post-thumbnail","6":"product_cat-premium-studio-sajat-kulteri-pezsgofurdovel","8":"first","9":"instock","10":"sold-individually","11":"shipping-taxable","12":"purchasable","13":"product-type-phive_booking"},"acf":[],"yoast_head":"<!-- This site is optimized with the Yoast SEO plugin v27.1.1 - https:\/\/yoast.com\/product\/yoast-seo-wordpress\/ -->\n<title>Pr\u00e9mium st\u00fadi\u00f3 saj\u00e1t k\u00fclt\u00e9ri pezsg\u0151f\u00fcrd\u0151vel ID 2 - Villa Lojena<\/title>\n<meta name=\"robots\" content=\"index, follow, max-snippet:-1, max-image-preview:large, max-video-preview:-1\" \/>\n<link rel=\"canonical\" href=\"https:\/\/lojena.wepar.hr\/hu\/termek\/premium-studio-sajat-kulteri-pezsgofurdovel-id-2\/\" \/>\n<meta property=\"og:locale\" content=\"hu_HU\" \/>\n<meta property=\"og:type\" content=\"article\" \/>\n<meta property=\"og:title\" content=\"Pr\u00e9mium st\u00fadi\u00f3 saj\u00e1t k\u00fclt\u00e9ri pezsg\u0151f\u00fcrd\u0151vel ID 2 - Villa Lojena\" \/>\n<meta property=\"og:description\" content=\"Mer\u00fclj\u00f6n el egy autentikus mediterr\u00e1n hangulatban egy olyan st\u00fadi\u00f3ban, amely a st\u00edlust \u00e9s a praktikumot egyar\u00e1nt el\u0151t\u00e9rbe helyezi. Ez a f\u00f6ldszinti sz\u00e1ll\u00e1s h\u00edvogat\u00f3, \u00e1rny\u00e9kos terasszal rendelkezik, ahonnan panor\u00e1m\u00e1s kil\u00e1t\u00e1s ny\u00edlik a nyugodt olajfaligetekre \u2013 idilli hely a kikapcsol\u00f3d\u00e1sra egy tengerparti nap ut\u00e1n. A gondosan megtervezett bels\u0151 t\u00e9rben eleg\u00e1ns nappali, teljesen felszerelt konyha tal\u00e1lhat\u00f3 az \u00d6n [&hellip;]\" \/>\n<meta property=\"og:url\" content=\"https:\/\/lojena.wepar.hr\/hu\/termek\/premium-studio-sajat-kulteri-pezsgofurdovel-id-2\/\" \/>\n<meta property=\"og:site_name\" content=\"Villa Lojena\" \/>\n<meta property=\"article:modified_time\" content=\"2026-03-19T08:11:41+00:00\" \/>\n<meta property=\"og:image\" content=\"https:\/\/lojena.wepar.hr\/wp-content\/uploads\/2026\/02\/ap-1-jacuzzi.jpg\" \/>\n\t<meta property=\"og:image:width\" content=\"2000\" \/>\n\t<meta property=\"og:image:height\" content=\"1500\" \/>\n\t<meta property=\"og:image:type\" content=\"image\/jpeg\" \/>\n<meta name=\"twitter:card\" content=\"summary_large_image\" \/>\n<meta name=\"twitter:label1\" content=\"Becs\u00fclt olvas\u00e1si id\u0151\" \/>\n\t<meta name=\"twitter:data1\" content=\"1 perc\" \/>\n<script type=\"application\/ld+json\" class=\"yoast-schema-graph\">{\"@context\":\"https:\/\/schema.org\",\"@graph\":[{\"@type\":\"WebPage\",\"@id\":\"https:\/\/lojena.wepar.hr\/hu\/termek\/premium-studio-sajat-kulteri-pezsgofurdovel-id-2\/\",\"url\":\"https:\/\/lojena.wepar.hr\/hu\/termek\/premium-studio-sajat-kulteri-pezsgofurdovel-id-2\/\",\"name\":\"Pr\u00e9mium st\u00fadi\u00f3 saj\u00e1t k\u00fclt\u00e9ri pezsg\u0151f\u00fcrd\u0151vel ID 2 - Villa Lojena\",\"isPartOf\":{\"@id\":\"https:\/\/lojena.wepar.hr\/#website\"},\"primaryImageOfPage\":{\"@id\":\"https:\/\/lojena.wepar.hr\/hu\/termek\/premium-studio-sajat-kulteri-pezsgofurdovel-id-2\/#primaryimage\"},\"image\":{\"@id\":\"https:\/\/lojena.wepar.hr\/hu\/termek\/premium-studio-sajat-kulteri-pezsgofurdovel-id-2\/#primaryimage\"},\"thumbnailUrl\":\"https:\/\/lojena.wepar.hr\/wp-content\/uploads\/2026\/02\/ap-1-jacuzzi.jpg\",\"datePublished\":\"2026-02-25T14:46:42+00:00\",\"dateModified\":\"2026-03-19T08:11:41+00:00\",\"breadcrumb\":{\"@id\":\"https:\/\/lojena.wepar.hr\/hu\/termek\/premium-studio-sajat-kulteri-pezsgofurdovel-id-2\/#breadcrumb\"},\"inLanguage\":\"hu\",\"potentialAction\":[{\"@type\":\"ReadAction\",\"target\":[\"https:\/\/lojena.wepar.hr\/hu\/termek\/premium-studio-sajat-kulteri-pezsgofurdovel-id-2\/\"]}]},{\"@type\":\"ImageObject\",\"inLanguage\":\"hu\",\"@id\":\"https:\/\/lojena.wepar.hr\/hu\/termek\/premium-studio-sajat-kulteri-pezsgofurdovel-id-2\/#primaryimage\",\"url\":\"https:\/\/lojena.wepar.hr\/wp-content\/uploads\/2026\/02\/ap-1-jacuzzi.jpg\",\"contentUrl\":\"https:\/\/lojena.wepar.hr\/wp-content\/uploads\/2026\/02\/ap-1-jacuzzi.jpg\",\"width\":2000,\"height\":1500,\"caption\":\"View of outside jacuzzi from shadow covered terrace\"},{\"@type\":\"BreadcrumbList\",\"@id\":\"https:\/\/lojena.wepar.hr\/hu\/termek\/premium-studio-sajat-kulteri-pezsgofurdovel-id-2\/#breadcrumb\",\"itemListElement\":[{\"@type\":\"ListItem\",\"position\":1,\"name\":\"Home\",\"item\":\"https:\/\/lojena.wepar.hr\/hu\/\"},{\"@type\":\"ListItem\",\"position\":2,\"name\":\"Pr\u00e9mium st\u00fadi\u00f3 saj\u00e1t k\u00fclt\u00e9ri pezsg\u0151f\u00fcrd\u0151vel ID 2\"}]},{\"@type\":\"WebSite\",\"@id\":\"https:\/\/lojena.wepar.hr\/#website\",\"url\":\"https:\/\/lojena.wepar.hr\/\",\"name\":\"Villa Lojena\",\"description\":\"Luxury Studios\",\"potentialAction\":[{\"@type\":\"SearchAction\",\"target\":{\"@type\":\"EntryPoint\",\"urlTemplate\":\"https:\/\/lojena.wepar.hr\/?s={search_term_string}\"},\"query-input\":{\"@type\":\"PropertyValueSpecification\",\"valueRequired\":true,\"valueName\":\"search_term_string\"}}],\"inLanguage\":\"hu\"}]}<\/script>\n<!-- \/ Yoast SEO plugin. -->","yoast_head_json":{"title":"Pr\u00e9mium st\u00fadi\u00f3 saj\u00e1t k\u00fclt\u00e9ri pezsg\u0151f\u00fcrd\u0151vel ID 2 - Villa Lojena","robots":{"index":"index","follow":"follow","max-snippet":"max-snippet:-1","max-image-preview":"max-image-preview:large","max-video-preview":"max-video-preview:-1"},"canonical":"https:\/\/lojena.wepar.hr\/hu\/termek\/premium-studio-sajat-kulteri-pezsgofurdovel-id-2\/","og_locale":"hu_HU","og_type":"article","og_title":"Pr\u00e9mium st\u00fadi\u00f3 saj\u00e1t k\u00fclt\u00e9ri pezsg\u0151f\u00fcrd\u0151vel ID 2 - Villa Lojena","og_description":"Mer\u00fclj\u00f6n el egy autentikus mediterr\u00e1n hangulatban egy olyan st\u00fadi\u00f3ban, amely a st\u00edlust \u00e9s a praktikumot egyar\u00e1nt el\u0151t\u00e9rbe helyezi. Ez a f\u00f6ldszinti sz\u00e1ll\u00e1s h\u00edvogat\u00f3, \u00e1rny\u00e9kos terasszal rendelkezik, ahonnan panor\u00e1m\u00e1s kil\u00e1t\u00e1s ny\u00edlik a nyugodt olajfaligetekre \u2013 idilli hely a kikapcsol\u00f3d\u00e1sra egy tengerparti nap ut\u00e1n. A gondosan megtervezett bels\u0151 t\u00e9rben eleg\u00e1ns nappali, teljesen felszerelt konyha tal\u00e1lhat\u00f3 az \u00d6n [&hellip;]","og_url":"https:\/\/lojena.wepar.hr\/hu\/termek\/premium-studio-sajat-kulteri-pezsgofurdovel-id-2\/","og_site_name":"Villa Lojena","article_modified_time":"2026-03-19T08:11:41+00:00","og_image":[{"width":2000,"height":1500,"url":"https:\/\/lojena.wepar.hr\/wp-content\/uploads\/2026\/02\/ap-1-jacuzzi.jpg","type":"image\/jpeg"}],"twitter_card":"summary_large_image","twitter_misc":{"Becs\u00fclt olvas\u00e1si id\u0151":"1 perc"},"schema":{"@context":"https:\/\/schema.org","@graph":[{"@type":"WebPage","@id":"https:\/\/lojena.wepar.hr\/hu\/termek\/premium-studio-sajat-kulteri-pezsgofurdovel-id-2\/","url":"https:\/\/lojena.wepar.hr\/hu\/termek\/premium-studio-sajat-kulteri-pezsgofurdovel-id-2\/","name":"Pr\u00e9mium st\u00fadi\u00f3 saj\u00e1t k\u00fclt\u00e9ri pezsg\u0151f\u00fcrd\u0151vel ID 2 - Villa Lojena","isPartOf":{"@id":"https:\/\/lojena.wepar.hr\/#website"},"primaryImageOfPage":{"@id":"https:\/\/lojena.wepar.hr\/hu\/termek\/premium-studio-sajat-kulteri-pezsgofurdovel-id-2\/#primaryimage"},"image":{"@id":"https:\/\/lojena.wepar.hr\/hu\/termek\/premium-studio-sajat-kulteri-pezsgofurdovel-id-2\/#primaryimage"},"thumbnailUrl":"https:\/\/lojena.wepar.hr\/wp-content\/uploads\/2026\/02\/ap-1-jacuzzi.jpg","datePublished":"2026-02-25T14:46:42+00:00","dateModified":"2026-03-19T08:11:41+00:00","breadcrumb":{"@id":"https:\/\/lojena.wepar.hr\/hu\/termek\/premium-studio-sajat-kulteri-pezsgofurdovel-id-2\/#breadcrumb"},"inLanguage":"hu","potentialAction":[{"@type":"ReadAction","target":["https:\/\/lojena.wepar.hr\/hu\/termek\/premium-studio-sajat-kulteri-pezsgofurdovel-id-2\/"]}]},{"@type":"ImageObject","inLanguage":"hu","@id":"https:\/\/lojena.wepar.hr\/hu\/termek\/premium-studio-sajat-kulteri-pezsgofurdovel-id-2\/#primaryimage","url":"https:\/\/lojena.wepar.hr\/wp-content\/uploads\/2026\/02\/ap-1-jacuzzi.jpg","contentUrl":"https:\/\/lojena.wepar.hr\/wp-content\/uploads\/2026\/02\/ap-1-jacuzzi.jpg","width":2000,"height":1500,"caption":"View of outside jacuzzi from shadow covered terrace"},{"@type":"BreadcrumbList","@id":"https:\/\/lojena.wepar.hr\/hu\/termek\/premium-studio-sajat-kulteri-pezsgofurdovel-id-2\/#breadcrumb","itemListElement":[{"@type":"ListItem","position":1,"name":"Home","item":"https:\/\/lojena.wepar.hr\/hu\/"},{"@type":"ListItem","position":2,"name":"Pr\u00e9mium st\u00fadi\u00f3 saj\u00e1t k\u00fclt\u00e9ri pezsg\u0151f\u00fcrd\u0151vel ID 2"}]},{"@type":"WebSite","@id":"https:\/\/lojena.wepar.hr\/#website","url":"https:\/\/lojena.wepar.hr\/","name":"Villa Lojena","description":"Luxury Studios","potentialAction":[{"@type":"SearchAction","target":{"@type":"EntryPoint","urlTemplate":"https:\/\/lojena.wepar.hr\/?s={search_term_string}"},"query-input":{"@type":"PropertyValueSpecification","valueRequired":true,"valueName":"search_term_string"}}],"inLanguage":"hu"}]}},"_links":{"self":[{"href":"https:\/\/lojena.wepar.hr\/hu\/wp-json\/wp\/v2\/product\/1840","targetHints":{"allow":["GET"]}}],"collection":[{"href":"https:\/\/lojena.wepar.hr\/hu\/wp-json\/wp\/v2\/product"}],"about":[{"href":"https:\/\/lojena.wepar.hr\/hu\/wp-json\/wp\/v2\/types\/product"}],"replies":[{"embeddable":true,"href":"https:\/\/lojena.wepar.hr\/hu\/wp-json\/wp\/v2\/comments?post=1840"}],"wp:featuredmedia":[{"embeddable":true,"href":"https:\/\/lojena.wepar.hr\/hu\/wp-json\/wp\/v2\/media\/1127"}],"wp:attachment":[{"href":"https:\/\/lojena.wepar.hr\/hu\/wp-json\/wp\/v2\/media?parent=1840"}],"wp:term":[{"taxonomy":"product_brand","embeddable":true,"href":"https:\/\/lojena.wepar.hr\/hu\/wp-json\/wp\/v2\/product_brand?post=1840"},{"taxonomy":"product_cat","embeddable":true,"href":"https:\/\/lojena.wepar.hr\/hu\/wp-json\/wp\/v2\/product_cat?post=1840"},{"taxonomy":"product_tag","embeddable":true,"href":"https:\/\/lojena.wepar.hr\/hu\/wp-json\/wp\/v2\/product_tag?post=1840"}],"curies":[{"name":"wp","href":"https:\/\/api.w.org\/{rel}","templated":true}]}}