{"id":1834,"date":"2026-02-25T18:06:05","date_gmt":"2026-02-25T18:06:05","guid":{"rendered":"https:\/\/lojena.wepar.hr\/?post_type=product&#038;p=1834"},"modified":"2026-03-10T18:42:59","modified_gmt":"2026-03-10T18:42:59","slug":"exkluziv-harom-haloszobas-penthouse-panoramas-tengeri-kilatassal","status":"publish","type":"product","link":"https:\/\/lojena.wepar.hr\/hu\/termek\/exkluziv-harom-haloszobas-penthouse-panoramas-tengeri-kilatassal\/","title":{"rendered":"Exkluz\u00edv h\u00e1rom h\u00e1l\u00f3szob\u00e1s penthouse panor\u00e1m\u00e1s tengeri kil\u00e1t\u00e1ssal"},"content":{"rendered":"<p>A t\u00f6k\u00e9letes Villa Lojena \u00e9lm\u00e9ny. A leny\u0171g\u00f6z\u0151, 155 m\u00b2-es penthouse a vill\u00e1t egy 80 m\u00b2-es terasszal koron\u00e1zza meg, ahonnan leny\u0171g\u00f6z\u0151 panor\u00e1m\u00e1s kil\u00e1t\u00e1s ny\u00edlik a tengerre \u00e9s a felejthetetlen naplement\u00e9kre.<\/p>\n<p>A f\u0151 h\u00e1l\u00f3szob\u00e1hoz saj\u00e1t luxus f\u00fcrd\u0151szoba tartozik pezsg\u0151f\u00fcrd\u0151vel \u00e9s kerti kil\u00e1t\u00e1ssal, az \u00d6n priv\u00e1t wellness-\u00fcd\u00fcl\u0151helye.<\/p>\n<p>K\u00e9t tov\u00e1bbi h\u00e1l\u00f3szoba, mindegyik saj\u00e1t f\u00fcrd\u0151szob\u00e1val \u00e9s Daikin l\u00e9gkondicion\u00e1l\u00f3val, k\u00e9nyelmet \u00e9s mag\u00e1n\u00e9letet biztos\u00edt a csal\u00e1d vagy a vend\u00e9gek sz\u00e1m\u00e1ra.<\/p>\n<p>Az eleg\u00e1ns nappali tengerre n\u00e9z, m\u00edg az \u00e9tkez\u0151 hat f\u00e9r\u0151helyes, eml\u00e9kezetes k\u00f6z\u00f6s \u00e9tkez\u00e9sekhez.<\/p>\n<p>A teljesen felszerelt konyha mos\u00f3g\u00e9ppel \u00e9s mosogat\u00f3g\u00e9ppel megk\u00f6nny\u00edti a hosszabb tart\u00f3zkod\u00e1st.<\/p>\n<p>A teraszon tal\u00e1lhat\u00f3 napoz\u00f3\u00e1gyak h\u00edvogatnak, hogy \u00e9lvezhesse a mediterr\u00e1n sz\u00e9ps\u00e9get, \u00e9s h\u00e1rom \u00e1rny\u00e9kos parkol\u00f3hely, k\u00f6zt\u00fck egy elektromos j\u00e1rm\u0171t\u00f6lt\u0151 is rendelkez\u00e9sre \u00e1ll az \u00d6n k\u00e9nyelme \u00e9rdek\u00e9ben.<\/p>\n<p>Okost\u00e9v\u00e9vel, nagy sebess\u00e9g\u0171 5G internettel, pr\u00e9mium 34 cm-es antiallerg\u00e9n matracokkal \u00e9s egy olyan bels\u0151 t\u00e9rrel, ahol minden r\u00e9szlet a modern luxust t\u00fckr\u00f6zi, ez a penthouse azoknak k\u00e9sz\u00fclt, akik semmi kevesebbet nem v\u00e1rnak el, mint kiv\u00e9teleset.<\/p>\n","protected":false},"excerpt":{"rendered":"<p>A t\u00f6k\u00e9letes Villa Lojena \u00e9lm\u00e9ny. A leny\u0171g\u00f6z\u0151, 155 m\u00b2-es penthouse a vill\u00e1t egy 80 m\u00b2-es terasszal koron\u00e1zza meg, ahonnan leny\u0171g\u00f6z\u0151 panor\u00e1m\u00e1s kil\u00e1t\u00e1s ny\u00edlik a tengerre \u00e9s a felejthetetlen naplement\u00e9kre. A f\u0151 h\u00e1l\u00f3szob\u00e1hoz saj\u00e1t luxus f\u00fcrd\u0151szoba tartozik pezsg\u0151f\u00fcrd\u0151vel \u00e9s kerti kil\u00e1t\u00e1ssal, az \u00d6n priv\u00e1t wellness-\u00fcd\u00fcl\u0151helye. K\u00e9t tov\u00e1bbi h\u00e1l\u00f3szoba, mindegyik saj\u00e1t f\u00fcrd\u0151szob\u00e1val \u00e9s Daikin l\u00e9gkondicion\u00e1l\u00f3val, k\u00e9nyelmet \u00e9s [&hellip;]<\/p>\n","protected":false},"featured_media":1835,"comment_status":"closed","ping_status":"closed","template":"","meta":{"_acf_changed":false},"product_brand":[],"product_cat":[86],"product_tag":[],"class_list":{"0":"post-1834","1":"product","2":"type-product","3":"status-publish","4":"has-post-thumbnail","6":"product_cat-exkluziv-harom-haloszobas-penthouse-panoramas-tengeri-kilatassal","8":"first","9":"instock","10":"sold-individually","11":"shipping-taxable","12":"purchasable","13":"product-type-phive_booking"},"acf":[],"yoast_head":"<!-- This site is optimized with the Yoast SEO plugin v27.1.1 - https:\/\/yoast.com\/product\/yoast-seo-wordpress\/ -->\n<title>Exkluz\u00edv h\u00e1rom h\u00e1l\u00f3szob\u00e1s penthouse panor\u00e1m\u00e1s tengeri kil\u00e1t\u00e1ssal - Villa Lojena<\/title>\n<meta name=\"robots\" content=\"index, follow, max-snippet:-1, max-image-preview:large, max-video-preview:-1\" \/>\n<link rel=\"canonical\" href=\"https:\/\/lojena.wepar.hr\/product\/exclusive-three-bedroom-penthouse-with-panoramic-sea-view\/\" \/>\n<meta property=\"og:locale\" content=\"hu_HU\" \/>\n<meta property=\"og:type\" content=\"article\" \/>\n<meta property=\"og:title\" content=\"Exkluz\u00edv h\u00e1rom h\u00e1l\u00f3szob\u00e1s penthouse panor\u00e1m\u00e1s tengeri kil\u00e1t\u00e1ssal - Villa Lojena\" \/>\n<meta property=\"og:description\" content=\"A t\u00f6k\u00e9letes Villa Lojena \u00e9lm\u00e9ny. A leny\u0171g\u00f6z\u0151, 155 m\u00b2-es penthouse a vill\u00e1t egy 80 m\u00b2-es terasszal koron\u00e1zza meg, ahonnan leny\u0171g\u00f6z\u0151 panor\u00e1m\u00e1s kil\u00e1t\u00e1s ny\u00edlik a tengerre \u00e9s a felejthetetlen naplement\u00e9kre. A f\u0151 h\u00e1l\u00f3szob\u00e1hoz saj\u00e1t luxus f\u00fcrd\u0151szoba tartozik pezsg\u0151f\u00fcrd\u0151vel \u00e9s kerti kil\u00e1t\u00e1ssal, az \u00d6n priv\u00e1t wellness-\u00fcd\u00fcl\u0151helye. K\u00e9t tov\u00e1bbi h\u00e1l\u00f3szoba, mindegyik saj\u00e1t f\u00fcrd\u0151szob\u00e1val \u00e9s Daikin l\u00e9gkondicion\u00e1l\u00f3val, k\u00e9nyelmet \u00e9s [&hellip;]\" \/>\n<meta property=\"og:url\" content=\"https:\/\/lojena.wepar.hr\/product\/exclusive-three-bedroom-penthouse-with-panoramic-sea-view\/\" \/>\n<meta property=\"og:site_name\" content=\"Villa Lojena\" \/>\n<meta property=\"article:modified_time\" content=\"2026-03-10T18:42:59+00:00\" \/>\n<meta property=\"og:image\" content=\"https:\/\/lojena.wepar.hr\/wp-content\/uploads\/2026\/02\/penthouse-featuired-image.jpeg\" \/>\n\t<meta property=\"og:image:width\" content=\"1920\" \/>\n\t<meta property=\"og:image:height\" content=\"1280\" \/>\n\t<meta property=\"og:image:type\" content=\"image\/jpeg\" \/>\n<meta name=\"twitter:card\" content=\"summary_large_image\" \/>\n<meta name=\"twitter:label1\" content=\"Becs\u00fclt olvas\u00e1si id\u0151\" \/>\n\t<meta name=\"twitter:data1\" content=\"1 perc\" \/>\n<script type=\"application\/ld+json\" class=\"yoast-schema-graph\">{\"@context\":\"https:\/\/schema.org\",\"@graph\":[{\"@type\":\"WebPage\",\"@id\":\"https:\/\/lojena.wepar.hr\/product\/exclusive-three-bedroom-penthouse-with-panoramic-sea-view\/\",\"url\":\"https:\/\/lojena.wepar.hr\/product\/exclusive-three-bedroom-penthouse-with-panoramic-sea-view\/\",\"name\":\"Exkluz\u00edv h\u00e1rom h\u00e1l\u00f3szob\u00e1s penthouse panor\u00e1m\u00e1s tengeri kil\u00e1t\u00e1ssal - Villa Lojena\",\"isPartOf\":{\"@id\":\"https:\/\/lojena.wepar.hr\/#website\"},\"primaryImageOfPage\":{\"@id\":\"https:\/\/lojena.wepar.hr\/product\/exclusive-three-bedroom-penthouse-with-panoramic-sea-view\/#primaryimage\"},\"image\":{\"@id\":\"https:\/\/lojena.wepar.hr\/product\/exclusive-three-bedroom-penthouse-with-panoramic-sea-view\/#primaryimage\"},\"thumbnailUrl\":\"https:\/\/lojena.wepar.hr\/wp-content\/uploads\/2026\/02\/penthouse-featuired-image.jpeg\",\"datePublished\":\"2026-02-25T18:06:05+00:00\",\"dateModified\":\"2026-03-10T18:42:59+00:00\",\"breadcrumb\":{\"@id\":\"https:\/\/lojena.wepar.hr\/product\/exclusive-three-bedroom-penthouse-with-panoramic-sea-view\/#breadcrumb\"},\"inLanguage\":\"hu\",\"potentialAction\":[{\"@type\":\"ReadAction\",\"target\":[\"https:\/\/lojena.wepar.hr\/product\/exclusive-three-bedroom-penthouse-with-panoramic-sea-view\/\"]}]},{\"@type\":\"ImageObject\",\"inLanguage\":\"hu\",\"@id\":\"https:\/\/lojena.wepar.hr\/product\/exclusive-three-bedroom-penthouse-with-panoramic-sea-view\/#primaryimage\",\"url\":\"https:\/\/lojena.wepar.hr\/wp-content\/uploads\/2026\/02\/penthouse-featuired-image.jpeg\",\"contentUrl\":\"https:\/\/lojena.wepar.hr\/wp-content\/uploads\/2026\/02\/penthouse-featuired-image.jpeg\",\"width\":1920,\"height\":1280,\"caption\":\"View of the sea and trees from balcony table\"},{\"@type\":\"BreadcrumbList\",\"@id\":\"https:\/\/lojena.wepar.hr\/product\/exclusive-three-bedroom-penthouse-with-panoramic-sea-view\/#breadcrumb\",\"itemListElement\":[{\"@type\":\"ListItem\",\"position\":1,\"name\":\"Home\",\"item\":\"https:\/\/lojena.wepar.hr\/hu\/\"},{\"@type\":\"ListItem\",\"position\":2,\"name\":\"Exkluz\u00edv h\u00e1rom h\u00e1l\u00f3szob\u00e1s penthouse panor\u00e1m\u00e1s tengeri kil\u00e1t\u00e1ssal\"}]},{\"@type\":\"WebSite\",\"@id\":\"https:\/\/lojena.wepar.hr\/#website\",\"url\":\"https:\/\/lojena.wepar.hr\/\",\"name\":\"Villa Lojena\",\"description\":\"Luxury Studios\",\"potentialAction\":[{\"@type\":\"SearchAction\",\"target\":{\"@type\":\"EntryPoint\",\"urlTemplate\":\"https:\/\/lojena.wepar.hr\/?s={search_term_string}\"},\"query-input\":{\"@type\":\"PropertyValueSpecification\",\"valueRequired\":true,\"valueName\":\"search_term_string\"}}],\"inLanguage\":\"hu\"}]}<\/script>\n<!-- \/ Yoast SEO plugin. -->","yoast_head_json":{"title":"Exkluz\u00edv h\u00e1rom h\u00e1l\u00f3szob\u00e1s penthouse panor\u00e1m\u00e1s tengeri kil\u00e1t\u00e1ssal - Villa Lojena","robots":{"index":"index","follow":"follow","max-snippet":"max-snippet:-1","max-image-preview":"max-image-preview:large","max-video-preview":"max-video-preview:-1"},"canonical":"https:\/\/lojena.wepar.hr\/product\/exclusive-three-bedroom-penthouse-with-panoramic-sea-view\/","og_locale":"hu_HU","og_type":"article","og_title":"Exkluz\u00edv h\u00e1rom h\u00e1l\u00f3szob\u00e1s penthouse panor\u00e1m\u00e1s tengeri kil\u00e1t\u00e1ssal - Villa Lojena","og_description":"A t\u00f6k\u00e9letes Villa Lojena \u00e9lm\u00e9ny. A leny\u0171g\u00f6z\u0151, 155 m\u00b2-es penthouse a vill\u00e1t egy 80 m\u00b2-es terasszal koron\u00e1zza meg, ahonnan leny\u0171g\u00f6z\u0151 panor\u00e1m\u00e1s kil\u00e1t\u00e1s ny\u00edlik a tengerre \u00e9s a felejthetetlen naplement\u00e9kre. A f\u0151 h\u00e1l\u00f3szob\u00e1hoz saj\u00e1t luxus f\u00fcrd\u0151szoba tartozik pezsg\u0151f\u00fcrd\u0151vel \u00e9s kerti kil\u00e1t\u00e1ssal, az \u00d6n priv\u00e1t wellness-\u00fcd\u00fcl\u0151helye. K\u00e9t tov\u00e1bbi h\u00e1l\u00f3szoba, mindegyik saj\u00e1t f\u00fcrd\u0151szob\u00e1val \u00e9s Daikin l\u00e9gkondicion\u00e1l\u00f3val, k\u00e9nyelmet \u00e9s [&hellip;]","og_url":"https:\/\/lojena.wepar.hr\/product\/exclusive-three-bedroom-penthouse-with-panoramic-sea-view\/","og_site_name":"Villa Lojena","article_modified_time":"2026-03-10T18:42:59+00:00","og_image":[{"width":1920,"height":1280,"url":"https:\/\/lojena.wepar.hr\/wp-content\/uploads\/2026\/02\/penthouse-featuired-image.jpeg","type":"image\/jpeg"}],"twitter_card":"summary_large_image","twitter_misc":{"Becs\u00fclt olvas\u00e1si id\u0151":"1 perc"},"schema":{"@context":"https:\/\/schema.org","@graph":[{"@type":"WebPage","@id":"https:\/\/lojena.wepar.hr\/product\/exclusive-three-bedroom-penthouse-with-panoramic-sea-view\/","url":"https:\/\/lojena.wepar.hr\/product\/exclusive-three-bedroom-penthouse-with-panoramic-sea-view\/","name":"Exkluz\u00edv h\u00e1rom h\u00e1l\u00f3szob\u00e1s penthouse panor\u00e1m\u00e1s tengeri kil\u00e1t\u00e1ssal - Villa Lojena","isPartOf":{"@id":"https:\/\/lojena.wepar.hr\/#website"},"primaryImageOfPage":{"@id":"https:\/\/lojena.wepar.hr\/product\/exclusive-three-bedroom-penthouse-with-panoramic-sea-view\/#primaryimage"},"image":{"@id":"https:\/\/lojena.wepar.hr\/product\/exclusive-three-bedroom-penthouse-with-panoramic-sea-view\/#primaryimage"},"thumbnailUrl":"https:\/\/lojena.wepar.hr\/wp-content\/uploads\/2026\/02\/penthouse-featuired-image.jpeg","datePublished":"2026-02-25T18:06:05+00:00","dateModified":"2026-03-10T18:42:59+00:00","breadcrumb":{"@id":"https:\/\/lojena.wepar.hr\/product\/exclusive-three-bedroom-penthouse-with-panoramic-sea-view\/#breadcrumb"},"inLanguage":"hu","potentialAction":[{"@type":"ReadAction","target":["https:\/\/lojena.wepar.hr\/product\/exclusive-three-bedroom-penthouse-with-panoramic-sea-view\/"]}]},{"@type":"ImageObject","inLanguage":"hu","@id":"https:\/\/lojena.wepar.hr\/product\/exclusive-three-bedroom-penthouse-with-panoramic-sea-view\/#primaryimage","url":"https:\/\/lojena.wepar.hr\/wp-content\/uploads\/2026\/02\/penthouse-featuired-image.jpeg","contentUrl":"https:\/\/lojena.wepar.hr\/wp-content\/uploads\/2026\/02\/penthouse-featuired-image.jpeg","width":1920,"height":1280,"caption":"View of the sea and trees from balcony table"},{"@type":"BreadcrumbList","@id":"https:\/\/lojena.wepar.hr\/product\/exclusive-three-bedroom-penthouse-with-panoramic-sea-view\/#breadcrumb","itemListElement":[{"@type":"ListItem","position":1,"name":"Home","item":"https:\/\/lojena.wepar.hr\/hu\/"},{"@type":"ListItem","position":2,"name":"Exkluz\u00edv h\u00e1rom h\u00e1l\u00f3szob\u00e1s penthouse panor\u00e1m\u00e1s tengeri kil\u00e1t\u00e1ssal"}]},{"@type":"WebSite","@id":"https:\/\/lojena.wepar.hr\/#website","url":"https:\/\/lojena.wepar.hr\/","name":"Villa Lojena","description":"Luxury Studios","potentialAction":[{"@type":"SearchAction","target":{"@type":"EntryPoint","urlTemplate":"https:\/\/lojena.wepar.hr\/?s={search_term_string}"},"query-input":{"@type":"PropertyValueSpecification","valueRequired":true,"valueName":"search_term_string"}}],"inLanguage":"hu"}]}},"_links":{"self":[{"href":"https:\/\/lojena.wepar.hr\/hu\/wp-json\/wp\/v2\/product\/1834","targetHints":{"allow":["GET"]}}],"collection":[{"href":"https:\/\/lojena.wepar.hr\/hu\/wp-json\/wp\/v2\/product"}],"about":[{"href":"https:\/\/lojena.wepar.hr\/hu\/wp-json\/wp\/v2\/types\/product"}],"replies":[{"embeddable":true,"href":"https:\/\/lojena.wepar.hr\/hu\/wp-json\/wp\/v2\/comments?post=1834"}],"wp:featuredmedia":[{"embeddable":true,"href":"https:\/\/lojena.wepar.hr\/hu\/wp-json\/wp\/v2\/media\/1835"}],"wp:attachment":[{"href":"https:\/\/lojena.wepar.hr\/hu\/wp-json\/wp\/v2\/media?parent=1834"}],"wp:term":[{"taxonomy":"product_brand","embeddable":true,"href":"https:\/\/lojena.wepar.hr\/hu\/wp-json\/wp\/v2\/product_brand?post=1834"},{"taxonomy":"product_cat","embeddable":true,"href":"https:\/\/lojena.wepar.hr\/hu\/wp-json\/wp\/v2\/product_cat?post=1834"},{"taxonomy":"product_tag","embeddable":true,"href":"https:\/\/lojena.wepar.hr\/hu\/wp-json\/wp\/v2\/product_tag?post=1834"}],"curies":[{"name":"wp","href":"https:\/\/api.w.org\/{rel}","templated":true}]}}