{"id":1475,"date":"2026-02-25T12:48:35","date_gmt":"2026-02-25T12:48:35","guid":{"rendered":"https:\/\/lojena.wepar.hr\/?post_type=product&#038;p=1475"},"modified":"2026-03-19T08:08:55","modified_gmt":"2026-03-19T08:08:55","slug":"premium-studio-tengerre-nezo-kilatassal-id-2","status":"publish","type":"product","link":"https:\/\/lojena.wepar.hr\/hu\/termek\/premium-studio-tengerre-nezo-kilatassal-id-2\/","title":{"rendered":"Pr\u00e9mium st\u00fadi\u00f3 tengerre n\u00e9z\u0151 kil\u00e1t\u00e1ssal ID 2"},"content":{"rendered":"<p>Tapasztalja meg ezt a f\u00f6ldszinti kikapcsol\u00f3d\u00e1st, amelyet azok sz\u00e1m\u00e1ra tervezt\u00fcnk, akik \u00e9rt\u00e9kelik a teret \u00e9s a nyugalmat. Ez a st\u00edlusos st\u00fadi\u00f3 t\u00e1gas, 40 m\u00b2-es terasszal b\u00fcszk\u00e9lkedhet, amely z\u00f6kken\u0151mentes \u00e1tmenetet k\u00edn\u00e1l az eleg\u00e1ns bels\u0151 t\u00e9r \u00e9s \u00e9vsz\u00e1zados olajfaliget\u00fcnk term\u00e9szetes sz\u00e9ps\u00e9ge k\u00f6z\u00f6tt. Mer\u00fclj\u00f6n el saj\u00e1t 2&#215;2 m-es terasz\u00e1nak pezsg\u0151f\u00fcrd\u0151j\u00e9ben \u2013 ez a t\u00f6k\u00e9letes ellenszere a naps\u00fct\u00e9sben t\u00f6lt\u00f6tt napnak.<\/p>\n<p>Bel\u00fcl a kompromisszumok n\u00e9lk\u00fcli k\u00e9nyelem a k\u00f6z\u00e9ppontban. \u00c9lvezze a modern nappalit \u00ednyenc konyh\u00e1val, egy nagy, modern f\u00fcrd\u0151szob\u00e1val \u00e9s a 34 cm-es hipoallerg\u00e9n matracok puha t\u00e1masz\u00e1val. A Daikin kl\u00edmaberendez\u00e9ssel a k\u00f6rnyezete mindig pontosan olyan lesz, amilyennek szeretn\u00e9.<\/p>\n<p>Minden r\u00e9szletre odafigyelt\u00fcnk: a vill\u00e1mgyors 5G Wi-Fi-t\u0151l \u00e9s Smart TV-t\u0151l a d\u00e9lut\u00e1ni friss\u00edt\u0151kh\u00f6z haszn\u00e1lhat\u00f3 k\u00f6z\u00f6s j\u00e9gg\u00e9pig. A benne foglalt mosodai \u00e9s vasal\u00e1si szolg\u00e1ltat\u00e1sunkkal k\u00f6nnyed\u00e9n utazhat, \u00e9s teljes m\u00e9rt\u00e9kben a k\u00f6r\u00fcl\u00f6tte l\u00e9v\u0151 mediterr\u00e1n nyugalomra koncentr\u00e1lhat.<\/p>\n","protected":false},"excerpt":{"rendered":"<p>Tapasztalja meg ezt a f\u00f6ldszinti kikapcsol\u00f3d\u00e1st, amelyet azok sz\u00e1m\u00e1ra tervezt\u00fcnk, akik \u00e9rt\u00e9kelik a teret \u00e9s a nyugalmat. Ez a st\u00edlusos st\u00fadi\u00f3 t\u00e1gas, 40 m\u00b2-es terasszal b\u00fcszk\u00e9lkedhet, amely z\u00f6kken\u0151mentes \u00e1tmenetet k\u00edn\u00e1l az eleg\u00e1ns bels\u0151 t\u00e9r \u00e9s \u00e9vsz\u00e1zados olajfaliget\u00fcnk term\u00e9szetes sz\u00e9ps\u00e9ge k\u00f6z\u00f6tt. Mer\u00fclj\u00f6n el saj\u00e1t 2&#215;2 m-es terasz\u00e1nak pezsg\u0151f\u00fcrd\u0151j\u00e9ben \u2013 ez a t\u00f6k\u00e9letes ellenszere a naps\u00fct\u00e9sben t\u00f6lt\u00f6tt [&hellip;]<\/p>\n","protected":false},"featured_media":1299,"comment_status":"closed","ping_status":"closed","template":"","meta":{"_acf_changed":false},"product_brand":[],"product_cat":[102],"product_tag":[],"class_list":{"0":"post-1475","1":"product","2":"type-product","3":"status-publish","4":"has-post-thumbnail","6":"product_cat-premium-studio-tengerre-nezo-kilatassal","8":"first","9":"instock","10":"sold-individually","11":"shipping-taxable","12":"purchasable","13":"product-type-phive_booking"},"acf":[],"yoast_head":"<!-- This site is optimized with the Yoast SEO plugin v27.1.1 - https:\/\/yoast.com\/product\/yoast-seo-wordpress\/ -->\n<title>Pr\u00e9mium st\u00fadi\u00f3 tengerre n\u00e9z\u0151 kil\u00e1t\u00e1ssal ID 2 - Villa Lojena<\/title>\n<meta name=\"robots\" content=\"index, follow, max-snippet:-1, max-image-preview:large, max-video-preview:-1\" \/>\n<link rel=\"canonical\" href=\"https:\/\/lojena.wepar.hr\/hu\/termek\/premium-studio-tengerre-nezo-kilatassal-id-2\/\" \/>\n<meta property=\"og:locale\" content=\"hu_HU\" \/>\n<meta property=\"og:type\" content=\"article\" \/>\n<meta property=\"og:title\" content=\"Pr\u00e9mium st\u00fadi\u00f3 tengerre n\u00e9z\u0151 kil\u00e1t\u00e1ssal ID 2 - Villa Lojena\" \/>\n<meta property=\"og:description\" content=\"Tapasztalja meg ezt a f\u00f6ldszinti kikapcsol\u00f3d\u00e1st, amelyet azok sz\u00e1m\u00e1ra tervezt\u00fcnk, akik \u00e9rt\u00e9kelik a teret \u00e9s a nyugalmat. Ez a st\u00edlusos st\u00fadi\u00f3 t\u00e1gas, 40 m\u00b2-es terasszal b\u00fcszk\u00e9lkedhet, amely z\u00f6kken\u0151mentes \u00e1tmenetet k\u00edn\u00e1l az eleg\u00e1ns bels\u0151 t\u00e9r \u00e9s \u00e9vsz\u00e1zados olajfaliget\u00fcnk term\u00e9szetes sz\u00e9ps\u00e9ge k\u00f6z\u00f6tt. Mer\u00fclj\u00f6n el saj\u00e1t 2&#215;2 m-es terasz\u00e1nak pezsg\u0151f\u00fcrd\u0151j\u00e9ben \u2013 ez a t\u00f6k\u00e9letes ellenszere a naps\u00fct\u00e9sben t\u00f6lt\u00f6tt [&hellip;]\" \/>\n<meta property=\"og:url\" content=\"https:\/\/lojena.wepar.hr\/hu\/termek\/premium-studio-tengerre-nezo-kilatassal-id-2\/\" \/>\n<meta property=\"og:site_name\" content=\"Villa Lojena\" \/>\n<meta property=\"article:modified_time\" content=\"2026-03-19T08:08:55+00:00\" \/>\n<meta property=\"og:image\" content=\"https:\/\/lojena.wepar.hr\/wp-content\/uploads\/2026\/02\/5-i-6.jpeg\" \/>\n\t<meta property=\"og:image:width\" content=\"1980\" \/>\n\t<meta property=\"og:image:height\" content=\"1485\" \/>\n\t<meta property=\"og:image:type\" content=\"image\/jpeg\" \/>\n<meta name=\"twitter:card\" content=\"summary_large_image\" \/>\n<meta name=\"twitter:label1\" content=\"Becs\u00fclt olvas\u00e1si id\u0151\" \/>\n\t<meta name=\"twitter:data1\" content=\"1 perc\" \/>\n<script type=\"application\/ld+json\" class=\"yoast-schema-graph\">{\"@context\":\"https:\/\/schema.org\",\"@graph\":[{\"@type\":\"WebPage\",\"@id\":\"https:\/\/lojena.wepar.hr\/hu\/termek\/premium-studio-tengerre-nezo-kilatassal-id-2\/\",\"url\":\"https:\/\/lojena.wepar.hr\/hu\/termek\/premium-studio-tengerre-nezo-kilatassal-id-2\/\",\"name\":\"Pr\u00e9mium st\u00fadi\u00f3 tengerre n\u00e9z\u0151 kil\u00e1t\u00e1ssal ID 2 - Villa Lojena\",\"isPartOf\":{\"@id\":\"https:\/\/lojena.wepar.hr\/#website\"},\"primaryImageOfPage\":{\"@id\":\"https:\/\/lojena.wepar.hr\/hu\/termek\/premium-studio-tengerre-nezo-kilatassal-id-2\/#primaryimage\"},\"image\":{\"@id\":\"https:\/\/lojena.wepar.hr\/hu\/termek\/premium-studio-tengerre-nezo-kilatassal-id-2\/#primaryimage\"},\"thumbnailUrl\":\"https:\/\/lojena.wepar.hr\/wp-content\/uploads\/2026\/02\/5-i-6.jpeg\",\"datePublished\":\"2026-02-25T12:48:35+00:00\",\"dateModified\":\"2026-03-19T08:08:55+00:00\",\"breadcrumb\":{\"@id\":\"https:\/\/lojena.wepar.hr\/hu\/termek\/premium-studio-tengerre-nezo-kilatassal-id-2\/#breadcrumb\"},\"inLanguage\":\"hu\",\"potentialAction\":[{\"@type\":\"ReadAction\",\"target\":[\"https:\/\/lojena.wepar.hr\/hu\/termek\/premium-studio-tengerre-nezo-kilatassal-id-2\/\"]}]},{\"@type\":\"ImageObject\",\"inLanguage\":\"hu\",\"@id\":\"https:\/\/lojena.wepar.hr\/hu\/termek\/premium-studio-tengerre-nezo-kilatassal-id-2\/#primaryimage\",\"url\":\"https:\/\/lojena.wepar.hr\/wp-content\/uploads\/2026\/02\/5-i-6.jpeg\",\"contentUrl\":\"https:\/\/lojena.wepar.hr\/wp-content\/uploads\/2026\/02\/5-i-6.jpeg\",\"width\":1980,\"height\":1485,\"caption\":\"Double sized bed with couch, coffe table and television\"},{\"@type\":\"BreadcrumbList\",\"@id\":\"https:\/\/lojena.wepar.hr\/hu\/termek\/premium-studio-tengerre-nezo-kilatassal-id-2\/#breadcrumb\",\"itemListElement\":[{\"@type\":\"ListItem\",\"position\":1,\"name\":\"Home\",\"item\":\"https:\/\/lojena.wepar.hr\/hu\/\"},{\"@type\":\"ListItem\",\"position\":2,\"name\":\"Pr\u00e9mium st\u00fadi\u00f3 tengerre n\u00e9z\u0151 kil\u00e1t\u00e1ssal ID 2\"}]},{\"@type\":\"WebSite\",\"@id\":\"https:\/\/lojena.wepar.hr\/#website\",\"url\":\"https:\/\/lojena.wepar.hr\/\",\"name\":\"Villa Lojena\",\"description\":\"Luxury Studios\",\"potentialAction\":[{\"@type\":\"SearchAction\",\"target\":{\"@type\":\"EntryPoint\",\"urlTemplate\":\"https:\/\/lojena.wepar.hr\/?s={search_term_string}\"},\"query-input\":{\"@type\":\"PropertyValueSpecification\",\"valueRequired\":true,\"valueName\":\"search_term_string\"}}],\"inLanguage\":\"hu\"}]}<\/script>\n<!-- \/ Yoast SEO plugin. -->","yoast_head_json":{"title":"Pr\u00e9mium st\u00fadi\u00f3 tengerre n\u00e9z\u0151 kil\u00e1t\u00e1ssal ID 2 - Villa Lojena","robots":{"index":"index","follow":"follow","max-snippet":"max-snippet:-1","max-image-preview":"max-image-preview:large","max-video-preview":"max-video-preview:-1"},"canonical":"https:\/\/lojena.wepar.hr\/hu\/termek\/premium-studio-tengerre-nezo-kilatassal-id-2\/","og_locale":"hu_HU","og_type":"article","og_title":"Pr\u00e9mium st\u00fadi\u00f3 tengerre n\u00e9z\u0151 kil\u00e1t\u00e1ssal ID 2 - Villa Lojena","og_description":"Tapasztalja meg ezt a f\u00f6ldszinti kikapcsol\u00f3d\u00e1st, amelyet azok sz\u00e1m\u00e1ra tervezt\u00fcnk, akik \u00e9rt\u00e9kelik a teret \u00e9s a nyugalmat. Ez a st\u00edlusos st\u00fadi\u00f3 t\u00e1gas, 40 m\u00b2-es terasszal b\u00fcszk\u00e9lkedhet, amely z\u00f6kken\u0151mentes \u00e1tmenetet k\u00edn\u00e1l az eleg\u00e1ns bels\u0151 t\u00e9r \u00e9s \u00e9vsz\u00e1zados olajfaliget\u00fcnk term\u00e9szetes sz\u00e9ps\u00e9ge k\u00f6z\u00f6tt. Mer\u00fclj\u00f6n el saj\u00e1t 2&#215;2 m-es terasz\u00e1nak pezsg\u0151f\u00fcrd\u0151j\u00e9ben \u2013 ez a t\u00f6k\u00e9letes ellenszere a naps\u00fct\u00e9sben t\u00f6lt\u00f6tt [&hellip;]","og_url":"https:\/\/lojena.wepar.hr\/hu\/termek\/premium-studio-tengerre-nezo-kilatassal-id-2\/","og_site_name":"Villa Lojena","article_modified_time":"2026-03-19T08:08:55+00:00","og_image":[{"width":1980,"height":1485,"url":"https:\/\/lojena.wepar.hr\/wp-content\/uploads\/2026\/02\/5-i-6.jpeg","type":"image\/jpeg"}],"twitter_card":"summary_large_image","twitter_misc":{"Becs\u00fclt olvas\u00e1si id\u0151":"1 perc"},"schema":{"@context":"https:\/\/schema.org","@graph":[{"@type":"WebPage","@id":"https:\/\/lojena.wepar.hr\/hu\/termek\/premium-studio-tengerre-nezo-kilatassal-id-2\/","url":"https:\/\/lojena.wepar.hr\/hu\/termek\/premium-studio-tengerre-nezo-kilatassal-id-2\/","name":"Pr\u00e9mium st\u00fadi\u00f3 tengerre n\u00e9z\u0151 kil\u00e1t\u00e1ssal ID 2 - Villa Lojena","isPartOf":{"@id":"https:\/\/lojena.wepar.hr\/#website"},"primaryImageOfPage":{"@id":"https:\/\/lojena.wepar.hr\/hu\/termek\/premium-studio-tengerre-nezo-kilatassal-id-2\/#primaryimage"},"image":{"@id":"https:\/\/lojena.wepar.hr\/hu\/termek\/premium-studio-tengerre-nezo-kilatassal-id-2\/#primaryimage"},"thumbnailUrl":"https:\/\/lojena.wepar.hr\/wp-content\/uploads\/2026\/02\/5-i-6.jpeg","datePublished":"2026-02-25T12:48:35+00:00","dateModified":"2026-03-19T08:08:55+00:00","breadcrumb":{"@id":"https:\/\/lojena.wepar.hr\/hu\/termek\/premium-studio-tengerre-nezo-kilatassal-id-2\/#breadcrumb"},"inLanguage":"hu","potentialAction":[{"@type":"ReadAction","target":["https:\/\/lojena.wepar.hr\/hu\/termek\/premium-studio-tengerre-nezo-kilatassal-id-2\/"]}]},{"@type":"ImageObject","inLanguage":"hu","@id":"https:\/\/lojena.wepar.hr\/hu\/termek\/premium-studio-tengerre-nezo-kilatassal-id-2\/#primaryimage","url":"https:\/\/lojena.wepar.hr\/wp-content\/uploads\/2026\/02\/5-i-6.jpeg","contentUrl":"https:\/\/lojena.wepar.hr\/wp-content\/uploads\/2026\/02\/5-i-6.jpeg","width":1980,"height":1485,"caption":"Double sized bed with couch, coffe table and television"},{"@type":"BreadcrumbList","@id":"https:\/\/lojena.wepar.hr\/hu\/termek\/premium-studio-tengerre-nezo-kilatassal-id-2\/#breadcrumb","itemListElement":[{"@type":"ListItem","position":1,"name":"Home","item":"https:\/\/lojena.wepar.hr\/hu\/"},{"@type":"ListItem","position":2,"name":"Pr\u00e9mium st\u00fadi\u00f3 tengerre n\u00e9z\u0151 kil\u00e1t\u00e1ssal ID 2"}]},{"@type":"WebSite","@id":"https:\/\/lojena.wepar.hr\/#website","url":"https:\/\/lojena.wepar.hr\/","name":"Villa Lojena","description":"Luxury Studios","potentialAction":[{"@type":"SearchAction","target":{"@type":"EntryPoint","urlTemplate":"https:\/\/lojena.wepar.hr\/?s={search_term_string}"},"query-input":{"@type":"PropertyValueSpecification","valueRequired":true,"valueName":"search_term_string"}}],"inLanguage":"hu"}]}},"_links":{"self":[{"href":"https:\/\/lojena.wepar.hr\/hu\/wp-json\/wp\/v2\/product\/1475","targetHints":{"allow":["GET"]}}],"collection":[{"href":"https:\/\/lojena.wepar.hr\/hu\/wp-json\/wp\/v2\/product"}],"about":[{"href":"https:\/\/lojena.wepar.hr\/hu\/wp-json\/wp\/v2\/types\/product"}],"replies":[{"embeddable":true,"href":"https:\/\/lojena.wepar.hr\/hu\/wp-json\/wp\/v2\/comments?post=1475"}],"wp:featuredmedia":[{"embeddable":true,"href":"https:\/\/lojena.wepar.hr\/hu\/wp-json\/wp\/v2\/media\/1299"}],"wp:attachment":[{"href":"https:\/\/lojena.wepar.hr\/hu\/wp-json\/wp\/v2\/media?parent=1475"}],"wp:term":[{"taxonomy":"product_brand","embeddable":true,"href":"https:\/\/lojena.wepar.hr\/hu\/wp-json\/wp\/v2\/product_brand?post=1475"},{"taxonomy":"product_cat","embeddable":true,"href":"https:\/\/lojena.wepar.hr\/hu\/wp-json\/wp\/v2\/product_cat?post=1475"},{"taxonomy":"product_tag","embeddable":true,"href":"https:\/\/lojena.wepar.hr\/hu\/wp-json\/wp\/v2\/product_tag?post=1475"}],"curies":[{"name":"wp","href":"https:\/\/api.w.org\/{rel}","templated":true}]}}