{"id":1126,"date":"2026-02-25T12:26:53","date_gmt":"2026-02-25T12:26:53","guid":{"rendered":"https:\/\/lojena.wepar.hr\/?post_type=product&#038;p=1126"},"modified":"2026-03-19T08:04:52","modified_gmt":"2026-03-19T08:04:52","slug":"superior-studio-kertre-nezo-kilatassal-id-2","status":"publish","type":"product","link":"https:\/\/lojena.wepar.hr\/hu\/termek\/superior-studio-kertre-nezo-kilatassal-id-2\/","title":{"rendered":"Superior st\u00fadi\u00f3 kertre n\u00e9z\u0151 kil\u00e1t\u00e1ssal ID 2"},"content":{"rendered":"<p>K\u00e9pzelje el, hogy reggel a F\u00f6ldk\u00f6zi-tenger bekeretezett l\u00e1tv\u00e1ny\u00e1ra \u00e9bred: a tenger, a medence \u00e9s az \u00e9vsz\u00e1zados olajf\u00e1k k\u00f6zvetlen\u00fcl az ajt\u00f3 el\u0151tt \u00e1llnak. Ez a modern st\u00fadi\u00f3 gy\u00f6ny\u00f6r\u0171, \u00e1rny\u00e9kos terasszal rendelkezik, amely t\u00f6k\u00e9letes hely a reggeli eszpressz\u00f3hoz vagy egy csendes naplement\u00e9s italhoz egy nyugodt k\u00f6rnyezetben.<\/p>\n<p>Bel\u00fcl a luxus a r\u00e9szletekben rejlik. A teljesen felszerelt konyh\u00e1t\u00f3l \u00e9s a nagy modern f\u00fcrd\u0151szob\u00e1t\u00f3l kezdve a Daikin kl\u00edmaberendez\u00e9sen \u00e1t az ultrapr\u00e9mium 34 cm-es hipoallerg\u00e9n matracokig minden n\u00e9gyzetcentim\u00e9ter a pihen\u00e9st szolg\u00e1lja. Az elrendez\u00e9s k\u00e9nyelmesen elf\u00e9r egy kis csal\u00e1d is a k\u00fcl\u00f6n gyerek\u00e1gynak k\u00f6sz\u00f6nhet\u0151en.<\/p>\n<p>Maradjon kapcsolatban az 5G nagysebess\u00e9g\u0171 internettel \u00e9s egy okost\u00e9v\u00e9vel, vagy haszn\u00e1lja ki vend\u00e9gk\u00f6zpont\u00fa szolg\u00e1ltat\u00e1sainkat, bele\u00e9rtve a k\u00f6z\u00f6s j\u00e9gg\u00e9pet \u00e9s az ingyenes mosodai szolg\u00e1ltat\u00e1st. A teljesen csendes \u00e9s mediterr\u00e1n b\u00e1jjal teli \u00f6vezetben tal\u00e1lhat\u00f3 st\u00fadi\u00f3 kifinomult mened\u00e9ket k\u00edn\u00e1l a mindennapokb\u00f3l.<\/p>\n","protected":false},"excerpt":{"rendered":"<p>K\u00e9pzelje el, hogy reggel a F\u00f6ldk\u00f6zi-tenger bekeretezett l\u00e1tv\u00e1ny\u00e1ra \u00e9bred: a tenger, a medence \u00e9s az \u00e9vsz\u00e1zados olajf\u00e1k k\u00f6zvetlen\u00fcl az ajt\u00f3 el\u0151tt \u00e1llnak. Ez a modern st\u00fadi\u00f3 gy\u00f6ny\u00f6r\u0171, \u00e1rny\u00e9kos terasszal rendelkezik, amely t\u00f6k\u00e9letes hely a reggeli eszpressz\u00f3hoz vagy egy csendes naplement\u00e9s italhoz egy nyugodt k\u00f6rnyezetben. Bel\u00fcl a luxus a r\u00e9szletekben rejlik. A teljesen felszerelt konyh\u00e1t\u00f3l \u00e9s [&hellip;]<\/p>\n","protected":false},"featured_media":999,"comment_status":"closed","ping_status":"closed","template":"","meta":{"_acf_changed":false},"product_brand":[],"product_cat":[110],"product_tag":[],"class_list":{"0":"post-1126","1":"product","2":"type-product","3":"status-publish","4":"has-post-thumbnail","6":"product_cat-superior-studio-kertre-nezo-kilatassal","8":"first","9":"instock","10":"sold-individually","11":"shipping-taxable","12":"purchasable","13":"product-type-phive_booking"},"acf":[],"yoast_head":"<!-- This site is optimized with the Yoast SEO plugin v27.1.1 - https:\/\/yoast.com\/product\/yoast-seo-wordpress\/ -->\n<title>Superior st\u00fadi\u00f3 kertre n\u00e9z\u0151 kil\u00e1t\u00e1ssal ID 2 - Villa Lojena<\/title>\n<meta name=\"robots\" content=\"index, follow, max-snippet:-1, max-image-preview:large, max-video-preview:-1\" \/>\n<link rel=\"canonical\" href=\"https:\/\/lojena.wepar.hr\/hu\/termek\/superior-studio-kertre-nezo-kilatassal-id-2\/\" \/>\n<meta property=\"og:locale\" content=\"hu_HU\" \/>\n<meta property=\"og:type\" content=\"article\" \/>\n<meta property=\"og:title\" content=\"Superior st\u00fadi\u00f3 kertre n\u00e9z\u0151 kil\u00e1t\u00e1ssal ID 2 - Villa Lojena\" \/>\n<meta property=\"og:description\" content=\"K\u00e9pzelje el, hogy reggel a F\u00f6ldk\u00f6zi-tenger bekeretezett l\u00e1tv\u00e1ny\u00e1ra \u00e9bred: a tenger, a medence \u00e9s az \u00e9vsz\u00e1zados olajf\u00e1k k\u00f6zvetlen\u00fcl az ajt\u00f3 el\u0151tt \u00e1llnak. Ez a modern st\u00fadi\u00f3 gy\u00f6ny\u00f6r\u0171, \u00e1rny\u00e9kos terasszal rendelkezik, amely t\u00f6k\u00e9letes hely a reggeli eszpressz\u00f3hoz vagy egy csendes naplement\u00e9s italhoz egy nyugodt k\u00f6rnyezetben. Bel\u00fcl a luxus a r\u00e9szletekben rejlik. A teljesen felszerelt konyh\u00e1t\u00f3l \u00e9s [&hellip;]\" \/>\n<meta property=\"og:url\" content=\"https:\/\/lojena.wepar.hr\/hu\/termek\/superior-studio-kertre-nezo-kilatassal-id-2\/\" \/>\n<meta property=\"og:site_name\" content=\"Villa Lojena\" \/>\n<meta property=\"article:modified_time\" content=\"2026-03-19T08:04:52+00:00\" \/>\n<meta property=\"og:image\" content=\"https:\/\/lojena.wepar.hr\/wp-content\/uploads\/2026\/02\/ap-3-i-4.jpg\" \/>\n\t<meta property=\"og:image:width\" content=\"1980\" \/>\n\t<meta property=\"og:image:height\" content=\"1350\" \/>\n\t<meta property=\"og:image:type\" content=\"image\/jpeg\" \/>\n<meta name=\"twitter:card\" content=\"summary_large_image\" \/>\n<meta name=\"twitter:label1\" content=\"Becs\u00fclt olvas\u00e1si id\u0151\" \/>\n\t<meta name=\"twitter:data1\" content=\"1 perc\" \/>\n<script type=\"application\/ld+json\" class=\"yoast-schema-graph\">{\"@context\":\"https:\/\/schema.org\",\"@graph\":[{\"@type\":\"WebPage\",\"@id\":\"https:\/\/lojena.wepar.hr\/hu\/termek\/superior-studio-kertre-nezo-kilatassal-id-2\/\",\"url\":\"https:\/\/lojena.wepar.hr\/hu\/termek\/superior-studio-kertre-nezo-kilatassal-id-2\/\",\"name\":\"Superior st\u00fadi\u00f3 kertre n\u00e9z\u0151 kil\u00e1t\u00e1ssal ID 2 - Villa Lojena\",\"isPartOf\":{\"@id\":\"https:\/\/lojena.wepar.hr\/#website\"},\"primaryImageOfPage\":{\"@id\":\"https:\/\/lojena.wepar.hr\/hu\/termek\/superior-studio-kertre-nezo-kilatassal-id-2\/#primaryimage\"},\"image\":{\"@id\":\"https:\/\/lojena.wepar.hr\/hu\/termek\/superior-studio-kertre-nezo-kilatassal-id-2\/#primaryimage\"},\"thumbnailUrl\":\"https:\/\/lojena.wepar.hr\/wp-content\/uploads\/2026\/02\/ap-3-i-4.jpg\",\"datePublished\":\"2026-02-25T12:26:53+00:00\",\"dateModified\":\"2026-03-19T08:04:52+00:00\",\"breadcrumb\":{\"@id\":\"https:\/\/lojena.wepar.hr\/hu\/termek\/superior-studio-kertre-nezo-kilatassal-id-2\/#breadcrumb\"},\"inLanguage\":\"hu\",\"potentialAction\":[{\"@type\":\"ReadAction\",\"target\":[\"https:\/\/lojena.wepar.hr\/hu\/termek\/superior-studio-kertre-nezo-kilatassal-id-2\/\"]}]},{\"@type\":\"ImageObject\",\"inLanguage\":\"hu\",\"@id\":\"https:\/\/lojena.wepar.hr\/hu\/termek\/superior-studio-kertre-nezo-kilatassal-id-2\/#primaryimage\",\"url\":\"https:\/\/lojena.wepar.hr\/wp-content\/uploads\/2026\/02\/ap-3-i-4.jpg\",\"contentUrl\":\"https:\/\/lojena.wepar.hr\/wp-content\/uploads\/2026\/02\/ap-3-i-4.jpg\",\"width\":1980,\"height\":1350,\"caption\":\"View of the sun covered terrace from the apartment\"},{\"@type\":\"BreadcrumbList\",\"@id\":\"https:\/\/lojena.wepar.hr\/hu\/termek\/superior-studio-kertre-nezo-kilatassal-id-2\/#breadcrumb\",\"itemListElement\":[{\"@type\":\"ListItem\",\"position\":1,\"name\":\"Home\",\"item\":\"https:\/\/lojena.wepar.hr\/hu\/\"},{\"@type\":\"ListItem\",\"position\":2,\"name\":\"Superior st\u00fadi\u00f3 kertre n\u00e9z\u0151 kil\u00e1t\u00e1ssal ID 2\"}]},{\"@type\":\"WebSite\",\"@id\":\"https:\/\/lojena.wepar.hr\/#website\",\"url\":\"https:\/\/lojena.wepar.hr\/\",\"name\":\"Villa Lojena\",\"description\":\"Luxury Studios\",\"potentialAction\":[{\"@type\":\"SearchAction\",\"target\":{\"@type\":\"EntryPoint\",\"urlTemplate\":\"https:\/\/lojena.wepar.hr\/?s={search_term_string}\"},\"query-input\":{\"@type\":\"PropertyValueSpecification\",\"valueRequired\":true,\"valueName\":\"search_term_string\"}}],\"inLanguage\":\"hu\"}]}<\/script>\n<!-- \/ Yoast SEO plugin. -->","yoast_head_json":{"title":"Superior st\u00fadi\u00f3 kertre n\u00e9z\u0151 kil\u00e1t\u00e1ssal ID 2 - Villa Lojena","robots":{"index":"index","follow":"follow","max-snippet":"max-snippet:-1","max-image-preview":"max-image-preview:large","max-video-preview":"max-video-preview:-1"},"canonical":"https:\/\/lojena.wepar.hr\/hu\/termek\/superior-studio-kertre-nezo-kilatassal-id-2\/","og_locale":"hu_HU","og_type":"article","og_title":"Superior st\u00fadi\u00f3 kertre n\u00e9z\u0151 kil\u00e1t\u00e1ssal ID 2 - Villa Lojena","og_description":"K\u00e9pzelje el, hogy reggel a F\u00f6ldk\u00f6zi-tenger bekeretezett l\u00e1tv\u00e1ny\u00e1ra \u00e9bred: a tenger, a medence \u00e9s az \u00e9vsz\u00e1zados olajf\u00e1k k\u00f6zvetlen\u00fcl az ajt\u00f3 el\u0151tt \u00e1llnak. Ez a modern st\u00fadi\u00f3 gy\u00f6ny\u00f6r\u0171, \u00e1rny\u00e9kos terasszal rendelkezik, amely t\u00f6k\u00e9letes hely a reggeli eszpressz\u00f3hoz vagy egy csendes naplement\u00e9s italhoz egy nyugodt k\u00f6rnyezetben. Bel\u00fcl a luxus a r\u00e9szletekben rejlik. A teljesen felszerelt konyh\u00e1t\u00f3l \u00e9s [&hellip;]","og_url":"https:\/\/lojena.wepar.hr\/hu\/termek\/superior-studio-kertre-nezo-kilatassal-id-2\/","og_site_name":"Villa Lojena","article_modified_time":"2026-03-19T08:04:52+00:00","og_image":[{"width":1980,"height":1350,"url":"https:\/\/lojena.wepar.hr\/wp-content\/uploads\/2026\/02\/ap-3-i-4.jpg","type":"image\/jpeg"}],"twitter_card":"summary_large_image","twitter_misc":{"Becs\u00fclt olvas\u00e1si id\u0151":"1 perc"},"schema":{"@context":"https:\/\/schema.org","@graph":[{"@type":"WebPage","@id":"https:\/\/lojena.wepar.hr\/hu\/termek\/superior-studio-kertre-nezo-kilatassal-id-2\/","url":"https:\/\/lojena.wepar.hr\/hu\/termek\/superior-studio-kertre-nezo-kilatassal-id-2\/","name":"Superior st\u00fadi\u00f3 kertre n\u00e9z\u0151 kil\u00e1t\u00e1ssal ID 2 - Villa Lojena","isPartOf":{"@id":"https:\/\/lojena.wepar.hr\/#website"},"primaryImageOfPage":{"@id":"https:\/\/lojena.wepar.hr\/hu\/termek\/superior-studio-kertre-nezo-kilatassal-id-2\/#primaryimage"},"image":{"@id":"https:\/\/lojena.wepar.hr\/hu\/termek\/superior-studio-kertre-nezo-kilatassal-id-2\/#primaryimage"},"thumbnailUrl":"https:\/\/lojena.wepar.hr\/wp-content\/uploads\/2026\/02\/ap-3-i-4.jpg","datePublished":"2026-02-25T12:26:53+00:00","dateModified":"2026-03-19T08:04:52+00:00","breadcrumb":{"@id":"https:\/\/lojena.wepar.hr\/hu\/termek\/superior-studio-kertre-nezo-kilatassal-id-2\/#breadcrumb"},"inLanguage":"hu","potentialAction":[{"@type":"ReadAction","target":["https:\/\/lojena.wepar.hr\/hu\/termek\/superior-studio-kertre-nezo-kilatassal-id-2\/"]}]},{"@type":"ImageObject","inLanguage":"hu","@id":"https:\/\/lojena.wepar.hr\/hu\/termek\/superior-studio-kertre-nezo-kilatassal-id-2\/#primaryimage","url":"https:\/\/lojena.wepar.hr\/wp-content\/uploads\/2026\/02\/ap-3-i-4.jpg","contentUrl":"https:\/\/lojena.wepar.hr\/wp-content\/uploads\/2026\/02\/ap-3-i-4.jpg","width":1980,"height":1350,"caption":"View of the sun covered terrace from the apartment"},{"@type":"BreadcrumbList","@id":"https:\/\/lojena.wepar.hr\/hu\/termek\/superior-studio-kertre-nezo-kilatassal-id-2\/#breadcrumb","itemListElement":[{"@type":"ListItem","position":1,"name":"Home","item":"https:\/\/lojena.wepar.hr\/hu\/"},{"@type":"ListItem","position":2,"name":"Superior st\u00fadi\u00f3 kertre n\u00e9z\u0151 kil\u00e1t\u00e1ssal ID 2"}]},{"@type":"WebSite","@id":"https:\/\/lojena.wepar.hr\/#website","url":"https:\/\/lojena.wepar.hr\/","name":"Villa Lojena","description":"Luxury Studios","potentialAction":[{"@type":"SearchAction","target":{"@type":"EntryPoint","urlTemplate":"https:\/\/lojena.wepar.hr\/?s={search_term_string}"},"query-input":{"@type":"PropertyValueSpecification","valueRequired":true,"valueName":"search_term_string"}}],"inLanguage":"hu"}]}},"_links":{"self":[{"href":"https:\/\/lojena.wepar.hr\/hu\/wp-json\/wp\/v2\/product\/1126","targetHints":{"allow":["GET"]}}],"collection":[{"href":"https:\/\/lojena.wepar.hr\/hu\/wp-json\/wp\/v2\/product"}],"about":[{"href":"https:\/\/lojena.wepar.hr\/hu\/wp-json\/wp\/v2\/types\/product"}],"replies":[{"embeddable":true,"href":"https:\/\/lojena.wepar.hr\/hu\/wp-json\/wp\/v2\/comments?post=1126"}],"wp:featuredmedia":[{"embeddable":true,"href":"https:\/\/lojena.wepar.hr\/hu\/wp-json\/wp\/v2\/media\/999"}],"wp:attachment":[{"href":"https:\/\/lojena.wepar.hr\/hu\/wp-json\/wp\/v2\/media?parent=1126"}],"wp:term":[{"taxonomy":"product_brand","embeddable":true,"href":"https:\/\/lojena.wepar.hr\/hu\/wp-json\/wp\/v2\/product_brand?post=1126"},{"taxonomy":"product_cat","embeddable":true,"href":"https:\/\/lojena.wepar.hr\/hu\/wp-json\/wp\/v2\/product_cat?post=1126"},{"taxonomy":"product_tag","embeddable":true,"href":"https:\/\/lojena.wepar.hr\/hu\/wp-json\/wp\/v2\/product_tag?post=1126"}],"curies":[{"name":"wp","href":"https:\/\/api.w.org\/{rel}","templated":true}]}}