{"id":275,"date":"2026-02-06T12:00:57","date_gmt":"2026-02-06T12:00:57","guid":{"rendered":"https:\/\/lojena.wepar.hr\/kosar\/"},"modified":"2026-02-18T13:13:55","modified_gmt":"2026-02-18T13:13:55","slug":"kosar","status":"publish","type":"page","link":"https:\/\/lojena.wepar.hr\/hu\/kosar\/","title":{"rendered":"Kos\u00e1r"},"content":{"rendered":"\n<div data-block-name=\"woocommerce\/cart\" class=\"wp-block-woocommerce-cart alignwide is-loading\">\n<div data-block-name=\"woocommerce\/filled-cart-block\" class=\"wp-block-woocommerce-filled-cart-block\">\n<div data-block-name=\"woocommerce\/cart-items-block\" class=\"wp-block-woocommerce-cart-items-block\">\n<div data-block-name=\"woocommerce\/cart-line-items-block\" class=\"wp-block-woocommerce-cart-line-items-block\"><\/div>\n\n\n<\/div>\n\n\n\n\n<div data-block-name=\"woocommerce\/cart-totals-block\" class=\"wp-block-woocommerce-cart-totals-block\">\n<div data-block-name=\"woocommerce\/cart-order-summary-block\" class=\"wp-block-woocommerce-cart-order-summary-block\">\n<div data-block-name=\"woocommerce\/cart-order-summary-heading-block\" class=\"wp-block-woocommerce-cart-order-summary-heading-block\"><\/div><div data-block-name=\"woocommerce\/cart-order-summary-coupon-form-block\" class=\"wp-block-woocommerce-cart-order-summary-coupon-form-block\"><\/div><div data-block-name=\"woocommerce\/cart-order-summary-totals-block\" class=\"wp-block-woocommerce-cart-order-summary-totals-block\">\n<div data-block-name=\"woocommerce\/cart-order-summary-subtotal-block\" class=\"wp-block-woocommerce-cart-order-summary-subtotal-block\"><\/div>\n<div data-block-name=\"woocommerce\/cart-order-summary-discount-block\" class=\"wp-block-woocommerce-cart-order-summary-discount-block\"><\/div>\n<div data-block-name=\"woocommerce\/cart-order-summary-fee-block\" class=\"wp-block-woocommerce-cart-order-summary-fee-block\"><\/div>\n<div data-block-name=\"woocommerce\/cart-order-summary-shipping-block\" class=\"wp-block-woocommerce-cart-order-summary-shipping-block\"><\/div>\n<div data-block-name=\"woocommerce\/cart-order-summary-taxes-block\" class=\"wp-block-woocommerce-cart-order-summary-taxes-block\"><\/div><\/div>\n<\/div>\n\n\n\n<div data-block-name=\"woocommerce\/cart-express-payment-block\" class=\"wp-block-woocommerce-cart-express-payment-block\"><\/div>\n\n\n\n<div data-block-name=\"woocommerce\/proceed-to-checkout-block\" class=\"wp-block-woocommerce-proceed-to-checkout-block\"><\/div>\n\n\n\n<div data-block-name=\"woocommerce\/cart-accepted-payment-methods-block\" class=\"wp-block-woocommerce-cart-accepted-payment-methods-block\"><\/div>\n<\/div>\n<\/div>\n\n\n\n<div data-block-name=\"woocommerce\/empty-cart-block\" class=\"wp-block-woocommerce-empty-cart-block\">\n<h2 class=\"wp-block-heading has-text-align-center with-empty-cart-icon wc-block-cart__empty-cart__title\">Jelenleg \u00fcres a kosarad.<\/h2>\n\n\n\n<hr class=\"wp-block-separator has-alpha-channel-opacity is-style-dots\"\/>\n\n\n\n<h2 class=\"wp-block-heading has-text-align-center\">\u00dajdons\u00e1gok<\/h2>\n\n\n<div data-block-name=\"woocommerce\/product-new\" data-columns=\"4\" data-rows=\"1\" class=\"wc-block-grid wp-block-product-new wp-block-woocommerce-product-new wc-block-product-new has-4-columns\"><ul class=\"wc-block-grid__products\"><li class=\"wc-block-grid__product\">\n\t\t\t\t<a href=\"https:\/\/lojena.wepar.hr\/hu\/termek\/exkluziv-harom-haloszobas-penthouse-panoramas-tengeri-kilatassal\/\" class=\"wc-block-grid__product-link\">\n\t\t\t\t\t\n\t\t\t\t\t<div class=\"wc-block-grid__product-image\"><img loading=\"lazy\" decoding=\"async\" width=\"300\" height=\"300\" src=\"https:\/\/lojena.wepar.hr\/wp-content\/uploads\/2026\/02\/penthouse-featuired-image-300x300.jpeg\" class=\"attachment-woocommerce_thumbnail size-woocommerce_thumbnail\" alt=\"View of the sea and trees from balcony table\" srcset=\"https:\/\/lojena.wepar.hr\/wp-content\/uploads\/2026\/02\/penthouse-featuired-image-300x300.jpeg 300w, https:\/\/lojena.wepar.hr\/wp-content\/uploads\/2026\/02\/penthouse-featuired-image-600x600.jpeg 600w, https:\/\/lojena.wepar.hr\/wp-content\/uploads\/2026\/02\/penthouse-featuired-image-150x150.jpeg 150w\" sizes=\"auto, (max-width: 300px) 100vw, 300px\" \/><\/div>\n\t\t\t\t\t<div class=\"wc-block-grid__product-title\">Exkluz\u00edv h\u00e1rom h\u00e1l\u00f3szob\u00e1s penthouse panor\u00e1m\u00e1s tengeri kil\u00e1t\u00e1ssal<\/div>\n\t\t\t\t<\/a>\n\t\t\t\t<div class=\"wc-block-grid__product-price price\"><span class=\"woocommerce-Price-amount amount\">220,00&nbsp;<span class=\"woocommerce-Price-currencySymbol\">&euro;<\/span><\/span><\/div>\n\t\t\t\t\n\t\t\t\t<div class=\"wp-block-button wc-block-grid__product-add-to-cart\"><a href=\"https:\/\/lojena.wepar.hr\/hu\/termek\/exkluziv-harom-haloszobas-penthouse-panoramas-tengeri-kilatassal\/\" aria-label=\"&ldquo;Exkluz\u00edv h\u00e1rom h\u00e1l\u00f3szob\u00e1s penthouse panor\u00e1m\u00e1s tengeri kil\u00e1t\u00e1ssal&rdquo; term\u00e9kr\u0151l t\u00f6bb inform\u00e1ci\u00f3\" data-quantity=\"1\" data-product_id=\"1834\" data-product_sku=\"\" data-price=\"220\" rel=\"nofollow\" class=\"wp-block-button__link  add_to_cart_button\">Book Now<\/a><\/div>\n\t\t\t<\/li><li class=\"wc-block-grid__product\">\n\t\t\t\t<a href=\"https:\/\/lojena.wepar.hr\/hu\/termek\/exkluziv-studio-tengerre-nezo-kilatassal-es-pezsgofurdovel\/\" class=\"wc-block-grid__product-link\">\n\t\t\t\t\t\n\t\t\t\t\t<div class=\"wc-block-grid__product-image\"><img loading=\"lazy\" decoding=\"async\" width=\"300\" height=\"300\" src=\"https:\/\/lojena.wepar.hr\/wp-content\/uploads\/2026\/02\/Exclusive-Studio-with-Sea-View-Whirlpool-Bath-Image-1-300x300.jpg\" class=\"attachment-woocommerce_thumbnail size-woocommerce_thumbnail\" alt=\"Romanticly lightened bedroom with a double bed and wall television\" srcset=\"https:\/\/lojena.wepar.hr\/wp-content\/uploads\/2026\/02\/Exclusive-Studio-with-Sea-View-Whirlpool-Bath-Image-1-300x300.jpg 300w, https:\/\/lojena.wepar.hr\/wp-content\/uploads\/2026\/02\/Exclusive-Studio-with-Sea-View-Whirlpool-Bath-Image-1-600x600.jpg 600w, https:\/\/lojena.wepar.hr\/wp-content\/uploads\/2026\/02\/Exclusive-Studio-with-Sea-View-Whirlpool-Bath-Image-1-150x150.jpg 150w\" sizes=\"auto, (max-width: 300px) 100vw, 300px\" \/><\/div>\n\t\t\t\t\t<div class=\"wc-block-grid__product-title\">Exkluz\u00edv st\u00fadi\u00f3 tengerre n\u00e9z\u0151 kil\u00e1t\u00e1ssal \u00e9s pezsg\u0151f\u00fcrd\u0151vel<\/div>\n\t\t\t\t<\/a>\n\t\t\t\t<div class=\"wc-block-grid__product-price price\"><span class=\"woocommerce-Price-amount amount\">0,00&nbsp;<span class=\"woocommerce-Price-currencySymbol\">&euro;<\/span><\/span><\/div>\n\t\t\t\t\n\t\t\t\t<div class=\"wp-block-button wc-block-grid__product-add-to-cart\"><a href=\"https:\/\/lojena.wepar.hr\/hu\/termek\/exkluziv-studio-tengerre-nezo-kilatassal-es-pezsgofurdovel\/\" aria-label=\"&ldquo;Exkluz\u00edv st\u00fadi\u00f3 tengerre n\u00e9z\u0151 kil\u00e1t\u00e1ssal \u00e9s pezsg\u0151f\u00fcrd\u0151vel&rdquo; term\u00e9kr\u0151l t\u00f6bb inform\u00e1ci\u00f3\" data-quantity=\"1\" data-product_id=\"2015\" data-product_sku=\"\" data-price=\"0\" rel=\"nofollow\" class=\"wp-block-button__link  add_to_cart_button\">Book Now<\/a><\/div>\n\t\t\t<\/li><li class=\"wc-block-grid__product\">\n\t\t\t\t<a href=\"https:\/\/lojena.wepar.hr\/hu\/termek\/premium-studio-sajat-kulteri-pezsgofurdovel-id-2\/\" class=\"wc-block-grid__product-link\">\n\t\t\t\t\t\n\t\t\t\t\t<div class=\"wc-block-grid__product-image\"><img loading=\"lazy\" decoding=\"async\" width=\"300\" height=\"300\" src=\"https:\/\/lojena.wepar.hr\/wp-content\/uploads\/2026\/02\/ap-1-jacuzzi-300x300.jpg\" class=\"attachment-woocommerce_thumbnail size-woocommerce_thumbnail\" alt=\"View of outside jacuzzi from shadow covered terrace\" srcset=\"https:\/\/lojena.wepar.hr\/wp-content\/uploads\/2026\/02\/ap-1-jacuzzi-300x300.jpg 300w, https:\/\/lojena.wepar.hr\/wp-content\/uploads\/2026\/02\/ap-1-jacuzzi-600x600.jpg 600w, https:\/\/lojena.wepar.hr\/wp-content\/uploads\/2026\/02\/ap-1-jacuzzi-150x150.jpg 150w\" sizes=\"auto, (max-width: 300px) 100vw, 300px\" \/><\/div>\n\t\t\t\t\t<div class=\"wc-block-grid__product-title\">Pr\u00e9mium st\u00fadi\u00f3 saj\u00e1t k\u00fclt\u00e9ri pezsg\u0151f\u00fcrd\u0151vel ID 2<\/div>\n\t\t\t\t<\/a>\n\t\t\t\t<div class=\"wc-block-grid__product-price price\"><span class=\"woocommerce-Price-amount amount\">100,00&nbsp;<span class=\"woocommerce-Price-currencySymbol\">&euro;<\/span><\/span><\/div>\n\t\t\t\t\n\t\t\t\t<div class=\"wp-block-button wc-block-grid__product-add-to-cart\"><a href=\"https:\/\/lojena.wepar.hr\/hu\/termek\/premium-studio-sajat-kulteri-pezsgofurdovel-id-2\/\" aria-label=\"&ldquo;Pr\u00e9mium st\u00fadi\u00f3 saj\u00e1t k\u00fclt\u00e9ri pezsg\u0151f\u00fcrd\u0151vel ID 2&rdquo; term\u00e9kr\u0151l t\u00f6bb inform\u00e1ci\u00f3\" data-quantity=\"1\" data-product_id=\"1840\" data-product_sku=\"\" data-price=\"100\" rel=\"nofollow\" class=\"wp-block-button__link  add_to_cart_button\">Book Now<\/a><\/div>\n\t\t\t<\/li><li class=\"wc-block-grid__product\">\n\t\t\t\t<a href=\"https:\/\/lojena.wepar.hr\/hu\/termek\/premium-studio-sajat-kulteri-pezsgofurdovel-id-1\/\" class=\"wc-block-grid__product-link\">\n\t\t\t\t\t\n\t\t\t\t\t<div class=\"wc-block-grid__product-image\"><img loading=\"lazy\" decoding=\"async\" width=\"300\" height=\"300\" src=\"https:\/\/lojena.wepar.hr\/wp-content\/uploads\/2026\/02\/ap-1-i-2-300x300.jpg\" class=\"attachment-woocommerce_thumbnail size-woocommerce_thumbnail\" alt=\"View of outside jacuzzi in sunset from lighted terrace\" srcset=\"https:\/\/lojena.wepar.hr\/wp-content\/uploads\/2026\/02\/ap-1-i-2-300x300.jpg 300w, https:\/\/lojena.wepar.hr\/wp-content\/uploads\/2026\/02\/ap-1-i-2-600x600.jpg 600w, https:\/\/lojena.wepar.hr\/wp-content\/uploads\/2026\/02\/ap-1-i-2-150x150.jpg 150w\" sizes=\"auto, (max-width: 300px) 100vw, 300px\" \/><\/div>\n\t\t\t\t\t<div class=\"wc-block-grid__product-title\">Pr\u00e9mium st\u00fadi\u00f3 saj\u00e1t k\u00fclt\u00e9ri pezsg\u0151f\u00fcrd\u0151vel ID 1<\/div>\n\t\t\t\t<\/a>\n\t\t\t\t<div class=\"wc-block-grid__product-price price\"><span class=\"woocommerce-Price-amount amount\">100,00&nbsp;<span class=\"woocommerce-Price-currencySymbol\">&euro;<\/span><\/span><\/div>\n\t\t\t\t\n\t\t\t\t<div class=\"wp-block-button wc-block-grid__product-add-to-cart\"><a href=\"https:\/\/lojena.wepar.hr\/hu\/termek\/premium-studio-sajat-kulteri-pezsgofurdovel-id-1\/\" aria-label=\"&ldquo;Pr\u00e9mium st\u00fadi\u00f3 saj\u00e1t k\u00fclt\u00e9ri pezsg\u0151f\u00fcrd\u0151vel ID 1&rdquo; term\u00e9kr\u0151l t\u00f6bb inform\u00e1ci\u00f3\" data-quantity=\"1\" data-product_id=\"1650\" data-product_sku=\"\" data-price=\"100\" rel=\"nofollow\" class=\"wp-block-button__link  add_to_cart_button\">Book Now<\/a><\/div>\n\t\t\t<\/li><\/ul><\/div><\/div>\n<\/div>\n","protected":false},"excerpt":{"rendered":"","protected":false},"author":1,"featured_media":0,"parent":0,"menu_order":0,"comment_status":"closed","ping_status":"closed","template":"","meta":{"_acf_changed":false,"footnotes":""},"class_list":["post-275","page","type-page","status-publish","hentry"],"acf":[],"yoast_head":"<!-- This site is optimized with the Yoast SEO plugin v27.1.1 - https:\/\/yoast.com\/product\/yoast-seo-wordpress\/ -->\n<title>Kos\u00e1r - Villa Lojena<\/title>\n<meta name=\"robots\" content=\"index, follow, max-snippet:-1, max-image-preview:large, max-video-preview:-1\" \/>\n<link rel=\"canonical\" href=\"https:\/\/lojena.wepar.hr\/cart\/\" \/>\n<meta property=\"og:locale\" content=\"hu_HU\" \/>\n<meta property=\"og:type\" content=\"article\" \/>\n<meta property=\"og:title\" content=\"Kos\u00e1r - Villa Lojena\" \/>\n<meta property=\"og:url\" content=\"https:\/\/lojena.wepar.hr\/cart\/\" \/>\n<meta property=\"og:site_name\" content=\"Villa Lojena\" \/>\n<meta property=\"article:modified_time\" content=\"2026-02-18T13:13:55+00:00\" \/>\n<meta name=\"twitter:card\" content=\"summary_large_image\" \/>\n<script type=\"application\/ld+json\" class=\"yoast-schema-graph\">{\"@context\":\"https:\/\/schema.org\",\"@graph\":[{\"@type\":\"WebPage\",\"@id\":\"https:\/\/lojena.wepar.hr\/cart\/\",\"url\":\"https:\/\/lojena.wepar.hr\/cart\/\",\"name\":\"Kos\u00e1r - Villa Lojena\",\"isPartOf\":{\"@id\":\"https:\/\/lojena.wepar.hr\/#website\"},\"datePublished\":\"2026-02-06T12:00:57+00:00\",\"dateModified\":\"2026-02-18T13:13:55+00:00\",\"breadcrumb\":{\"@id\":\"https:\/\/lojena.wepar.hr\/cart\/#breadcrumb\"},\"inLanguage\":\"hu\",\"potentialAction\":[{\"@type\":\"ReadAction\",\"target\":[\"https:\/\/lojena.wepar.hr\/cart\/\"]}]},{\"@type\":\"BreadcrumbList\",\"@id\":\"https:\/\/lojena.wepar.hr\/cart\/#breadcrumb\",\"itemListElement\":[{\"@type\":\"ListItem\",\"position\":1,\"name\":\"Home\",\"item\":\"https:\/\/lojena.wepar.hr\/hu\/\"},{\"@type\":\"ListItem\",\"position\":2,\"name\":\"Kos\u00e1r\"}]},{\"@type\":\"WebSite\",\"@id\":\"https:\/\/lojena.wepar.hr\/#website\",\"url\":\"https:\/\/lojena.wepar.hr\/\",\"name\":\"Villa Lojena\",\"description\":\"Luxury Studios\",\"potentialAction\":[{\"@type\":\"SearchAction\",\"target\":{\"@type\":\"EntryPoint\",\"urlTemplate\":\"https:\/\/lojena.wepar.hr\/?s={search_term_string}\"},\"query-input\":{\"@type\":\"PropertyValueSpecification\",\"valueRequired\":true,\"valueName\":\"search_term_string\"}}],\"inLanguage\":\"hu\"}]}<\/script>\n<!-- \/ Yoast SEO plugin. -->","yoast_head_json":{"title":"Kos\u00e1r - Villa Lojena","robots":{"index":"index","follow":"follow","max-snippet":"max-snippet:-1","max-image-preview":"max-image-preview:large","max-video-preview":"max-video-preview:-1"},"canonical":"https:\/\/lojena.wepar.hr\/cart\/","og_locale":"hu_HU","og_type":"article","og_title":"Kos\u00e1r - Villa Lojena","og_url":"https:\/\/lojena.wepar.hr\/cart\/","og_site_name":"Villa Lojena","article_modified_time":"2026-02-18T13:13:55+00:00","twitter_card":"summary_large_image","schema":{"@context":"https:\/\/schema.org","@graph":[{"@type":"WebPage","@id":"https:\/\/lojena.wepar.hr\/cart\/","url":"https:\/\/lojena.wepar.hr\/cart\/","name":"Kos\u00e1r - Villa Lojena","isPartOf":{"@id":"https:\/\/lojena.wepar.hr\/#website"},"datePublished":"2026-02-06T12:00:57+00:00","dateModified":"2026-02-18T13:13:55+00:00","breadcrumb":{"@id":"https:\/\/lojena.wepar.hr\/cart\/#breadcrumb"},"inLanguage":"hu","potentialAction":[{"@type":"ReadAction","target":["https:\/\/lojena.wepar.hr\/cart\/"]}]},{"@type":"BreadcrumbList","@id":"https:\/\/lojena.wepar.hr\/cart\/#breadcrumb","itemListElement":[{"@type":"ListItem","position":1,"name":"Home","item":"https:\/\/lojena.wepar.hr\/hu\/"},{"@type":"ListItem","position":2,"name":"Kos\u00e1r"}]},{"@type":"WebSite","@id":"https:\/\/lojena.wepar.hr\/#website","url":"https:\/\/lojena.wepar.hr\/","name":"Villa Lojena","description":"Luxury Studios","potentialAction":[{"@type":"SearchAction","target":{"@type":"EntryPoint","urlTemplate":"https:\/\/lojena.wepar.hr\/?s={search_term_string}"},"query-input":{"@type":"PropertyValueSpecification","valueRequired":true,"valueName":"search_term_string"}}],"inLanguage":"hu"}]}},"_links":{"self":[{"href":"https:\/\/lojena.wepar.hr\/hu\/wp-json\/wp\/v2\/pages\/275","targetHints":{"allow":["GET"]}}],"collection":[{"href":"https:\/\/lojena.wepar.hr\/hu\/wp-json\/wp\/v2\/pages"}],"about":[{"href":"https:\/\/lojena.wepar.hr\/hu\/wp-json\/wp\/v2\/types\/page"}],"author":[{"embeddable":true,"href":"https:\/\/lojena.wepar.hr\/hu\/wp-json\/wp\/v2\/users\/1"}],"replies":[{"embeddable":true,"href":"https:\/\/lojena.wepar.hr\/hu\/wp-json\/wp\/v2\/comments?post=275"}],"version-history":[{"count":1,"href":"https:\/\/lojena.wepar.hr\/hu\/wp-json\/wp\/v2\/pages\/275\/revisions"}],"predecessor-version":[{"id":302,"href":"https:\/\/lojena.wepar.hr\/hu\/wp-json\/wp\/v2\/pages\/275\/revisions\/302"}],"wp:attachment":[{"href":"https:\/\/lojena.wepar.hr\/hu\/wp-json\/wp\/v2\/media?parent=275"}],"curies":[{"name":"wp","href":"https:\/\/api.w.org\/{rel}","templated":true}]}}