{"id":2233,"date":"2026-02-17T11:03:58","date_gmt":"2026-02-17T11:03:58","guid":{"rendered":"https:\/\/lojena.wepar.hr\/?page_id=2233"},"modified":"2026-03-11T06:51:04","modified_gmt":"2026-03-11T06:51:04","slug":"booking-conditions","status":"publish","type":"page","link":"https:\/\/lojena.wepar.hr\/hu\/booking-conditions\/","title":{"rendered":"Booking Conditions"},"content":{"rendered":"\n<h1 class=\"wp-block-heading\">\u00c1ltal\u00e1nos Foglal\u00e1si Felt\u00e9telek<\/h1>\n\n\n\n<h3 class=\"wp-block-heading\">1. Bevezet\u00e9s<\/h3>\n\n\n\n<p>A Murter rentals d.o.o. utaz\u00e1si iroda (a tov\u00e1bbiakban: \u00dcgyn\u00f6ks\u00e9g) k\u00f6zvet\u00edt\u0151k\u00e9nt j\u00e1r el a Villa Lojena sz\u00e1ll\u00e1shely-szolg\u00e1ltat\u00e1sainak ny\u00fajt\u00e1sa sor\u00e1n. Minden szolg\u00e1ltat\u00e1s a hivatalos weboldalon k\u00f6zz\u00e9tett inform\u00e1ci\u00f3kkal \u00f6sszhangban ker\u00fcl biztos\u00edt\u00e1sra a visszaigazolt foglal\u00e1s id\u0151tartam\u00e1ra. Az \u00dcgyn\u00f6ks\u00e9g nem v\u00e1llal felel\u0151ss\u00e9get a vis maior (pl. term\u00e9szeti katasztr\u00f3f\u00e1k, t\u00fczek, sztr\u00e1jkok, h\u00e1bor\u00fa vagy a szolg\u00e1ltat\u00f3 k\u00f6zvetlen csal\u00e1dj\u00e1t \u00e9rint\u0151 el\u0151re nem l\u00e1that\u00f3 esem\u00e9nyek) \u00e1ltal okozott k\u00f6r\u00fclm\u00e9nyek\u00e9rt.<\/p>\n\n\n\n<h4 class=\"wp-block-heading\">2. \u00c9rdekl\u0151d\u00e9s \u00e9s foglal\u00e1s<\/h4>\n\n\n\n<p>Az \u00e9rdekl\u0151d\u00e9seket \u00e9s foglal\u00e1sokat elektronikusan, a weboldal \u0171rlapjain vagy e-mailen kereszt\u00fcl fogadjuk. A foglal\u00e1s meger\u0151s\u00edt\u00e9s\u00e9hez a vend\u00e9g k\u00f6teles:<\/p>\n\n\n\n<ul class=\"wp-block-list\">\n<li>A foglal\u00e1si aj\u00e1nlat k\u00e9zhezv\u00e9tel\u00e9t\u0151l sz\u00e1m\u00edtott 24 \u00f3r\u00e1n bel\u00fcl kifizetni a teljes \u00e1r <strong>20%-\u00e1nak megfelel\u0151 el\u0151leget<\/strong>.<\/li>\n\n\n\n<li>A foglal\u00e1s csak az el\u0151leg be\u00e9rkez\u00e9sekor v\u00e1lik \u00e9rv\u00e9nyess\u00e9.<\/li>\n\n\n\n<li>A fennmarad\u00f3 <strong>80%-ot<\/strong> a helysz\u00ednen (\u00e9rkez\u00e9skor) kell megfizetni k\u00e9szp\u00e9nzben vagy banki \u00e1tutal\u00e1ssal, a h\u00e1zigazd\u00e1val t\u00f6rt\u00e9nt egyeztet\u00e9s szerint.<\/li>\n<\/ul>\n\n\n\n<h4 class=\"wp-block-heading\">3. Idegenforgalmi ad\u00f3<\/h4>\n\n\n\n<p>A Horv\u00e1t K\u00f6zt\u00e1rsas\u00e1g idegenforgalmi ad\u00f3r\u00f3l sz\u00f3l\u00f3 t\u00f6rv\u00e9ny\u00e9vel \u00f6sszhangban a vend\u00e9gek k\u00f6telesek idegenforgalmi ad\u00f3t fizetni.<\/p>\n\n\n\n<ul class=\"wp-block-list\">\n<li>Feln\u0151ttek: <strong>1,50 \u20ac<\/strong> \/ f\u0151 \/ nap.<\/li>\n\n\n\n<li>Gyermekek (12\u201318 \u00e9v): <strong>0,75 \u20ac<\/strong> \/ f\u0151 \/ nap (50% kedvezm\u00e9ny).<\/li>\n\n\n\n<li>Gyermekek (12 \u00e9v alatt): Mentes\u00fclnek az idegenforgalmi ad\u00f3 al\u00f3l. Az idegenforgalmi ad\u00f3t \u00e1ltal\u00e1ban k\u00fcl\u00f6n sz\u00e1m\u00edtj\u00e1k fel \u00e9s \u00e9rkez\u00e9skor fizetend\u0151, hacsak a v\u00e9gs\u0151 sz\u00e1mla m\u00e1sk\u00e9nt nem rendelkezik.<\/li>\n<\/ul>\n\n\n\n<h4 class=\"wp-block-heading\">4. Sz\u00e1ll\u00e1s \u00e1ra<\/h4>\n\n\n\n<p>Az \u00e1rak eur\u00f3ban (EUR) \u00e9rtend\u0151k sz\u00e1ll\u00e1segys\u00e9genk\u00e9nt. Az \u00e1r tartalmazza:<\/p>\n\n\n\n<ul class=\"wp-block-list\">\n<li>Az egys\u00e9g rendeltet\u00e9sszer\u0171 haszn\u00e1lat\u00e1t, heti \u00e1gynem\u0171- \u00e9s t\u00f6r\u00f6lk\u00f6z\u0151cser\u00e9t, \u00e1ramot, vizet, konyhai eszk\u00f6z\u00f6ket, a v\u00e9gs\u0151 takar\u00edt\u00e1st, valamint a medence \u00e9s a k\u00f6z\u00f6s helyis\u00e9gek haszn\u00e1lat\u00e1t.<\/li>\n\n\n\n<li>A k\u00fcl\u00f6nleges szolg\u00e1ltat\u00e1sok (pl. mos\u00e1s, elektromos j\u00e1rm\u0171vek t\u00f6lt\u00e9se vagy SUP deszka\/roller b\u00e9rl\u00e9se) a weboldalon felt\u00fcntetett tov\u00e1bbi d\u00edjak al\u00e1 eshetnek.<\/li>\n\n\n\n<li>Az \u00dcgyn\u00f6ks\u00e9g garant\u00e1lja azt az \u00e1rat, amely az eredeti sz\u00e1m\u00edt\u00e1sban szerepelt, \u00e9s amely alapj\u00e1n a 20%-os el\u0151leg kifizet\u00e9sre ker\u00fclt.<\/li>\n<\/ul>\n\n\n\n<h4 class=\"wp-block-heading\">5. Az \u00dcgyn\u00f6ks\u00e9g m\u00f3dos\u00edt\u00e1si \u00e9s lemond\u00e1si joga<\/h4>\n\n\n\n<p>Az \u00dcgyn\u00f6ks\u00e9g fenntartja a jogot a foglal\u00e1s m\u00f3dos\u00edt\u00e1s\u00e1ra v\u00e9szhelyzet vagy vis maior eset\u00e9n. Abban a val\u00f3sz\u00edn\u0171tlen esetben, ha a lefoglalt egys\u00e9get m\u00f3dos\u00edtani kell, a vend\u00e9gnek azonos vagy magasabb kateg\u00f3ri\u00e1j\u00fa alternat\u00edv\u00e1t k\u00edn\u00e1lunk fel. Ha nem \u00e1ll rendelkez\u00e9sre alternat\u00edva, az \u00dcgyn\u00f6ks\u00e9g a befizetett el\u0151leg <strong>100%-\u00e1t visszat\u00e9r\u00edti<\/strong>.<\/p>\n\n\n\n<h4 class=\"wp-block-heading\">6. A vend\u00e9g m\u00f3dos\u00edt\u00e1si \u00e9s lemond\u00e1si joga<\/h4>\n\n\n\n<p>Minden lemond\u00e1st \u00edr\u00e1sban (e-mailben) kell beny\u00fajtani. A 20%-os el\u0151legre a k\u00f6vetkez\u0151 visszat\u00e9r\u00edt\u00e9si szab\u00e1lyok vonatkoznak:<\/p>\n\n\n\n<ul class=\"wp-block-list\">\n<li><strong>30 vagy t\u00f6bb nappal az \u00e9rkez\u00e9s el\u0151tt:<\/strong> Az \u00dcgyn\u00f6ks\u00e9g a teljes el\u0151leget visszat\u00e9r\u00edti.<\/li>\n\n\n\n<li><strong>14\u201329 nappal az \u00e9rkez\u00e9s el\u0151tt:<\/strong> Az \u00dcgyn\u00f6ks\u00e9g az el\u0151leg 50%-\u00e1t megtartja; a fennmarad\u00f3 50%-ot visszat\u00e9r\u00edti a vend\u00e9gnek.<\/li>\n\n\n\n<li><strong>1\u201313 nappal az \u00e9rkez\u00e9s el\u0151tt (vagy meg nem jelen\u00e9s eset\u00e9n):<\/strong> Az \u00dcgyn\u00f6ks\u00e9g az el\u0151leg 100%-\u00e1t megtartja. Amennyiben a vend\u00e9g k\u00e9sve \u00e9rkezik, vagy a tervezettn\u00e9l kor\u00e1bban t\u00e1vozik, az eredeti foglal\u00e1s teljes \u00f6sszege kisz\u00e1ml\u00e1z\u00e1sra ker\u00fcl.<\/li>\n<\/ul>\n\n\n\n<h4 class=\"wp-block-heading\">7. A vend\u00e9g k\u00f6telezetts\u00e9gei<\/h4>\n\n\n\n<p>A vend\u00e9g k\u00f6teles:<\/p>\n\n\n\n<ul class=\"wp-block-list\">\n<li>\u00c9rv\u00e9nyes \u00fati okm\u00e1nyokkal (\u00fatlev\u00e9l\/v\u00edzum) rendelkezni.<\/li>\n\n\n\n<li>Betartani a Villa Lojena <strong>H\u00e1zirendj\u00e9t<\/strong> (pl. zajszint, medencehaszn\u00e1lat).<\/li>\n\n\n\n<li>Bejelenteni \u00e9s a helysz\u00ednen megt\u00e9r\u00edteni az ingatlanban okozott b\u00e1rmilyen k\u00e1r k\u00f6lts\u00e9g\u00e9t.<\/li>\n\n\n\n<li><strong>Bejelentkez\u00e9s (Check-in):<\/strong> 14:00 ut\u00e1n.<\/li>\n\n\n\n<li><strong>Kijelentkez\u00e9s (Check-out):<\/strong> 10:00 el\u0151tt.<\/li>\n<\/ul>\n\n\n\n<h4 class=\"wp-block-heading\">8. Poggy\u00e1sz \u00e9s \u00e9rt\u00e9kt\u00e1rgyak<\/h4>\n\n\n\n<p>Az \u00dcgyn\u00f6ks\u00e9g \u00e9s az ingatlan tulajdonosa nem v\u00e1llal felel\u0151ss\u00e9get a sz\u00e1ll\u00e1segys\u00e9gben hagyott s\u00e9r\u00fclt, elveszett vagy ellopott poggy\u00e1sz\u00e9rt vagy \u00e9rt\u00e9kt\u00e1rgyak\u00e9rt. Javasoljuk a rendelkez\u00e9sre \u00e1ll\u00f3 biztons\u00e1gi int\u00e9zked\u00e9sek haszn\u00e1lat\u00e1t, \u00e9s minden incidenst halad\u00e9ktalanul jelentsenek a helyi rend\u0151rkapit\u00e1nys\u00e1gon.<\/p>\n\n\n\n<h4 class=\"wp-block-heading\">9. Panaszok \u00e9s vitarendez\u00e9s<\/h4>\n\n\n\n<p>Amennyiben a szolg\u00e1ltat\u00e1s nem kiel\u00e9g\u00edt\u0151, a vend\u00e9g k\u00f6teles:<\/p>\n\n\n\n<ul class=\"wp-block-list\">\n<li>Halad\u00e9ktalanul, az \u00e9rkez\u00e9s napj\u00e1n panaszt tenni a h\u00e1zigazd\u00e1n\u00e1l\/szolg\u00e1ltat\u00f3n\u00e1l a megold\u00e1s keres\u00e9se \u00e9rdek\u00e9ben.<\/li>\n\n\n\n<li>\u00c9sszer\u0171 hat\u00e1rid\u0151t biztos\u00edtani az \u00dcgyn\u00f6ks\u00e9gnek\/Tulajdonosnak a hiba kijav\u00edt\u00e1s\u00e1ra.<\/li>\n\n\n\n<li>Ha a vend\u00e9g \u00f6nk\u00e9nt elhagyja az egys\u00e9get a megold\u00e1s felk\u00edn\u00e1l\u00e1sa el\u0151tt, elvesz\u00edti a visszat\u00e9r\u00edt\u00e9sre val\u00f3 jog\u00e1t. Lez\u00e1ratlan vita eset\u00e9n a <strong>\u0160ibeniki B\u00edr\u00f3s\u00e1g<\/strong> illet\u00e9kess\u00e9ge az ir\u00e1nyad\u00f3.<\/li>\n<\/ul>\n\n\n\n<h4 class=\"wp-block-heading\">10. A felt\u00e9telek elfogad\u00e1sa<\/h4>\n\n\n\n<p>A 20%-os el\u0151leg befizet\u00e9s\u00e9vel a vend\u00e9g meger\u0151s\u00edti, hogy jelen \u00c1ltal\u00e1nos Foglal\u00e1si Felt\u00e9teleket teljes eg\u00e9sz\u00e9ben elolvasta, meg\u00e9rtette \u00e9s elfogadta.<\/p>\n\n\n\n<p>Az adatv\u00e9delmi szab\u00e1lyzattal kapcsolatos tov\u00e1bbi inform\u00e1ci\u00f3k\u00e9rt kattintson <a href=\"https:\/\/lojena.wepar.hr\/hu\/adatkezelesi-tajekoztato\/\" type=\"link\" id=\"https:\/\/lojena.wepar.hr\/hu\/adatkezelesi-tajekoztato\/\">ide<\/a>.<\/p>\n\n\n\n<div style=\"height:110px\" aria-hidden=\"true\" class=\"wp-block-spacer\"><\/div>\n","protected":false},"excerpt":{"rendered":"<p>\u00c1ltal\u00e1nos Foglal\u00e1si Felt\u00e9telek 1. Bevezet\u00e9s A Murter rentals d.o.o. utaz\u00e1si iroda (a tov\u00e1bbiakban: \u00dcgyn\u00f6ks\u00e9g) k\u00f6zvet\u00edt\u0151k\u00e9nt j\u00e1r el a Villa Lojena sz\u00e1ll\u00e1shely-szolg\u00e1ltat\u00e1sainak ny\u00fajt\u00e1sa sor\u00e1n. Minden szolg\u00e1ltat\u00e1s a hivatalos weboldalon k\u00f6zz\u00e9tett inform\u00e1ci\u00f3kkal \u00f6sszhangban ker\u00fcl biztos\u00edt\u00e1sra a visszaigazolt foglal\u00e1s id\u0151tartam\u00e1ra. Az \u00dcgyn\u00f6ks\u00e9g nem v\u00e1llal felel\u0151ss\u00e9get a vis maior (pl. term\u00e9szeti katasztr\u00f3f\u00e1k, t\u00fczek, sztr\u00e1jkok, h\u00e1bor\u00fa vagy a szolg\u00e1ltat\u00f3 k\u00f6zvetlen [&hellip;]<\/p>\n","protected":false},"author":1,"featured_media":0,"parent":0,"menu_order":0,"comment_status":"closed","ping_status":"closed","template":"page-content.php","meta":{"_acf_changed":false,"footnotes":""},"class_list":["post-2233","page","type-page","status-publish","hentry"],"acf":[],"yoast_head":"<!-- This site is optimized with the Yoast SEO plugin v27.1.1 - https:\/\/yoast.com\/product\/yoast-seo-wordpress\/ -->\n<title>Booking Conditions - Villa Lojena<\/title>\n<meta name=\"robots\" content=\"index, follow, max-snippet:-1, max-image-preview:large, max-video-preview:-1\" \/>\n<link rel=\"canonical\" href=\"https:\/\/lojena.wepar.hr\/terms-of-service\/\" \/>\n<meta property=\"og:locale\" content=\"hu_HU\" \/>\n<meta property=\"og:type\" content=\"article\" \/>\n<meta property=\"og:title\" content=\"Booking Conditions - Villa Lojena\" \/>\n<meta property=\"og:description\" content=\"\u00c1ltal\u00e1nos Foglal\u00e1si Felt\u00e9telek 1. Bevezet\u00e9s A Murter rentals d.o.o. utaz\u00e1si iroda (a tov\u00e1bbiakban: \u00dcgyn\u00f6ks\u00e9g) k\u00f6zvet\u00edt\u0151k\u00e9nt j\u00e1r el a Villa Lojena sz\u00e1ll\u00e1shely-szolg\u00e1ltat\u00e1sainak ny\u00fajt\u00e1sa sor\u00e1n. Minden szolg\u00e1ltat\u00e1s a hivatalos weboldalon k\u00f6zz\u00e9tett inform\u00e1ci\u00f3kkal \u00f6sszhangban ker\u00fcl biztos\u00edt\u00e1sra a visszaigazolt foglal\u00e1s id\u0151tartam\u00e1ra. Az \u00dcgyn\u00f6ks\u00e9g nem v\u00e1llal felel\u0151ss\u00e9get a vis maior (pl. term\u00e9szeti katasztr\u00f3f\u00e1k, t\u00fczek, sztr\u00e1jkok, h\u00e1bor\u00fa vagy a szolg\u00e1ltat\u00f3 k\u00f6zvetlen [&hellip;]\" \/>\n<meta property=\"og:url\" content=\"https:\/\/lojena.wepar.hr\/terms-of-service\/\" \/>\n<meta property=\"og:site_name\" content=\"Villa Lojena\" \/>\n<meta property=\"article:modified_time\" content=\"2026-03-11T06:51:04+00:00\" \/>\n<meta name=\"twitter:card\" content=\"summary_large_image\" \/>\n<meta name=\"twitter:label1\" content=\"Becs\u00fclt olvas\u00e1si id\u0151\" \/>\n\t<meta name=\"twitter:data1\" content=\"3 perc\" \/>\n<script type=\"application\/ld+json\" class=\"yoast-schema-graph\">{\"@context\":\"https:\/\/schema.org\",\"@graph\":[{\"@type\":\"WebPage\",\"@id\":\"https:\/\/lojena.wepar.hr\/terms-of-service\/\",\"url\":\"https:\/\/lojena.wepar.hr\/terms-of-service\/\",\"name\":\"Booking Conditions - Villa Lojena\",\"isPartOf\":{\"@id\":\"https:\/\/lojena.wepar.hr\/#website\"},\"datePublished\":\"2026-02-17T11:03:58+00:00\",\"dateModified\":\"2026-03-11T06:51:04+00:00\",\"breadcrumb\":{\"@id\":\"https:\/\/lojena.wepar.hr\/terms-of-service\/#breadcrumb\"},\"inLanguage\":\"hu\",\"potentialAction\":[{\"@type\":\"ReadAction\",\"target\":[\"https:\/\/lojena.wepar.hr\/terms-of-service\/\"]}]},{\"@type\":\"BreadcrumbList\",\"@id\":\"https:\/\/lojena.wepar.hr\/terms-of-service\/#breadcrumb\",\"itemListElement\":[{\"@type\":\"ListItem\",\"position\":1,\"name\":\"Home\",\"item\":\"https:\/\/lojena.wepar.hr\/hu\/\"},{\"@type\":\"ListItem\",\"position\":2,\"name\":\"Booking Conditions\"}]},{\"@type\":\"WebSite\",\"@id\":\"https:\/\/lojena.wepar.hr\/#website\",\"url\":\"https:\/\/lojena.wepar.hr\/\",\"name\":\"Villa Lojena\",\"description\":\"Luxury Studios\",\"potentialAction\":[{\"@type\":\"SearchAction\",\"target\":{\"@type\":\"EntryPoint\",\"urlTemplate\":\"https:\/\/lojena.wepar.hr\/?s={search_term_string}\"},\"query-input\":{\"@type\":\"PropertyValueSpecification\",\"valueRequired\":true,\"valueName\":\"search_term_string\"}}],\"inLanguage\":\"hu\"}]}<\/script>\n<!-- \/ Yoast SEO plugin. -->","yoast_head_json":{"title":"Booking Conditions - Villa Lojena","robots":{"index":"index","follow":"follow","max-snippet":"max-snippet:-1","max-image-preview":"max-image-preview:large","max-video-preview":"max-video-preview:-1"},"canonical":"https:\/\/lojena.wepar.hr\/terms-of-service\/","og_locale":"hu_HU","og_type":"article","og_title":"Booking Conditions - Villa Lojena","og_description":"\u00c1ltal\u00e1nos Foglal\u00e1si Felt\u00e9telek 1. Bevezet\u00e9s A Murter rentals d.o.o. utaz\u00e1si iroda (a tov\u00e1bbiakban: \u00dcgyn\u00f6ks\u00e9g) k\u00f6zvet\u00edt\u0151k\u00e9nt j\u00e1r el a Villa Lojena sz\u00e1ll\u00e1shely-szolg\u00e1ltat\u00e1sainak ny\u00fajt\u00e1sa sor\u00e1n. Minden szolg\u00e1ltat\u00e1s a hivatalos weboldalon k\u00f6zz\u00e9tett inform\u00e1ci\u00f3kkal \u00f6sszhangban ker\u00fcl biztos\u00edt\u00e1sra a visszaigazolt foglal\u00e1s id\u0151tartam\u00e1ra. Az \u00dcgyn\u00f6ks\u00e9g nem v\u00e1llal felel\u0151ss\u00e9get a vis maior (pl. term\u00e9szeti katasztr\u00f3f\u00e1k, t\u00fczek, sztr\u00e1jkok, h\u00e1bor\u00fa vagy a szolg\u00e1ltat\u00f3 k\u00f6zvetlen [&hellip;]","og_url":"https:\/\/lojena.wepar.hr\/terms-of-service\/","og_site_name":"Villa Lojena","article_modified_time":"2026-03-11T06:51:04+00:00","twitter_card":"summary_large_image","twitter_misc":{"Becs\u00fclt olvas\u00e1si id\u0151":"3 perc"},"schema":{"@context":"https:\/\/schema.org","@graph":[{"@type":"WebPage","@id":"https:\/\/lojena.wepar.hr\/terms-of-service\/","url":"https:\/\/lojena.wepar.hr\/terms-of-service\/","name":"Booking Conditions - Villa Lojena","isPartOf":{"@id":"https:\/\/lojena.wepar.hr\/#website"},"datePublished":"2026-02-17T11:03:58+00:00","dateModified":"2026-03-11T06:51:04+00:00","breadcrumb":{"@id":"https:\/\/lojena.wepar.hr\/terms-of-service\/#breadcrumb"},"inLanguage":"hu","potentialAction":[{"@type":"ReadAction","target":["https:\/\/lojena.wepar.hr\/terms-of-service\/"]}]},{"@type":"BreadcrumbList","@id":"https:\/\/lojena.wepar.hr\/terms-of-service\/#breadcrumb","itemListElement":[{"@type":"ListItem","position":1,"name":"Home","item":"https:\/\/lojena.wepar.hr\/hu\/"},{"@type":"ListItem","position":2,"name":"Booking Conditions"}]},{"@type":"WebSite","@id":"https:\/\/lojena.wepar.hr\/#website","url":"https:\/\/lojena.wepar.hr\/","name":"Villa Lojena","description":"Luxury Studios","potentialAction":[{"@type":"SearchAction","target":{"@type":"EntryPoint","urlTemplate":"https:\/\/lojena.wepar.hr\/?s={search_term_string}"},"query-input":{"@type":"PropertyValueSpecification","valueRequired":true,"valueName":"search_term_string"}}],"inLanguage":"hu"}]}},"_links":{"self":[{"href":"https:\/\/lojena.wepar.hr\/hu\/wp-json\/wp\/v2\/pages\/2233","targetHints":{"allow":["GET"]}}],"collection":[{"href":"https:\/\/lojena.wepar.hr\/hu\/wp-json\/wp\/v2\/pages"}],"about":[{"href":"https:\/\/lojena.wepar.hr\/hu\/wp-json\/wp\/v2\/types\/page"}],"author":[{"embeddable":true,"href":"https:\/\/lojena.wepar.hr\/hu\/wp-json\/wp\/v2\/users\/1"}],"replies":[{"embeddable":true,"href":"https:\/\/lojena.wepar.hr\/hu\/wp-json\/wp\/v2\/comments?post=2233"}],"version-history":[{"count":1,"href":"https:\/\/lojena.wepar.hr\/hu\/wp-json\/wp\/v2\/pages\/2233\/revisions"}],"predecessor-version":[{"id":2234,"href":"https:\/\/lojena.wepar.hr\/hu\/wp-json\/wp\/v2\/pages\/2233\/revisions\/2234"}],"wp:attachment":[{"href":"https:\/\/lojena.wepar.hr\/hu\/wp-json\/wp\/v2\/media?parent=2233"}],"curies":[{"name":"wp","href":"https:\/\/api.w.org\/{rel}","templated":true}]}}