{"id":2180,"date":"2026-02-16T18:09:31","date_gmt":"2026-02-16T18:09:31","guid":{"rendered":"https:\/\/lojena.wepar.hr\/?page_id=2180"},"modified":"2026-03-10T20:06:17","modified_gmt":"2026-03-10T20:06:17","slug":"rolunk","status":"publish","type":"page","link":"https:\/\/lojena.wepar.hr\/hu\/rolunk\/","title":{"rendered":"R\u00f3lunk"},"content":{"rendered":"\n<h1 class=\"wp-block-heading\"><strong>Villa Lojena: Ahol a luxus \u00e9s a mediterr\u00e1n nyugalom tal\u00e1lkozik<\/strong><\/h1>\n\n\n\n<h2 class=\"wp-block-heading\">\u00dcdv\u00f6z\u00f6lj\u00fck a Villa Lojen\u00e1ban<\/h2>\n\n\n\n<p>\u00dcdv\u00f6z\u00f6lj\u00fck a Villa Lojen\u00e1ban, Murter sziget\u00e9nek pr\u00e9mium sz\u00e1ll\u00e1shely\u00e9n, amelyet azoknak tervezt\u00fcnk, akik t\u00f6bbet keresnek egy egyszer\u0171 sz\u00e1ll\u00e1sn\u00e1l. A sziget egyik legcsendesebb \u00e9s legeleg\u00e1nsabb r\u00e9sz\u00e9n fekv\u0151 vill\u00e1nk egy \u00e1lomb\u00f3l sz\u00fcletett: egy t\u00f6k\u00e9letes mened\u00e9k l\u00e9trehoz\u00e1s\u00e1r\u00f3l, ahol a luxus, a min\u0151s\u00e9g \u00e9s a pihentet\u0151 l\u00e9gk\u00f6r egys\u00e9get alkot.<\/p>\n\n\n\n<h2 class=\"wp-block-heading\">Egy val\u00f3ra v\u00e1lt \u00e1lom<\/h2>\n\n\n\n<p>A Villa Lojena nem egy tipikus befektet\u00e9si c\u00e9l\u00fa ingatlan. Mi \u2013 <strong>Diana \u00e9s Marko<\/strong> \u2013 \u00e9p\u00edtett\u00fck fel, t\u00f6bb mint 20 \u00e9ves turisztikai menedzsmentben \u00e9s nyelvoktat\u00e1sban szerzett szakmai tapasztalatunk gy\u00fcm\u00f6lcsek\u00e9nt. Olyan helyet szerett\u00fcnk volna l\u00e9trehozni, amelyet mi magunk is v\u00e1lasztan\u00e1nk: egy b\u00e9k\u00e9s, eleg\u00e1ns \u00e9s hiteles mened\u00e9ket. Ak\u00e1r t\u00e1gas apartmant, ak\u00e1r teljes luxus\u00e9lm\u00e9nyt keres, vill\u00e1nk minden szeglet\u00e9t \u00fagy alak\u00edtottuk ki, hogy seg\u00edtsen kiszakadni a h\u00e9tk\u00f6znapok zaj\u00e1b\u00f3l, \u00e9s \u00fajra egym\u00e1sra tal\u00e1lni.<\/p>\n\n\n\n<h2 class=\"wp-block-heading\">Autentikus diz\u00e1jn \u00e9s p\u00e1ratlan min\u0151s\u00e9g<\/h2>\n\n\n\n<p>Bels\u0151 tereink a mediterr\u00e1n lelket id\u00e9zik: term\u00e9szetes fa \u00e9s pr\u00e9mium anyagok haszn\u00e1lat\u00e1val teremtett\u00fcnk visszafogottan eleg\u00e1ns k\u00f6rnyezetet. Hisz\u00fcnk abban, hogy az igazi luxus a r\u00e9szletekben rejlik:<\/p>\n\n\n\n<ul class=\"wp-block-list\">\n<li><strong>T\u00f6k\u00e9letes alv\u00e1s:<\/strong> Gondosan v\u00e1logatott matracok \u00e9s kiv\u00e1l\u00f3 min\u0151s\u00e9g\u0171 \u00e1gynem\u0171k.<\/li>\n\n\n\n<li><strong>Pr\u00e9mium felszerelts\u00e9g:<\/strong> Cs\u00facsmin\u0151s\u00e9g\u0171 kozmetikai term\u00e9kek \u00e9s apr\u00f3l\u00e9kos figyelem a tisztas\u00e1gra.<\/li>\n\n\n\n<li><strong>Az O\u00e1zis:<\/strong> Egy hatalmas terasz <strong>80 m\u00b2-es medenc\u00e9vel<\/strong>, amely hidromassz\u00e1zs f\u00fav\u00f3k\u00e1kkal \u00e9s l\u00e9ggejz\u00edrekkel van felszerelve \u2013 ide\u00e1lis egy csillagf\u00e9nyes f\u00fcrd\u0151z\u00e9shez vagy egy friss\u00edt\u0151 reggeli massz\u00e1zshoz.<\/li>\n\n\n\n<li><strong>Modern k\u00e9nyelem:<\/strong> \u00c1rny\u00e9kolt priv\u00e1t parkol\u00f3, k\u00e9t elektromosaut\u00f3-t\u00f6lt\u0151 (EV) \u00e9s egy helysz\u00edni j\u00e9gg\u00e9p a medenceparti kokt\u00e9lokhoz.<\/li>\n<\/ul>\n\n\n\n<h2 class=\"wp-block-heading\">Fedezze fel Murtert k\u00f6nnyed\u00e9n<\/h2>\n\n\n\n<p>A nyugalom \u00e9s az akt\u00edv kikapcsol\u00f3d\u00e1s hat\u00e1r\u00e1n elhelyezked\u0151 Villa Lojena p\u00e1ratlan hozz\u00e1f\u00e9r\u00e9st biztos\u00edt a sziget legjav\u00e1hoz:<\/p>\n\n\n\n<ul class=\"wp-block-list\">\n<li><strong>Slanica strand:<\/strong> Mind\u00f6ssze 4 percnyi kellemes s\u00e9t\u00e1ra.<\/li>\n\n\n\n<li><strong>Podvr\u0161ke strand:<\/strong> Egy rejtett dr\u00e1gak\u0151, amely kevesebb mint 10 perc alatt el\u00e9rhet\u0151.<\/li>\n\n\n\n<li><strong>Murter k\u00f6zpontja:<\/strong> Egy 15 perces l\u00e1tv\u00e1nyos s\u00e9ta a helyi \u00e9ttermekhez \u00e9s kultur\u00e1lis programokhoz.<\/li>\n<\/ul>\n\n\n\n<p>Hogy saj\u00e1t temp\u00f3j\u00e1ban fedezhesse fel a partvid\u00e9ket, <strong>elektromos rollereket \u00e9s SUP deszk\u00e1kat<\/strong> biztos\u00edtunk vend\u00e9geinknek. Fedezzen fel rejtett \u00f6bl\u00f6ket, vagy guruljon be a k\u00f6zpontba a forgalom \u00e9s a t\u00f6meg okozta stressz n\u00e9lk\u00fcl.<\/p>\n\n\n\n<h2 class=\"wp-block-heading\">Az \u00d6n h\u00e1zigazd\u00e1i, az \u00d6n otthona<\/h2>\n\n\n\n<p>Angol nyelvtan\u00e1rk\u00e9nt \u00e9s turisztikai menedzsment mesterk\u00e9nt b\u00fcszk\u00e9k vagyunk professzion\u00e1lis, m\u00e9gis diszkr\u00e9t vend\u00e9gszeretet\u00fcnkre. C\u00e9lunk egyszer\u0171: egy luxussz\u00e1lloda figyelmes kiszolg\u00e1l\u00e1s\u00e1t ny\u00fajtani egy priv\u00e1t otthon meleg, pihentet\u0151 \u00e9rz\u00e9s\u00e9vel \u00f6tv\u00f6zve.<\/p>\n\n\n\n<p>A Villa Lojen\u00e1ban a nyaral\u00e1s val\u00f3di \u00e9rtelmet nyer. Rendk\u00edv\u00fcli elhelyezked\u00e9s, luxus dekor\u00e1ci\u00f3 \u00e9s megnyugtat\u00f3 l\u00e9gk\u00f6r v\u00e1rja \u00d6nt.<\/p>\n\n\n\n<p><strong>\u00c9lje \u00e1t az igazi Mediterr\u00e1neumot. \u00c9lje \u00e1t a Villa Lojena \u00e9lm\u00e9nyt.<\/strong><\/p>\n\n\n\n<div style=\"height:110px\" aria-hidden=\"true\" class=\"wp-block-spacer\"><\/div>\n","protected":false},"excerpt":{"rendered":"<p>Villa Lojena: Ahol a luxus \u00e9s a mediterr\u00e1n nyugalom tal\u00e1lkozik \u00dcdv\u00f6z\u00f6lj\u00fck a Villa Lojen\u00e1ban \u00dcdv\u00f6z\u00f6lj\u00fck a Villa Lojen\u00e1ban, Murter sziget\u00e9nek pr\u00e9mium sz\u00e1ll\u00e1shely\u00e9n, amelyet azoknak tervezt\u00fcnk, akik t\u00f6bbet keresnek egy egyszer\u0171 sz\u00e1ll\u00e1sn\u00e1l. A sziget egyik legcsendesebb \u00e9s legeleg\u00e1nsabb r\u00e9sz\u00e9n fekv\u0151 vill\u00e1nk egy \u00e1lomb\u00f3l sz\u00fcletett: egy t\u00f6k\u00e9letes mened\u00e9k l\u00e9trehoz\u00e1s\u00e1r\u00f3l, ahol a luxus, a min\u0151s\u00e9g \u00e9s a pihentet\u0151 [&hellip;]<\/p>\n","protected":false},"author":1,"featured_media":623,"parent":0,"menu_order":0,"comment_status":"closed","ping_status":"closed","template":"page-content.php","meta":{"_acf_changed":false,"footnotes":""},"class_list":["post-2180","page","type-page","status-publish","has-post-thumbnail","hentry"],"acf":[],"yoast_head":"<!-- This site is optimized with the Yoast SEO plugin v27.1.1 - https:\/\/yoast.com\/product\/yoast-seo-wordpress\/ -->\n<title>R\u00f3lunk - Villa Lojena<\/title>\n<meta name=\"robots\" content=\"index, follow, max-snippet:-1, max-image-preview:large, max-video-preview:-1\" \/>\n<link rel=\"canonical\" href=\"https:\/\/lojena.wepar.hr\/about-us\/\" \/>\n<meta property=\"og:locale\" content=\"hu_HU\" \/>\n<meta property=\"og:type\" content=\"article\" \/>\n<meta property=\"og:title\" content=\"R\u00f3lunk - Villa Lojena\" \/>\n<meta property=\"og:description\" content=\"Villa Lojena: Ahol a luxus \u00e9s a mediterr\u00e1n nyugalom tal\u00e1lkozik \u00dcdv\u00f6z\u00f6lj\u00fck a Villa Lojen\u00e1ban \u00dcdv\u00f6z\u00f6lj\u00fck a Villa Lojen\u00e1ban, Murter sziget\u00e9nek pr\u00e9mium sz\u00e1ll\u00e1shely\u00e9n, amelyet azoknak tervezt\u00fcnk, akik t\u00f6bbet keresnek egy egyszer\u0171 sz\u00e1ll\u00e1sn\u00e1l. A sziget egyik legcsendesebb \u00e9s legeleg\u00e1nsabb r\u00e9sz\u00e9n fekv\u0151 vill\u00e1nk egy \u00e1lomb\u00f3l sz\u00fcletett: egy t\u00f6k\u00e9letes mened\u00e9k l\u00e9trehoz\u00e1s\u00e1r\u00f3l, ahol a luxus, a min\u0151s\u00e9g \u00e9s a pihentet\u0151 [&hellip;]\" \/>\n<meta property=\"og:url\" content=\"https:\/\/lojena.wepar.hr\/about-us\/\" \/>\n<meta property=\"og:site_name\" content=\"Villa Lojena\" \/>\n<meta property=\"article:modified_time\" content=\"2026-03-10T20:06:17+00:00\" \/>\n<meta property=\"og:image\" content=\"https:\/\/lojena.wepar.hr\/wp-content\/uploads\/2026\/02\/Mask-group.jpg\" \/>\n\t<meta property=\"og:image:width\" content=\"1512\" \/>\n\t<meta property=\"og:image:height\" content=\"650\" \/>\n\t<meta property=\"og:image:type\" content=\"image\/jpeg\" \/>\n<meta name=\"twitter:card\" content=\"summary_large_image\" \/>\n<meta name=\"twitter:label1\" content=\"Becs\u00fclt olvas\u00e1si id\u0151\" \/>\n\t<meta name=\"twitter:data1\" content=\"2 perc\" \/>\n<script type=\"application\/ld+json\" class=\"yoast-schema-graph\">{\"@context\":\"https:\/\/schema.org\",\"@graph\":[{\"@type\":\"WebPage\",\"@id\":\"https:\/\/lojena.wepar.hr\/about-us\/\",\"url\":\"https:\/\/lojena.wepar.hr\/about-us\/\",\"name\":\"R\u00f3lunk - Villa Lojena\",\"isPartOf\":{\"@id\":\"https:\/\/lojena.wepar.hr\/#website\"},\"primaryImageOfPage\":{\"@id\":\"https:\/\/lojena.wepar.hr\/about-us\/#primaryimage\"},\"image\":{\"@id\":\"https:\/\/lojena.wepar.hr\/about-us\/#primaryimage\"},\"thumbnailUrl\":\"https:\/\/lojena.wepar.hr\/wp-content\/uploads\/2026\/02\/Mask-group.jpg\",\"datePublished\":\"2026-02-16T18:09:31+00:00\",\"dateModified\":\"2026-03-10T20:06:17+00:00\",\"breadcrumb\":{\"@id\":\"https:\/\/lojena.wepar.hr\/about-us\/#breadcrumb\"},\"inLanguage\":\"hu\",\"potentialAction\":[{\"@type\":\"ReadAction\",\"target\":[\"https:\/\/lojena.wepar.hr\/about-us\/\"]}]},{\"@type\":\"ImageObject\",\"inLanguage\":\"hu\",\"@id\":\"https:\/\/lojena.wepar.hr\/about-us\/#primaryimage\",\"url\":\"https:\/\/lojena.wepar.hr\/wp-content\/uploads\/2026\/02\/Mask-group.jpg\",\"contentUrl\":\"https:\/\/lojena.wepar.hr\/wp-content\/uploads\/2026\/02\/Mask-group.jpg\",\"width\":1512,\"height\":650,\"caption\":\"Nightview of the Pool surrounded by palm trees\"},{\"@type\":\"BreadcrumbList\",\"@id\":\"https:\/\/lojena.wepar.hr\/about-us\/#breadcrumb\",\"itemListElement\":[{\"@type\":\"ListItem\",\"position\":1,\"name\":\"Home\",\"item\":\"https:\/\/lojena.wepar.hr\/hu\/\"},{\"@type\":\"ListItem\",\"position\":2,\"name\":\"R\u00f3lunk\"}]},{\"@type\":\"WebSite\",\"@id\":\"https:\/\/lojena.wepar.hr\/#website\",\"url\":\"https:\/\/lojena.wepar.hr\/\",\"name\":\"Villa Lojena\",\"description\":\"Luxury Studios\",\"potentialAction\":[{\"@type\":\"SearchAction\",\"target\":{\"@type\":\"EntryPoint\",\"urlTemplate\":\"https:\/\/lojena.wepar.hr\/?s={search_term_string}\"},\"query-input\":{\"@type\":\"PropertyValueSpecification\",\"valueRequired\":true,\"valueName\":\"search_term_string\"}}],\"inLanguage\":\"hu\"}]}<\/script>\n<!-- \/ Yoast SEO plugin. -->","yoast_head_json":{"title":"R\u00f3lunk - Villa Lojena","robots":{"index":"index","follow":"follow","max-snippet":"max-snippet:-1","max-image-preview":"max-image-preview:large","max-video-preview":"max-video-preview:-1"},"canonical":"https:\/\/lojena.wepar.hr\/about-us\/","og_locale":"hu_HU","og_type":"article","og_title":"R\u00f3lunk - Villa Lojena","og_description":"Villa Lojena: Ahol a luxus \u00e9s a mediterr\u00e1n nyugalom tal\u00e1lkozik \u00dcdv\u00f6z\u00f6lj\u00fck a Villa Lojen\u00e1ban \u00dcdv\u00f6z\u00f6lj\u00fck a Villa Lojen\u00e1ban, Murter sziget\u00e9nek pr\u00e9mium sz\u00e1ll\u00e1shely\u00e9n, amelyet azoknak tervezt\u00fcnk, akik t\u00f6bbet keresnek egy egyszer\u0171 sz\u00e1ll\u00e1sn\u00e1l. A sziget egyik legcsendesebb \u00e9s legeleg\u00e1nsabb r\u00e9sz\u00e9n fekv\u0151 vill\u00e1nk egy \u00e1lomb\u00f3l sz\u00fcletett: egy t\u00f6k\u00e9letes mened\u00e9k l\u00e9trehoz\u00e1s\u00e1r\u00f3l, ahol a luxus, a min\u0151s\u00e9g \u00e9s a pihentet\u0151 [&hellip;]","og_url":"https:\/\/lojena.wepar.hr\/about-us\/","og_site_name":"Villa Lojena","article_modified_time":"2026-03-10T20:06:17+00:00","og_image":[{"width":1512,"height":650,"url":"https:\/\/lojena.wepar.hr\/wp-content\/uploads\/2026\/02\/Mask-group.jpg","type":"image\/jpeg"}],"twitter_card":"summary_large_image","twitter_misc":{"Becs\u00fclt olvas\u00e1si id\u0151":"2 perc"},"schema":{"@context":"https:\/\/schema.org","@graph":[{"@type":"WebPage","@id":"https:\/\/lojena.wepar.hr\/about-us\/","url":"https:\/\/lojena.wepar.hr\/about-us\/","name":"R\u00f3lunk - Villa Lojena","isPartOf":{"@id":"https:\/\/lojena.wepar.hr\/#website"},"primaryImageOfPage":{"@id":"https:\/\/lojena.wepar.hr\/about-us\/#primaryimage"},"image":{"@id":"https:\/\/lojena.wepar.hr\/about-us\/#primaryimage"},"thumbnailUrl":"https:\/\/lojena.wepar.hr\/wp-content\/uploads\/2026\/02\/Mask-group.jpg","datePublished":"2026-02-16T18:09:31+00:00","dateModified":"2026-03-10T20:06:17+00:00","breadcrumb":{"@id":"https:\/\/lojena.wepar.hr\/about-us\/#breadcrumb"},"inLanguage":"hu","potentialAction":[{"@type":"ReadAction","target":["https:\/\/lojena.wepar.hr\/about-us\/"]}]},{"@type":"ImageObject","inLanguage":"hu","@id":"https:\/\/lojena.wepar.hr\/about-us\/#primaryimage","url":"https:\/\/lojena.wepar.hr\/wp-content\/uploads\/2026\/02\/Mask-group.jpg","contentUrl":"https:\/\/lojena.wepar.hr\/wp-content\/uploads\/2026\/02\/Mask-group.jpg","width":1512,"height":650,"caption":"Nightview of the Pool surrounded by palm trees"},{"@type":"BreadcrumbList","@id":"https:\/\/lojena.wepar.hr\/about-us\/#breadcrumb","itemListElement":[{"@type":"ListItem","position":1,"name":"Home","item":"https:\/\/lojena.wepar.hr\/hu\/"},{"@type":"ListItem","position":2,"name":"R\u00f3lunk"}]},{"@type":"WebSite","@id":"https:\/\/lojena.wepar.hr\/#website","url":"https:\/\/lojena.wepar.hr\/","name":"Villa Lojena","description":"Luxury Studios","potentialAction":[{"@type":"SearchAction","target":{"@type":"EntryPoint","urlTemplate":"https:\/\/lojena.wepar.hr\/?s={search_term_string}"},"query-input":{"@type":"PropertyValueSpecification","valueRequired":true,"valueName":"search_term_string"}}],"inLanguage":"hu"}]}},"_links":{"self":[{"href":"https:\/\/lojena.wepar.hr\/hu\/wp-json\/wp\/v2\/pages\/2180","targetHints":{"allow":["GET"]}}],"collection":[{"href":"https:\/\/lojena.wepar.hr\/hu\/wp-json\/wp\/v2\/pages"}],"about":[{"href":"https:\/\/lojena.wepar.hr\/hu\/wp-json\/wp\/v2\/types\/page"}],"author":[{"embeddable":true,"href":"https:\/\/lojena.wepar.hr\/hu\/wp-json\/wp\/v2\/users\/1"}],"replies":[{"embeddable":true,"href":"https:\/\/lojena.wepar.hr\/hu\/wp-json\/wp\/v2\/comments?post=2180"}],"version-history":[{"count":1,"href":"https:\/\/lojena.wepar.hr\/hu\/wp-json\/wp\/v2\/pages\/2180\/revisions"}],"predecessor-version":[{"id":2181,"href":"https:\/\/lojena.wepar.hr\/hu\/wp-json\/wp\/v2\/pages\/2180\/revisions\/2181"}],"wp:featuredmedia":[{"embeddable":true,"href":"https:\/\/lojena.wepar.hr\/hu\/wp-json\/wp\/v2\/media\/623"}],"wp:attachment":[{"href":"https:\/\/lojena.wepar.hr\/hu\/wp-json\/wp\/v2\/media?parent=2180"}],"curies":[{"name":"wp","href":"https:\/\/api.w.org\/{rel}","templated":true}]}}