{"id":1117,"date":"2026-02-25T12:26:53","date_gmt":"2026-02-25T12:26:53","guid":{"rendered":"https:\/\/lojena.wepar.hr\/?post_type=product&#038;p=1117"},"modified":"2026-03-19T08:03:39","modified_gmt":"2026-03-19T08:03:39","slug":"superior-studio-sa-pogledom-na-vrt-id-2","status":"publish","type":"product","link":"https:\/\/lojena.wepar.hr\/hr\/proizvod\/superior-studio-sa-pogledom-na-vrt-id-2\/","title":{"rendered":"Superior Studio sa pogledom na vrt ID 2"},"content":{"rendered":"<p>Zamislite da se budite s pogledom na Mediteran: more, bazen i stoljetne masline odmah ispred va\u0161eg praga. Ovaj moderni studio nudi prekrasnu zasjenjenu terasu, savr\u0161eno mjesto za jutarnji espresso ili tiho pi\u0107e u zalasku sunca u spokojnoj atmosferi.<\/p>\n<p>Unutar sobe, luksuz je u detaljima. Od potpuno opremljene kuhinje i velike moderne kupaonice do Daikin klima ure\u0111aja i ultra-premium hipoalergenih madraca od 34 cm, svaki centimetar je stvoren za opu\u0161tanje. Raspored udobno prima malu obitelj zahvaljuju\u0107i posebnom dje\u010djem kreveti\u0107u.<\/p>\n<p>Ostanite povezani s 5G brzim internetom i Smart TV-om ili iskoristite na\u0161e pogodnosti namijenjene prvenstveno gostima, uklju\u010duju\u0107i zajedni\u010dki aparat za led i besplatnu uslugu pranja rublja. Smje\u0161ten u zoni apsolutne ti\u0161ine i mediteranskog \u0161arma, ovaj studio nudi sofisticirano uto\u010di\u0161te od svakodnevice.<\/p>\n","protected":false},"excerpt":{"rendered":"<p>Zamislite da se budite s pogledom na Mediteran: more, bazen i stoljetne masline odmah ispred va\u0161eg praga. Ovaj moderni studio nudi prekrasnu zasjenjenu terasu, savr\u0161eno mjesto za jutarnji espresso ili tiho pi\u0107e u zalasku sunca u spokojnoj atmosferi. Unutar sobe, luksuz je u detaljima. Od potpuno opremljene kuhinje i velike moderne kupaonice do Daikin klima [&hellip;]<\/p>\n","protected":false},"featured_media":810,"comment_status":"closed","ping_status":"closed","template":"","meta":{"_acf_changed":false},"product_brand":[],"product_cat":[106],"product_tag":[],"class_list":{"0":"post-1117","1":"product","2":"type-product","3":"status-publish","4":"has-post-thumbnail","6":"product_cat-superior-studio-s-pogledom-na-vrt","8":"first","9":"instock","10":"sold-individually","11":"shipping-taxable","12":"purchasable","13":"product-type-phive_booking"},"acf":[],"yoast_head":"<!-- This site is optimized with the Yoast SEO plugin v27.1.1 - https:\/\/yoast.com\/product\/yoast-seo-wordpress\/ -->\n<title>Superior Studio sa pogledom na vrt ID 2 - Villa Lojena<\/title>\n<meta name=\"robots\" content=\"index, follow, max-snippet:-1, max-image-preview:large, max-video-preview:-1\" \/>\n<link rel=\"canonical\" href=\"https:\/\/lojena.wepar.hr\/hr\/proizvod\/superior-studio-sa-pogledom-na-vrt-id-2\/\" \/>\n<meta property=\"og:locale\" content=\"hr_HR\" \/>\n<meta property=\"og:type\" content=\"article\" \/>\n<meta property=\"og:title\" content=\"Superior Studio sa pogledom na vrt ID 2 - Villa Lojena\" \/>\n<meta property=\"og:description\" content=\"Zamislite da se budite s pogledom na Mediteran: more, bazen i stoljetne masline odmah ispred va\u0161eg praga. Ovaj moderni studio nudi prekrasnu zasjenjenu terasu, savr\u0161eno mjesto za jutarnji espresso ili tiho pi\u0107e u zalasku sunca u spokojnoj atmosferi. Unutar sobe, luksuz je u detaljima. Od potpuno opremljene kuhinje i velike moderne kupaonice do Daikin klima [&hellip;]\" \/>\n<meta property=\"og:url\" content=\"https:\/\/lojena.wepar.hr\/hr\/proizvod\/superior-studio-sa-pogledom-na-vrt-id-2\/\" \/>\n<meta property=\"og:site_name\" content=\"Villa Lojena\" \/>\n<meta property=\"article:modified_time\" content=\"2026-03-19T08:03:39+00:00\" \/>\n<meta property=\"og:image\" content=\"https:\/\/lojena.wepar.hr\/wp-content\/uploads\/2026\/02\/ap-3-i-4.jpg\" \/>\n\t<meta property=\"og:image:width\" content=\"1980\" \/>\n\t<meta property=\"og:image:height\" content=\"1350\" \/>\n\t<meta property=\"og:image:type\" content=\"image\/jpeg\" \/>\n<meta name=\"twitter:card\" content=\"summary_large_image\" \/>\n<meta name=\"twitter:label1\" content=\"Procijenjeno vrijeme \u010ditanja\" \/>\n\t<meta name=\"twitter:data1\" content=\"1 minuta\" \/>\n<script type=\"application\/ld+json\" class=\"yoast-schema-graph\">{\"@context\":\"https:\/\/schema.org\",\"@graph\":[{\"@type\":\"WebPage\",\"@id\":\"https:\/\/lojena.wepar.hr\/hr\/proizvod\/superior-studio-sa-pogledom-na-vrt-id-2\/\",\"url\":\"https:\/\/lojena.wepar.hr\/hr\/proizvod\/superior-studio-sa-pogledom-na-vrt-id-2\/\",\"name\":\"Superior Studio sa pogledom na vrt ID 2 - Villa Lojena\",\"isPartOf\":{\"@id\":\"https:\/\/lojena.wepar.hr\/#website\"},\"primaryImageOfPage\":{\"@id\":\"https:\/\/lojena.wepar.hr\/hr\/proizvod\/superior-studio-sa-pogledom-na-vrt-id-2\/#primaryimage\"},\"image\":{\"@id\":\"https:\/\/lojena.wepar.hr\/hr\/proizvod\/superior-studio-sa-pogledom-na-vrt-id-2\/#primaryimage\"},\"thumbnailUrl\":\"https:\/\/lojena.wepar.hr\/wp-content\/uploads\/2026\/02\/ap-3-i-4.jpg\",\"datePublished\":\"2026-02-25T12:26:53+00:00\",\"dateModified\":\"2026-03-19T08:03:39+00:00\",\"breadcrumb\":{\"@id\":\"https:\/\/lojena.wepar.hr\/hr\/proizvod\/superior-studio-sa-pogledom-na-vrt-id-2\/#breadcrumb\"},\"inLanguage\":\"hr\",\"potentialAction\":[{\"@type\":\"ReadAction\",\"target\":[\"https:\/\/lojena.wepar.hr\/hr\/proizvod\/superior-studio-sa-pogledom-na-vrt-id-2\/\"]}]},{\"@type\":\"ImageObject\",\"inLanguage\":\"hr\",\"@id\":\"https:\/\/lojena.wepar.hr\/hr\/proizvod\/superior-studio-sa-pogledom-na-vrt-id-2\/#primaryimage\",\"url\":\"https:\/\/lojena.wepar.hr\/wp-content\/uploads\/2026\/02\/ap-3-i-4.jpg\",\"contentUrl\":\"https:\/\/lojena.wepar.hr\/wp-content\/uploads\/2026\/02\/ap-3-i-4.jpg\",\"width\":1980,\"height\":1350,\"caption\":\"View of the sun covered terrace from the apartment\"},{\"@type\":\"BreadcrumbList\",\"@id\":\"https:\/\/lojena.wepar.hr\/hr\/proizvod\/superior-studio-sa-pogledom-na-vrt-id-2\/#breadcrumb\",\"itemListElement\":[{\"@type\":\"ListItem\",\"position\":1,\"name\":\"Home\",\"item\":\"https:\/\/lojena.wepar.hr\/hr\/\"},{\"@type\":\"ListItem\",\"position\":2,\"name\":\"Superior Studio sa pogledom na vrt ID 2\"}]},{\"@type\":\"WebSite\",\"@id\":\"https:\/\/lojena.wepar.hr\/#website\",\"url\":\"https:\/\/lojena.wepar.hr\/\",\"name\":\"Villa Lojena\",\"description\":\"Luxury Studios\",\"potentialAction\":[{\"@type\":\"SearchAction\",\"target\":{\"@type\":\"EntryPoint\",\"urlTemplate\":\"https:\/\/lojena.wepar.hr\/?s={search_term_string}\"},\"query-input\":{\"@type\":\"PropertyValueSpecification\",\"valueRequired\":true,\"valueName\":\"search_term_string\"}}],\"inLanguage\":\"hr\"}]}<\/script>\n<!-- \/ Yoast SEO plugin. -->","yoast_head_json":{"title":"Superior Studio sa pogledom na vrt ID 2 - Villa Lojena","robots":{"index":"index","follow":"follow","max-snippet":"max-snippet:-1","max-image-preview":"max-image-preview:large","max-video-preview":"max-video-preview:-1"},"canonical":"https:\/\/lojena.wepar.hr\/hr\/proizvod\/superior-studio-sa-pogledom-na-vrt-id-2\/","og_locale":"hr_HR","og_type":"article","og_title":"Superior Studio sa pogledom na vrt ID 2 - Villa Lojena","og_description":"Zamislite da se budite s pogledom na Mediteran: more, bazen i stoljetne masline odmah ispred va\u0161eg praga. Ovaj moderni studio nudi prekrasnu zasjenjenu terasu, savr\u0161eno mjesto za jutarnji espresso ili tiho pi\u0107e u zalasku sunca u spokojnoj atmosferi. Unutar sobe, luksuz je u detaljima. Od potpuno opremljene kuhinje i velike moderne kupaonice do Daikin klima [&hellip;]","og_url":"https:\/\/lojena.wepar.hr\/hr\/proizvod\/superior-studio-sa-pogledom-na-vrt-id-2\/","og_site_name":"Villa Lojena","article_modified_time":"2026-03-19T08:03:39+00:00","og_image":[{"width":1980,"height":1350,"url":"https:\/\/lojena.wepar.hr\/wp-content\/uploads\/2026\/02\/ap-3-i-4.jpg","type":"image\/jpeg"}],"twitter_card":"summary_large_image","twitter_misc":{"Procijenjeno vrijeme \u010ditanja":"1 minuta"},"schema":{"@context":"https:\/\/schema.org","@graph":[{"@type":"WebPage","@id":"https:\/\/lojena.wepar.hr\/hr\/proizvod\/superior-studio-sa-pogledom-na-vrt-id-2\/","url":"https:\/\/lojena.wepar.hr\/hr\/proizvod\/superior-studio-sa-pogledom-na-vrt-id-2\/","name":"Superior Studio sa pogledom na vrt ID 2 - Villa Lojena","isPartOf":{"@id":"https:\/\/lojena.wepar.hr\/#website"},"primaryImageOfPage":{"@id":"https:\/\/lojena.wepar.hr\/hr\/proizvod\/superior-studio-sa-pogledom-na-vrt-id-2\/#primaryimage"},"image":{"@id":"https:\/\/lojena.wepar.hr\/hr\/proizvod\/superior-studio-sa-pogledom-na-vrt-id-2\/#primaryimage"},"thumbnailUrl":"https:\/\/lojena.wepar.hr\/wp-content\/uploads\/2026\/02\/ap-3-i-4.jpg","datePublished":"2026-02-25T12:26:53+00:00","dateModified":"2026-03-19T08:03:39+00:00","breadcrumb":{"@id":"https:\/\/lojena.wepar.hr\/hr\/proizvod\/superior-studio-sa-pogledom-na-vrt-id-2\/#breadcrumb"},"inLanguage":"hr","potentialAction":[{"@type":"ReadAction","target":["https:\/\/lojena.wepar.hr\/hr\/proizvod\/superior-studio-sa-pogledom-na-vrt-id-2\/"]}]},{"@type":"ImageObject","inLanguage":"hr","@id":"https:\/\/lojena.wepar.hr\/hr\/proizvod\/superior-studio-sa-pogledom-na-vrt-id-2\/#primaryimage","url":"https:\/\/lojena.wepar.hr\/wp-content\/uploads\/2026\/02\/ap-3-i-4.jpg","contentUrl":"https:\/\/lojena.wepar.hr\/wp-content\/uploads\/2026\/02\/ap-3-i-4.jpg","width":1980,"height":1350,"caption":"View of the sun covered terrace from the apartment"},{"@type":"BreadcrumbList","@id":"https:\/\/lojena.wepar.hr\/hr\/proizvod\/superior-studio-sa-pogledom-na-vrt-id-2\/#breadcrumb","itemListElement":[{"@type":"ListItem","position":1,"name":"Home","item":"https:\/\/lojena.wepar.hr\/hr\/"},{"@type":"ListItem","position":2,"name":"Superior Studio sa pogledom na vrt ID 2"}]},{"@type":"WebSite","@id":"https:\/\/lojena.wepar.hr\/#website","url":"https:\/\/lojena.wepar.hr\/","name":"Villa Lojena","description":"Luxury Studios","potentialAction":[{"@type":"SearchAction","target":{"@type":"EntryPoint","urlTemplate":"https:\/\/lojena.wepar.hr\/?s={search_term_string}"},"query-input":{"@type":"PropertyValueSpecification","valueRequired":true,"valueName":"search_term_string"}}],"inLanguage":"hr"}]}},"_links":{"self":[{"href":"https:\/\/lojena.wepar.hr\/hr\/wp-json\/wp\/v2\/product\/1117","targetHints":{"allow":["GET"]}}],"collection":[{"href":"https:\/\/lojena.wepar.hr\/hr\/wp-json\/wp\/v2\/product"}],"about":[{"href":"https:\/\/lojena.wepar.hr\/hr\/wp-json\/wp\/v2\/types\/product"}],"replies":[{"embeddable":true,"href":"https:\/\/lojena.wepar.hr\/hr\/wp-json\/wp\/v2\/comments?post=1117"}],"wp:featuredmedia":[{"embeddable":true,"href":"https:\/\/lojena.wepar.hr\/hr\/wp-json\/wp\/v2\/media\/810"}],"wp:attachment":[{"href":"https:\/\/lojena.wepar.hr\/hr\/wp-json\/wp\/v2\/media?parent=1117"}],"wp:term":[{"taxonomy":"product_brand","embeddable":true,"href":"https:\/\/lojena.wepar.hr\/hr\/wp-json\/wp\/v2\/product_brand?post=1117"},{"taxonomy":"product_cat","embeddable":true,"href":"https:\/\/lojena.wepar.hr\/hr\/wp-json\/wp\/v2\/product_cat?post=1117"},{"taxonomy":"product_tag","embeddable":true,"href":"https:\/\/lojena.wepar.hr\/hr\/wp-json\/wp\/v2\/product_tag?post=1117"}],"curies":[{"name":"wp","href":"https:\/\/api.w.org\/{rel}","templated":true}]}}