{"id":1939,"date":"2026-02-25T17:58:29","date_gmt":"2026-02-25T17:58:29","guid":{"rendered":"https:\/\/lojena.wepar.hr\/?post_type=product&#038;p=1939"},"modified":"2026-03-10T19:16:14","modified_gmt":"2026-03-10T19:16:14","slug":"studio-exclusif-avec-vue-sur-la-mer-et-bain-a-remous","status":"publish","type":"product","link":"https:\/\/lojena.wepar.hr\/fr\/produit\/studio-exclusif-avec-vue-sur-la-mer-et-bain-a-remous\/","title":{"rendered":"Studio exclusif avec vue sur la mer et bain \u00e0 remous"},"content":{"rendered":"<p>Voici le joyau de la Villa Lojena pour les couples. L&rsquo;appartement 7 offre une vue imprenable sur la mer et la piscine, ainsi qu&rsquo;un jacuzzi int\u00e9rieur avec vue panoramique sur le paysage. Une v\u00e9ritable exp\u00e9rience spa de luxe sans m\u00eame quitter votre chambre.<\/p>\n<p>Acc\u00e9dez \u00e0 la spacieuse terrasse ombrag\u00e9e et admirez le panorama sur l&rsquo;Adriatique, la piscine et les oliveraies qui entourent la villa.<\/p>\n<p>L&rsquo;int\u00e9rieur est con\u00e7u pour les amoureux\u00a0: mobilier \u00e9l\u00e9gant et moderne, cuisine enti\u00e8rement \u00e9quip\u00e9e, grande salle de bains contemporaine et matelas anti-allergiques haut de gamme de 34\u00a0cm pour des nuits parfaites. Climatisation Daikin, Smart TV et internet 5G haut d\u00e9bit garantissent un confort optimal, tandis que le service de blanchisserie et de repassage offert vous permet de vous concentrer sur l&rsquo;essentiel\u00a0: votre amour.<\/p>\n<p>Une escapade inoubliable o\u00f9 luxe, intimit\u00e9 et beaut\u00e9 m\u00e9diterran\u00e9enne se conjuguent harmonieusement.<\/p>\n","protected":false},"excerpt":{"rendered":"<p>Voici le joyau de la Villa Lojena pour les couples. L&rsquo;appartement 7 offre une vue imprenable sur la mer et la piscine, ainsi qu&rsquo;un jacuzzi int\u00e9rieur avec vue panoramique sur le paysage. Une v\u00e9ritable exp\u00e9rience spa de luxe sans m\u00eame quitter votre chambre. Acc\u00e9dez \u00e0 la spacieuse terrasse ombrag\u00e9e et admirez le panorama sur l&rsquo;Adriatique, [&hellip;]<\/p>\n","protected":false},"featured_media":1940,"comment_status":"closed","ping_status":"closed","template":"","meta":{"_acf_changed":false},"product_brand":[],"product_cat":[76],"product_tag":[],"class_list":{"0":"post-1939","1":"product","2":"type-product","3":"status-publish","4":"has-post-thumbnail","6":"product_cat-studio-exclusif-avec-vue-sur-la-mer-et-bain-a-remous","8":"first","9":"instock","10":"sold-individually","11":"shipping-taxable","12":"purchasable","13":"product-type-phive_booking"},"acf":[],"yoast_head":"<!-- This site is optimized with the Yoast SEO plugin v27.1.1 - https:\/\/yoast.com\/product\/yoast-seo-wordpress\/ -->\n<title>Studio exclusif avec vue sur la mer et bain \u00e0 remous - Villa Lojena<\/title>\n<meta name=\"robots\" content=\"index, follow, max-snippet:-1, max-image-preview:large, max-video-preview:-1\" \/>\n<link rel=\"canonical\" href=\"https:\/\/lojena.wepar.hr\/product\/exclusive-studio-with-sea-view-whirlpool-bath\/\" \/>\n<meta property=\"og:locale\" content=\"fr_FR\" \/>\n<meta property=\"og:type\" content=\"article\" \/>\n<meta property=\"og:title\" content=\"Studio exclusif avec vue sur la mer et bain \u00e0 remous - Villa Lojena\" \/>\n<meta property=\"og:description\" content=\"Voici le joyau de la Villa Lojena pour les couples. L&rsquo;appartement 7 offre une vue imprenable sur la mer et la piscine, ainsi qu&rsquo;un jacuzzi int\u00e9rieur avec vue panoramique sur le paysage. Une v\u00e9ritable exp\u00e9rience spa de luxe sans m\u00eame quitter votre chambre. Acc\u00e9dez \u00e0 la spacieuse terrasse ombrag\u00e9e et admirez le panorama sur l&rsquo;Adriatique, [&hellip;]\" \/>\n<meta property=\"og:url\" content=\"https:\/\/lojena.wepar.hr\/product\/exclusive-studio-with-sea-view-whirlpool-bath\/\" \/>\n<meta property=\"og:site_name\" content=\"Villa Lojena\" \/>\n<meta property=\"article:modified_time\" content=\"2026-03-10T19:16:14+00:00\" \/>\n<meta property=\"og:image\" content=\"https:\/\/lojena.wepar.hr\/wp-content\/uploads\/2026\/02\/Exclusive-Studio-with-Sea-View-Whirlpool-Bath-Image-1.jpg\" \/>\n\t<meta property=\"og:image:width\" content=\"1024\" \/>\n\t<meta property=\"og:image:height\" content=\"768\" \/>\n\t<meta property=\"og:image:type\" content=\"image\/jpeg\" \/>\n<meta name=\"twitter:card\" content=\"summary_large_image\" \/>\n<meta name=\"twitter:label1\" content=\"Dur\u00e9e de lecture estim\u00e9e\" \/>\n\t<meta name=\"twitter:data1\" content=\"1 minute\" \/>\n<script type=\"application\/ld+json\" class=\"yoast-schema-graph\">{\"@context\":\"https:\/\/schema.org\",\"@graph\":[{\"@type\":\"WebPage\",\"@id\":\"https:\/\/lojena.wepar.hr\/product\/exclusive-studio-with-sea-view-whirlpool-bath\/\",\"url\":\"https:\/\/lojena.wepar.hr\/product\/exclusive-studio-with-sea-view-whirlpool-bath\/\",\"name\":\"Studio exclusif avec vue sur la mer et bain \u00e0 remous - Villa Lojena\",\"isPartOf\":{\"@id\":\"https:\/\/lojena.wepar.hr\/#website\"},\"primaryImageOfPage\":{\"@id\":\"https:\/\/lojena.wepar.hr\/product\/exclusive-studio-with-sea-view-whirlpool-bath\/#primaryimage\"},\"image\":{\"@id\":\"https:\/\/lojena.wepar.hr\/product\/exclusive-studio-with-sea-view-whirlpool-bath\/#primaryimage\"},\"thumbnailUrl\":\"https:\/\/lojena.wepar.hr\/wp-content\/uploads\/2026\/02\/Exclusive-Studio-with-Sea-View-Whirlpool-Bath-Image-1.jpg\",\"datePublished\":\"2026-02-25T17:58:29+00:00\",\"dateModified\":\"2026-03-10T19:16:14+00:00\",\"breadcrumb\":{\"@id\":\"https:\/\/lojena.wepar.hr\/product\/exclusive-studio-with-sea-view-whirlpool-bath\/#breadcrumb\"},\"inLanguage\":\"fr-FR\",\"potentialAction\":[{\"@type\":\"ReadAction\",\"target\":[\"https:\/\/lojena.wepar.hr\/product\/exclusive-studio-with-sea-view-whirlpool-bath\/\"]}]},{\"@type\":\"ImageObject\",\"inLanguage\":\"fr-FR\",\"@id\":\"https:\/\/lojena.wepar.hr\/product\/exclusive-studio-with-sea-view-whirlpool-bath\/#primaryimage\",\"url\":\"https:\/\/lojena.wepar.hr\/wp-content\/uploads\/2026\/02\/Exclusive-Studio-with-Sea-View-Whirlpool-Bath-Image-1.jpg\",\"contentUrl\":\"https:\/\/lojena.wepar.hr\/wp-content\/uploads\/2026\/02\/Exclusive-Studio-with-Sea-View-Whirlpool-Bath-Image-1.jpg\",\"width\":1024,\"height\":768,\"caption\":\"Romanticly lightened bedroom with a double bed and wall television\"},{\"@type\":\"BreadcrumbList\",\"@id\":\"https:\/\/lojena.wepar.hr\/product\/exclusive-studio-with-sea-view-whirlpool-bath\/#breadcrumb\",\"itemListElement\":[{\"@type\":\"ListItem\",\"position\":1,\"name\":\"Home\",\"item\":\"https:\/\/lojena.wepar.hr\/fr\/\"},{\"@type\":\"ListItem\",\"position\":2,\"name\":\"Studio exclusif avec vue sur la mer et bain \u00e0 remous\"}]},{\"@type\":\"WebSite\",\"@id\":\"https:\/\/lojena.wepar.hr\/#website\",\"url\":\"https:\/\/lojena.wepar.hr\/\",\"name\":\"Villa Lojena\",\"description\":\"Luxury Studios\",\"potentialAction\":[{\"@type\":\"SearchAction\",\"target\":{\"@type\":\"EntryPoint\",\"urlTemplate\":\"https:\/\/lojena.wepar.hr\/?s={search_term_string}\"},\"query-input\":{\"@type\":\"PropertyValueSpecification\",\"valueRequired\":true,\"valueName\":\"search_term_string\"}}],\"inLanguage\":\"fr-FR\"}]}<\/script>\n<!-- \/ Yoast SEO plugin. -->","yoast_head_json":{"title":"Studio exclusif avec vue sur la mer et bain \u00e0 remous - Villa Lojena","robots":{"index":"index","follow":"follow","max-snippet":"max-snippet:-1","max-image-preview":"max-image-preview:large","max-video-preview":"max-video-preview:-1"},"canonical":"https:\/\/lojena.wepar.hr\/product\/exclusive-studio-with-sea-view-whirlpool-bath\/","og_locale":"fr_FR","og_type":"article","og_title":"Studio exclusif avec vue sur la mer et bain \u00e0 remous - Villa Lojena","og_description":"Voici le joyau de la Villa Lojena pour les couples. L&rsquo;appartement 7 offre une vue imprenable sur la mer et la piscine, ainsi qu&rsquo;un jacuzzi int\u00e9rieur avec vue panoramique sur le paysage. Une v\u00e9ritable exp\u00e9rience spa de luxe sans m\u00eame quitter votre chambre. Acc\u00e9dez \u00e0 la spacieuse terrasse ombrag\u00e9e et admirez le panorama sur l&rsquo;Adriatique, [&hellip;]","og_url":"https:\/\/lojena.wepar.hr\/product\/exclusive-studio-with-sea-view-whirlpool-bath\/","og_site_name":"Villa Lojena","article_modified_time":"2026-03-10T19:16:14+00:00","og_image":[{"width":1024,"height":768,"url":"https:\/\/lojena.wepar.hr\/wp-content\/uploads\/2026\/02\/Exclusive-Studio-with-Sea-View-Whirlpool-Bath-Image-1.jpg","type":"image\/jpeg"}],"twitter_card":"summary_large_image","twitter_misc":{"Dur\u00e9e de lecture estim\u00e9e":"1 minute"},"schema":{"@context":"https:\/\/schema.org","@graph":[{"@type":"WebPage","@id":"https:\/\/lojena.wepar.hr\/product\/exclusive-studio-with-sea-view-whirlpool-bath\/","url":"https:\/\/lojena.wepar.hr\/product\/exclusive-studio-with-sea-view-whirlpool-bath\/","name":"Studio exclusif avec vue sur la mer et bain \u00e0 remous - Villa Lojena","isPartOf":{"@id":"https:\/\/lojena.wepar.hr\/#website"},"primaryImageOfPage":{"@id":"https:\/\/lojena.wepar.hr\/product\/exclusive-studio-with-sea-view-whirlpool-bath\/#primaryimage"},"image":{"@id":"https:\/\/lojena.wepar.hr\/product\/exclusive-studio-with-sea-view-whirlpool-bath\/#primaryimage"},"thumbnailUrl":"https:\/\/lojena.wepar.hr\/wp-content\/uploads\/2026\/02\/Exclusive-Studio-with-Sea-View-Whirlpool-Bath-Image-1.jpg","datePublished":"2026-02-25T17:58:29+00:00","dateModified":"2026-03-10T19:16:14+00:00","breadcrumb":{"@id":"https:\/\/lojena.wepar.hr\/product\/exclusive-studio-with-sea-view-whirlpool-bath\/#breadcrumb"},"inLanguage":"fr-FR","potentialAction":[{"@type":"ReadAction","target":["https:\/\/lojena.wepar.hr\/product\/exclusive-studio-with-sea-view-whirlpool-bath\/"]}]},{"@type":"ImageObject","inLanguage":"fr-FR","@id":"https:\/\/lojena.wepar.hr\/product\/exclusive-studio-with-sea-view-whirlpool-bath\/#primaryimage","url":"https:\/\/lojena.wepar.hr\/wp-content\/uploads\/2026\/02\/Exclusive-Studio-with-Sea-View-Whirlpool-Bath-Image-1.jpg","contentUrl":"https:\/\/lojena.wepar.hr\/wp-content\/uploads\/2026\/02\/Exclusive-Studio-with-Sea-View-Whirlpool-Bath-Image-1.jpg","width":1024,"height":768,"caption":"Romanticly lightened bedroom with a double bed and wall television"},{"@type":"BreadcrumbList","@id":"https:\/\/lojena.wepar.hr\/product\/exclusive-studio-with-sea-view-whirlpool-bath\/#breadcrumb","itemListElement":[{"@type":"ListItem","position":1,"name":"Home","item":"https:\/\/lojena.wepar.hr\/fr\/"},{"@type":"ListItem","position":2,"name":"Studio exclusif avec vue sur la mer et bain \u00e0 remous"}]},{"@type":"WebSite","@id":"https:\/\/lojena.wepar.hr\/#website","url":"https:\/\/lojena.wepar.hr\/","name":"Villa Lojena","description":"Luxury Studios","potentialAction":[{"@type":"SearchAction","target":{"@type":"EntryPoint","urlTemplate":"https:\/\/lojena.wepar.hr\/?s={search_term_string}"},"query-input":{"@type":"PropertyValueSpecification","valueRequired":true,"valueName":"search_term_string"}}],"inLanguage":"fr-FR"}]}},"_links":{"self":[{"href":"https:\/\/lojena.wepar.hr\/fr\/wp-json\/wp\/v2\/product\/1939","targetHints":{"allow":["GET"]}}],"collection":[{"href":"https:\/\/lojena.wepar.hr\/fr\/wp-json\/wp\/v2\/product"}],"about":[{"href":"https:\/\/lojena.wepar.hr\/fr\/wp-json\/wp\/v2\/types\/product"}],"replies":[{"embeddable":true,"href":"https:\/\/lojena.wepar.hr\/fr\/wp-json\/wp\/v2\/comments?post=1939"}],"wp:featuredmedia":[{"embeddable":true,"href":"https:\/\/lojena.wepar.hr\/fr\/wp-json\/wp\/v2\/media\/1940"}],"wp:attachment":[{"href":"https:\/\/lojena.wepar.hr\/fr\/wp-json\/wp\/v2\/media?parent=1939"}],"wp:term":[{"taxonomy":"product_brand","embeddable":true,"href":"https:\/\/lojena.wepar.hr\/fr\/wp-json\/wp\/v2\/product_brand?post=1939"},{"taxonomy":"product_cat","embeddable":true,"href":"https:\/\/lojena.wepar.hr\/fr\/wp-json\/wp\/v2\/product_cat?post=1939"},{"taxonomy":"product_tag","embeddable":true,"href":"https:\/\/lojena.wepar.hr\/fr\/wp-json\/wp\/v2\/product_tag?post=1939"}],"curies":[{"name":"wp","href":"https:\/\/api.w.org\/{rel}","templated":true}]}}