{"id":1848,"date":"2026-02-25T14:46:42","date_gmt":"2026-02-25T14:46:42","guid":{"rendered":"https:\/\/lojena.wepar.hr\/?post_type=product&#038;p=1848"},"modified":"2026-03-19T08:11:04","modified_gmt":"2026-03-19T08:11:04","slug":"studio-premium-avec-jacuzzi-exterieur-prive-id-2","status":"publish","type":"product","link":"https:\/\/lojena.wepar.hr\/fr\/produit\/studio-premium-avec-jacuzzi-exterieur-prive-id-2\/","title":{"rendered":"Studio Premium avec jacuzzi ext\u00e9rieur priv\u00e9 ID 2"},"content":{"rendered":"<p>Plongez dans une authentique ambiance m\u00e9diterran\u00e9enne dans un studio alliant style et fonctionnalit\u00e9. Ce havre de paix au rez-de-chauss\u00e9e offre une terrasse ombrag\u00e9e et accueillante avec vue panoramique sur nos paisibles oliveraies \u2013 un lieu idyllique pour se d\u00e9tendre apr\u00e8s une journ\u00e9e \u00e0 la plage.<\/p>\n<p>\u00c0 l&rsquo;int\u00e9rieur, un design soign\u00e9 comprend un \u00e9l\u00e9gant s\u00e9jour, une cuisine enti\u00e8rement \u00e9quip\u00e9e pour vos envies culinaires et une grande salle de bains raffin\u00e9e. Chaque nuit est une exp\u00e9rience luxueuse gr\u00e2ce aux matelas hypoallerg\u00e9niques de 34 cm et au confort climatis\u00e9 assur\u00e9 par les syst\u00e8mes Daikin.<\/p>\n<p>Restez connect\u00e9 gr\u00e2ce au Wi-Fi 5G haut d\u00e9bit et \u00e0 la Smart TV, tout en profitant du luxe de notre service de blanchisserie et de repassage gratuit. Ce studio est l&rsquo;alliance parfaite du confort moderne et de la s\u00e9r\u00e9nit\u00e9 intemporelle de la M\u00e9diterran\u00e9e, offrant tout le n\u00e9cessaire pour une escapade des plus relaxantes.<\/p>\n","protected":false},"excerpt":{"rendered":"<p>Plongez dans une authentique ambiance m\u00e9diterran\u00e9enne dans un studio alliant style et fonctionnalit\u00e9. Ce havre de paix au rez-de-chauss\u00e9e offre une terrasse ombrag\u00e9e et accueillante avec vue panoramique sur nos paisibles oliveraies \u2013 un lieu idyllique pour se d\u00e9tendre apr\u00e8s une journ\u00e9e \u00e0 la plage. \u00c0 l&rsquo;int\u00e9rieur, un design soign\u00e9 comprend un \u00e9l\u00e9gant s\u00e9jour, une [&hellip;]<\/p>\n","protected":false},"featured_media":1122,"comment_status":"closed","ping_status":"closed","template":"","meta":{"_acf_changed":false},"product_brand":[],"product_cat":[92],"product_tag":[],"class_list":{"0":"post-1848","1":"product","2":"type-product","3":"status-publish","4":"has-post-thumbnail","6":"product_cat-studio-premium-avec-jacuzzi-exterieur-prive","8":"first","9":"instock","10":"sold-individually","11":"shipping-taxable","12":"purchasable","13":"product-type-phive_booking"},"acf":[],"yoast_head":"<!-- This site is optimized with the Yoast SEO plugin v27.1.1 - https:\/\/yoast.com\/product\/yoast-seo-wordpress\/ -->\n<title>Studio Premium avec jacuzzi ext\u00e9rieur priv\u00e9 ID 2 - Villa Lojena<\/title>\n<meta name=\"robots\" content=\"index, follow, max-snippet:-1, max-image-preview:large, max-video-preview:-1\" \/>\n<link rel=\"canonical\" href=\"https:\/\/lojena.wepar.hr\/fr\/produit\/studio-premium-avec-jacuzzi-exterieur-prive-id-2\/\" \/>\n<meta property=\"og:locale\" content=\"fr_FR\" \/>\n<meta property=\"og:type\" content=\"article\" \/>\n<meta property=\"og:title\" content=\"Studio Premium avec jacuzzi ext\u00e9rieur priv\u00e9 ID 2 - Villa Lojena\" \/>\n<meta property=\"og:description\" content=\"Plongez dans une authentique ambiance m\u00e9diterran\u00e9enne dans un studio alliant style et fonctionnalit\u00e9. Ce havre de paix au rez-de-chauss\u00e9e offre une terrasse ombrag\u00e9e et accueillante avec vue panoramique sur nos paisibles oliveraies \u2013 un lieu idyllique pour se d\u00e9tendre apr\u00e8s une journ\u00e9e \u00e0 la plage. \u00c0 l&rsquo;int\u00e9rieur, un design soign\u00e9 comprend un \u00e9l\u00e9gant s\u00e9jour, une [&hellip;]\" \/>\n<meta property=\"og:url\" content=\"https:\/\/lojena.wepar.hr\/fr\/produit\/studio-premium-avec-jacuzzi-exterieur-prive-id-2\/\" \/>\n<meta property=\"og:site_name\" content=\"Villa Lojena\" \/>\n<meta property=\"article:modified_time\" content=\"2026-03-19T08:11:04+00:00\" \/>\n<meta property=\"og:image\" content=\"https:\/\/lojena.wepar.hr\/wp-content\/uploads\/2026\/02\/ap-1-jacuzzi.jpg\" \/>\n\t<meta property=\"og:image:width\" content=\"2000\" \/>\n\t<meta property=\"og:image:height\" content=\"1500\" \/>\n\t<meta property=\"og:image:type\" content=\"image\/jpeg\" \/>\n<meta name=\"twitter:card\" content=\"summary_large_image\" \/>\n<meta name=\"twitter:label1\" content=\"Dur\u00e9e de lecture estim\u00e9e\" \/>\n\t<meta name=\"twitter:data1\" content=\"1 minute\" \/>\n<script type=\"application\/ld+json\" class=\"yoast-schema-graph\">{\"@context\":\"https:\/\/schema.org\",\"@graph\":[{\"@type\":\"WebPage\",\"@id\":\"https:\/\/lojena.wepar.hr\/fr\/produit\/studio-premium-avec-jacuzzi-exterieur-prive-id-2\/\",\"url\":\"https:\/\/lojena.wepar.hr\/fr\/produit\/studio-premium-avec-jacuzzi-exterieur-prive-id-2\/\",\"name\":\"Studio Premium avec jacuzzi ext\u00e9rieur priv\u00e9 ID 2 - Villa Lojena\",\"isPartOf\":{\"@id\":\"https:\/\/lojena.wepar.hr\/#website\"},\"primaryImageOfPage\":{\"@id\":\"https:\/\/lojena.wepar.hr\/fr\/produit\/studio-premium-avec-jacuzzi-exterieur-prive-id-2\/#primaryimage\"},\"image\":{\"@id\":\"https:\/\/lojena.wepar.hr\/fr\/produit\/studio-premium-avec-jacuzzi-exterieur-prive-id-2\/#primaryimage\"},\"thumbnailUrl\":\"https:\/\/lojena.wepar.hr\/wp-content\/uploads\/2026\/02\/ap-1-jacuzzi.jpg\",\"datePublished\":\"2026-02-25T14:46:42+00:00\",\"dateModified\":\"2026-03-19T08:11:04+00:00\",\"breadcrumb\":{\"@id\":\"https:\/\/lojena.wepar.hr\/fr\/produit\/studio-premium-avec-jacuzzi-exterieur-prive-id-2\/#breadcrumb\"},\"inLanguage\":\"fr-FR\",\"potentialAction\":[{\"@type\":\"ReadAction\",\"target\":[\"https:\/\/lojena.wepar.hr\/fr\/produit\/studio-premium-avec-jacuzzi-exterieur-prive-id-2\/\"]}]},{\"@type\":\"ImageObject\",\"inLanguage\":\"fr-FR\",\"@id\":\"https:\/\/lojena.wepar.hr\/fr\/produit\/studio-premium-avec-jacuzzi-exterieur-prive-id-2\/#primaryimage\",\"url\":\"https:\/\/lojena.wepar.hr\/wp-content\/uploads\/2026\/02\/ap-1-jacuzzi.jpg\",\"contentUrl\":\"https:\/\/lojena.wepar.hr\/wp-content\/uploads\/2026\/02\/ap-1-jacuzzi.jpg\",\"width\":2000,\"height\":1500,\"caption\":\"View of outside jacuzzi from shadow covered terrace\"},{\"@type\":\"BreadcrumbList\",\"@id\":\"https:\/\/lojena.wepar.hr\/fr\/produit\/studio-premium-avec-jacuzzi-exterieur-prive-id-2\/#breadcrumb\",\"itemListElement\":[{\"@type\":\"ListItem\",\"position\":1,\"name\":\"Home\",\"item\":\"https:\/\/lojena.wepar.hr\/fr\/\"},{\"@type\":\"ListItem\",\"position\":2,\"name\":\"Studio Premium avec jacuzzi ext\u00e9rieur priv\u00e9 ID 2\"}]},{\"@type\":\"WebSite\",\"@id\":\"https:\/\/lojena.wepar.hr\/#website\",\"url\":\"https:\/\/lojena.wepar.hr\/\",\"name\":\"Villa Lojena\",\"description\":\"Luxury Studios\",\"potentialAction\":[{\"@type\":\"SearchAction\",\"target\":{\"@type\":\"EntryPoint\",\"urlTemplate\":\"https:\/\/lojena.wepar.hr\/?s={search_term_string}\"},\"query-input\":{\"@type\":\"PropertyValueSpecification\",\"valueRequired\":true,\"valueName\":\"search_term_string\"}}],\"inLanguage\":\"fr-FR\"}]}<\/script>\n<!-- \/ Yoast SEO plugin. -->","yoast_head_json":{"title":"Studio Premium avec jacuzzi ext\u00e9rieur priv\u00e9 ID 2 - Villa Lojena","robots":{"index":"index","follow":"follow","max-snippet":"max-snippet:-1","max-image-preview":"max-image-preview:large","max-video-preview":"max-video-preview:-1"},"canonical":"https:\/\/lojena.wepar.hr\/fr\/produit\/studio-premium-avec-jacuzzi-exterieur-prive-id-2\/","og_locale":"fr_FR","og_type":"article","og_title":"Studio Premium avec jacuzzi ext\u00e9rieur priv\u00e9 ID 2 - Villa Lojena","og_description":"Plongez dans une authentique ambiance m\u00e9diterran\u00e9enne dans un studio alliant style et fonctionnalit\u00e9. Ce havre de paix au rez-de-chauss\u00e9e offre une terrasse ombrag\u00e9e et accueillante avec vue panoramique sur nos paisibles oliveraies \u2013 un lieu idyllique pour se d\u00e9tendre apr\u00e8s une journ\u00e9e \u00e0 la plage. \u00c0 l&rsquo;int\u00e9rieur, un design soign\u00e9 comprend un \u00e9l\u00e9gant s\u00e9jour, une [&hellip;]","og_url":"https:\/\/lojena.wepar.hr\/fr\/produit\/studio-premium-avec-jacuzzi-exterieur-prive-id-2\/","og_site_name":"Villa Lojena","article_modified_time":"2026-03-19T08:11:04+00:00","og_image":[{"width":2000,"height":1500,"url":"https:\/\/lojena.wepar.hr\/wp-content\/uploads\/2026\/02\/ap-1-jacuzzi.jpg","type":"image\/jpeg"}],"twitter_card":"summary_large_image","twitter_misc":{"Dur\u00e9e de lecture estim\u00e9e":"1 minute"},"schema":{"@context":"https:\/\/schema.org","@graph":[{"@type":"WebPage","@id":"https:\/\/lojena.wepar.hr\/fr\/produit\/studio-premium-avec-jacuzzi-exterieur-prive-id-2\/","url":"https:\/\/lojena.wepar.hr\/fr\/produit\/studio-premium-avec-jacuzzi-exterieur-prive-id-2\/","name":"Studio Premium avec jacuzzi ext\u00e9rieur priv\u00e9 ID 2 - Villa Lojena","isPartOf":{"@id":"https:\/\/lojena.wepar.hr\/#website"},"primaryImageOfPage":{"@id":"https:\/\/lojena.wepar.hr\/fr\/produit\/studio-premium-avec-jacuzzi-exterieur-prive-id-2\/#primaryimage"},"image":{"@id":"https:\/\/lojena.wepar.hr\/fr\/produit\/studio-premium-avec-jacuzzi-exterieur-prive-id-2\/#primaryimage"},"thumbnailUrl":"https:\/\/lojena.wepar.hr\/wp-content\/uploads\/2026\/02\/ap-1-jacuzzi.jpg","datePublished":"2026-02-25T14:46:42+00:00","dateModified":"2026-03-19T08:11:04+00:00","breadcrumb":{"@id":"https:\/\/lojena.wepar.hr\/fr\/produit\/studio-premium-avec-jacuzzi-exterieur-prive-id-2\/#breadcrumb"},"inLanguage":"fr-FR","potentialAction":[{"@type":"ReadAction","target":["https:\/\/lojena.wepar.hr\/fr\/produit\/studio-premium-avec-jacuzzi-exterieur-prive-id-2\/"]}]},{"@type":"ImageObject","inLanguage":"fr-FR","@id":"https:\/\/lojena.wepar.hr\/fr\/produit\/studio-premium-avec-jacuzzi-exterieur-prive-id-2\/#primaryimage","url":"https:\/\/lojena.wepar.hr\/wp-content\/uploads\/2026\/02\/ap-1-jacuzzi.jpg","contentUrl":"https:\/\/lojena.wepar.hr\/wp-content\/uploads\/2026\/02\/ap-1-jacuzzi.jpg","width":2000,"height":1500,"caption":"View of outside jacuzzi from shadow covered terrace"},{"@type":"BreadcrumbList","@id":"https:\/\/lojena.wepar.hr\/fr\/produit\/studio-premium-avec-jacuzzi-exterieur-prive-id-2\/#breadcrumb","itemListElement":[{"@type":"ListItem","position":1,"name":"Home","item":"https:\/\/lojena.wepar.hr\/fr\/"},{"@type":"ListItem","position":2,"name":"Studio Premium avec jacuzzi ext\u00e9rieur priv\u00e9 ID 2"}]},{"@type":"WebSite","@id":"https:\/\/lojena.wepar.hr\/#website","url":"https:\/\/lojena.wepar.hr\/","name":"Villa Lojena","description":"Luxury Studios","potentialAction":[{"@type":"SearchAction","target":{"@type":"EntryPoint","urlTemplate":"https:\/\/lojena.wepar.hr\/?s={search_term_string}"},"query-input":{"@type":"PropertyValueSpecification","valueRequired":true,"valueName":"search_term_string"}}],"inLanguage":"fr-FR"}]}},"_links":{"self":[{"href":"https:\/\/lojena.wepar.hr\/fr\/wp-json\/wp\/v2\/product\/1848","targetHints":{"allow":["GET"]}}],"collection":[{"href":"https:\/\/lojena.wepar.hr\/fr\/wp-json\/wp\/v2\/product"}],"about":[{"href":"https:\/\/lojena.wepar.hr\/fr\/wp-json\/wp\/v2\/types\/product"}],"replies":[{"embeddable":true,"href":"https:\/\/lojena.wepar.hr\/fr\/wp-json\/wp\/v2\/comments?post=1848"}],"wp:featuredmedia":[{"embeddable":true,"href":"https:\/\/lojena.wepar.hr\/fr\/wp-json\/wp\/v2\/media\/1122"}],"wp:attachment":[{"href":"https:\/\/lojena.wepar.hr\/fr\/wp-json\/wp\/v2\/media?parent=1848"}],"wp:term":[{"taxonomy":"product_brand","embeddable":true,"href":"https:\/\/lojena.wepar.hr\/fr\/wp-json\/wp\/v2\/product_brand?post=1848"},{"taxonomy":"product_cat","embeddable":true,"href":"https:\/\/lojena.wepar.hr\/fr\/wp-json\/wp\/v2\/product_cat?post=1848"},{"taxonomy":"product_tag","embeddable":true,"href":"https:\/\/lojena.wepar.hr\/fr\/wp-json\/wp\/v2\/product_tag?post=1848"}],"curies":[{"name":"wp","href":"https:\/\/api.w.org\/{rel}","templated":true}]}}