{"id":1472,"date":"2026-02-25T12:48:35","date_gmt":"2026-02-25T12:48:35","guid":{"rendered":"https:\/\/lojena.wepar.hr\/?post_type=product&#038;p=1472"},"modified":"2026-03-19T08:08:05","modified_gmt":"2026-03-19T08:08:05","slug":"studio-premium-avec-vue-sur-la-mer-id-2","status":"publish","type":"product","link":"https:\/\/lojena.wepar.hr\/fr\/produit\/studio-premium-avec-vue-sur-la-mer-id-2\/","title":{"rendered":"Studio Premium avec vue sur la mer ID 2"},"content":{"rendered":"<p>D\u00e9couvrez une escapade de plain-pied con\u00e7ue pour ceux qui appr\u00e9cient l&rsquo;espace et la s\u00e9r\u00e9nit\u00e9. Ce studio \u00e9l\u00e9gant dispose d&rsquo;une vaste terrasse de 40 m\u00b2, offrant une transition harmonieuse entre l&rsquo;int\u00e9rieur raffin\u00e9 et la beaut\u00e9 naturelle de notre oliveraie centenaire. Plongez dans les bulles de votre jacuzzi priv\u00e9 de 2 x 2 m sur la terrasse \u2013 l&rsquo;antidote parfait \u00e0 une journ\u00e9e ensoleill\u00e9e.<\/p>\n<p>\u00c0 l&rsquo;int\u00e9rieur, le confort absolu est \u00e0 l&rsquo;honneur. Profitez d&rsquo;un espace de vie contemporain avec une cuisine enti\u00e8rement \u00e9quip\u00e9e, une grande salle de bains moderne et le confort moelleux de matelas hypoallerg\u00e9niques de 34 cm. Gr\u00e2ce \u00e0 la climatisation Daikin, votre environnement est toujours exactement comme vous le souhaitez.<\/p>\n<p>Nous avons pens\u00e9 \u00e0 tout : du Wi-Fi 5G ultra-rapide et de la Smart TV \u00e0 une machine \u00e0 gla\u00e7ons commune pour vos rafra\u00eechissements de l&rsquo;apr\u00e8s-midi. Avec notre service de blanchisserie et de repassage inclus, voyagez l\u00e9ger et laissez-vous bercer par la tranquillit\u00e9 m\u00e9diterran\u00e9enne qui vous entoure.<\/p>\n","protected":false},"excerpt":{"rendered":"<p>D\u00e9couvrez une escapade de plain-pied con\u00e7ue pour ceux qui appr\u00e9cient l&rsquo;espace et la s\u00e9r\u00e9nit\u00e9. Ce studio \u00e9l\u00e9gant dispose d&rsquo;une vaste terrasse de 40 m\u00b2, offrant une transition harmonieuse entre l&rsquo;int\u00e9rieur raffin\u00e9 et la beaut\u00e9 naturelle de notre oliveraie centenaire. Plongez dans les bulles de votre jacuzzi priv\u00e9 de 2 x 2 m sur la terrasse [&hellip;]<\/p>\n","protected":false},"featured_media":1383,"comment_status":"closed","ping_status":"closed","template":"","meta":{"_acf_changed":false},"product_brand":[],"product_cat":[100],"product_tag":[],"class_list":{"0":"post-1472","1":"product","2":"type-product","3":"status-publish","4":"has-post-thumbnail","6":"product_cat-studio-premium-avec-vue-sur-la-mer","8":"first","9":"instock","10":"sold-individually","11":"shipping-taxable","12":"purchasable","13":"product-type-phive_booking"},"acf":[],"yoast_head":"<!-- This site is optimized with the Yoast SEO plugin v27.1.1 - https:\/\/yoast.com\/product\/yoast-seo-wordpress\/ -->\n<title>Studio Premium avec vue sur la mer ID 2 - Villa Lojena<\/title>\n<meta name=\"robots\" content=\"index, follow, max-snippet:-1, max-image-preview:large, max-video-preview:-1\" \/>\n<link rel=\"canonical\" href=\"https:\/\/lojena.wepar.hr\/fr\/produit\/studio-premium-avec-vue-sur-la-mer-id-2\/\" \/>\n<meta property=\"og:locale\" content=\"fr_FR\" \/>\n<meta property=\"og:type\" content=\"article\" \/>\n<meta property=\"og:title\" content=\"Studio Premium avec vue sur la mer ID 2 - Villa Lojena\" \/>\n<meta property=\"og:description\" content=\"D\u00e9couvrez une escapade de plain-pied con\u00e7ue pour ceux qui appr\u00e9cient l&rsquo;espace et la s\u00e9r\u00e9nit\u00e9. Ce studio \u00e9l\u00e9gant dispose d&rsquo;une vaste terrasse de 40 m\u00b2, offrant une transition harmonieuse entre l&rsquo;int\u00e9rieur raffin\u00e9 et la beaut\u00e9 naturelle de notre oliveraie centenaire. Plongez dans les bulles de votre jacuzzi priv\u00e9 de 2 x 2 m sur la terrasse [&hellip;]\" \/>\n<meta property=\"og:url\" content=\"https:\/\/lojena.wepar.hr\/fr\/produit\/studio-premium-avec-vue-sur-la-mer-id-2\/\" \/>\n<meta property=\"og:site_name\" content=\"Villa Lojena\" \/>\n<meta property=\"article:modified_time\" content=\"2026-03-19T08:08:05+00:00\" \/>\n<meta property=\"og:image\" content=\"https:\/\/lojena.wepar.hr\/wp-content\/uploads\/2026\/02\/5-i-6.jpeg\" \/>\n\t<meta property=\"og:image:width\" content=\"1980\" \/>\n\t<meta property=\"og:image:height\" content=\"1485\" \/>\n\t<meta property=\"og:image:type\" content=\"image\/jpeg\" \/>\n<meta name=\"twitter:card\" content=\"summary_large_image\" \/>\n<meta name=\"twitter:label1\" content=\"Dur\u00e9e de lecture estim\u00e9e\" \/>\n\t<meta name=\"twitter:data1\" content=\"2 minutes\" \/>\n<script type=\"application\/ld+json\" class=\"yoast-schema-graph\">{\"@context\":\"https:\/\/schema.org\",\"@graph\":[{\"@type\":\"WebPage\",\"@id\":\"https:\/\/lojena.wepar.hr\/fr\/produit\/studio-premium-avec-vue-sur-la-mer-id-2\/\",\"url\":\"https:\/\/lojena.wepar.hr\/fr\/produit\/studio-premium-avec-vue-sur-la-mer-id-2\/\",\"name\":\"Studio Premium avec vue sur la mer ID 2 - Villa Lojena\",\"isPartOf\":{\"@id\":\"https:\/\/lojena.wepar.hr\/#website\"},\"primaryImageOfPage\":{\"@id\":\"https:\/\/lojena.wepar.hr\/fr\/produit\/studio-premium-avec-vue-sur-la-mer-id-2\/#primaryimage\"},\"image\":{\"@id\":\"https:\/\/lojena.wepar.hr\/fr\/produit\/studio-premium-avec-vue-sur-la-mer-id-2\/#primaryimage\"},\"thumbnailUrl\":\"https:\/\/lojena.wepar.hr\/wp-content\/uploads\/2026\/02\/5-i-6.jpeg\",\"datePublished\":\"2026-02-25T12:48:35+00:00\",\"dateModified\":\"2026-03-19T08:08:05+00:00\",\"breadcrumb\":{\"@id\":\"https:\/\/lojena.wepar.hr\/fr\/produit\/studio-premium-avec-vue-sur-la-mer-id-2\/#breadcrumb\"},\"inLanguage\":\"fr-FR\",\"potentialAction\":[{\"@type\":\"ReadAction\",\"target\":[\"https:\/\/lojena.wepar.hr\/fr\/produit\/studio-premium-avec-vue-sur-la-mer-id-2\/\"]}]},{\"@type\":\"ImageObject\",\"inLanguage\":\"fr-FR\",\"@id\":\"https:\/\/lojena.wepar.hr\/fr\/produit\/studio-premium-avec-vue-sur-la-mer-id-2\/#primaryimage\",\"url\":\"https:\/\/lojena.wepar.hr\/wp-content\/uploads\/2026\/02\/5-i-6.jpeg\",\"contentUrl\":\"https:\/\/lojena.wepar.hr\/wp-content\/uploads\/2026\/02\/5-i-6.jpeg\",\"width\":1980,\"height\":1485,\"caption\":\"Double sized bed with couch, coffe table and television\"},{\"@type\":\"BreadcrumbList\",\"@id\":\"https:\/\/lojena.wepar.hr\/fr\/produit\/studio-premium-avec-vue-sur-la-mer-id-2\/#breadcrumb\",\"itemListElement\":[{\"@type\":\"ListItem\",\"position\":1,\"name\":\"Home\",\"item\":\"https:\/\/lojena.wepar.hr\/fr\/\"},{\"@type\":\"ListItem\",\"position\":2,\"name\":\"Studio Premium avec vue sur la mer ID 2\"}]},{\"@type\":\"WebSite\",\"@id\":\"https:\/\/lojena.wepar.hr\/#website\",\"url\":\"https:\/\/lojena.wepar.hr\/\",\"name\":\"Villa Lojena\",\"description\":\"Luxury Studios\",\"potentialAction\":[{\"@type\":\"SearchAction\",\"target\":{\"@type\":\"EntryPoint\",\"urlTemplate\":\"https:\/\/lojena.wepar.hr\/?s={search_term_string}\"},\"query-input\":{\"@type\":\"PropertyValueSpecification\",\"valueRequired\":true,\"valueName\":\"search_term_string\"}}],\"inLanguage\":\"fr-FR\"}]}<\/script>\n<!-- \/ Yoast SEO plugin. -->","yoast_head_json":{"title":"Studio Premium avec vue sur la mer ID 2 - Villa Lojena","robots":{"index":"index","follow":"follow","max-snippet":"max-snippet:-1","max-image-preview":"max-image-preview:large","max-video-preview":"max-video-preview:-1"},"canonical":"https:\/\/lojena.wepar.hr\/fr\/produit\/studio-premium-avec-vue-sur-la-mer-id-2\/","og_locale":"fr_FR","og_type":"article","og_title":"Studio Premium avec vue sur la mer ID 2 - Villa Lojena","og_description":"D\u00e9couvrez une escapade de plain-pied con\u00e7ue pour ceux qui appr\u00e9cient l&rsquo;espace et la s\u00e9r\u00e9nit\u00e9. Ce studio \u00e9l\u00e9gant dispose d&rsquo;une vaste terrasse de 40 m\u00b2, offrant une transition harmonieuse entre l&rsquo;int\u00e9rieur raffin\u00e9 et la beaut\u00e9 naturelle de notre oliveraie centenaire. Plongez dans les bulles de votre jacuzzi priv\u00e9 de 2 x 2 m sur la terrasse [&hellip;]","og_url":"https:\/\/lojena.wepar.hr\/fr\/produit\/studio-premium-avec-vue-sur-la-mer-id-2\/","og_site_name":"Villa Lojena","article_modified_time":"2026-03-19T08:08:05+00:00","og_image":[{"width":1980,"height":1485,"url":"https:\/\/lojena.wepar.hr\/wp-content\/uploads\/2026\/02\/5-i-6.jpeg","type":"image\/jpeg"}],"twitter_card":"summary_large_image","twitter_misc":{"Dur\u00e9e de lecture estim\u00e9e":"2 minutes"},"schema":{"@context":"https:\/\/schema.org","@graph":[{"@type":"WebPage","@id":"https:\/\/lojena.wepar.hr\/fr\/produit\/studio-premium-avec-vue-sur-la-mer-id-2\/","url":"https:\/\/lojena.wepar.hr\/fr\/produit\/studio-premium-avec-vue-sur-la-mer-id-2\/","name":"Studio Premium avec vue sur la mer ID 2 - Villa Lojena","isPartOf":{"@id":"https:\/\/lojena.wepar.hr\/#website"},"primaryImageOfPage":{"@id":"https:\/\/lojena.wepar.hr\/fr\/produit\/studio-premium-avec-vue-sur-la-mer-id-2\/#primaryimage"},"image":{"@id":"https:\/\/lojena.wepar.hr\/fr\/produit\/studio-premium-avec-vue-sur-la-mer-id-2\/#primaryimage"},"thumbnailUrl":"https:\/\/lojena.wepar.hr\/wp-content\/uploads\/2026\/02\/5-i-6.jpeg","datePublished":"2026-02-25T12:48:35+00:00","dateModified":"2026-03-19T08:08:05+00:00","breadcrumb":{"@id":"https:\/\/lojena.wepar.hr\/fr\/produit\/studio-premium-avec-vue-sur-la-mer-id-2\/#breadcrumb"},"inLanguage":"fr-FR","potentialAction":[{"@type":"ReadAction","target":["https:\/\/lojena.wepar.hr\/fr\/produit\/studio-premium-avec-vue-sur-la-mer-id-2\/"]}]},{"@type":"ImageObject","inLanguage":"fr-FR","@id":"https:\/\/lojena.wepar.hr\/fr\/produit\/studio-premium-avec-vue-sur-la-mer-id-2\/#primaryimage","url":"https:\/\/lojena.wepar.hr\/wp-content\/uploads\/2026\/02\/5-i-6.jpeg","contentUrl":"https:\/\/lojena.wepar.hr\/wp-content\/uploads\/2026\/02\/5-i-6.jpeg","width":1980,"height":1485,"caption":"Double sized bed with couch, coffe table and television"},{"@type":"BreadcrumbList","@id":"https:\/\/lojena.wepar.hr\/fr\/produit\/studio-premium-avec-vue-sur-la-mer-id-2\/#breadcrumb","itemListElement":[{"@type":"ListItem","position":1,"name":"Home","item":"https:\/\/lojena.wepar.hr\/fr\/"},{"@type":"ListItem","position":2,"name":"Studio Premium avec vue sur la mer ID 2"}]},{"@type":"WebSite","@id":"https:\/\/lojena.wepar.hr\/#website","url":"https:\/\/lojena.wepar.hr\/","name":"Villa Lojena","description":"Luxury Studios","potentialAction":[{"@type":"SearchAction","target":{"@type":"EntryPoint","urlTemplate":"https:\/\/lojena.wepar.hr\/?s={search_term_string}"},"query-input":{"@type":"PropertyValueSpecification","valueRequired":true,"valueName":"search_term_string"}}],"inLanguage":"fr-FR"}]}},"_links":{"self":[{"href":"https:\/\/lojena.wepar.hr\/fr\/wp-json\/wp\/v2\/product\/1472","targetHints":{"allow":["GET"]}}],"collection":[{"href":"https:\/\/lojena.wepar.hr\/fr\/wp-json\/wp\/v2\/product"}],"about":[{"href":"https:\/\/lojena.wepar.hr\/fr\/wp-json\/wp\/v2\/types\/product"}],"replies":[{"embeddable":true,"href":"https:\/\/lojena.wepar.hr\/fr\/wp-json\/wp\/v2\/comments?post=1472"}],"wp:featuredmedia":[{"embeddable":true,"href":"https:\/\/lojena.wepar.hr\/fr\/wp-json\/wp\/v2\/media\/1383"}],"wp:attachment":[{"href":"https:\/\/lojena.wepar.hr\/fr\/wp-json\/wp\/v2\/media?parent=1472"}],"wp:term":[{"taxonomy":"product_brand","embeddable":true,"href":"https:\/\/lojena.wepar.hr\/fr\/wp-json\/wp\/v2\/product_brand?post=1472"},{"taxonomy":"product_cat","embeddable":true,"href":"https:\/\/lojena.wepar.hr\/fr\/wp-json\/wp\/v2\/product_cat?post=1472"},{"taxonomy":"product_tag","embeddable":true,"href":"https:\/\/lojena.wepar.hr\/fr\/wp-json\/wp\/v2\/product_tag?post=1472"}],"curies":[{"name":"wp","href":"https:\/\/api.w.org\/{rel}","templated":true}]}}