{"id":1344,"date":"2026-02-25T12:27:41","date_gmt":"2026-02-25T12:27:41","guid":{"rendered":"https:\/\/lojena.wepar.hr\/?post_type=product&#038;p=1344"},"modified":"2026-03-10T15:14:15","modified_gmt":"2026-03-10T15:14:15","slug":"studio-premium-avec-vue-sur-la-mer-id-1","status":"publish","type":"product","link":"https:\/\/lojena.wepar.hr\/fr\/produit\/studio-premium-avec-vue-sur-la-mer-id-1\/","title":{"rendered":"Studio Premium avec vue sur la mer ID 1"},"content":{"rendered":"<p>D\u00e9couvrez votre havre de paix priv\u00e9 au rez-de-chauss\u00e9e de la Villa Lojena. Cet \u00e9l\u00e9gant studio dispose d&rsquo;une spacieuse terrasse ombrag\u00e9e de 40 m\u00b2 donnant sur des oliveraies centenaires, l&rsquo;endroit id\u00e9al pour savourer un caf\u00e9 matinal, bronzer ou simplement se d\u00e9tendre en toute tranquillit\u00e9.<\/p>\n<p>Le clou du spectacle\u00a0? Votre propre jacuzzi privatif de 2 x 2 m sur la terrasse, pour une relaxation luxueuse en toute intimit\u00e9.<\/p>\n<p>\u00c0 l&rsquo;int\u00e9rieur, vous trouverez un int\u00e9rieur moderne et raffin\u00e9 avec une cuisine enti\u00e8rement \u00e9quip\u00e9e, une grande salle de bains contemporaine, des matelas anti-allergiques haut de gamme de 34 cm pour un sommeil profond et r\u00e9parateur, et la climatisation Daikin pour un confort optimal toute l&rsquo;ann\u00e9e.<\/p>\n<p>Restez connect\u00e9 gr\u00e2ce \u00e0 la Smart TV et \u00e0 l&rsquo;internet haut d\u00e9bit 5G, et profitez d&rsquo;un service de blanchisserie et de repassage gratuit pour un s\u00e9jour sans souci. Entour\u00e9 d&rsquo;oliviers et baign\u00e9 par la tranquillit\u00e9 m\u00e9diterran\u00e9enne, ce studio est l&rsquo;escapade romantique par excellence.<\/p>\n<p>Une machine \u00e0 gla\u00e7ons est \u00e0 la disposition de tous les h\u00f4tes, car chaque boisson m\u00e9rite d&rsquo;\u00eatre parfaitement fra\u00eeche. Un service de blanchisserie et de repassage gratuit est \u00e9galement inclus, vous permettant ainsi de voyager l\u00e9ger et de profiter d&rsquo;un s\u00e9jour en toute s\u00e9r\u00e9nit\u00e9.<\/p>\n","protected":false},"excerpt":{"rendered":"<p>D\u00e9couvrez votre havre de paix priv\u00e9 au rez-de-chauss\u00e9e de la Villa Lojena. Cet \u00e9l\u00e9gant studio dispose d&rsquo;une spacieuse terrasse ombrag\u00e9e de 40 m\u00b2 donnant sur des oliveraies centenaires, l&rsquo;endroit id\u00e9al pour savourer un caf\u00e9 matinal, bronzer ou simplement se d\u00e9tendre en toute tranquillit\u00e9. Le clou du spectacle\u00a0? Votre propre jacuzzi privatif de 2 x 2 [&hellip;]<\/p>\n","protected":false},"featured_media":1384,"comment_status":"closed","ping_status":"closed","template":"","meta":{"_acf_changed":false},"product_brand":[],"product_cat":[100],"product_tag":[],"class_list":{"0":"post-1344","1":"product","2":"type-product","3":"status-publish","4":"has-post-thumbnail","6":"product_cat-studio-premium-avec-vue-sur-la-mer","8":"first","9":"instock","10":"sold-individually","11":"shipping-taxable","12":"purchasable","13":"product-type-phive_booking"},"acf":[],"yoast_head":"<!-- This site is optimized with the Yoast SEO plugin v27.1.1 - https:\/\/yoast.com\/product\/yoast-seo-wordpress\/ -->\n<title>Studio Premium avec vue sur la mer ID 1 - Villa Lojena<\/title>\n<meta name=\"robots\" content=\"index, follow, max-snippet:-1, max-image-preview:large, max-video-preview:-1\" \/>\n<link rel=\"canonical\" href=\"https:\/\/lojena.wepar.hr\/product\/premium-studio-with-sea-view-id-1\/\" \/>\n<meta property=\"og:locale\" content=\"fr_FR\" \/>\n<meta property=\"og:type\" content=\"article\" \/>\n<meta property=\"og:title\" content=\"Studio Premium avec vue sur la mer ID 1 - Villa Lojena\" \/>\n<meta property=\"og:description\" content=\"D\u00e9couvrez votre havre de paix priv\u00e9 au rez-de-chauss\u00e9e de la Villa Lojena. Cet \u00e9l\u00e9gant studio dispose d&rsquo;une spacieuse terrasse ombrag\u00e9e de 40 m\u00b2 donnant sur des oliveraies centenaires, l&rsquo;endroit id\u00e9al pour savourer un caf\u00e9 matinal, bronzer ou simplement se d\u00e9tendre en toute tranquillit\u00e9. Le clou du spectacle\u00a0? Votre propre jacuzzi privatif de 2 x 2 [&hellip;]\" \/>\n<meta property=\"og:url\" content=\"https:\/\/lojena.wepar.hr\/product\/premium-studio-with-sea-view-id-1\/\" \/>\n<meta property=\"og:site_name\" content=\"Villa Lojena\" \/>\n<meta property=\"article:modified_time\" content=\"2026-03-10T15:14:15+00:00\" \/>\n<meta property=\"og:image\" content=\"https:\/\/lojena.wepar.hr\/wp-content\/uploads\/2026\/02\/5-i-6-app.jpeg\" \/>\n\t<meta property=\"og:image:width\" content=\"1980\" \/>\n\t<meta property=\"og:image:height\" content=\"1485\" \/>\n\t<meta property=\"og:image:type\" content=\"image\/jpeg\" \/>\n<meta name=\"twitter:card\" content=\"summary_large_image\" \/>\n<meta name=\"twitter:label1\" content=\"Dur\u00e9e de lecture estim\u00e9e\" \/>\n\t<meta name=\"twitter:data1\" content=\"2 minutes\" \/>\n<script type=\"application\/ld+json\" class=\"yoast-schema-graph\">{\"@context\":\"https:\/\/schema.org\",\"@graph\":[{\"@type\":\"WebPage\",\"@id\":\"https:\/\/lojena.wepar.hr\/product\/premium-studio-with-sea-view-id-1\/\",\"url\":\"https:\/\/lojena.wepar.hr\/product\/premium-studio-with-sea-view-id-1\/\",\"name\":\"Studio Premium avec vue sur la mer ID 1 - Villa Lojena\",\"isPartOf\":{\"@id\":\"https:\/\/lojena.wepar.hr\/#website\"},\"primaryImageOfPage\":{\"@id\":\"https:\/\/lojena.wepar.hr\/product\/premium-studio-with-sea-view-id-1\/#primaryimage\"},\"image\":{\"@id\":\"https:\/\/lojena.wepar.hr\/product\/premium-studio-with-sea-view-id-1\/#primaryimage\"},\"thumbnailUrl\":\"https:\/\/lojena.wepar.hr\/wp-content\/uploads\/2026\/02\/5-i-6-app.jpeg\",\"datePublished\":\"2026-02-25T12:27:41+00:00\",\"dateModified\":\"2026-03-10T15:14:15+00:00\",\"breadcrumb\":{\"@id\":\"https:\/\/lojena.wepar.hr\/product\/premium-studio-with-sea-view-id-1\/#breadcrumb\"},\"inLanguage\":\"fr-FR\",\"potentialAction\":[{\"@type\":\"ReadAction\",\"target\":[\"https:\/\/lojena.wepar.hr\/product\/premium-studio-with-sea-view-id-1\/\"]}]},{\"@type\":\"ImageObject\",\"inLanguage\":\"fr-FR\",\"@id\":\"https:\/\/lojena.wepar.hr\/product\/premium-studio-with-sea-view-id-1\/#primaryimage\",\"url\":\"https:\/\/lojena.wepar.hr\/wp-content\/uploads\/2026\/02\/5-i-6-app.jpeg\",\"contentUrl\":\"https:\/\/lojena.wepar.hr\/wp-content\/uploads\/2026\/02\/5-i-6-app.jpeg\",\"width\":1980,\"height\":1485,\"caption\":\"View of the pool from the apartment terrace\"},{\"@type\":\"BreadcrumbList\",\"@id\":\"https:\/\/lojena.wepar.hr\/product\/premium-studio-with-sea-view-id-1\/#breadcrumb\",\"itemListElement\":[{\"@type\":\"ListItem\",\"position\":1,\"name\":\"Home\",\"item\":\"https:\/\/lojena.wepar.hr\/fr\/\"},{\"@type\":\"ListItem\",\"position\":2,\"name\":\"Studio Premium avec vue sur la mer ID 1\"}]},{\"@type\":\"WebSite\",\"@id\":\"https:\/\/lojena.wepar.hr\/#website\",\"url\":\"https:\/\/lojena.wepar.hr\/\",\"name\":\"Villa Lojena\",\"description\":\"Luxury Studios\",\"potentialAction\":[{\"@type\":\"SearchAction\",\"target\":{\"@type\":\"EntryPoint\",\"urlTemplate\":\"https:\/\/lojena.wepar.hr\/?s={search_term_string}\"},\"query-input\":{\"@type\":\"PropertyValueSpecification\",\"valueRequired\":true,\"valueName\":\"search_term_string\"}}],\"inLanguage\":\"fr-FR\"}]}<\/script>\n<!-- \/ Yoast SEO plugin. -->","yoast_head_json":{"title":"Studio Premium avec vue sur la mer ID 1 - Villa Lojena","robots":{"index":"index","follow":"follow","max-snippet":"max-snippet:-1","max-image-preview":"max-image-preview:large","max-video-preview":"max-video-preview:-1"},"canonical":"https:\/\/lojena.wepar.hr\/product\/premium-studio-with-sea-view-id-1\/","og_locale":"fr_FR","og_type":"article","og_title":"Studio Premium avec vue sur la mer ID 1 - Villa Lojena","og_description":"D\u00e9couvrez votre havre de paix priv\u00e9 au rez-de-chauss\u00e9e de la Villa Lojena. Cet \u00e9l\u00e9gant studio dispose d&rsquo;une spacieuse terrasse ombrag\u00e9e de 40 m\u00b2 donnant sur des oliveraies centenaires, l&rsquo;endroit id\u00e9al pour savourer un caf\u00e9 matinal, bronzer ou simplement se d\u00e9tendre en toute tranquillit\u00e9. Le clou du spectacle\u00a0? Votre propre jacuzzi privatif de 2 x 2 [&hellip;]","og_url":"https:\/\/lojena.wepar.hr\/product\/premium-studio-with-sea-view-id-1\/","og_site_name":"Villa Lojena","article_modified_time":"2026-03-10T15:14:15+00:00","og_image":[{"width":1980,"height":1485,"url":"https:\/\/lojena.wepar.hr\/wp-content\/uploads\/2026\/02\/5-i-6-app.jpeg","type":"image\/jpeg"}],"twitter_card":"summary_large_image","twitter_misc":{"Dur\u00e9e de lecture estim\u00e9e":"2 minutes"},"schema":{"@context":"https:\/\/schema.org","@graph":[{"@type":"WebPage","@id":"https:\/\/lojena.wepar.hr\/product\/premium-studio-with-sea-view-id-1\/","url":"https:\/\/lojena.wepar.hr\/product\/premium-studio-with-sea-view-id-1\/","name":"Studio Premium avec vue sur la mer ID 1 - Villa Lojena","isPartOf":{"@id":"https:\/\/lojena.wepar.hr\/#website"},"primaryImageOfPage":{"@id":"https:\/\/lojena.wepar.hr\/product\/premium-studio-with-sea-view-id-1\/#primaryimage"},"image":{"@id":"https:\/\/lojena.wepar.hr\/product\/premium-studio-with-sea-view-id-1\/#primaryimage"},"thumbnailUrl":"https:\/\/lojena.wepar.hr\/wp-content\/uploads\/2026\/02\/5-i-6-app.jpeg","datePublished":"2026-02-25T12:27:41+00:00","dateModified":"2026-03-10T15:14:15+00:00","breadcrumb":{"@id":"https:\/\/lojena.wepar.hr\/product\/premium-studio-with-sea-view-id-1\/#breadcrumb"},"inLanguage":"fr-FR","potentialAction":[{"@type":"ReadAction","target":["https:\/\/lojena.wepar.hr\/product\/premium-studio-with-sea-view-id-1\/"]}]},{"@type":"ImageObject","inLanguage":"fr-FR","@id":"https:\/\/lojena.wepar.hr\/product\/premium-studio-with-sea-view-id-1\/#primaryimage","url":"https:\/\/lojena.wepar.hr\/wp-content\/uploads\/2026\/02\/5-i-6-app.jpeg","contentUrl":"https:\/\/lojena.wepar.hr\/wp-content\/uploads\/2026\/02\/5-i-6-app.jpeg","width":1980,"height":1485,"caption":"View of the pool from the apartment terrace"},{"@type":"BreadcrumbList","@id":"https:\/\/lojena.wepar.hr\/product\/premium-studio-with-sea-view-id-1\/#breadcrumb","itemListElement":[{"@type":"ListItem","position":1,"name":"Home","item":"https:\/\/lojena.wepar.hr\/fr\/"},{"@type":"ListItem","position":2,"name":"Studio Premium avec vue sur la mer ID 1"}]},{"@type":"WebSite","@id":"https:\/\/lojena.wepar.hr\/#website","url":"https:\/\/lojena.wepar.hr\/","name":"Villa Lojena","description":"Luxury Studios","potentialAction":[{"@type":"SearchAction","target":{"@type":"EntryPoint","urlTemplate":"https:\/\/lojena.wepar.hr\/?s={search_term_string}"},"query-input":{"@type":"PropertyValueSpecification","valueRequired":true,"valueName":"search_term_string"}}],"inLanguage":"fr-FR"}]}},"_links":{"self":[{"href":"https:\/\/lojena.wepar.hr\/fr\/wp-json\/wp\/v2\/product\/1344","targetHints":{"allow":["GET"]}}],"collection":[{"href":"https:\/\/lojena.wepar.hr\/fr\/wp-json\/wp\/v2\/product"}],"about":[{"href":"https:\/\/lojena.wepar.hr\/fr\/wp-json\/wp\/v2\/types\/product"}],"replies":[{"embeddable":true,"href":"https:\/\/lojena.wepar.hr\/fr\/wp-json\/wp\/v2\/comments?post=1344"}],"wp:featuredmedia":[{"embeddable":true,"href":"https:\/\/lojena.wepar.hr\/fr\/wp-json\/wp\/v2\/media\/1384"}],"wp:attachment":[{"href":"https:\/\/lojena.wepar.hr\/fr\/wp-json\/wp\/v2\/media?parent=1344"}],"wp:term":[{"taxonomy":"product_brand","embeddable":true,"href":"https:\/\/lojena.wepar.hr\/fr\/wp-json\/wp\/v2\/product_brand?post=1344"},{"taxonomy":"product_cat","embeddable":true,"href":"https:\/\/lojena.wepar.hr\/fr\/wp-json\/wp\/v2\/product_cat?post=1344"},{"taxonomy":"product_tag","embeddable":true,"href":"https:\/\/lojena.wepar.hr\/fr\/wp-json\/wp\/v2\/product_tag?post=1344"}],"curies":[{"name":"wp","href":"https:\/\/api.w.org\/{rel}","templated":true}]}}