{"id":1977,"date":"2026-02-25T17:58:29","date_gmt":"2026-02-25T17:58:29","guid":{"rendered":"https:\/\/lojena.wepar.hr\/?post_type=product&#038;p=1977"},"modified":"2026-03-10T19:18:12","modified_gmt":"2026-03-10T19:18:12","slug":"exklusives-studio-mit-meerblick-und-whirlpool","status":"publish","type":"product","link":"https:\/\/lojena.wepar.hr\/de\/produkt\/exklusives-studio-mit-meerblick-und-whirlpool\/","title":{"rendered":"Exklusives Studio mit Meerblick und Whirlpool"},"content":{"rendered":"<p>Dies ist das absolute Highlight der Villa Lojena f\u00fcr Paare. Apartment 7 vereint einen atemberaubenden Meer- und Poolblick mit einem Whirlpool im Innenbereich und Panoramablick \u2013 ein luxuri\u00f6ses Spa-Erlebnis, ohne Ihr Zimmer verlassen zu m\u00fcssen.<\/p>\n<p>Treten Sie auf die ger\u00e4umige, schattige Terrasse und genie\u00dfen Sie das Panorama der Adria, des Pools und der Olivenhaine, die die Villa umgeben.<\/p>\n<p>Das Interieur ist romantisch gestaltet: elegante, moderne M\u00f6bel, eine voll ausgestattete K\u00fcche, ein gro\u00dfes, modernes Badezimmer und hochwertige, 34 cm dicke, antiallergische Matratzen f\u00fcr einen erholsamen Schlaf. Klimaanlage von Daikin, Smart-TV und Highspeed-5G-Internet sorgen f\u00fcr maximalen Komfort, w\u00e4hrend der kostenlose W\u00e4sche- und B\u00fcgelservice Ihnen erm\u00f6glicht, sich ganz auf das Wesentliche zu konzentrieren: Ihre Zweisamkeit.<\/p>\n<p>Ein unvergesslicher Aufenthalt, wo Luxus, Privatsph\u00e4re und mediterrane Sch\u00f6nheit perfekt harmonieren.<\/p>\n","protected":false},"excerpt":{"rendered":"<p>Dies ist das absolute Highlight der Villa Lojena f\u00fcr Paare. Apartment 7 vereint einen atemberaubenden Meer- und Poolblick mit einem Whirlpool im Innenbereich und Panoramablick \u2013 ein luxuri\u00f6ses Spa-Erlebnis, ohne Ihr Zimmer verlassen zu m\u00fcssen. Treten Sie auf die ger\u00e4umige, schattige Terrasse und genie\u00dfen Sie das Panorama der Adria, des Pools und der Olivenhaine, die [&hellip;]<\/p>\n","protected":false},"featured_media":1978,"comment_status":"closed","ping_status":"closed","template":"","meta":{"_acf_changed":false},"product_brand":[],"product_cat":[77],"product_tag":[],"class_list":{"0":"post-1977","1":"product","2":"type-product","3":"status-publish","4":"has-post-thumbnail","6":"product_cat-exklusives-studio-mit-meerblick-und-whirlpool","8":"first","9":"instock","10":"sold-individually","11":"shipping-taxable","12":"purchasable","13":"product-type-phive_booking"},"acf":[],"yoast_head":"<!-- This site is optimized with the Yoast SEO plugin v27.1.1 - https:\/\/yoast.com\/product\/yoast-seo-wordpress\/ -->\n<title>Exklusives Studio mit Meerblick und Whirlpool - Villa Lojena<\/title>\n<meta name=\"robots\" content=\"index, follow, max-snippet:-1, max-image-preview:large, max-video-preview:-1\" \/>\n<link rel=\"canonical\" href=\"https:\/\/lojena.wepar.hr\/product\/exclusive-studio-with-sea-view-whirlpool-bath\/\" \/>\n<meta property=\"og:locale\" content=\"de_DE\" \/>\n<meta property=\"og:type\" content=\"article\" \/>\n<meta property=\"og:title\" content=\"Exklusives Studio mit Meerblick und Whirlpool - Villa Lojena\" \/>\n<meta property=\"og:description\" content=\"Dies ist das absolute Highlight der Villa Lojena f\u00fcr Paare. Apartment 7 vereint einen atemberaubenden Meer- und Poolblick mit einem Whirlpool im Innenbereich und Panoramablick \u2013 ein luxuri\u00f6ses Spa-Erlebnis, ohne Ihr Zimmer verlassen zu m\u00fcssen. Treten Sie auf die ger\u00e4umige, schattige Terrasse und genie\u00dfen Sie das Panorama der Adria, des Pools und der Olivenhaine, die [&hellip;]\" \/>\n<meta property=\"og:url\" content=\"https:\/\/lojena.wepar.hr\/product\/exclusive-studio-with-sea-view-whirlpool-bath\/\" \/>\n<meta property=\"og:site_name\" content=\"Villa Lojena\" \/>\n<meta property=\"article:modified_time\" content=\"2026-03-10T19:18:12+00:00\" \/>\n<meta property=\"og:image\" content=\"https:\/\/lojena.wepar.hr\/wp-content\/uploads\/2026\/02\/Exclusive-Studio-with-Sea-View-Whirlpool-Bath-Image-1.jpg\" \/>\n\t<meta property=\"og:image:width\" content=\"1024\" \/>\n\t<meta property=\"og:image:height\" content=\"768\" \/>\n\t<meta property=\"og:image:type\" content=\"image\/jpeg\" \/>\n<meta name=\"twitter:card\" content=\"summary_large_image\" \/>\n<meta name=\"twitter:label1\" content=\"Gesch\u00e4tzte Lesezeit\" \/>\n\t<meta name=\"twitter:data1\" content=\"1\u00a0Minute\" \/>\n<script type=\"application\/ld+json\" class=\"yoast-schema-graph\">{\"@context\":\"https:\/\/schema.org\",\"@graph\":[{\"@type\":\"WebPage\",\"@id\":\"https:\/\/lojena.wepar.hr\/product\/exclusive-studio-with-sea-view-whirlpool-bath\/\",\"url\":\"https:\/\/lojena.wepar.hr\/product\/exclusive-studio-with-sea-view-whirlpool-bath\/\",\"name\":\"Exklusives Studio mit Meerblick und Whirlpool - Villa Lojena\",\"isPartOf\":{\"@id\":\"https:\/\/lojena.wepar.hr\/#website\"},\"primaryImageOfPage\":{\"@id\":\"https:\/\/lojena.wepar.hr\/product\/exclusive-studio-with-sea-view-whirlpool-bath\/#primaryimage\"},\"image\":{\"@id\":\"https:\/\/lojena.wepar.hr\/product\/exclusive-studio-with-sea-view-whirlpool-bath\/#primaryimage\"},\"thumbnailUrl\":\"https:\/\/lojena.wepar.hr\/wp-content\/uploads\/2026\/02\/Exclusive-Studio-with-Sea-View-Whirlpool-Bath-Image-1.jpg\",\"datePublished\":\"2026-02-25T17:58:29+00:00\",\"dateModified\":\"2026-03-10T19:18:12+00:00\",\"breadcrumb\":{\"@id\":\"https:\/\/lojena.wepar.hr\/product\/exclusive-studio-with-sea-view-whirlpool-bath\/#breadcrumb\"},\"inLanguage\":\"de\",\"potentialAction\":[{\"@type\":\"ReadAction\",\"target\":[\"https:\/\/lojena.wepar.hr\/product\/exclusive-studio-with-sea-view-whirlpool-bath\/\"]}]},{\"@type\":\"ImageObject\",\"inLanguage\":\"de\",\"@id\":\"https:\/\/lojena.wepar.hr\/product\/exclusive-studio-with-sea-view-whirlpool-bath\/#primaryimage\",\"url\":\"https:\/\/lojena.wepar.hr\/wp-content\/uploads\/2026\/02\/Exclusive-Studio-with-Sea-View-Whirlpool-Bath-Image-1.jpg\",\"contentUrl\":\"https:\/\/lojena.wepar.hr\/wp-content\/uploads\/2026\/02\/Exclusive-Studio-with-Sea-View-Whirlpool-Bath-Image-1.jpg\",\"width\":1024,\"height\":768,\"caption\":\"Romanticly lightened bedroom with a double bed and wall television\"},{\"@type\":\"BreadcrumbList\",\"@id\":\"https:\/\/lojena.wepar.hr\/product\/exclusive-studio-with-sea-view-whirlpool-bath\/#breadcrumb\",\"itemListElement\":[{\"@type\":\"ListItem\",\"position\":1,\"name\":\"Home\",\"item\":\"https:\/\/lojena.wepar.hr\/de\/\"},{\"@type\":\"ListItem\",\"position\":2,\"name\":\"Exklusives Studio mit Meerblick und Whirlpool\"}]},{\"@type\":\"WebSite\",\"@id\":\"https:\/\/lojena.wepar.hr\/#website\",\"url\":\"https:\/\/lojena.wepar.hr\/\",\"name\":\"Villa Lojena\",\"description\":\"Luxury Studios\",\"potentialAction\":[{\"@type\":\"SearchAction\",\"target\":{\"@type\":\"EntryPoint\",\"urlTemplate\":\"https:\/\/lojena.wepar.hr\/?s={search_term_string}\"},\"query-input\":{\"@type\":\"PropertyValueSpecification\",\"valueRequired\":true,\"valueName\":\"search_term_string\"}}],\"inLanguage\":\"de\"}]}<\/script>\n<!-- \/ Yoast SEO plugin. -->","yoast_head_json":{"title":"Exklusives Studio mit Meerblick und Whirlpool - Villa Lojena","robots":{"index":"index","follow":"follow","max-snippet":"max-snippet:-1","max-image-preview":"max-image-preview:large","max-video-preview":"max-video-preview:-1"},"canonical":"https:\/\/lojena.wepar.hr\/product\/exclusive-studio-with-sea-view-whirlpool-bath\/","og_locale":"de_DE","og_type":"article","og_title":"Exklusives Studio mit Meerblick und Whirlpool - Villa Lojena","og_description":"Dies ist das absolute Highlight der Villa Lojena f\u00fcr Paare. Apartment 7 vereint einen atemberaubenden Meer- und Poolblick mit einem Whirlpool im Innenbereich und Panoramablick \u2013 ein luxuri\u00f6ses Spa-Erlebnis, ohne Ihr Zimmer verlassen zu m\u00fcssen. Treten Sie auf die ger\u00e4umige, schattige Terrasse und genie\u00dfen Sie das Panorama der Adria, des Pools und der Olivenhaine, die [&hellip;]","og_url":"https:\/\/lojena.wepar.hr\/product\/exclusive-studio-with-sea-view-whirlpool-bath\/","og_site_name":"Villa Lojena","article_modified_time":"2026-03-10T19:18:12+00:00","og_image":[{"width":1024,"height":768,"url":"https:\/\/lojena.wepar.hr\/wp-content\/uploads\/2026\/02\/Exclusive-Studio-with-Sea-View-Whirlpool-Bath-Image-1.jpg","type":"image\/jpeg"}],"twitter_card":"summary_large_image","twitter_misc":{"Gesch\u00e4tzte Lesezeit":"1\u00a0Minute"},"schema":{"@context":"https:\/\/schema.org","@graph":[{"@type":"WebPage","@id":"https:\/\/lojena.wepar.hr\/product\/exclusive-studio-with-sea-view-whirlpool-bath\/","url":"https:\/\/lojena.wepar.hr\/product\/exclusive-studio-with-sea-view-whirlpool-bath\/","name":"Exklusives Studio mit Meerblick und Whirlpool - Villa Lojena","isPartOf":{"@id":"https:\/\/lojena.wepar.hr\/#website"},"primaryImageOfPage":{"@id":"https:\/\/lojena.wepar.hr\/product\/exclusive-studio-with-sea-view-whirlpool-bath\/#primaryimage"},"image":{"@id":"https:\/\/lojena.wepar.hr\/product\/exclusive-studio-with-sea-view-whirlpool-bath\/#primaryimage"},"thumbnailUrl":"https:\/\/lojena.wepar.hr\/wp-content\/uploads\/2026\/02\/Exclusive-Studio-with-Sea-View-Whirlpool-Bath-Image-1.jpg","datePublished":"2026-02-25T17:58:29+00:00","dateModified":"2026-03-10T19:18:12+00:00","breadcrumb":{"@id":"https:\/\/lojena.wepar.hr\/product\/exclusive-studio-with-sea-view-whirlpool-bath\/#breadcrumb"},"inLanguage":"de","potentialAction":[{"@type":"ReadAction","target":["https:\/\/lojena.wepar.hr\/product\/exclusive-studio-with-sea-view-whirlpool-bath\/"]}]},{"@type":"ImageObject","inLanguage":"de","@id":"https:\/\/lojena.wepar.hr\/product\/exclusive-studio-with-sea-view-whirlpool-bath\/#primaryimage","url":"https:\/\/lojena.wepar.hr\/wp-content\/uploads\/2026\/02\/Exclusive-Studio-with-Sea-View-Whirlpool-Bath-Image-1.jpg","contentUrl":"https:\/\/lojena.wepar.hr\/wp-content\/uploads\/2026\/02\/Exclusive-Studio-with-Sea-View-Whirlpool-Bath-Image-1.jpg","width":1024,"height":768,"caption":"Romanticly lightened bedroom with a double bed and wall television"},{"@type":"BreadcrumbList","@id":"https:\/\/lojena.wepar.hr\/product\/exclusive-studio-with-sea-view-whirlpool-bath\/#breadcrumb","itemListElement":[{"@type":"ListItem","position":1,"name":"Home","item":"https:\/\/lojena.wepar.hr\/de\/"},{"@type":"ListItem","position":2,"name":"Exklusives Studio mit Meerblick und Whirlpool"}]},{"@type":"WebSite","@id":"https:\/\/lojena.wepar.hr\/#website","url":"https:\/\/lojena.wepar.hr\/","name":"Villa Lojena","description":"Luxury Studios","potentialAction":[{"@type":"SearchAction","target":{"@type":"EntryPoint","urlTemplate":"https:\/\/lojena.wepar.hr\/?s={search_term_string}"},"query-input":{"@type":"PropertyValueSpecification","valueRequired":true,"valueName":"search_term_string"}}],"inLanguage":"de"}]}},"_links":{"self":[{"href":"https:\/\/lojena.wepar.hr\/de\/wp-json\/wp\/v2\/product\/1977","targetHints":{"allow":["GET"]}}],"collection":[{"href":"https:\/\/lojena.wepar.hr\/de\/wp-json\/wp\/v2\/product"}],"about":[{"href":"https:\/\/lojena.wepar.hr\/de\/wp-json\/wp\/v2\/types\/product"}],"replies":[{"embeddable":true,"href":"https:\/\/lojena.wepar.hr\/de\/wp-json\/wp\/v2\/comments?post=1977"}],"wp:featuredmedia":[{"embeddable":true,"href":"https:\/\/lojena.wepar.hr\/de\/wp-json\/wp\/v2\/media\/1978"}],"wp:attachment":[{"href":"https:\/\/lojena.wepar.hr\/de\/wp-json\/wp\/v2\/media?parent=1977"}],"wp:term":[{"taxonomy":"product_brand","embeddable":true,"href":"https:\/\/lojena.wepar.hr\/de\/wp-json\/wp\/v2\/product_brand?post=1977"},{"taxonomy":"product_cat","embeddable":true,"href":"https:\/\/lojena.wepar.hr\/de\/wp-json\/wp\/v2\/product_cat?post=1977"},{"taxonomy":"product_tag","embeddable":true,"href":"https:\/\/lojena.wepar.hr\/de\/wp-json\/wp\/v2\/product_tag?post=1977"}],"curies":[{"name":"wp","href":"https:\/\/api.w.org\/{rel}","templated":true}]}}