{"id":1123,"date":"2026-02-25T12:26:53","date_gmt":"2026-02-25T12:26:53","guid":{"rendered":"https:\/\/lojena.wepar.hr\/?post_type=product&#038;p=1123"},"modified":"2026-03-19T08:04:31","modified_gmt":"2026-03-19T08:04:31","slug":"superior-studio-mit-gartenblick-id-2","status":"publish","type":"product","link":"https:\/\/lojena.wepar.hr\/de\/produkt\/superior-studio-mit-gartenblick-id-2\/","title":{"rendered":"Superior Studio mit Gartenblick ID 2"},"content":{"rendered":"<p>Stellen Sie sich vor, Sie wachen mit einem traumhaften Blick auf das Mittelmeer auf: Meer, Pool und jahrhundertealte Olivenb\u00e4ume direkt vor Ihrer T\u00fcr. Dieses moderne Studio bietet eine wundersch\u00f6ne, schattige Terrasse \u2013 der perfekte Ort f\u00fcr Ihren morgendlichen Espresso oder einen entspannten Sundowner in ruhiger Atmosph\u00e4re.<\/p>\n<p>Im Inneren steckt Luxus im Detail. Von der voll ausgestatteten K\u00fcche und dem gro\u00dfen, modernen Badezimmer bis hin zur Daikin-Klimaanlage und den ultra-hochwertigen, 34 cm dicken, hypoallergenen Matratzen ist jeder Zentimeter auf Entspannung ausgelegt. Dank des separaten Kinderbetts bietet die Raumaufteilung auch einer kleinen Familie ausreichend Platz.<\/p>\n<p>Bleiben Sie mit 5G-Highspeed-Internet und Smart-TV in Verbindung oder nutzen Sie unsere exklusiven Annehmlichkeiten wie den Eisw\u00fcrfelbereiter zur Mitbenutzung und den kostenlosen W\u00e4scheservice. Inmitten absoluter Ruhe und mediterranem Charme gelegen, bietet dieses Studio einen stilvollen R\u00fcckzugsort vom Alltag.<\/p>\n","protected":false},"excerpt":{"rendered":"<p>Stellen Sie sich vor, Sie wachen mit einem traumhaften Blick auf das Mittelmeer auf: Meer, Pool und jahrhundertealte Olivenb\u00e4ume direkt vor Ihrer T\u00fcr. Dieses moderne Studio bietet eine wundersch\u00f6ne, schattige Terrasse \u2013 der perfekte Ort f\u00fcr Ihren morgendlichen Espresso oder einen entspannten Sundowner in ruhiger Atmosph\u00e4re. Im Inneren steckt Luxus im Detail. Von der voll [&hellip;]<\/p>\n","protected":false},"featured_media":926,"comment_status":"closed","ping_status":"closed","template":"","meta":{"_acf_changed":false},"product_brand":[],"product_cat":[109],"product_tag":[],"class_list":{"0":"post-1123","1":"product","2":"type-product","3":"status-publish","4":"has-post-thumbnail","6":"product_cat-superior-studio-mit-gartenblick","8":"first","9":"instock","10":"sold-individually","11":"shipping-taxable","12":"purchasable","13":"product-type-phive_booking"},"acf":[],"yoast_head":"<!-- This site is optimized with the Yoast SEO plugin v27.1.1 - https:\/\/yoast.com\/product\/yoast-seo-wordpress\/ -->\n<title>Superior Studio mit Gartenblick ID 2 - Villa Lojena<\/title>\n<meta name=\"robots\" content=\"index, follow, max-snippet:-1, max-image-preview:large, max-video-preview:-1\" \/>\n<link rel=\"canonical\" href=\"https:\/\/lojena.wepar.hr\/de\/produkt\/superior-studio-mit-gartenblick-id-2\/\" \/>\n<meta property=\"og:locale\" content=\"de_DE\" \/>\n<meta property=\"og:type\" content=\"article\" \/>\n<meta property=\"og:title\" content=\"Superior Studio mit Gartenblick ID 2 - Villa Lojena\" \/>\n<meta property=\"og:description\" content=\"Stellen Sie sich vor, Sie wachen mit einem traumhaften Blick auf das Mittelmeer auf: Meer, Pool und jahrhundertealte Olivenb\u00e4ume direkt vor Ihrer T\u00fcr. Dieses moderne Studio bietet eine wundersch\u00f6ne, schattige Terrasse \u2013 der perfekte Ort f\u00fcr Ihren morgendlichen Espresso oder einen entspannten Sundowner in ruhiger Atmosph\u00e4re. Im Inneren steckt Luxus im Detail. Von der voll [&hellip;]\" \/>\n<meta property=\"og:url\" content=\"https:\/\/lojena.wepar.hr\/de\/produkt\/superior-studio-mit-gartenblick-id-2\/\" \/>\n<meta property=\"og:site_name\" content=\"Villa Lojena\" \/>\n<meta property=\"article:modified_time\" content=\"2026-03-19T08:04:31+00:00\" \/>\n<meta property=\"og:image\" content=\"https:\/\/lojena.wepar.hr\/wp-content\/uploads\/2026\/02\/ap-3-i-4.jpg\" \/>\n\t<meta property=\"og:image:width\" content=\"1980\" \/>\n\t<meta property=\"og:image:height\" content=\"1350\" \/>\n\t<meta property=\"og:image:type\" content=\"image\/jpeg\" \/>\n<meta name=\"twitter:card\" content=\"summary_large_image\" \/>\n<meta name=\"twitter:label1\" content=\"Gesch\u00e4tzte Lesezeit\" \/>\n\t<meta name=\"twitter:data1\" content=\"1\u00a0Minute\" \/>\n<script type=\"application\/ld+json\" class=\"yoast-schema-graph\">{\"@context\":\"https:\/\/schema.org\",\"@graph\":[{\"@type\":\"WebPage\",\"@id\":\"https:\/\/lojena.wepar.hr\/de\/produkt\/superior-studio-mit-gartenblick-id-2\/\",\"url\":\"https:\/\/lojena.wepar.hr\/de\/produkt\/superior-studio-mit-gartenblick-id-2\/\",\"name\":\"Superior Studio mit Gartenblick ID 2 - Villa Lojena\",\"isPartOf\":{\"@id\":\"https:\/\/lojena.wepar.hr\/#website\"},\"primaryImageOfPage\":{\"@id\":\"https:\/\/lojena.wepar.hr\/de\/produkt\/superior-studio-mit-gartenblick-id-2\/#primaryimage\"},\"image\":{\"@id\":\"https:\/\/lojena.wepar.hr\/de\/produkt\/superior-studio-mit-gartenblick-id-2\/#primaryimage\"},\"thumbnailUrl\":\"https:\/\/lojena.wepar.hr\/wp-content\/uploads\/2026\/02\/ap-3-i-4.jpg\",\"datePublished\":\"2026-02-25T12:26:53+00:00\",\"dateModified\":\"2026-03-19T08:04:31+00:00\",\"breadcrumb\":{\"@id\":\"https:\/\/lojena.wepar.hr\/de\/produkt\/superior-studio-mit-gartenblick-id-2\/#breadcrumb\"},\"inLanguage\":\"de\",\"potentialAction\":[{\"@type\":\"ReadAction\",\"target\":[\"https:\/\/lojena.wepar.hr\/de\/produkt\/superior-studio-mit-gartenblick-id-2\/\"]}]},{\"@type\":\"ImageObject\",\"inLanguage\":\"de\",\"@id\":\"https:\/\/lojena.wepar.hr\/de\/produkt\/superior-studio-mit-gartenblick-id-2\/#primaryimage\",\"url\":\"https:\/\/lojena.wepar.hr\/wp-content\/uploads\/2026\/02\/ap-3-i-4.jpg\",\"contentUrl\":\"https:\/\/lojena.wepar.hr\/wp-content\/uploads\/2026\/02\/ap-3-i-4.jpg\",\"width\":1980,\"height\":1350,\"caption\":\"View of the sun covered terrace from the apartment\"},{\"@type\":\"BreadcrumbList\",\"@id\":\"https:\/\/lojena.wepar.hr\/de\/produkt\/superior-studio-mit-gartenblick-id-2\/#breadcrumb\",\"itemListElement\":[{\"@type\":\"ListItem\",\"position\":1,\"name\":\"Home\",\"item\":\"https:\/\/lojena.wepar.hr\/de\/\"},{\"@type\":\"ListItem\",\"position\":2,\"name\":\"Superior Studio mit Gartenblick ID 2\"}]},{\"@type\":\"WebSite\",\"@id\":\"https:\/\/lojena.wepar.hr\/#website\",\"url\":\"https:\/\/lojena.wepar.hr\/\",\"name\":\"Villa Lojena\",\"description\":\"Luxury Studios\",\"potentialAction\":[{\"@type\":\"SearchAction\",\"target\":{\"@type\":\"EntryPoint\",\"urlTemplate\":\"https:\/\/lojena.wepar.hr\/?s={search_term_string}\"},\"query-input\":{\"@type\":\"PropertyValueSpecification\",\"valueRequired\":true,\"valueName\":\"search_term_string\"}}],\"inLanguage\":\"de\"}]}<\/script>\n<!-- \/ Yoast SEO plugin. -->","yoast_head_json":{"title":"Superior Studio mit Gartenblick ID 2 - Villa Lojena","robots":{"index":"index","follow":"follow","max-snippet":"max-snippet:-1","max-image-preview":"max-image-preview:large","max-video-preview":"max-video-preview:-1"},"canonical":"https:\/\/lojena.wepar.hr\/de\/produkt\/superior-studio-mit-gartenblick-id-2\/","og_locale":"de_DE","og_type":"article","og_title":"Superior Studio mit Gartenblick ID 2 - Villa Lojena","og_description":"Stellen Sie sich vor, Sie wachen mit einem traumhaften Blick auf das Mittelmeer auf: Meer, Pool und jahrhundertealte Olivenb\u00e4ume direkt vor Ihrer T\u00fcr. Dieses moderne Studio bietet eine wundersch\u00f6ne, schattige Terrasse \u2013 der perfekte Ort f\u00fcr Ihren morgendlichen Espresso oder einen entspannten Sundowner in ruhiger Atmosph\u00e4re. Im Inneren steckt Luxus im Detail. Von der voll [&hellip;]","og_url":"https:\/\/lojena.wepar.hr\/de\/produkt\/superior-studio-mit-gartenblick-id-2\/","og_site_name":"Villa Lojena","article_modified_time":"2026-03-19T08:04:31+00:00","og_image":[{"width":1980,"height":1350,"url":"https:\/\/lojena.wepar.hr\/wp-content\/uploads\/2026\/02\/ap-3-i-4.jpg","type":"image\/jpeg"}],"twitter_card":"summary_large_image","twitter_misc":{"Gesch\u00e4tzte Lesezeit":"1\u00a0Minute"},"schema":{"@context":"https:\/\/schema.org","@graph":[{"@type":"WebPage","@id":"https:\/\/lojena.wepar.hr\/de\/produkt\/superior-studio-mit-gartenblick-id-2\/","url":"https:\/\/lojena.wepar.hr\/de\/produkt\/superior-studio-mit-gartenblick-id-2\/","name":"Superior Studio mit Gartenblick ID 2 - Villa Lojena","isPartOf":{"@id":"https:\/\/lojena.wepar.hr\/#website"},"primaryImageOfPage":{"@id":"https:\/\/lojena.wepar.hr\/de\/produkt\/superior-studio-mit-gartenblick-id-2\/#primaryimage"},"image":{"@id":"https:\/\/lojena.wepar.hr\/de\/produkt\/superior-studio-mit-gartenblick-id-2\/#primaryimage"},"thumbnailUrl":"https:\/\/lojena.wepar.hr\/wp-content\/uploads\/2026\/02\/ap-3-i-4.jpg","datePublished":"2026-02-25T12:26:53+00:00","dateModified":"2026-03-19T08:04:31+00:00","breadcrumb":{"@id":"https:\/\/lojena.wepar.hr\/de\/produkt\/superior-studio-mit-gartenblick-id-2\/#breadcrumb"},"inLanguage":"de","potentialAction":[{"@type":"ReadAction","target":["https:\/\/lojena.wepar.hr\/de\/produkt\/superior-studio-mit-gartenblick-id-2\/"]}]},{"@type":"ImageObject","inLanguage":"de","@id":"https:\/\/lojena.wepar.hr\/de\/produkt\/superior-studio-mit-gartenblick-id-2\/#primaryimage","url":"https:\/\/lojena.wepar.hr\/wp-content\/uploads\/2026\/02\/ap-3-i-4.jpg","contentUrl":"https:\/\/lojena.wepar.hr\/wp-content\/uploads\/2026\/02\/ap-3-i-4.jpg","width":1980,"height":1350,"caption":"View of the sun covered terrace from the apartment"},{"@type":"BreadcrumbList","@id":"https:\/\/lojena.wepar.hr\/de\/produkt\/superior-studio-mit-gartenblick-id-2\/#breadcrumb","itemListElement":[{"@type":"ListItem","position":1,"name":"Home","item":"https:\/\/lojena.wepar.hr\/de\/"},{"@type":"ListItem","position":2,"name":"Superior Studio mit Gartenblick ID 2"}]},{"@type":"WebSite","@id":"https:\/\/lojena.wepar.hr\/#website","url":"https:\/\/lojena.wepar.hr\/","name":"Villa Lojena","description":"Luxury Studios","potentialAction":[{"@type":"SearchAction","target":{"@type":"EntryPoint","urlTemplate":"https:\/\/lojena.wepar.hr\/?s={search_term_string}"},"query-input":{"@type":"PropertyValueSpecification","valueRequired":true,"valueName":"search_term_string"}}],"inLanguage":"de"}]}},"_links":{"self":[{"href":"https:\/\/lojena.wepar.hr\/de\/wp-json\/wp\/v2\/product\/1123","targetHints":{"allow":["GET"]}}],"collection":[{"href":"https:\/\/lojena.wepar.hr\/de\/wp-json\/wp\/v2\/product"}],"about":[{"href":"https:\/\/lojena.wepar.hr\/de\/wp-json\/wp\/v2\/types\/product"}],"replies":[{"embeddable":true,"href":"https:\/\/lojena.wepar.hr\/de\/wp-json\/wp\/v2\/comments?post=1123"}],"wp:featuredmedia":[{"embeddable":true,"href":"https:\/\/lojena.wepar.hr\/de\/wp-json\/wp\/v2\/media\/926"}],"wp:attachment":[{"href":"https:\/\/lojena.wepar.hr\/de\/wp-json\/wp\/v2\/media?parent=1123"}],"wp:term":[{"taxonomy":"product_brand","embeddable":true,"href":"https:\/\/lojena.wepar.hr\/de\/wp-json\/wp\/v2\/product_brand?post=1123"},{"taxonomy":"product_cat","embeddable":true,"href":"https:\/\/lojena.wepar.hr\/de\/wp-json\/wp\/v2\/product_cat?post=1123"},{"taxonomy":"product_tag","embeddable":true,"href":"https:\/\/lojena.wepar.hr\/de\/wp-json\/wp\/v2\/product_tag?post=1123"}],"curies":[{"name":"wp","href":"https:\/\/api.w.org\/{rel}","templated":true}]}}