{"id":1116,"date":"2026-02-17T15:03:08","date_gmt":"2026-02-17T15:03:08","guid":{"rendered":"https:\/\/lojena.wepar.hr\/?post_type=product&#038;p=1116"},"modified":"2026-03-10T14:32:49","modified_gmt":"2026-03-10T14:32:49","slug":"superior-studio-mit-gartenblick-id-1","status":"publish","type":"product","link":"https:\/\/lojena.wepar.hr\/de\/produkt\/superior-studio-mit-gartenblick-id-1\/","title":{"rendered":"Superior Studio mit Gartenblick ID 1"},"content":{"rendered":"<p>Erwachen Sie mit einem atemberaubenden Blick auf das Meer, den Pool und die umliegenden Olivenhaine. Diese stilvoll eingerichteten Studios verf\u00fcgen \u00fcber eine schattige Terrasse mit Panoramablick auf das Mittelmeer \u2013 ideal, um Ihren Morgenkaffee zu genie\u00dfen oder einen romantischen Sonnenuntergang zu erleben.<\/p>\n<p>Im eleganten und modernen Interieur erwarten Sie eine voll ausgestattete K\u00fcche, ein ger\u00e4umiges, modernes Badezimmer, hochwertige 34 cm dicke, antiallergische Matratzen und eine Daikin-Klimaanlage f\u00fcr optimalen Komfort.<\/p>\n<p>Ein zus\u00e4tzliches Kinderbett macht diese Studios auch zu einer hervorragenden Wahl f\u00fcr einen Kurzurlaub mit der kleinen Familie.<\/p>\n<p>Mit Smart-TV, Highspeed-5G-Internet, kostenlosem W\u00e4scheservice und einem gemeinsamen Eisw\u00fcrfelbereiter f\u00fcr erfrischende Getr\u00e4nke wurde an alles gedacht.<\/p>\n<p>Umgeben von jahrhundertealten Olivenhainen in absoluter Ruhe, trifft hier mediterraner Charme auf modernen Luxus.<\/p>\n","protected":false},"excerpt":{"rendered":"<p>Erwachen Sie mit einem atemberaubenden Blick auf das Meer, den Pool und die umliegenden Olivenhaine. Diese stilvoll eingerichteten Studios verf\u00fcgen \u00fcber eine schattige Terrasse mit Panoramablick auf das Mittelmeer \u2013 ideal, um Ihren Morgenkaffee zu genie\u00dfen oder einen romantischen Sonnenuntergang zu erleben. Im eleganten und modernen Interieur erwarten Sie eine voll ausgestattete K\u00fcche, ein ger\u00e4umiges, [&hellip;]<\/p>\n","protected":false},"featured_media":925,"comment_status":"closed","ping_status":"closed","template":"","meta":{"_acf_changed":false},"product_brand":[],"product_cat":[109],"product_tag":[],"class_list":{"0":"post-1116","1":"product","2":"type-product","3":"status-publish","4":"has-post-thumbnail","6":"product_cat-superior-studio-mit-gartenblick","8":"first","9":"instock","10":"sold-individually","11":"shipping-taxable","12":"purchasable","13":"product-type-phive_booking"},"acf":[],"yoast_head":"<!-- This site is optimized with the Yoast SEO plugin v27.1.1 - https:\/\/yoast.com\/product\/yoast-seo-wordpress\/ -->\n<title>Superior Studio mit Gartenblick ID 1 - Villa Lojena<\/title>\n<meta name=\"robots\" content=\"index, follow, max-snippet:-1, max-image-preview:large, max-video-preview:-1\" \/>\n<link rel=\"canonical\" href=\"https:\/\/lojena.wepar.hr\/product\/luxury-studio-near-the-beach-id-111-4\/\" \/>\n<meta property=\"og:locale\" content=\"de_DE\" \/>\n<meta property=\"og:type\" content=\"article\" \/>\n<meta property=\"og:title\" content=\"Superior Studio mit Gartenblick ID 1 - Villa Lojena\" \/>\n<meta property=\"og:description\" content=\"Erwachen Sie mit einem atemberaubenden Blick auf das Meer, den Pool und die umliegenden Olivenhaine. Diese stilvoll eingerichteten Studios verf\u00fcgen \u00fcber eine schattige Terrasse mit Panoramablick auf das Mittelmeer \u2013 ideal, um Ihren Morgenkaffee zu genie\u00dfen oder einen romantischen Sonnenuntergang zu erleben. Im eleganten und modernen Interieur erwarten Sie eine voll ausgestattete K\u00fcche, ein ger\u00e4umiges, [&hellip;]\" \/>\n<meta property=\"og:url\" content=\"https:\/\/lojena.wepar.hr\/product\/luxury-studio-near-the-beach-id-111-4\/\" \/>\n<meta property=\"og:site_name\" content=\"Villa Lojena\" \/>\n<meta property=\"article:modified_time\" content=\"2026-03-10T14:32:49+00:00\" \/>\n<meta property=\"og:image\" content=\"https:\/\/lojena.wepar.hr\/wp-content\/uploads\/2026\/02\/apar-3-i-4.jpeg\" \/>\n\t<meta property=\"og:image:width\" content=\"1980\" \/>\n\t<meta property=\"og:image:height\" content=\"1485\" \/>\n\t<meta property=\"og:image:type\" content=\"image\/jpeg\" \/>\n<meta name=\"twitter:card\" content=\"summary_large_image\" \/>\n<meta name=\"twitter:label1\" content=\"Gesch\u00e4tzte Lesezeit\" \/>\n\t<meta name=\"twitter:data1\" content=\"1\u00a0Minute\" \/>\n<script type=\"application\/ld+json\" class=\"yoast-schema-graph\">{\"@context\":\"https:\/\/schema.org\",\"@graph\":[{\"@type\":\"WebPage\",\"@id\":\"https:\/\/lojena.wepar.hr\/product\/luxury-studio-near-the-beach-id-111-4\/\",\"url\":\"https:\/\/lojena.wepar.hr\/product\/luxury-studio-near-the-beach-id-111-4\/\",\"name\":\"Superior Studio mit Gartenblick ID 1 - Villa Lojena\",\"isPartOf\":{\"@id\":\"https:\/\/lojena.wepar.hr\/#website\"},\"primaryImageOfPage\":{\"@id\":\"https:\/\/lojena.wepar.hr\/product\/luxury-studio-near-the-beach-id-111-4\/#primaryimage\"},\"image\":{\"@id\":\"https:\/\/lojena.wepar.hr\/product\/luxury-studio-near-the-beach-id-111-4\/#primaryimage\"},\"thumbnailUrl\":\"https:\/\/lojena.wepar.hr\/wp-content\/uploads\/2026\/02\/apar-3-i-4.jpeg\",\"datePublished\":\"2026-02-17T15:03:08+00:00\",\"dateModified\":\"2026-03-10T14:32:49+00:00\",\"breadcrumb\":{\"@id\":\"https:\/\/lojena.wepar.hr\/product\/luxury-studio-near-the-beach-id-111-4\/#breadcrumb\"},\"inLanguage\":\"de\",\"potentialAction\":[{\"@type\":\"ReadAction\",\"target\":[\"https:\/\/lojena.wepar.hr\/product\/luxury-studio-near-the-beach-id-111-4\/\"]}]},{\"@type\":\"ImageObject\",\"inLanguage\":\"de\",\"@id\":\"https:\/\/lojena.wepar.hr\/product\/luxury-studio-near-the-beach-id-111-4\/#primaryimage\",\"url\":\"https:\/\/lojena.wepar.hr\/wp-content\/uploads\/2026\/02\/apar-3-i-4.jpeg\",\"contentUrl\":\"https:\/\/lojena.wepar.hr\/wp-content\/uploads\/2026\/02\/apar-3-i-4.jpeg\",\"width\":1980,\"height\":1485,\"caption\":\"View of the lush forest from terrace lounge\"},{\"@type\":\"BreadcrumbList\",\"@id\":\"https:\/\/lojena.wepar.hr\/product\/luxury-studio-near-the-beach-id-111-4\/#breadcrumb\",\"itemListElement\":[{\"@type\":\"ListItem\",\"position\":1,\"name\":\"Home\",\"item\":\"https:\/\/lojena.wepar.hr\/de\/\"},{\"@type\":\"ListItem\",\"position\":2,\"name\":\"Superior Studio mit Gartenblick ID 1\"}]},{\"@type\":\"WebSite\",\"@id\":\"https:\/\/lojena.wepar.hr\/#website\",\"url\":\"https:\/\/lojena.wepar.hr\/\",\"name\":\"Villa Lojena\",\"description\":\"Luxury Studios\",\"potentialAction\":[{\"@type\":\"SearchAction\",\"target\":{\"@type\":\"EntryPoint\",\"urlTemplate\":\"https:\/\/lojena.wepar.hr\/?s={search_term_string}\"},\"query-input\":{\"@type\":\"PropertyValueSpecification\",\"valueRequired\":true,\"valueName\":\"search_term_string\"}}],\"inLanguage\":\"de\"}]}<\/script>\n<!-- \/ Yoast SEO plugin. -->","yoast_head_json":{"title":"Superior Studio mit Gartenblick ID 1 - Villa Lojena","robots":{"index":"index","follow":"follow","max-snippet":"max-snippet:-1","max-image-preview":"max-image-preview:large","max-video-preview":"max-video-preview:-1"},"canonical":"https:\/\/lojena.wepar.hr\/product\/luxury-studio-near-the-beach-id-111-4\/","og_locale":"de_DE","og_type":"article","og_title":"Superior Studio mit Gartenblick ID 1 - Villa Lojena","og_description":"Erwachen Sie mit einem atemberaubenden Blick auf das Meer, den Pool und die umliegenden Olivenhaine. Diese stilvoll eingerichteten Studios verf\u00fcgen \u00fcber eine schattige Terrasse mit Panoramablick auf das Mittelmeer \u2013 ideal, um Ihren Morgenkaffee zu genie\u00dfen oder einen romantischen Sonnenuntergang zu erleben. Im eleganten und modernen Interieur erwarten Sie eine voll ausgestattete K\u00fcche, ein ger\u00e4umiges, [&hellip;]","og_url":"https:\/\/lojena.wepar.hr\/product\/luxury-studio-near-the-beach-id-111-4\/","og_site_name":"Villa Lojena","article_modified_time":"2026-03-10T14:32:49+00:00","og_image":[{"width":1980,"height":1485,"url":"https:\/\/lojena.wepar.hr\/wp-content\/uploads\/2026\/02\/apar-3-i-4.jpeg","type":"image\/jpeg"}],"twitter_card":"summary_large_image","twitter_misc":{"Gesch\u00e4tzte Lesezeit":"1\u00a0Minute"},"schema":{"@context":"https:\/\/schema.org","@graph":[{"@type":"WebPage","@id":"https:\/\/lojena.wepar.hr\/product\/luxury-studio-near-the-beach-id-111-4\/","url":"https:\/\/lojena.wepar.hr\/product\/luxury-studio-near-the-beach-id-111-4\/","name":"Superior Studio mit Gartenblick ID 1 - Villa Lojena","isPartOf":{"@id":"https:\/\/lojena.wepar.hr\/#website"},"primaryImageOfPage":{"@id":"https:\/\/lojena.wepar.hr\/product\/luxury-studio-near-the-beach-id-111-4\/#primaryimage"},"image":{"@id":"https:\/\/lojena.wepar.hr\/product\/luxury-studio-near-the-beach-id-111-4\/#primaryimage"},"thumbnailUrl":"https:\/\/lojena.wepar.hr\/wp-content\/uploads\/2026\/02\/apar-3-i-4.jpeg","datePublished":"2026-02-17T15:03:08+00:00","dateModified":"2026-03-10T14:32:49+00:00","breadcrumb":{"@id":"https:\/\/lojena.wepar.hr\/product\/luxury-studio-near-the-beach-id-111-4\/#breadcrumb"},"inLanguage":"de","potentialAction":[{"@type":"ReadAction","target":["https:\/\/lojena.wepar.hr\/product\/luxury-studio-near-the-beach-id-111-4\/"]}]},{"@type":"ImageObject","inLanguage":"de","@id":"https:\/\/lojena.wepar.hr\/product\/luxury-studio-near-the-beach-id-111-4\/#primaryimage","url":"https:\/\/lojena.wepar.hr\/wp-content\/uploads\/2026\/02\/apar-3-i-4.jpeg","contentUrl":"https:\/\/lojena.wepar.hr\/wp-content\/uploads\/2026\/02\/apar-3-i-4.jpeg","width":1980,"height":1485,"caption":"View of the lush forest from terrace lounge"},{"@type":"BreadcrumbList","@id":"https:\/\/lojena.wepar.hr\/product\/luxury-studio-near-the-beach-id-111-4\/#breadcrumb","itemListElement":[{"@type":"ListItem","position":1,"name":"Home","item":"https:\/\/lojena.wepar.hr\/de\/"},{"@type":"ListItem","position":2,"name":"Superior Studio mit Gartenblick ID 1"}]},{"@type":"WebSite","@id":"https:\/\/lojena.wepar.hr\/#website","url":"https:\/\/lojena.wepar.hr\/","name":"Villa Lojena","description":"Luxury Studios","potentialAction":[{"@type":"SearchAction","target":{"@type":"EntryPoint","urlTemplate":"https:\/\/lojena.wepar.hr\/?s={search_term_string}"},"query-input":{"@type":"PropertyValueSpecification","valueRequired":true,"valueName":"search_term_string"}}],"inLanguage":"de"}]}},"_links":{"self":[{"href":"https:\/\/lojena.wepar.hr\/de\/wp-json\/wp\/v2\/product\/1116","targetHints":{"allow":["GET"]}}],"collection":[{"href":"https:\/\/lojena.wepar.hr\/de\/wp-json\/wp\/v2\/product"}],"about":[{"href":"https:\/\/lojena.wepar.hr\/de\/wp-json\/wp\/v2\/types\/product"}],"replies":[{"embeddable":true,"href":"https:\/\/lojena.wepar.hr\/de\/wp-json\/wp\/v2\/comments?post=1116"}],"wp:featuredmedia":[{"embeddable":true,"href":"https:\/\/lojena.wepar.hr\/de\/wp-json\/wp\/v2\/media\/925"}],"wp:attachment":[{"href":"https:\/\/lojena.wepar.hr\/de\/wp-json\/wp\/v2\/media?parent=1116"}],"wp:term":[{"taxonomy":"product_brand","embeddable":true,"href":"https:\/\/lojena.wepar.hr\/de\/wp-json\/wp\/v2\/product_brand?post=1116"},{"taxonomy":"product_cat","embeddable":true,"href":"https:\/\/lojena.wepar.hr\/de\/wp-json\/wp\/v2\/product_cat?post=1116"},{"taxonomy":"product_tag","embeddable":true,"href":"https:\/\/lojena.wepar.hr\/de\/wp-json\/wp\/v2\/product_tag?post=1116"}],"curies":[{"name":"wp","href":"https:\/\/api.w.org\/{rel}","templated":true}]}}