{"id":2213,"date":"2026-02-05T07:08:14","date_gmt":"2026-02-05T07:08:14","guid":{"rendered":"https:\/\/lojena.wepar.hr\/?page_id=2213"},"modified":"2026-03-11T05:59:30","modified_gmt":"2026-03-11T05:59:30","slug":"datenschutzerklaerung","status":"publish","type":"page","link":"https:\/\/lojena.wepar.hr\/de\/datenschutzerklaerung\/","title":{"rendered":"Datenschutzerkl\u00e4rung"},"content":{"rendered":"\n<h1 class=\"wp-block-heading\">Datenschutzerkl\u00e4rung<\/h1>\n\n\n\n<h2 class=\"wp-block-heading\">Wir m\u00f6gen Spam genauso wenig wie Sie!<\/h2>\n\n\n\n<p id=\"p-rc_4d6f92845c2d1f59-19\">Murter rentals d.o.o., Sali XII 6, 23281 Sali (im Folgenden: Villa Lojena) verpflichtet sich, die Privatsph\u00e4re aller unserer Kunden zu sch\u00fctzen. Mit dieser Erkl\u00e4rung verpflichten wir uns, die Privatsph\u00e4re der Nutzer, Kunden und Besucher unserer Website sowie die Sicherheit der uns \u00fcber die Website zur Verf\u00fcgung gestellten personenbezogenen Daten zu gew\u00e4hrleisten.<\/p>\n\n\n\n<p>In diesem Dokument wird beschrieben, welche Arten von Informationen wir von Ihnen erfassen, wenn Sie unsere Website besuchen, wie wir diese Informationen verwenden und welche Schritte wir unternehmen, um sie zu sch\u00fctzen.<\/p>\n\n\n\n<p>Welche Informationen sammeln wir \u00fcber Sie und wie verwenden wir sie?<br>Im Allgemeinen k\u00f6nnen Sie unsere Website besuchen, ohne pers\u00f6nliche Daten \u00fcber sich preiszugeben. Wir erfassen keine personenbezogenen Daten \u00fcber Sie (wie Ihren Namen und Ihre Kontaktdaten), wenn Sie diese Website besuchen, es sei denn, Sie \u00fcbermitteln Daten freiwillig \u00fcber eines der verf\u00fcgbaren Formulare f\u00fcr einen bestimmten Zweck (Kontaktformular oder Buchungs-\/Kaufformular) und geben damit Ihre Einwilligung zur Erfassung und Verwendung Ihrer personenbezogenen Daten f\u00fcr die genannten Zwecke.<\/p>\n\n\n\n<p>Alle personenbezogenen Daten werden ausschlie\u00dflich f\u00fcr die Zwecke verwendet, f\u00fcr die sie erhoben wurden. K\u00e4ufe und Buchungen k\u00f6nnen nur von Personen ab 18 Jahren get\u00e4tigt werden. Wir werden die erhobenen Daten in keiner Weise unbefugten Dritten zug\u00e4nglich machen, au\u00dfer zu gesetzlich vorgeschriebenen Zwecken (wie der nach kroatischem Recht erforderlichen obligatorischen e-Visitor-Registrierung).<\/p>\n\n\n\n<p>Weitergabe von Informationen an autorisierte Dritte<br>Wir geben Ihre Informationen zu den folgenden Zwecken an autorisierte Dritte weiter:<\/p>\n\n\n\n<p>Google Analytics: Google sammelt \u00fcber unsere Nutzung von Google Analytics auf unserer Website anonymisierte Informationen, die uns helfen, unser Gesch\u00e4ft durch Feedback zu verbessern. Sie k\u00f6nnen dies hier deaktivieren: https:\/\/tools.google.com\/dlpage\/gaoptout.<\/p>\n\n\n\n<p>Google Maps: Wir verwenden Google Maps, um Standortdienste f\u00fcr unsere Apartments bereitzustellen. Google kann IP-Adressen und Cookie-Daten gem\u00e4\u00df den eigenen Datenschutzbestimmungen erfassen.<\/p>\n\n\n\n<p>Buchhaltung: Wir geben Daten zu steuerlichen Zwecken an unsere Steuerberater weiter, insbesondere Rechnungen, die f\u00fcr Ihren Aufenthalt ausgestellt wurden, zum Zweck der Erstellung von Steuererkl\u00e4rungen und Jahresabschl\u00fcssen.<\/p>\n\n\n\n<p>Bank\u00fcberweisungen: Da alle Zahlungen per direkter Bank\u00fcberweisung abgewickelt werden, werden Ihre Transaktionsdaten von den jeweiligen Bankinstituten zur Vertragsabwicklung verarbeitet.<\/p>\n\n\n\n<p>Arten der verarbeiteten personenbezogenen Daten<br>Kontaktformular: Vor- und Nachname, E-Mail-Adresse und alle zus\u00e4tzlich angegebenen Informationen (Telefon, Adresse).<\/p>\n\n\n\n<p>Buchungs-\/Kaufformular: Land, Vor- und Nachname, E-Mail-Adresse, Anschrift, Stadt, Postleitzahl und Telefonnummer.<\/p>\n\n\n\n<p>Automatisch erfasste Informationen: Wir erfassen automatisch Informationen in Server-Logfiles, wie z. B. Ihre IP-Adresse, den Browsertyp und das Betriebssystem, um unsere technischen L\u00f6sungen zu verwalten und Ihr Nutzererlebnis zu verbessern.<\/p>\n\n\n\n<p>Rechte der betroffenen Personen<br>Wir schaffen die Voraussetzungen daf\u00fcr, dass Sie \u00fcber die Verarbeitung Ihrer personenbezogenen Daten selbst entscheiden k\u00f6nnen. Sie haben die folgenden Rechte:<\/p>\n\n\n\n<p>Recht auf Auskunft: Best\u00e4tigung verlangen, ob wir Ihre Daten verarbeiten.<\/p>\n\n\n\n<p>Recht auf Berichtigung: Berichtigung unrichtiger oder unvollst\u00e4ndiger Daten verlangen.<\/p>\n\n\n\n<p>Recht auf L\u00f6schung (\u201eRecht auf Vergessenwerden\u201c): L\u00f6schung der Daten verlangen, wenn die Einwilligung widerrufen wird oder die Daten unrechtm\u00e4\u00dfig verarbeitet werden, sofern sie nicht f\u00fcr rechtliche\/vertragliche Verpflichtungen ben\u00f6tigt werden.<\/p>\n\n\n\n<p>Recht auf Einschr\u00e4nkung der Verarbeitung.<\/p>\n\n\n\n<p>Recht auf Daten\u00fcbertragbarkeit.<\/p>\n\n\n\n<p>Recht auf Widerspruch: Insbesondere bei Direktmarketing-Zwecken.<\/p>\n\n\n\n<p>Recht auf Beschwerde bei einer Aufsichtsbeh\u00f6rde<br>Wenn Sie der Meinung sind, dass die Verarbeitung Ihrer personenbezogenen Daten gegen die Datenschutz-Grundverordnung (DSGVO) verst\u00f6\u00dft, haben Sie das Recht, eine Beschwerde bei der Agentur f\u00fcr den Schutz personenbezogener Daten (AZOP), Marti\u0107eva ulica 14, 10000 Zagreb, Kroatien (http:\/\/azop.hr\/) einzureichen.<\/p>\n\n\n\n<p>Recht auf Widerruf der Einwilligung<br>Beruht die Verarbeitung auf Ihrer Einwilligung, haben Sie das Recht, diese jederzeit zu widerrufen, indem Sie eine E-Mail an folgende Adresse senden: [E-Mail aus den ACF-Optionen einf\u00fcgen]. Zum Schutz Ihrer Daten ist eine Identifizierung des Antragstellers erforderlich.<\/p>\n\n\n\n<p>Sicherheit Ihrer pers\u00f6nlichen Informationen<br>Wir verpflichten seins, angemessene technische und organisatorische Ma\u00dfnahmen zu ergreifen, um Ihre personenbezogenen Daten vor unbefugter Handhabung, versehentlichem Verlust oder Besch\u00e4digung zu sch\u00fctzen. Ihre Informationen werden sicher \u00fcber das Internet mittels hochwertiger Verschl\u00fcsselung \u00fcbertragen und auf sicheren Servern innerhalb der EU gespeichert.<\/p>\n\n\n\n<p>Kl\u00e4rung von Missverst\u00e4ndnissen<br>Um m\u00f6gliche Missverst\u00e4ndnisse zu kl\u00e4ren oder zus\u00e4tzliche Fragen zu stellen, nutzen Sie bitte die E-Mail-Adresse: .<\/p>\n\n\n\n<p>Kontakt:<br>F\u00fcr weitere Fragen k\u00f6nnen Sie uns kontaktieren unter:<\/p>\n\n\n\n<p>E-Mail: <\/p>\n\n\n\n<p>Telefon: <\/p>\n\n\n\n<div style=\"height:110px\" aria-hidden=\"true\" class=\"wp-block-spacer\"><\/div>\n","protected":false},"excerpt":{"rendered":"<p>Datenschutzerkl\u00e4rung Wir m\u00f6gen Spam genauso wenig wie Sie! Murter rentals d.o.o., Sali XII 6, 23281 Sali (im Folgenden: Villa Lojena) verpflichtet sich, die Privatsph\u00e4re aller unserer Kunden zu sch\u00fctzen. Mit dieser Erkl\u00e4rung verpflichten wir uns, die Privatsph\u00e4re der Nutzer, Kunden und Besucher unserer Website sowie die Sicherheit der uns \u00fcber die Website zur Verf\u00fcgung gestellten [&hellip;]<\/p>\n","protected":false},"author":1,"featured_media":0,"parent":0,"menu_order":0,"comment_status":"closed","ping_status":"open","template":"page-content.php","meta":{"_acf_changed":false,"footnotes":""},"class_list":["post-2213","page","type-page","status-publish","hentry"],"acf":[],"yoast_head":"<!-- This site is optimized with the Yoast SEO plugin v27.1.1 - https:\/\/yoast.com\/product\/yoast-seo-wordpress\/ -->\n<title>Datenschutzerkl\u00e4rung - Villa Lojena<\/title>\n<meta name=\"robots\" content=\"index, follow, max-snippet:-1, max-image-preview:large, max-video-preview:-1\" \/>\n<link rel=\"canonical\" href=\"https:\/\/lojena.wepar.hr\/privacy-policy\/\" \/>\n<meta property=\"og:locale\" content=\"de_DE\" \/>\n<meta property=\"og:type\" content=\"article\" \/>\n<meta property=\"og:title\" content=\"Datenschutzerkl\u00e4rung - Villa Lojena\" \/>\n<meta property=\"og:description\" content=\"Datenschutzerkl\u00e4rung Wir m\u00f6gen Spam genauso wenig wie Sie! Murter rentals d.o.o., Sali XII 6, 23281 Sali (im Folgenden: Villa Lojena) verpflichtet sich, die Privatsph\u00e4re aller unserer Kunden zu sch\u00fctzen. Mit dieser Erkl\u00e4rung verpflichten wir uns, die Privatsph\u00e4re der Nutzer, Kunden und Besucher unserer Website sowie die Sicherheit der uns \u00fcber die Website zur Verf\u00fcgung gestellten [&hellip;]\" \/>\n<meta property=\"og:url\" content=\"https:\/\/lojena.wepar.hr\/privacy-policy\/\" \/>\n<meta property=\"og:site_name\" content=\"Villa Lojena\" \/>\n<meta property=\"article:modified_time\" content=\"2026-03-11T05:59:30+00:00\" \/>\n<meta name=\"twitter:card\" content=\"summary_large_image\" \/>\n<meta name=\"twitter:label1\" content=\"Gesch\u00e4tzte Lesezeit\" \/>\n\t<meta name=\"twitter:data1\" content=\"3\u00a0Minuten\" \/>\n<script type=\"application\/ld+json\" class=\"yoast-schema-graph\">{\"@context\":\"https:\/\/schema.org\",\"@graph\":[{\"@type\":\"WebPage\",\"@id\":\"https:\/\/lojena.wepar.hr\/privacy-policy\/\",\"url\":\"https:\/\/lojena.wepar.hr\/privacy-policy\/\",\"name\":\"Datenschutzerkl\u00e4rung - Villa Lojena\",\"isPartOf\":{\"@id\":\"https:\/\/lojena.wepar.hr\/#website\"},\"datePublished\":\"2026-02-05T07:08:14+00:00\",\"dateModified\":\"2026-03-11T05:59:30+00:00\",\"breadcrumb\":{\"@id\":\"https:\/\/lojena.wepar.hr\/privacy-policy\/#breadcrumb\"},\"inLanguage\":\"de\",\"potentialAction\":[{\"@type\":\"ReadAction\",\"target\":[\"https:\/\/lojena.wepar.hr\/privacy-policy\/\"]}]},{\"@type\":\"BreadcrumbList\",\"@id\":\"https:\/\/lojena.wepar.hr\/privacy-policy\/#breadcrumb\",\"itemListElement\":[{\"@type\":\"ListItem\",\"position\":1,\"name\":\"Home\",\"item\":\"https:\/\/lojena.wepar.hr\/de\/\"},{\"@type\":\"ListItem\",\"position\":2,\"name\":\"Datenschutzerkl\u00e4rung\"}]},{\"@type\":\"WebSite\",\"@id\":\"https:\/\/lojena.wepar.hr\/#website\",\"url\":\"https:\/\/lojena.wepar.hr\/\",\"name\":\"Villa Lojena\",\"description\":\"Luxury Studios\",\"potentialAction\":[{\"@type\":\"SearchAction\",\"target\":{\"@type\":\"EntryPoint\",\"urlTemplate\":\"https:\/\/lojena.wepar.hr\/?s={search_term_string}\"},\"query-input\":{\"@type\":\"PropertyValueSpecification\",\"valueRequired\":true,\"valueName\":\"search_term_string\"}}],\"inLanguage\":\"de\"}]}<\/script>\n<!-- \/ Yoast SEO plugin. -->","yoast_head_json":{"title":"Datenschutzerkl\u00e4rung - Villa Lojena","robots":{"index":"index","follow":"follow","max-snippet":"max-snippet:-1","max-image-preview":"max-image-preview:large","max-video-preview":"max-video-preview:-1"},"canonical":"https:\/\/lojena.wepar.hr\/privacy-policy\/","og_locale":"de_DE","og_type":"article","og_title":"Datenschutzerkl\u00e4rung - Villa Lojena","og_description":"Datenschutzerkl\u00e4rung Wir m\u00f6gen Spam genauso wenig wie Sie! Murter rentals d.o.o., Sali XII 6, 23281 Sali (im Folgenden: Villa Lojena) verpflichtet sich, die Privatsph\u00e4re aller unserer Kunden zu sch\u00fctzen. Mit dieser Erkl\u00e4rung verpflichten wir uns, die Privatsph\u00e4re der Nutzer, Kunden und Besucher unserer Website sowie die Sicherheit der uns \u00fcber die Website zur Verf\u00fcgung gestellten [&hellip;]","og_url":"https:\/\/lojena.wepar.hr\/privacy-policy\/","og_site_name":"Villa Lojena","article_modified_time":"2026-03-11T05:59:30+00:00","twitter_card":"summary_large_image","twitter_misc":{"Gesch\u00e4tzte Lesezeit":"3\u00a0Minuten"},"schema":{"@context":"https:\/\/schema.org","@graph":[{"@type":"WebPage","@id":"https:\/\/lojena.wepar.hr\/privacy-policy\/","url":"https:\/\/lojena.wepar.hr\/privacy-policy\/","name":"Datenschutzerkl\u00e4rung - Villa Lojena","isPartOf":{"@id":"https:\/\/lojena.wepar.hr\/#website"},"datePublished":"2026-02-05T07:08:14+00:00","dateModified":"2026-03-11T05:59:30+00:00","breadcrumb":{"@id":"https:\/\/lojena.wepar.hr\/privacy-policy\/#breadcrumb"},"inLanguage":"de","potentialAction":[{"@type":"ReadAction","target":["https:\/\/lojena.wepar.hr\/privacy-policy\/"]}]},{"@type":"BreadcrumbList","@id":"https:\/\/lojena.wepar.hr\/privacy-policy\/#breadcrumb","itemListElement":[{"@type":"ListItem","position":1,"name":"Home","item":"https:\/\/lojena.wepar.hr\/de\/"},{"@type":"ListItem","position":2,"name":"Datenschutzerkl\u00e4rung"}]},{"@type":"WebSite","@id":"https:\/\/lojena.wepar.hr\/#website","url":"https:\/\/lojena.wepar.hr\/","name":"Villa Lojena","description":"Luxury Studios","potentialAction":[{"@type":"SearchAction","target":{"@type":"EntryPoint","urlTemplate":"https:\/\/lojena.wepar.hr\/?s={search_term_string}"},"query-input":{"@type":"PropertyValueSpecification","valueRequired":true,"valueName":"search_term_string"}}],"inLanguage":"de"}]}},"_links":{"self":[{"href":"https:\/\/lojena.wepar.hr\/de\/wp-json\/wp\/v2\/pages\/2213","targetHints":{"allow":["GET"]}}],"collection":[{"href":"https:\/\/lojena.wepar.hr\/de\/wp-json\/wp\/v2\/pages"}],"about":[{"href":"https:\/\/lojena.wepar.hr\/de\/wp-json\/wp\/v2\/types\/page"}],"author":[{"embeddable":true,"href":"https:\/\/lojena.wepar.hr\/de\/wp-json\/wp\/v2\/users\/1"}],"replies":[{"embeddable":true,"href":"https:\/\/lojena.wepar.hr\/de\/wp-json\/wp\/v2\/comments?post=2213"}],"version-history":[{"count":1,"href":"https:\/\/lojena.wepar.hr\/de\/wp-json\/wp\/v2\/pages\/2213\/revisions"}],"predecessor-version":[{"id":2214,"href":"https:\/\/lojena.wepar.hr\/de\/wp-json\/wp\/v2\/pages\/2213\/revisions\/2214"}],"wp:attachment":[{"href":"https:\/\/lojena.wepar.hr\/de\/wp-json\/wp\/v2\/media?parent=2213"}],"curies":[{"name":"wp","href":"https:\/\/api.w.org\/{rel}","templated":true}]}}