{"id":1520,"date":"2026-02-25T13:44:32","date_gmt":"2026-02-25T13:44:32","guid":{"rendered":"https:\/\/lojena.wepar.hr\/?post_type=product&#038;p=1520"},"modified":"2026-03-10T18:12:40","modified_gmt":"2026-03-10T18:12:40","slug":"premium-studio-s-vlastni-venkovni-virivkou-id-1","status":"publish","type":"product","link":"https:\/\/lojena.wepar.hr\/cs\/produkt\/premium-studio-s-vlastni-venkovni-virivkou-id-1\/","title":{"rendered":"Premium studio s vlastn\u00ed venkovn\u00ed v\u00ed\u0159ivkou ID 1"},"content":{"rendered":"<p>Objevte klidn\u00e9 \u00fato\u010di\u0161t\u011b ur\u010den\u00e9 pro p\u00e1ry hledaj\u00edc\u00ed klid a jednoduchost zabalen\u00e9 v modern\u00edm luxusu. Tento prostorn\u00fd a funk\u010dn\u00ed studiov\u00fd apartm\u00e1n se otev\u00edr\u00e1 na stinnou terasu s v\u00fdhledem na okoln\u00ed olivov\u00e9 h\u00e1je, idylick\u00e9 prost\u0159ed\u00ed pro poklidnou sn\u00eddani nebo klidn\u00fd ve\u010der pod hv\u011bzdami.<\/p>\n<p>Interi\u00e9r je promy\u0161len\u011b navr\u017een s elegantn\u00edm, modern\u00edm n\u00e1bytkem, pln\u011b vybavenou kuchyn\u00ed, velkou modern\u00ed koupelnou a pr\u00e9miov\u00fdmi 34cm antialergick\u00fdmi matracemi pro zaji\u0161t\u011bn\u00ed klidn\u00fdch noc\u00ed.<\/p>\n<p>Klimatizace Daikin, Smart TV a vysokorychlostn\u00ed 5G internet v\u00e1m zajist\u00ed pohodl\u00ed a p\u0159ipojen\u00ed k internetu, zat\u00edmco bezplatn\u00e1 slu\u017eba pran\u00ed a \u017eehlen\u00ed pr\u00e1dla dod\u00e1 dal\u0161\u00ed n\u00e1dech pohodl\u00ed.<\/p>\n<p>Toto studio, pono\u0159en\u00e9 do autentick\u00e9 st\u0159edomo\u0159sk\u00e9 atmosf\u00e9ry olivovn\u00edk\u016f a absolutn\u00edho klidu, nab\u00edz\u00ed dokonalou kombinaci prakti\u010dnosti, pohodl\u00ed a naprost\u00e9 relaxace.<\/p>\n","protected":false},"excerpt":{"rendered":"<p>Objevte klidn\u00e9 \u00fato\u010di\u0161t\u011b ur\u010den\u00e9 pro p\u00e1ry hledaj\u00edc\u00ed klid a jednoduchost zabalen\u00e9 v modern\u00edm luxusu. Tento prostorn\u00fd a funk\u010dn\u00ed studiov\u00fd apartm\u00e1n se otev\u00edr\u00e1 na stinnou terasu s v\u00fdhledem na okoln\u00ed olivov\u00e9 h\u00e1je, idylick\u00e9 prost\u0159ed\u00ed pro poklidnou sn\u00eddani nebo klidn\u00fd ve\u010der pod hv\u011bzdami. Interi\u00e9r je promy\u0161len\u011b navr\u017een s elegantn\u00edm, modern\u00edm n\u00e1bytkem, pln\u011b vybavenou kuchyn\u00ed, velkou modern\u00ed koupelnou [&hellip;]<\/p>\n","protected":false},"featured_media":1560,"comment_status":"closed","ping_status":"closed","template":"","meta":{"_acf_changed":false},"product_brand":[],"product_cat":[91],"product_tag":[],"class_list":{"0":"post-1520","1":"product","2":"type-product","3":"status-publish","4":"has-post-thumbnail","6":"product_cat-premium-studio-s-vlastni-venkovni-virivkou","8":"first","9":"instock","10":"sold-individually","11":"shipping-taxable","12":"purchasable","13":"product-type-phive_booking"},"acf":[],"yoast_head":"<!-- This site is optimized with the Yoast SEO plugin v27.1.1 - https:\/\/yoast.com\/product\/yoast-seo-wordpress\/ -->\n<title>Premium studio s vlastn\u00ed venkovn\u00ed v\u00ed\u0159ivkou ID 1 - Villa Lojena<\/title>\n<meta name=\"robots\" content=\"index, follow, max-snippet:-1, max-image-preview:large, max-video-preview:-1\" \/>\n<link rel=\"canonical\" href=\"https:\/\/lojena.wepar.hr\/product\/premium-studio-with-private-outdoor-jacuzzi\/\" \/>\n<meta property=\"og:locale\" content=\"cs_CZ\" \/>\n<meta property=\"og:type\" content=\"article\" \/>\n<meta property=\"og:title\" content=\"Premium studio s vlastn\u00ed venkovn\u00ed v\u00ed\u0159ivkou ID 1 - Villa Lojena\" \/>\n<meta property=\"og:description\" content=\"Objevte klidn\u00e9 \u00fato\u010di\u0161t\u011b ur\u010den\u00e9 pro p\u00e1ry hledaj\u00edc\u00ed klid a jednoduchost zabalen\u00e9 v modern\u00edm luxusu. Tento prostorn\u00fd a funk\u010dn\u00ed studiov\u00fd apartm\u00e1n se otev\u00edr\u00e1 na stinnou terasu s v\u00fdhledem na okoln\u00ed olivov\u00e9 h\u00e1je, idylick\u00e9 prost\u0159ed\u00ed pro poklidnou sn\u00eddani nebo klidn\u00fd ve\u010der pod hv\u011bzdami. Interi\u00e9r je promy\u0161len\u011b navr\u017een s elegantn\u00edm, modern\u00edm n\u00e1bytkem, pln\u011b vybavenou kuchyn\u00ed, velkou modern\u00ed koupelnou [&hellip;]\" \/>\n<meta property=\"og:url\" content=\"https:\/\/lojena.wepar.hr\/product\/premium-studio-with-private-outdoor-jacuzzi\/\" \/>\n<meta property=\"og:site_name\" content=\"Villa Lojena\" \/>\n<meta property=\"article:modified_time\" content=\"2026-03-10T18:12:40+00:00\" \/>\n<meta property=\"og:image\" content=\"https:\/\/lojena.wepar.hr\/wp-content\/uploads\/2026\/02\/ap-1-i-2.jpg\" \/>\n\t<meta property=\"og:image:width\" content=\"1980\" \/>\n\t<meta property=\"og:image:height\" content=\"1350\" \/>\n\t<meta property=\"og:image:type\" content=\"image\/jpeg\" \/>\n<meta name=\"twitter:card\" content=\"summary_large_image\" \/>\n<meta name=\"twitter:label1\" content=\"Odhadovan\u00e1 doba \u010dten\u00ed\" \/>\n\t<meta name=\"twitter:data1\" content=\"1 minuta\" \/>\n<script type=\"application\/ld+json\" class=\"yoast-schema-graph\">{\"@context\":\"https:\/\/schema.org\",\"@graph\":[{\"@type\":\"WebPage\",\"@id\":\"https:\/\/lojena.wepar.hr\/product\/premium-studio-with-private-outdoor-jacuzzi\/\",\"url\":\"https:\/\/lojena.wepar.hr\/product\/premium-studio-with-private-outdoor-jacuzzi\/\",\"name\":\"Premium studio s vlastn\u00ed venkovn\u00ed v\u00ed\u0159ivkou ID 1 - Villa Lojena\",\"isPartOf\":{\"@id\":\"https:\/\/lojena.wepar.hr\/#website\"},\"primaryImageOfPage\":{\"@id\":\"https:\/\/lojena.wepar.hr\/product\/premium-studio-with-private-outdoor-jacuzzi\/#primaryimage\"},\"image\":{\"@id\":\"https:\/\/lojena.wepar.hr\/product\/premium-studio-with-private-outdoor-jacuzzi\/#primaryimage\"},\"thumbnailUrl\":\"https:\/\/lojena.wepar.hr\/wp-content\/uploads\/2026\/02\/ap-1-i-2.jpg\",\"datePublished\":\"2026-02-25T13:44:32+00:00\",\"dateModified\":\"2026-03-10T18:12:40+00:00\",\"breadcrumb\":{\"@id\":\"https:\/\/lojena.wepar.hr\/product\/premium-studio-with-private-outdoor-jacuzzi\/#breadcrumb\"},\"inLanguage\":\"cs\",\"potentialAction\":[{\"@type\":\"ReadAction\",\"target\":[\"https:\/\/lojena.wepar.hr\/product\/premium-studio-with-private-outdoor-jacuzzi\/\"]}]},{\"@type\":\"ImageObject\",\"inLanguage\":\"cs\",\"@id\":\"https:\/\/lojena.wepar.hr\/product\/premium-studio-with-private-outdoor-jacuzzi\/#primaryimage\",\"url\":\"https:\/\/lojena.wepar.hr\/wp-content\/uploads\/2026\/02\/ap-1-i-2.jpg\",\"contentUrl\":\"https:\/\/lojena.wepar.hr\/wp-content\/uploads\/2026\/02\/ap-1-i-2.jpg\",\"width\":1980,\"height\":1350,\"caption\":\"View of outside jacuzzi in sunset from lighted terrace\"},{\"@type\":\"BreadcrumbList\",\"@id\":\"https:\/\/lojena.wepar.hr\/product\/premium-studio-with-private-outdoor-jacuzzi\/#breadcrumb\",\"itemListElement\":[{\"@type\":\"ListItem\",\"position\":1,\"name\":\"Home\",\"item\":\"https:\/\/lojena.wepar.hr\/cs\/\"},{\"@type\":\"ListItem\",\"position\":2,\"name\":\"Premium studio s vlastn\u00ed venkovn\u00ed v\u00ed\u0159ivkou ID 1\"}]},{\"@type\":\"WebSite\",\"@id\":\"https:\/\/lojena.wepar.hr\/#website\",\"url\":\"https:\/\/lojena.wepar.hr\/\",\"name\":\"Villa Lojena\",\"description\":\"Luxury Studios\",\"potentialAction\":[{\"@type\":\"SearchAction\",\"target\":{\"@type\":\"EntryPoint\",\"urlTemplate\":\"https:\/\/lojena.wepar.hr\/?s={search_term_string}\"},\"query-input\":{\"@type\":\"PropertyValueSpecification\",\"valueRequired\":true,\"valueName\":\"search_term_string\"}}],\"inLanguage\":\"cs\"}]}<\/script>\n<!-- \/ Yoast SEO plugin. -->","yoast_head_json":{"title":"Premium studio s vlastn\u00ed venkovn\u00ed v\u00ed\u0159ivkou ID 1 - Villa Lojena","robots":{"index":"index","follow":"follow","max-snippet":"max-snippet:-1","max-image-preview":"max-image-preview:large","max-video-preview":"max-video-preview:-1"},"canonical":"https:\/\/lojena.wepar.hr\/product\/premium-studio-with-private-outdoor-jacuzzi\/","og_locale":"cs_CZ","og_type":"article","og_title":"Premium studio s vlastn\u00ed venkovn\u00ed v\u00ed\u0159ivkou ID 1 - Villa Lojena","og_description":"Objevte klidn\u00e9 \u00fato\u010di\u0161t\u011b ur\u010den\u00e9 pro p\u00e1ry hledaj\u00edc\u00ed klid a jednoduchost zabalen\u00e9 v modern\u00edm luxusu. Tento prostorn\u00fd a funk\u010dn\u00ed studiov\u00fd apartm\u00e1n se otev\u00edr\u00e1 na stinnou terasu s v\u00fdhledem na okoln\u00ed olivov\u00e9 h\u00e1je, idylick\u00e9 prost\u0159ed\u00ed pro poklidnou sn\u00eddani nebo klidn\u00fd ve\u010der pod hv\u011bzdami. Interi\u00e9r je promy\u0161len\u011b navr\u017een s elegantn\u00edm, modern\u00edm n\u00e1bytkem, pln\u011b vybavenou kuchyn\u00ed, velkou modern\u00ed koupelnou [&hellip;]","og_url":"https:\/\/lojena.wepar.hr\/product\/premium-studio-with-private-outdoor-jacuzzi\/","og_site_name":"Villa Lojena","article_modified_time":"2026-03-10T18:12:40+00:00","og_image":[{"width":1980,"height":1350,"url":"https:\/\/lojena.wepar.hr\/wp-content\/uploads\/2026\/02\/ap-1-i-2.jpg","type":"image\/jpeg"}],"twitter_card":"summary_large_image","twitter_misc":{"Odhadovan\u00e1 doba \u010dten\u00ed":"1 minuta"},"schema":{"@context":"https:\/\/schema.org","@graph":[{"@type":"WebPage","@id":"https:\/\/lojena.wepar.hr\/product\/premium-studio-with-private-outdoor-jacuzzi\/","url":"https:\/\/lojena.wepar.hr\/product\/premium-studio-with-private-outdoor-jacuzzi\/","name":"Premium studio s vlastn\u00ed venkovn\u00ed v\u00ed\u0159ivkou ID 1 - Villa Lojena","isPartOf":{"@id":"https:\/\/lojena.wepar.hr\/#website"},"primaryImageOfPage":{"@id":"https:\/\/lojena.wepar.hr\/product\/premium-studio-with-private-outdoor-jacuzzi\/#primaryimage"},"image":{"@id":"https:\/\/lojena.wepar.hr\/product\/premium-studio-with-private-outdoor-jacuzzi\/#primaryimage"},"thumbnailUrl":"https:\/\/lojena.wepar.hr\/wp-content\/uploads\/2026\/02\/ap-1-i-2.jpg","datePublished":"2026-02-25T13:44:32+00:00","dateModified":"2026-03-10T18:12:40+00:00","breadcrumb":{"@id":"https:\/\/lojena.wepar.hr\/product\/premium-studio-with-private-outdoor-jacuzzi\/#breadcrumb"},"inLanguage":"cs","potentialAction":[{"@type":"ReadAction","target":["https:\/\/lojena.wepar.hr\/product\/premium-studio-with-private-outdoor-jacuzzi\/"]}]},{"@type":"ImageObject","inLanguage":"cs","@id":"https:\/\/lojena.wepar.hr\/product\/premium-studio-with-private-outdoor-jacuzzi\/#primaryimage","url":"https:\/\/lojena.wepar.hr\/wp-content\/uploads\/2026\/02\/ap-1-i-2.jpg","contentUrl":"https:\/\/lojena.wepar.hr\/wp-content\/uploads\/2026\/02\/ap-1-i-2.jpg","width":1980,"height":1350,"caption":"View of outside jacuzzi in sunset from lighted terrace"},{"@type":"BreadcrumbList","@id":"https:\/\/lojena.wepar.hr\/product\/premium-studio-with-private-outdoor-jacuzzi\/#breadcrumb","itemListElement":[{"@type":"ListItem","position":1,"name":"Home","item":"https:\/\/lojena.wepar.hr\/cs\/"},{"@type":"ListItem","position":2,"name":"Premium studio s vlastn\u00ed venkovn\u00ed v\u00ed\u0159ivkou ID 1"}]},{"@type":"WebSite","@id":"https:\/\/lojena.wepar.hr\/#website","url":"https:\/\/lojena.wepar.hr\/","name":"Villa Lojena","description":"Luxury Studios","potentialAction":[{"@type":"SearchAction","target":{"@type":"EntryPoint","urlTemplate":"https:\/\/lojena.wepar.hr\/?s={search_term_string}"},"query-input":{"@type":"PropertyValueSpecification","valueRequired":true,"valueName":"search_term_string"}}],"inLanguage":"cs"}]}},"_links":{"self":[{"href":"https:\/\/lojena.wepar.hr\/cs\/wp-json\/wp\/v2\/product\/1520","targetHints":{"allow":["GET"]}}],"collection":[{"href":"https:\/\/lojena.wepar.hr\/cs\/wp-json\/wp\/v2\/product"}],"about":[{"href":"https:\/\/lojena.wepar.hr\/cs\/wp-json\/wp\/v2\/types\/product"}],"replies":[{"embeddable":true,"href":"https:\/\/lojena.wepar.hr\/cs\/wp-json\/wp\/v2\/comments?post=1520"}],"wp:featuredmedia":[{"embeddable":true,"href":"https:\/\/lojena.wepar.hr\/cs\/wp-json\/wp\/v2\/media\/1560"}],"wp:attachment":[{"href":"https:\/\/lojena.wepar.hr\/cs\/wp-json\/wp\/v2\/media?parent=1520"}],"wp:term":[{"taxonomy":"product_brand","embeddable":true,"href":"https:\/\/lojena.wepar.hr\/cs\/wp-json\/wp\/v2\/product_brand?post=1520"},{"taxonomy":"product_cat","embeddable":true,"href":"https:\/\/lojena.wepar.hr\/cs\/wp-json\/wp\/v2\/product_cat?post=1520"},{"taxonomy":"product_tag","embeddable":true,"href":"https:\/\/lojena.wepar.hr\/cs\/wp-json\/wp\/v2\/product_tag?post=1520"}],"curies":[{"name":"wp","href":"https:\/\/api.w.org\/{rel}","templated":true}]}}