{"id":1471,"date":"2026-02-25T12:48:35","date_gmt":"2026-02-25T12:48:35","guid":{"rendered":"https:\/\/lojena.wepar.hr\/?post_type=product&#038;p=1471"},"modified":"2026-03-19T08:07:52","modified_gmt":"2026-03-19T08:07:52","slug":"premium-studio-s-vyhledem-na-more-id-2","status":"publish","type":"product","link":"https:\/\/lojena.wepar.hr\/cs\/produkt\/premium-studio-s-vyhledem-na-more-id-2\/","title":{"rendered":"Premium studio s v\u00fdhledem na mo\u0159e ID 2"},"content":{"rendered":"<p>Za\u017eijte \u00fanik v p\u0159\u00edzem\u00ed ur\u010den\u00fd pro ty, kte\u0159\u00ed si cen\u00ed prostoru a klidu. Toto stylov\u00e9 studio se py\u0161n\u00ed rozlehlou terasou o rozloze 40 m\u00b2, kter\u00e1 nab\u00edz\u00ed plynul\u00fd p\u0159echod z elegantn\u00edho interi\u00e9ru do p\u0159\u00edrodn\u00ed kr\u00e1sy na\u0161\u00ed stalet\u00e9 olivov\u00e9 zahrady. Pono\u0159te se do bublin va\u0161\u00ed soukrom\u00e9 v\u00ed\u0159ivky o rozm\u011brech 2&#215;2 m \u2013 perfektn\u00edho protijedu na den str\u00e1ven\u00fd na slunci.<\/p>\n<p>Uvnit\u0159 je kladen d\u016fraz na nekompromisn\u00ed pohodl\u00ed. U\u017eijte si modern\u00ed obytn\u00fd prostor s gurm\u00e1nskou kuchyn\u00ed, velkou modern\u00ed koupelnou a pohodlnou oporou hypoalergenn\u00edch matrac\u00ed o tlou\u0161\u0165ce 34 cm. D\u00edky klimatizaci Daikin bude va\u0161e prost\u0159ed\u00ed v\u017edy p\u0159esn\u011b takov\u00e9, jak\u00e9 si p\u0159ejete.<\/p>\n<p>Postarali jsme se o ka\u017ed\u00fd detail: od bleskov\u011b rychl\u00e9ho 5G Wi-Fi a Smart TV a\u017e po sd\u00edlen\u00fd v\u00fdrobn\u00edk ledu pro va\u0161e odpoledn\u00ed ob\u010derstven\u00ed. D\u00edky na\u0161\u00ed zahrnut\u00e9 slu\u017eb\u011b pran\u00ed a \u017eehlen\u00ed pr\u00e1dla m\u016f\u017eete cestovat nalehko a pln\u011b se soust\u0159edit na st\u0159edomo\u0159sk\u00fd klid, kter\u00fd v\u00e1s obklopuje.<\/p>\n","protected":false},"excerpt":{"rendered":"<p>Za\u017eijte \u00fanik v p\u0159\u00edzem\u00ed ur\u010den\u00fd pro ty, kte\u0159\u00ed si cen\u00ed prostoru a klidu. Toto stylov\u00e9 studio se py\u0161n\u00ed rozlehlou terasou o rozloze 40 m\u00b2, kter\u00e1 nab\u00edz\u00ed plynul\u00fd p\u0159echod z elegantn\u00edho interi\u00e9ru do p\u0159\u00edrodn\u00ed kr\u00e1sy na\u0161\u00ed stalet\u00e9 olivov\u00e9 zahrady. Pono\u0159te se do bublin va\u0161\u00ed soukrom\u00e9 v\u00ed\u0159ivky o rozm\u011brech 2&#215;2 m \u2013 perfektn\u00edho protijedu na den str\u00e1ven\u00fd [&hellip;]<\/p>\n","protected":false},"featured_media":1425,"comment_status":"closed","ping_status":"closed","template":"","meta":{"_acf_changed":false},"product_brand":[],"product_cat":[99],"product_tag":[],"class_list":{"0":"post-1471","1":"product","2":"type-product","3":"status-publish","4":"has-post-thumbnail","6":"product_cat-premium-studio-s-vyhledem-na-more","8":"first","9":"instock","10":"sold-individually","11":"shipping-taxable","12":"purchasable","13":"product-type-phive_booking"},"acf":[],"yoast_head":"<!-- This site is optimized with the Yoast SEO plugin v27.1.1 - https:\/\/yoast.com\/product\/yoast-seo-wordpress\/ -->\n<title>Premium studio s v\u00fdhledem na mo\u0159e ID 2 - Villa Lojena<\/title>\n<meta name=\"robots\" content=\"index, follow, max-snippet:-1, max-image-preview:large, max-video-preview:-1\" \/>\n<link rel=\"canonical\" href=\"https:\/\/lojena.wepar.hr\/cs\/produkt\/premium-studio-s-vyhledem-na-more-id-2\/\" \/>\n<meta property=\"og:locale\" content=\"cs_CZ\" \/>\n<meta property=\"og:type\" content=\"article\" \/>\n<meta property=\"og:title\" content=\"Premium studio s v\u00fdhledem na mo\u0159e ID 2 - Villa Lojena\" \/>\n<meta property=\"og:description\" content=\"Za\u017eijte \u00fanik v p\u0159\u00edzem\u00ed ur\u010den\u00fd pro ty, kte\u0159\u00ed si cen\u00ed prostoru a klidu. Toto stylov\u00e9 studio se py\u0161n\u00ed rozlehlou terasou o rozloze 40 m\u00b2, kter\u00e1 nab\u00edz\u00ed plynul\u00fd p\u0159echod z elegantn\u00edho interi\u00e9ru do p\u0159\u00edrodn\u00ed kr\u00e1sy na\u0161\u00ed stalet\u00e9 olivov\u00e9 zahrady. Pono\u0159te se do bublin va\u0161\u00ed soukrom\u00e9 v\u00ed\u0159ivky o rozm\u011brech 2&#215;2 m \u2013 perfektn\u00edho protijedu na den str\u00e1ven\u00fd [&hellip;]\" \/>\n<meta property=\"og:url\" content=\"https:\/\/lojena.wepar.hr\/cs\/produkt\/premium-studio-s-vyhledem-na-more-id-2\/\" \/>\n<meta property=\"og:site_name\" content=\"Villa Lojena\" \/>\n<meta property=\"article:modified_time\" content=\"2026-03-19T08:07:52+00:00\" \/>\n<meta property=\"og:image\" content=\"https:\/\/lojena.wepar.hr\/wp-content\/uploads\/2026\/02\/5-i-6.jpeg\" \/>\n\t<meta property=\"og:image:width\" content=\"1980\" \/>\n\t<meta property=\"og:image:height\" content=\"1485\" \/>\n\t<meta property=\"og:image:type\" content=\"image\/jpeg\" \/>\n<meta name=\"twitter:card\" content=\"summary_large_image\" \/>\n<meta name=\"twitter:label1\" content=\"Odhadovan\u00e1 doba \u010dten\u00ed\" \/>\n\t<meta name=\"twitter:data1\" content=\"1 minuta\" \/>\n<script type=\"application\/ld+json\" class=\"yoast-schema-graph\">{\"@context\":\"https:\/\/schema.org\",\"@graph\":[{\"@type\":\"WebPage\",\"@id\":\"https:\/\/lojena.wepar.hr\/cs\/produkt\/premium-studio-s-vyhledem-na-more-id-2\/\",\"url\":\"https:\/\/lojena.wepar.hr\/cs\/produkt\/premium-studio-s-vyhledem-na-more-id-2\/\",\"name\":\"Premium studio s v\u00fdhledem na mo\u0159e ID 2 - Villa Lojena\",\"isPartOf\":{\"@id\":\"https:\/\/lojena.wepar.hr\/#website\"},\"primaryImageOfPage\":{\"@id\":\"https:\/\/lojena.wepar.hr\/cs\/produkt\/premium-studio-s-vyhledem-na-more-id-2\/#primaryimage\"},\"image\":{\"@id\":\"https:\/\/lojena.wepar.hr\/cs\/produkt\/premium-studio-s-vyhledem-na-more-id-2\/#primaryimage\"},\"thumbnailUrl\":\"https:\/\/lojena.wepar.hr\/wp-content\/uploads\/2026\/02\/5-i-6.jpeg\",\"datePublished\":\"2026-02-25T12:48:35+00:00\",\"dateModified\":\"2026-03-19T08:07:52+00:00\",\"breadcrumb\":{\"@id\":\"https:\/\/lojena.wepar.hr\/cs\/produkt\/premium-studio-s-vyhledem-na-more-id-2\/#breadcrumb\"},\"inLanguage\":\"cs\",\"potentialAction\":[{\"@type\":\"ReadAction\",\"target\":[\"https:\/\/lojena.wepar.hr\/cs\/produkt\/premium-studio-s-vyhledem-na-more-id-2\/\"]}]},{\"@type\":\"ImageObject\",\"inLanguage\":\"cs\",\"@id\":\"https:\/\/lojena.wepar.hr\/cs\/produkt\/premium-studio-s-vyhledem-na-more-id-2\/#primaryimage\",\"url\":\"https:\/\/lojena.wepar.hr\/wp-content\/uploads\/2026\/02\/5-i-6.jpeg\",\"contentUrl\":\"https:\/\/lojena.wepar.hr\/wp-content\/uploads\/2026\/02\/5-i-6.jpeg\",\"width\":1980,\"height\":1485,\"caption\":\"Double sized bed with couch, coffe table and television\"},{\"@type\":\"BreadcrumbList\",\"@id\":\"https:\/\/lojena.wepar.hr\/cs\/produkt\/premium-studio-s-vyhledem-na-more-id-2\/#breadcrumb\",\"itemListElement\":[{\"@type\":\"ListItem\",\"position\":1,\"name\":\"Home\",\"item\":\"https:\/\/lojena.wepar.hr\/cs\/\"},{\"@type\":\"ListItem\",\"position\":2,\"name\":\"Premium studio s v\u00fdhledem na mo\u0159e ID 2\"}]},{\"@type\":\"WebSite\",\"@id\":\"https:\/\/lojena.wepar.hr\/#website\",\"url\":\"https:\/\/lojena.wepar.hr\/\",\"name\":\"Villa Lojena\",\"description\":\"Luxury Studios\",\"potentialAction\":[{\"@type\":\"SearchAction\",\"target\":{\"@type\":\"EntryPoint\",\"urlTemplate\":\"https:\/\/lojena.wepar.hr\/?s={search_term_string}\"},\"query-input\":{\"@type\":\"PropertyValueSpecification\",\"valueRequired\":true,\"valueName\":\"search_term_string\"}}],\"inLanguage\":\"cs\"}]}<\/script>\n<!-- \/ Yoast SEO plugin. -->","yoast_head_json":{"title":"Premium studio s v\u00fdhledem na mo\u0159e ID 2 - Villa Lojena","robots":{"index":"index","follow":"follow","max-snippet":"max-snippet:-1","max-image-preview":"max-image-preview:large","max-video-preview":"max-video-preview:-1"},"canonical":"https:\/\/lojena.wepar.hr\/cs\/produkt\/premium-studio-s-vyhledem-na-more-id-2\/","og_locale":"cs_CZ","og_type":"article","og_title":"Premium studio s v\u00fdhledem na mo\u0159e ID 2 - Villa Lojena","og_description":"Za\u017eijte \u00fanik v p\u0159\u00edzem\u00ed ur\u010den\u00fd pro ty, kte\u0159\u00ed si cen\u00ed prostoru a klidu. Toto stylov\u00e9 studio se py\u0161n\u00ed rozlehlou terasou o rozloze 40 m\u00b2, kter\u00e1 nab\u00edz\u00ed plynul\u00fd p\u0159echod z elegantn\u00edho interi\u00e9ru do p\u0159\u00edrodn\u00ed kr\u00e1sy na\u0161\u00ed stalet\u00e9 olivov\u00e9 zahrady. Pono\u0159te se do bublin va\u0161\u00ed soukrom\u00e9 v\u00ed\u0159ivky o rozm\u011brech 2&#215;2 m \u2013 perfektn\u00edho protijedu na den str\u00e1ven\u00fd [&hellip;]","og_url":"https:\/\/lojena.wepar.hr\/cs\/produkt\/premium-studio-s-vyhledem-na-more-id-2\/","og_site_name":"Villa Lojena","article_modified_time":"2026-03-19T08:07:52+00:00","og_image":[{"width":1980,"height":1485,"url":"https:\/\/lojena.wepar.hr\/wp-content\/uploads\/2026\/02\/5-i-6.jpeg","type":"image\/jpeg"}],"twitter_card":"summary_large_image","twitter_misc":{"Odhadovan\u00e1 doba \u010dten\u00ed":"1 minuta"},"schema":{"@context":"https:\/\/schema.org","@graph":[{"@type":"WebPage","@id":"https:\/\/lojena.wepar.hr\/cs\/produkt\/premium-studio-s-vyhledem-na-more-id-2\/","url":"https:\/\/lojena.wepar.hr\/cs\/produkt\/premium-studio-s-vyhledem-na-more-id-2\/","name":"Premium studio s v\u00fdhledem na mo\u0159e ID 2 - Villa Lojena","isPartOf":{"@id":"https:\/\/lojena.wepar.hr\/#website"},"primaryImageOfPage":{"@id":"https:\/\/lojena.wepar.hr\/cs\/produkt\/premium-studio-s-vyhledem-na-more-id-2\/#primaryimage"},"image":{"@id":"https:\/\/lojena.wepar.hr\/cs\/produkt\/premium-studio-s-vyhledem-na-more-id-2\/#primaryimage"},"thumbnailUrl":"https:\/\/lojena.wepar.hr\/wp-content\/uploads\/2026\/02\/5-i-6.jpeg","datePublished":"2026-02-25T12:48:35+00:00","dateModified":"2026-03-19T08:07:52+00:00","breadcrumb":{"@id":"https:\/\/lojena.wepar.hr\/cs\/produkt\/premium-studio-s-vyhledem-na-more-id-2\/#breadcrumb"},"inLanguage":"cs","potentialAction":[{"@type":"ReadAction","target":["https:\/\/lojena.wepar.hr\/cs\/produkt\/premium-studio-s-vyhledem-na-more-id-2\/"]}]},{"@type":"ImageObject","inLanguage":"cs","@id":"https:\/\/lojena.wepar.hr\/cs\/produkt\/premium-studio-s-vyhledem-na-more-id-2\/#primaryimage","url":"https:\/\/lojena.wepar.hr\/wp-content\/uploads\/2026\/02\/5-i-6.jpeg","contentUrl":"https:\/\/lojena.wepar.hr\/wp-content\/uploads\/2026\/02\/5-i-6.jpeg","width":1980,"height":1485,"caption":"Double sized bed with couch, coffe table and television"},{"@type":"BreadcrumbList","@id":"https:\/\/lojena.wepar.hr\/cs\/produkt\/premium-studio-s-vyhledem-na-more-id-2\/#breadcrumb","itemListElement":[{"@type":"ListItem","position":1,"name":"Home","item":"https:\/\/lojena.wepar.hr\/cs\/"},{"@type":"ListItem","position":2,"name":"Premium studio s v\u00fdhledem na mo\u0159e ID 2"}]},{"@type":"WebSite","@id":"https:\/\/lojena.wepar.hr\/#website","url":"https:\/\/lojena.wepar.hr\/","name":"Villa Lojena","description":"Luxury Studios","potentialAction":[{"@type":"SearchAction","target":{"@type":"EntryPoint","urlTemplate":"https:\/\/lojena.wepar.hr\/?s={search_term_string}"},"query-input":{"@type":"PropertyValueSpecification","valueRequired":true,"valueName":"search_term_string"}}],"inLanguage":"cs"}]}},"_links":{"self":[{"href":"https:\/\/lojena.wepar.hr\/cs\/wp-json\/wp\/v2\/product\/1471","targetHints":{"allow":["GET"]}}],"collection":[{"href":"https:\/\/lojena.wepar.hr\/cs\/wp-json\/wp\/v2\/product"}],"about":[{"href":"https:\/\/lojena.wepar.hr\/cs\/wp-json\/wp\/v2\/types\/product"}],"replies":[{"embeddable":true,"href":"https:\/\/lojena.wepar.hr\/cs\/wp-json\/wp\/v2\/comments?post=1471"}],"wp:featuredmedia":[{"embeddable":true,"href":"https:\/\/lojena.wepar.hr\/cs\/wp-json\/wp\/v2\/media\/1425"}],"wp:attachment":[{"href":"https:\/\/lojena.wepar.hr\/cs\/wp-json\/wp\/v2\/media?parent=1471"}],"wp:term":[{"taxonomy":"product_brand","embeddable":true,"href":"https:\/\/lojena.wepar.hr\/cs\/wp-json\/wp\/v2\/product_brand?post=1471"},{"taxonomy":"product_cat","embeddable":true,"href":"https:\/\/lojena.wepar.hr\/cs\/wp-json\/wp\/v2\/product_cat?post=1471"},{"taxonomy":"product_tag","embeddable":true,"href":"https:\/\/lojena.wepar.hr\/cs\/wp-json\/wp\/v2\/product_tag?post=1471"}],"curies":[{"name":"wp","href":"https:\/\/api.w.org\/{rel}","templated":true}]}}