{"id":2209,"date":"2026-02-05T07:08:14","date_gmt":"2026-02-05T07:08:14","guid":{"rendered":"https:\/\/lojena.wepar.hr\/?page_id=2209"},"modified":"2026-03-11T05:56:03","modified_gmt":"2026-03-11T05:56:03","slug":"zasady-ochrany-osobnich-udaju","status":"publish","type":"page","link":"https:\/\/lojena.wepar.hr\/cs\/zasady-ochrany-osobnich-udaju\/","title":{"rendered":"Z\u00e1sady ochrany osobn\u00edch \u00fadaj\u016f"},"content":{"rendered":"\n<h1 class=\"wp-block-heading\">Z\u00e1sady ochrany osobn\u00edch \u00fadaj\u016f<\/h1>\n\n\n\n<h2 class=\"wp-block-heading\">Ani my nem\u00e1me r\u00e1di spam!<\/h2>\n\n\n\n<p id=\"p-rc_4d6f92845c2d1f59-19\">Spole\u010dnost Murter rentals d.o.o., Sali XII 6, 23281 Sali (d\u00e1le jen: Villa Lojena) se zavazuje chr\u00e1nit soukrom\u00ed v\u0161ech na\u0161ich z\u00e1kazn\u00edk\u016f. T\u00edmto prohl\u00e1\u0161en\u00edm se zavazujeme chr\u00e1nit soukrom\u00ed u\u017eivatel\u016f, z\u00e1kazn\u00edk\u016f a n\u00e1v\u0161t\u011bvn\u00edk\u016f na\u0161ich webov\u00fdch str\u00e1nek a bezpe\u010dnost osobn\u00edch \u00fadaj\u016f, kter\u00e9 n\u00e1m byly poskytnuty prost\u0159ednictv\u00edm webov\u00fdch str\u00e1nek.<\/p>\n\n\n\n<p>Toto ozn\u00e1men\u00ed popisuje typ informac\u00ed, kter\u00e9 od v\u00e1s m\u016f\u017eeme shroma\u017e\u010fovat p\u0159i n\u00e1v\u0161t\u011bv\u011b na\u0161ich webov\u00fdch str\u00e1nek, vysv\u011btluje, jak tyto informace pou\u017e\u00edv\u00e1me, a kroky, kter\u00e9 podnik\u00e1me k jejich ochran\u011b.<\/p>\n\n\n\n<h3 class=\"wp-block-heading\">Jak\u00e9 informace o v\u00e1s shroma\u017e\u010fujeme a jak je pou\u017e\u00edv\u00e1me?<\/h3>\n\n\n\n<p>Obecn\u011b m\u016f\u017eete nav\u0161t\u00edvit na\u0161e webov\u00e9 str\u00e1nky, ani\u017e byste o sob\u011b prozradili jak\u00e9koli osobn\u00ed \u00fadaje. Neshroma\u017e\u010fujeme o v\u00e1s osobn\u00ed \u00fadaje (jako je va\u0161e jm\u00e9no a kontaktn\u00ed \u00fadaje), kdy\u017e nav\u0161t\u00edv\u00edte tyto webov\u00e9 str\u00e1nky, pokud \u00fadaje dobrovoln\u011b neode\u0161lete pomoc\u00ed jednoho z dostupn\u00fdch formul\u00e1\u0159\u016f pro konkr\u00e9tn\u00ed \u00fa\u010del (kontaktn\u00ed formul\u00e1\u0159 nebo rezerva\u010dn\u00ed\/n\u00e1kupn\u00ed formul\u00e1\u0159), a t\u00edm neud\u011bl\u00edte souhlas se shroma\u017e\u010fov\u00e1n\u00edm a pou\u017e\u00edv\u00e1n\u00edm va\u0161ich osobn\u00edch \u00fadaj\u016f pro uveden\u00e9 \u00fa\u010dely.<\/p>\n\n\n\n<p>Ve\u0161ker\u00e9 osobn\u00ed \u00fadaje jsou pou\u017e\u00edv\u00e1ny v\u00fdhradn\u011b pro \u00fa\u010dely, pro kter\u00e9 byly shrom\u00e1\u017ed\u011bny. N\u00e1kupy a rezervace mohou prov\u00e1d\u011bt pouze osoby star\u0161\u00ed 18 let. Shrom\u00e1\u017ed\u011bn\u00e9 \u00fadaje nijak nezp\u0159\u00edstupn\u00edme neopr\u00e1vn\u011bn\u00fdm t\u0159et\u00edm stran\u00e1m, s v\u00fdjimkou \u00fa\u010del\u016f stanoven\u00fdch z\u00e1konem (nap\u0159\u00edklad povinn\u00e1 registrace v syst\u00e9mu <strong>e-Visitor<\/strong> vy\u017eadovan\u00e1 chorvatsk\u00fdmi z\u00e1kony).<\/p>\n\n\n\n<h3 class=\"wp-block-heading\">Sd\u00edlen\u00ed informac\u00ed s autorizovan\u00fdmi t\u0159et\u00edmi stranami<\/h3>\n\n\n\n<p>Va\u0161e informace sd\u00edl\u00edme s autorizovan\u00fdmi t\u0159et\u00edmi stranami za n\u00e1sleduj\u00edc\u00edmi \u00fa\u010dely:<\/p>\n\n\n\n<ul class=\"wp-block-list\">\n<li><strong>Google Analytics:<\/strong> Google shroma\u017e\u010fuje anonymn\u00ed informace prost\u0159ednictv\u00edm na\u0161\u00ed slu\u017eby Google Analytics na na\u0161ich webov\u00fdch str\u00e1nk\u00e1ch, aby n\u00e1m pomohl zlep\u0161it na\u0161e podnik\u00e1n\u00ed prost\u0159ednictv\u00edm zp\u011btn\u00e9 vazby. Odhl\u00e1sit se m\u016f\u017eete zde: <a href=\"https:\/\/tools.google.com\/dlpage\/gaoptout\" target=\"_blank\" rel=\"noreferrer noopener\">https:\/\/tools.google.com\/dlpage\/gaoptout<\/a>.<\/li>\n\n\n\n<li><strong>Google Maps:<\/strong> Pou\u017e\u00edv\u00e1me Google Maps k poskytov\u00e1n\u00ed loka\u010dn\u00edch slu\u017eeb pro na\u0161e apartm\u00e1ny. Google m\u016f\u017ee shroma\u017e\u010fovat IP adresy a data o souborech cookie v souladu se sv\u00fdmi z\u00e1sadami ochrany osobn\u00edch \u00fadaj\u016f.<\/li>\n\n\n\n<li><strong>\u00da\u010detnictv\u00ed:<\/strong> \u00dadaje sd\u00edl\u00edme s na\u0161imi \u00fa\u010detn\u00edmi pro da\u0148ov\u00e9 \u00fa\u010dely, konkr\u00e9tn\u011b faktury vystaven\u00e9 za v\u00e1\u0161 pobyt za \u00fa\u010delem vypln\u011bn\u00ed da\u0148ov\u00fdch p\u0159izn\u00e1n\u00ed a ro\u010dn\u00ed \u00fa\u010detn\u00ed z\u00e1v\u011brky.<\/li>\n\n\n\n<li><strong>Bankovn\u00ed p\u0159evody:<\/strong> Vzhledem k tomu, \u017ee ve\u0161ker\u00e9 platby prob\u00edhaj\u00ed p\u0159\u00edm\u00fdm bankovn\u00edm p\u0159evodem, jsou va\u0161e transak\u010dn\u00ed \u00fadaje zpracov\u00e1v\u00e1ny p\u0159\u00edslu\u0161n\u00fdmi bankovn\u00edmi institucemi za \u00fa\u010delem pln\u011bn\u00ed smlouvy.<\/li>\n<\/ul>\n\n\n\n<h3 class=\"wp-block-heading\">Typy zpracov\u00e1van\u00fdch osobn\u00edch \u00fadaj\u016f<\/h3>\n\n\n\n<ul class=\"wp-block-list\">\n<li><strong>Kontaktn\u00ed formul\u00e1\u0159:<\/strong> Jm\u00e9no a p\u0159\u00edjmen\u00ed, e-mail a jak\u00e9koli dal\u0161\u00ed poskytnut\u00e9 informace (telefon, adresa).<\/li>\n\n\n\n<li><strong>Rezerva\u010dn\u00ed\/n\u00e1kupn\u00ed formul\u00e1\u0159:<\/strong> Zem\u011b, jm\u00e9no a p\u0159\u00edjmen\u00ed, e-mail, adresa, m\u011bsto, PS\u010c a telefonn\u00ed \u010d\u00edslo.<\/li>\n\n\n\n<li><strong>Automaticky shroma\u017e\u010fovan\u00e9 informace:<\/strong> Automaticky shroma\u017e\u010fujeme informace v souborech protokolu serveru, jako je va\u0161e IP adresa, typ prohl\u00ed\u017ee\u010de a opera\u010dn\u00ed syst\u00e9m, abychom mohli spravovat na\u0161e technick\u00e1 \u0159e\u0161en\u00ed a zlep\u0161ovat v\u00e1\u0161 u\u017eivatelsk\u00fd z\u00e1\u017eitek.<\/li>\n<\/ul>\n\n\n\n<h3 class=\"wp-block-heading\">Pr\u00e1va subjekt\u016f \u00fadaj\u016f<\/h3>\n\n\n\n<p>Poskytujeme v\u00e1m podm\u00ednky pro to, abyste se o zpracov\u00e1n\u00ed sv\u00fdch osobn\u00edch \u00fadaj\u016f mohli rozhodovat sami. M\u00e1te n\u00e1sleduj\u00edc\u00ed pr\u00e1va:<\/p>\n\n\n\n<ul class=\"wp-block-list\">\n<li><strong>Pr\u00e1vo na p\u0159\u00edstup:<\/strong> Vy\u017e\u00e1dat si potvrzen\u00ed, zda zpracov\u00e1v\u00e1me va\u0161e \u00fadaje.<\/li>\n\n\n\n<li><strong>Pr\u00e1vo na opravu:<\/strong> Vy\u017e\u00e1dat si opravu nep\u0159esn\u00fdch nebo ne\u00fapln\u00fdch \u00fadaj\u016f.<\/li>\n\n\n\n<li><strong>Pr\u00e1vo na v\u00fdmaz (\u201epr\u00e1vo b\u00fdt zapomenut\u201c):<\/strong> Vy\u017e\u00e1dat si vymaz\u00e1n\u00ed \u00fadaj\u016f, pokud je souhlas odvol\u00e1n nebo jsou \u00fadaje zpracov\u00e1v\u00e1ny protipr\u00e1vn\u011b, pokud nejsou pot\u0159ebn\u00e9 pro z\u00e1konn\u00e9\/smluvn\u00ed povinnosti.<\/li>\n\n\n\n<li><strong>Pr\u00e1vo na omezen\u00ed zpracov\u00e1n\u00ed.<\/strong><\/li>\n\n\n\n<li><strong>Pr\u00e1vo na p\u0159enositelnost \u00fadaj\u016f.<\/strong><\/li>\n\n\n\n<li><strong>Pr\u00e1vo vzn\u00e9st n\u00e1mitku:<\/strong> Zejm\u00e9na v souvislosti s \u00fa\u010dely p\u0159\u00edm\u00e9ho marketingu.<\/li>\n<\/ul>\n\n\n\n<h3 class=\"wp-block-heading\">Pr\u00e1vo podat st\u00ed\u017enost u dozorov\u00e9ho \u00fa\u0159adu<\/h3>\n\n\n\n<p>Pokud se domn\u00edv\u00e1te, \u017ee zpracov\u00e1n\u00ed va\u0161ich osobn\u00edch \u00fadaj\u016f poru\u0161uje Obecn\u00e9 na\u0159\u00edzen\u00ed o ochran\u011b osobn\u00edch \u00fadaj\u016f (GDPR), m\u00e1te pr\u00e1vo podat st\u00ed\u017enost u <strong>Agentury pro ochranu osobn\u00edch \u00fadaj\u016f (AZOP)<\/strong>, Marti\u0107eva ulica 14, 10000 Z\u00e1h\u0159eb, Chorvatsko (<a target=\"_blank\" rel=\"noreferrer noopener\" href=\"http:\/\/azop.hr\/\">http:\/\/azop.hr\/<\/a>).<\/p>\n\n\n\n<h3 class=\"wp-block-heading\">Pr\u00e1vo odvolat souhlas<\/h3>\n\n\n\n<p>Pokud je zpracov\u00e1n\u00ed zalo\u017eeno na va\u0161em souhlasu, m\u00e1te pr\u00e1vo jej kdykoli odvolat zasl\u00e1n\u00edm e-mailu na adresu: <strong>[Vlo\u017ete e-mail z ACF Options]<\/strong>. Pro va\u0161i ochranu je vy\u017eadov\u00e1na identifikace \u017eadatele.<\/p>\n\n\n\n<h3 class=\"wp-block-heading\">Bezpe\u010dnost va\u0161ich osobn\u00edch \u00fadaj\u016f<\/h3>\n\n\n\n<p>Zav\u00e1zali jsme se p\u0159ijmout vhodn\u00e1 technick\u00e1 a organiza\u010dn\u00ed opat\u0159en\u00ed k ochran\u011b va\u0161ich osobn\u00edch \u00fadaj\u016f p\u0159ed neopr\u00e1vn\u011bnou manipulac\u00ed, n\u00e1hodnou ztr\u00e1tou nebo po\u0161kozen\u00edm. Va\u0161e informace jsou bezpe\u010dn\u011b odes\u00edl\u00e1ny p\u0159es internet pomoc\u00ed vysoce kvalitn\u00edho \u0161ifrov\u00e1n\u00ed a ukl\u00e1d\u00e1ny na zabezpe\u010den\u00fdch serverech um\u00edst\u011bn\u00fdch v EU.<\/p>\n\n\n\n<h4 class=\"wp-block-heading\">\u0158e\u0161en\u00ed nedorozum\u011bn\u00ed<\/h4>\n\n\n\n<p>K vy\u0159e\u0161en\u00ed p\u0159\u00edpadn\u00fdch nedorozum\u011bn\u00ed nebo pro dopl\u0148uj\u00edc\u00ed dotazy pou\u017eijte pros\u00edm e-mail: .<\/p>\n\n\n\n<p><strong>Kontakt:<\/strong> V p\u0159\u00edpad\u011b jak\u00fdchkoli dal\u0161\u00edch dotaz\u016f n\u00e1s m\u016f\u017eete kontaktovat na:<\/p>\n\n\n\n<p><strong>Telefon:<\/strong> <\/p>\n\n\n\n<p><strong>E-mail:<\/strong> <\/p>\n\n\n\n<div style=\"height:110px\" aria-hidden=\"true\" class=\"wp-block-spacer\"><\/div>\n","protected":false},"excerpt":{"rendered":"<p>Z\u00e1sady ochrany osobn\u00edch \u00fadaj\u016f Ani my nem\u00e1me r\u00e1di spam! Spole\u010dnost Murter rentals d.o.o., Sali XII 6, 23281 Sali (d\u00e1le jen: Villa Lojena) se zavazuje chr\u00e1nit soukrom\u00ed v\u0161ech na\u0161ich z\u00e1kazn\u00edk\u016f. T\u00edmto prohl\u00e1\u0161en\u00edm se zavazujeme chr\u00e1nit soukrom\u00ed u\u017eivatel\u016f, z\u00e1kazn\u00edk\u016f a n\u00e1v\u0161t\u011bvn\u00edk\u016f na\u0161ich webov\u00fdch str\u00e1nek a bezpe\u010dnost osobn\u00edch \u00fadaj\u016f, kter\u00e9 n\u00e1m byly poskytnuty prost\u0159ednictv\u00edm webov\u00fdch str\u00e1nek. Toto ozn\u00e1men\u00ed [&hellip;]<\/p>\n","protected":false},"author":1,"featured_media":0,"parent":0,"menu_order":0,"comment_status":"closed","ping_status":"open","template":"page-content.php","meta":{"_acf_changed":false,"footnotes":""},"class_list":["post-2209","page","type-page","status-publish","hentry"],"acf":[],"yoast_head":"<!-- This site is optimized with the Yoast SEO plugin v27.1.1 - https:\/\/yoast.com\/product\/yoast-seo-wordpress\/ -->\n<title>Z\u00e1sady ochrany osobn\u00edch \u00fadaj\u016f - Villa Lojena<\/title>\n<meta name=\"robots\" content=\"index, follow, max-snippet:-1, max-image-preview:large, max-video-preview:-1\" \/>\n<link rel=\"canonical\" href=\"https:\/\/lojena.wepar.hr\/privacy-policy\/\" \/>\n<meta property=\"og:locale\" content=\"cs_CZ\" \/>\n<meta property=\"og:type\" content=\"article\" \/>\n<meta property=\"og:title\" content=\"Z\u00e1sady ochrany osobn\u00edch \u00fadaj\u016f - Villa Lojena\" \/>\n<meta property=\"og:description\" content=\"Z\u00e1sady ochrany osobn\u00edch \u00fadaj\u016f Ani my nem\u00e1me r\u00e1di spam! Spole\u010dnost Murter rentals d.o.o., Sali XII 6, 23281 Sali (d\u00e1le jen: Villa Lojena) se zavazuje chr\u00e1nit soukrom\u00ed v\u0161ech na\u0161ich z\u00e1kazn\u00edk\u016f. T\u00edmto prohl\u00e1\u0161en\u00edm se zavazujeme chr\u00e1nit soukrom\u00ed u\u017eivatel\u016f, z\u00e1kazn\u00edk\u016f a n\u00e1v\u0161t\u011bvn\u00edk\u016f na\u0161ich webov\u00fdch str\u00e1nek a bezpe\u010dnost osobn\u00edch \u00fadaj\u016f, kter\u00e9 n\u00e1m byly poskytnuty prost\u0159ednictv\u00edm webov\u00fdch str\u00e1nek. Toto ozn\u00e1men\u00ed [&hellip;]\" \/>\n<meta property=\"og:url\" content=\"https:\/\/lojena.wepar.hr\/privacy-policy\/\" \/>\n<meta property=\"og:site_name\" content=\"Villa Lojena\" \/>\n<meta property=\"article:modified_time\" content=\"2026-03-11T05:56:03+00:00\" \/>\n<meta name=\"twitter:card\" content=\"summary_large_image\" \/>\n<meta name=\"twitter:label1\" content=\"Odhadovan\u00e1 doba \u010dten\u00ed\" \/>\n\t<meta name=\"twitter:data1\" content=\"3 minuty\" \/>\n<script type=\"application\/ld+json\" class=\"yoast-schema-graph\">{\"@context\":\"https:\/\/schema.org\",\"@graph\":[{\"@type\":\"WebPage\",\"@id\":\"https:\/\/lojena.wepar.hr\/privacy-policy\/\",\"url\":\"https:\/\/lojena.wepar.hr\/privacy-policy\/\",\"name\":\"Z\u00e1sady ochrany osobn\u00edch \u00fadaj\u016f - Villa Lojena\",\"isPartOf\":{\"@id\":\"https:\/\/lojena.wepar.hr\/#website\"},\"datePublished\":\"2026-02-05T07:08:14+00:00\",\"dateModified\":\"2026-03-11T05:56:03+00:00\",\"breadcrumb\":{\"@id\":\"https:\/\/lojena.wepar.hr\/privacy-policy\/#breadcrumb\"},\"inLanguage\":\"cs\",\"potentialAction\":[{\"@type\":\"ReadAction\",\"target\":[\"https:\/\/lojena.wepar.hr\/privacy-policy\/\"]}]},{\"@type\":\"BreadcrumbList\",\"@id\":\"https:\/\/lojena.wepar.hr\/privacy-policy\/#breadcrumb\",\"itemListElement\":[{\"@type\":\"ListItem\",\"position\":1,\"name\":\"Home\",\"item\":\"https:\/\/lojena.wepar.hr\/cs\/\"},{\"@type\":\"ListItem\",\"position\":2,\"name\":\"Z\u00e1sady ochrany osobn\u00edch \u00fadaj\u016f\"}]},{\"@type\":\"WebSite\",\"@id\":\"https:\/\/lojena.wepar.hr\/#website\",\"url\":\"https:\/\/lojena.wepar.hr\/\",\"name\":\"Villa Lojena\",\"description\":\"Luxury Studios\",\"potentialAction\":[{\"@type\":\"SearchAction\",\"target\":{\"@type\":\"EntryPoint\",\"urlTemplate\":\"https:\/\/lojena.wepar.hr\/?s={search_term_string}\"},\"query-input\":{\"@type\":\"PropertyValueSpecification\",\"valueRequired\":true,\"valueName\":\"search_term_string\"}}],\"inLanguage\":\"cs\"}]}<\/script>\n<!-- \/ Yoast SEO plugin. -->","yoast_head_json":{"title":"Z\u00e1sady ochrany osobn\u00edch \u00fadaj\u016f - Villa Lojena","robots":{"index":"index","follow":"follow","max-snippet":"max-snippet:-1","max-image-preview":"max-image-preview:large","max-video-preview":"max-video-preview:-1"},"canonical":"https:\/\/lojena.wepar.hr\/privacy-policy\/","og_locale":"cs_CZ","og_type":"article","og_title":"Z\u00e1sady ochrany osobn\u00edch \u00fadaj\u016f - Villa Lojena","og_description":"Z\u00e1sady ochrany osobn\u00edch \u00fadaj\u016f Ani my nem\u00e1me r\u00e1di spam! Spole\u010dnost Murter rentals d.o.o., Sali XII 6, 23281 Sali (d\u00e1le jen: Villa Lojena) se zavazuje chr\u00e1nit soukrom\u00ed v\u0161ech na\u0161ich z\u00e1kazn\u00edk\u016f. T\u00edmto prohl\u00e1\u0161en\u00edm se zavazujeme chr\u00e1nit soukrom\u00ed u\u017eivatel\u016f, z\u00e1kazn\u00edk\u016f a n\u00e1v\u0161t\u011bvn\u00edk\u016f na\u0161ich webov\u00fdch str\u00e1nek a bezpe\u010dnost osobn\u00edch \u00fadaj\u016f, kter\u00e9 n\u00e1m byly poskytnuty prost\u0159ednictv\u00edm webov\u00fdch str\u00e1nek. Toto ozn\u00e1men\u00ed [&hellip;]","og_url":"https:\/\/lojena.wepar.hr\/privacy-policy\/","og_site_name":"Villa Lojena","article_modified_time":"2026-03-11T05:56:03+00:00","twitter_card":"summary_large_image","twitter_misc":{"Odhadovan\u00e1 doba \u010dten\u00ed":"3 minuty"},"schema":{"@context":"https:\/\/schema.org","@graph":[{"@type":"WebPage","@id":"https:\/\/lojena.wepar.hr\/privacy-policy\/","url":"https:\/\/lojena.wepar.hr\/privacy-policy\/","name":"Z\u00e1sady ochrany osobn\u00edch \u00fadaj\u016f - Villa Lojena","isPartOf":{"@id":"https:\/\/lojena.wepar.hr\/#website"},"datePublished":"2026-02-05T07:08:14+00:00","dateModified":"2026-03-11T05:56:03+00:00","breadcrumb":{"@id":"https:\/\/lojena.wepar.hr\/privacy-policy\/#breadcrumb"},"inLanguage":"cs","potentialAction":[{"@type":"ReadAction","target":["https:\/\/lojena.wepar.hr\/privacy-policy\/"]}]},{"@type":"BreadcrumbList","@id":"https:\/\/lojena.wepar.hr\/privacy-policy\/#breadcrumb","itemListElement":[{"@type":"ListItem","position":1,"name":"Home","item":"https:\/\/lojena.wepar.hr\/cs\/"},{"@type":"ListItem","position":2,"name":"Z\u00e1sady ochrany osobn\u00edch \u00fadaj\u016f"}]},{"@type":"WebSite","@id":"https:\/\/lojena.wepar.hr\/#website","url":"https:\/\/lojena.wepar.hr\/","name":"Villa Lojena","description":"Luxury Studios","potentialAction":[{"@type":"SearchAction","target":{"@type":"EntryPoint","urlTemplate":"https:\/\/lojena.wepar.hr\/?s={search_term_string}"},"query-input":{"@type":"PropertyValueSpecification","valueRequired":true,"valueName":"search_term_string"}}],"inLanguage":"cs"}]}},"_links":{"self":[{"href":"https:\/\/lojena.wepar.hr\/cs\/wp-json\/wp\/v2\/pages\/2209","targetHints":{"allow":["GET"]}}],"collection":[{"href":"https:\/\/lojena.wepar.hr\/cs\/wp-json\/wp\/v2\/pages"}],"about":[{"href":"https:\/\/lojena.wepar.hr\/cs\/wp-json\/wp\/v2\/types\/page"}],"author":[{"embeddable":true,"href":"https:\/\/lojena.wepar.hr\/cs\/wp-json\/wp\/v2\/users\/1"}],"replies":[{"embeddable":true,"href":"https:\/\/lojena.wepar.hr\/cs\/wp-json\/wp\/v2\/comments?post=2209"}],"version-history":[{"count":1,"href":"https:\/\/lojena.wepar.hr\/cs\/wp-json\/wp\/v2\/pages\/2209\/revisions"}],"predecessor-version":[{"id":2210,"href":"https:\/\/lojena.wepar.hr\/cs\/wp-json\/wp\/v2\/pages\/2209\/revisions\/2210"}],"wp:attachment":[{"href":"https:\/\/lojena.wepar.hr\/cs\/wp-json\/wp\/v2\/media?parent=2209"}],"curies":[{"name":"wp","href":"https:\/\/api.w.org\/{rel}","templated":true}]}}