{"id":2192,"date":"2026-02-17T11:03:11","date_gmt":"2026-02-17T11:03:11","guid":{"rendered":"https:\/\/lojena.wepar.hr\/?page_id=2192"},"modified":"2026-03-10T20:13:14","modified_gmt":"2026-03-10T20:13:14","slug":"impressum","status":"publish","type":"page","link":"https:\/\/lojena.wepar.hr\/cs\/impressum\/","title":{"rendered":"Impressum"},"content":{"rendered":"\n<h1 class=\"wp-block-heading\">Impressum \/ Pr\u00e1vn\u00ed informace<\/h1>\n\n\n\n<p><strong>Informace o spole\u010dnosti<\/strong><\/p>\n\n\n\n<ul class=\"wp-block-list\">\n<li><strong>N\u00e1zev spole\u010dnosti:<\/strong> Murter rentals d.o.o.<\/li>\n\n\n\n<li><strong>S\u00eddlo:<\/strong> Sali XII 6, 23281 Sali, Chorvatsko<\/li>\n\n\n\n<li><strong>Zakladatel a opr\u00e1vn\u011bn\u00fd z\u00e1stupce:<\/strong> Diana Milin<\/li>\n\n\n\n<li><strong>Rok zalo\u017een\u00ed:<\/strong> 2025<\/li>\n<\/ul>\n\n\n\n<p><strong>Registra\u010dn\u00ed \u00fadaje<\/strong><\/p>\n\n\n\n<ul class=\"wp-block-list\">\n<li><strong>P\u0159edm\u011bt podnik\u00e1n\u00ed:<\/strong> 79.11 (\u010cinnosti cestovn\u00edch kancel\u00e1\u0159\u00ed a agentur)<\/li>\n\n\n\n<li><strong>OIB (DI\u010c):<\/strong> 05737238252<\/li>\n\n\n\n<li><strong>Mati\u010dni broj (I\u010cO):<\/strong> 06082882<\/li>\n\n\n\n<li><strong>Stav spole\u010dnosti:<\/strong> Aktivn\u00ed<\/li>\n<\/ul>\n\n\n\n<p><strong>Kontaktn\u00ed \u00fadaje<\/strong><\/p>\n\n\n\n<ul class=\"wp-block-list\">\n<li><strong>E-mail:<\/strong> contact@villa-lojena.com<\/li>\n<\/ul>\n","protected":false},"excerpt":{"rendered":"<p>Impressum \/ Pr\u00e1vn\u00ed informace Informace o spole\u010dnosti Registra\u010dn\u00ed \u00fadaje Kontaktn\u00ed \u00fadaje<\/p>\n","protected":false},"author":1,"featured_media":0,"parent":0,"menu_order":0,"comment_status":"closed","ping_status":"closed","template":"page-content.php","meta":{"_acf_changed":false,"footnotes":""},"class_list":["post-2192","page","type-page","status-publish","hentry"],"acf":[],"yoast_head":"<!-- This site is optimized with the Yoast SEO plugin v27.1.1 - https:\/\/yoast.com\/product\/yoast-seo-wordpress\/ -->\n<title>Impressum - Villa Lojena<\/title>\n<meta name=\"robots\" content=\"index, follow, max-snippet:-1, max-image-preview:large, max-video-preview:-1\" \/>\n<link rel=\"canonical\" href=\"https:\/\/lojena.wepar.hr\/impressum\/\" \/>\n<meta property=\"og:locale\" content=\"cs_CZ\" \/>\n<meta property=\"og:type\" content=\"article\" \/>\n<meta property=\"og:title\" content=\"Impressum - Villa Lojena\" \/>\n<meta property=\"og:description\" content=\"Impressum \/ Pr\u00e1vn\u00ed informace Informace o spole\u010dnosti Registra\u010dn\u00ed \u00fadaje Kontaktn\u00ed \u00fadaje\" \/>\n<meta property=\"og:url\" content=\"https:\/\/lojena.wepar.hr\/impressum\/\" \/>\n<meta property=\"og:site_name\" content=\"Villa Lojena\" \/>\n<meta property=\"article:modified_time\" content=\"2026-03-10T20:13:14+00:00\" \/>\n<meta name=\"twitter:card\" content=\"summary_large_image\" \/>\n<meta name=\"twitter:label1\" content=\"Odhadovan\u00e1 doba \u010dten\u00ed\" \/>\n\t<meta name=\"twitter:data1\" content=\"1 minuta\" \/>\n<script type=\"application\/ld+json\" class=\"yoast-schema-graph\">{\"@context\":\"https:\/\/schema.org\",\"@graph\":[{\"@type\":\"WebPage\",\"@id\":\"https:\/\/lojena.wepar.hr\/impressum\/\",\"url\":\"https:\/\/lojena.wepar.hr\/impressum\/\",\"name\":\"Impressum - Villa Lojena\",\"isPartOf\":{\"@id\":\"https:\/\/lojena.wepar.hr\/#website\"},\"datePublished\":\"2026-02-17T11:03:11+00:00\",\"dateModified\":\"2026-03-10T20:13:14+00:00\",\"breadcrumb\":{\"@id\":\"https:\/\/lojena.wepar.hr\/impressum\/#breadcrumb\"},\"inLanguage\":\"cs\",\"potentialAction\":[{\"@type\":\"ReadAction\",\"target\":[\"https:\/\/lojena.wepar.hr\/impressum\/\"]}]},{\"@type\":\"BreadcrumbList\",\"@id\":\"https:\/\/lojena.wepar.hr\/impressum\/#breadcrumb\",\"itemListElement\":[{\"@type\":\"ListItem\",\"position\":1,\"name\":\"Home\",\"item\":\"https:\/\/lojena.wepar.hr\/cs\/\"},{\"@type\":\"ListItem\",\"position\":2,\"name\":\"Impressum\"}]},{\"@type\":\"WebSite\",\"@id\":\"https:\/\/lojena.wepar.hr\/#website\",\"url\":\"https:\/\/lojena.wepar.hr\/\",\"name\":\"Villa Lojena\",\"description\":\"Luxury Studios\",\"potentialAction\":[{\"@type\":\"SearchAction\",\"target\":{\"@type\":\"EntryPoint\",\"urlTemplate\":\"https:\/\/lojena.wepar.hr\/?s={search_term_string}\"},\"query-input\":{\"@type\":\"PropertyValueSpecification\",\"valueRequired\":true,\"valueName\":\"search_term_string\"}}],\"inLanguage\":\"cs\"}]}<\/script>\n<!-- \/ Yoast SEO plugin. -->","yoast_head_json":{"title":"Impressum - Villa Lojena","robots":{"index":"index","follow":"follow","max-snippet":"max-snippet:-1","max-image-preview":"max-image-preview:large","max-video-preview":"max-video-preview:-1"},"canonical":"https:\/\/lojena.wepar.hr\/impressum\/","og_locale":"cs_CZ","og_type":"article","og_title":"Impressum - Villa Lojena","og_description":"Impressum \/ Pr\u00e1vn\u00ed informace Informace o spole\u010dnosti Registra\u010dn\u00ed \u00fadaje Kontaktn\u00ed \u00fadaje","og_url":"https:\/\/lojena.wepar.hr\/impressum\/","og_site_name":"Villa Lojena","article_modified_time":"2026-03-10T20:13:14+00:00","twitter_card":"summary_large_image","twitter_misc":{"Odhadovan\u00e1 doba \u010dten\u00ed":"1 minuta"},"schema":{"@context":"https:\/\/schema.org","@graph":[{"@type":"WebPage","@id":"https:\/\/lojena.wepar.hr\/impressum\/","url":"https:\/\/lojena.wepar.hr\/impressum\/","name":"Impressum - Villa Lojena","isPartOf":{"@id":"https:\/\/lojena.wepar.hr\/#website"},"datePublished":"2026-02-17T11:03:11+00:00","dateModified":"2026-03-10T20:13:14+00:00","breadcrumb":{"@id":"https:\/\/lojena.wepar.hr\/impressum\/#breadcrumb"},"inLanguage":"cs","potentialAction":[{"@type":"ReadAction","target":["https:\/\/lojena.wepar.hr\/impressum\/"]}]},{"@type":"BreadcrumbList","@id":"https:\/\/lojena.wepar.hr\/impressum\/#breadcrumb","itemListElement":[{"@type":"ListItem","position":1,"name":"Home","item":"https:\/\/lojena.wepar.hr\/cs\/"},{"@type":"ListItem","position":2,"name":"Impressum"}]},{"@type":"WebSite","@id":"https:\/\/lojena.wepar.hr\/#website","url":"https:\/\/lojena.wepar.hr\/","name":"Villa Lojena","description":"Luxury Studios","potentialAction":[{"@type":"SearchAction","target":{"@type":"EntryPoint","urlTemplate":"https:\/\/lojena.wepar.hr\/?s={search_term_string}"},"query-input":{"@type":"PropertyValueSpecification","valueRequired":true,"valueName":"search_term_string"}}],"inLanguage":"cs"}]}},"_links":{"self":[{"href":"https:\/\/lojena.wepar.hr\/cs\/wp-json\/wp\/v2\/pages\/2192","targetHints":{"allow":["GET"]}}],"collection":[{"href":"https:\/\/lojena.wepar.hr\/cs\/wp-json\/wp\/v2\/pages"}],"about":[{"href":"https:\/\/lojena.wepar.hr\/cs\/wp-json\/wp\/v2\/types\/page"}],"author":[{"embeddable":true,"href":"https:\/\/lojena.wepar.hr\/cs\/wp-json\/wp\/v2\/users\/1"}],"replies":[{"embeddable":true,"href":"https:\/\/lojena.wepar.hr\/cs\/wp-json\/wp\/v2\/comments?post=2192"}],"version-history":[{"count":1,"href":"https:\/\/lojena.wepar.hr\/cs\/wp-json\/wp\/v2\/pages\/2192\/revisions"}],"predecessor-version":[{"id":2193,"href":"https:\/\/lojena.wepar.hr\/cs\/wp-json\/wp\/v2\/pages\/2192\/revisions\/2193"}],"wp:attachment":[{"href":"https:\/\/lojena.wepar.hr\/cs\/wp-json\/wp\/v2\/media?parent=2192"}],"curies":[{"name":"wp","href":"https:\/\/api.w.org\/{rel}","templated":true}]}}