{"id":2169,"date":"2026-02-16T18:09:31","date_gmt":"2026-02-16T18:09:31","guid":{"rendered":"https:\/\/lojena.wepar.hr\/?page_id=2169"},"modified":"2026-03-10T19:33:04","modified_gmt":"2026-03-10T19:33:04","slug":"o-nas","status":"publish","type":"page","link":"https:\/\/lojena.wepar.hr\/cs\/o-nas\/","title":{"rendered":"O n\u00e1s"},"content":{"rendered":"\n<h1 class=\"wp-block-heading\">O Ville Lojena: Kde se luxus setk\u00e1v\u00e1 s mediter\u00e1nn\u00edm klidem<\/h1>\n\n\n\n<h2 class=\"wp-block-heading\">V\u00edtejte ve Ville Lojena<\/h2>\n\n\n\n<p>V\u00edtejte ve Ville Lojena, va\u0161\u00ed pr\u00e9miov\u00e9 vile na ostrov\u011b Murter, navr\u017een\u00e9 pro ty, kte\u0159\u00ed hledaj\u00ed v\u00edc ne\u017e jen m\u00edsto k pobytu. Na\u0161e vila se nach\u00e1z\u00ed v jedn\u00e9 z nejklidn\u011bj\u0161\u00edch a nejpresti\u017en\u011bj\u0161\u00edch \u010d\u00e1st\u00ed ostrova a zrodila se ze snu: vytvo\u0159it dokonal\u00e9 \u00fato\u010di\u0161t\u011b, kde koexistuje luxus, kvalita a uvoln\u011bn\u00e1 atmosf\u00e9ra.<\/p>\n\n\n\n<h2 class=\"wp-block-heading\">Sen prom\u011bn\u011bn\u00fd v realitu<\/h2>\n\n\n\n<p>Villa Lojena nebyla postavena jako typick\u00e1 investice. Postavili jsme ji my \u2013 <strong>Diana a Marko<\/strong> \u2013 jako odraz na\u0161ich v\u00edce ne\u017e dvacetilet\u00fdch profesion\u00e1ln\u00edch zku\u0161enost\u00ed v oblasti managementu cestovn\u00edho ruchu a jazykov\u00e9ho vzd\u011bl\u00e1v\u00e1n\u00ed. Cht\u011bli jsme vybudovat m\u00edsto, kter\u00e9 bychom si sami vybrali: klidn\u00e9, elegantn\u00ed a autentick\u00e9 \u00fato\u010di\u0161t\u011b. A\u0165 u\u017e hled\u00e1te prostorn\u00fd apartm\u00e1n nebo naprosto luxusn\u00ed z\u00e1\u017eitek, ka\u017ed\u00fd kout na\u0161\u00ed vily je navr\u017een tak, aby v\u00e1m pomohl odpojit se od hluku a znovu naj\u00edt sami sebe.<\/p>\n\n\n\n<h2 class=\"wp-block-heading\">Autentick\u00fd design a bezkonkuren\u010dn\u00ed kvalita<\/h2>\n\n\n\n<p>Na\u0161e interi\u00e9ry oslavuj\u00ed st\u0159edomo\u0159skou du\u0161i s vyu\u017eit\u00edm p\u0159\u00edrodn\u00edho d\u0159eva a prvot\u0159\u00eddn\u00edch materi\u00e1l\u016f, kter\u00e9 vytv\u00e1\u0159ej\u00ed atmosf\u00e9ru nenucen\u00e9 elegance. V\u011b\u0159\u00edme, \u017ee skute\u010dn\u00fd luxus spo\u010d\u00edv\u00e1 v detailech:<\/p>\n\n\n\n<ul class=\"wp-block-list\">\n<li><strong>Dokonal\u00fd sp\u00e1nek:<\/strong> Ru\u010dn\u011b vybran\u00e9 matrace a lo\u017en\u00ed pr\u00e1dlo nejvy\u0161\u0161\u00ed kvality.<\/li>\n\n\n\n<li><strong>Pr\u00e9miov\u00e9 vybaven\u00ed:<\/strong> \u0160pi\u010dkov\u00e1 kosmetika a pe\u010dliv\u00e1 p\u00e9\u010de o \u010distotu.<\/li>\n\n\n\n<li><strong>O\u00e1za:<\/strong> Prostorn\u00e1 terasa s baz\u00e9nem o rozloze <strong>80 m\u00b2<\/strong>, vybaven\u00fdm hydromas\u00e1\u017en\u00edmi tryskami a vzduchov\u00fdmi gejz\u00edry \u2013 ide\u00e1ln\u00ed pro koup\u00e1n\u00ed pod hv\u011bzdami nebo osv\u011b\u017euj\u00edc\u00ed rann\u00ed mas\u00e1\u017e.<\/li>\n\n\n\n<li><strong>Modern\u00ed pohodl\u00ed:<\/strong> Kryt\u00e9 soukrom\u00e9 parkovi\u0161t\u011b, dv\u011b nab\u00edje\u010dky pro elektromobily (EV) a v\u00fdrobn\u00edk ledu pro va\u0161e koktejly u baz\u00e9nu.<\/li>\n<\/ul>\n\n\n\n<h2 class=\"wp-block-heading\">Prozkoumejte Murter s lehkost\u00ed<\/h2>\n\n\n\n<p>Villa Lojena m\u00e1 ide\u00e1ln\u00ed polohu mezi klidem a aktivn\u00edm vy\u017eit\u00edm a nab\u00edz\u00ed bezkonkuren\u010dn\u00ed p\u0159\u00edstup k tomu nejlep\u0161\u00edmu z ostrova:<\/p>\n\n\n\n<ul class=\"wp-block-list\">\n<li><strong>Pl\u00e1\u017e Slanica:<\/strong> Vzd\u00e1len\u00e1 pouh\u00e9 4 minuty klidn\u00e9 ch\u016fze.<\/li>\n\n\n\n<li><strong>Pl\u00e1\u017e Podvr\u0161ke:<\/strong> Skryt\u00fd drahokam dostupn\u00fd za m\u00e9n\u011b ne\u017e 10 minut.<\/li>\n\n\n\n<li><strong>Centrum Murteru:<\/strong> Malebn\u00e1 15minutov\u00e1 proch\u00e1zka k m\u00edstn\u00edm restaurac\u00edm a za kulturou.<\/li>\n<\/ul>\n\n\n\n<p>Abychom v\u00e1m pomohli prozkoumat pob\u0159e\u017e\u00ed podle va\u0161ich p\u0159edstav, m\u00e1me pro v\u00e1s k dispozici <strong>elektrick\u00e9 kolob\u011b\u017eky a SUP prkna (paddleboardy)<\/strong>. Objevujte skryt\u00e9 z\u00e1toky nebo doje\u010fte do centra bez stresu z dopravy nebo dav\u016f.<\/p>\n\n\n\n<h2 class=\"wp-block-heading\">Va\u0161i hostitel\u00e9, v\u00e1\u0161 domov<\/h2>\n\n\n\n<p>Jako profesorka angli\u010dtiny a magistr managementu cestovn\u00edho ruchu si zakl\u00e1d\u00e1me na profesion\u00e1ln\u00ed, a p\u0159esto diskr\u00e9tn\u00ed pohostinnosti. N\u00e1\u0161 c\u00edl je jednoduch\u00fd: poskytovat pozorn\u00e9 slu\u017eby luxusn\u00edho hotelu s h\u0159ejiv\u00fdm a relaxa\u010dn\u00edm pocitem soukrom\u00e9ho domova.<\/p>\n\n\n\n<p>Ve Ville Lojena z\u00edsk\u00e1 va\u0161e dovolen\u00e1 sv\u016fj skute\u010dn\u00fd smysl. \u010cek\u00e1 na v\u00e1s v\u00fdjime\u010dn\u00e1 lokalita, luxusn\u00ed interi\u00e9r a uklid\u0148uj\u00edc\u00ed atmosf\u00e9ra.<\/p>\n\n\n\n<p><strong>Za\u017eijte skute\u010dn\u00e9 St\u0159edomo\u0159\u00ed. Za\u017eijte Villu Lojena.<\/strong><\/p>\n\n\n\n<div style=\"height:110px\" aria-hidden=\"true\" class=\"wp-block-spacer\"><\/div>\n","protected":false},"excerpt":{"rendered":"<p>O Ville Lojena: Kde se luxus setk\u00e1v\u00e1 s mediter\u00e1nn\u00edm klidem V\u00edtejte ve Ville Lojena V\u00edtejte ve Ville Lojena, va\u0161\u00ed pr\u00e9miov\u00e9 vile na ostrov\u011b Murter, navr\u017een\u00e9 pro ty, kte\u0159\u00ed hledaj\u00ed v\u00edc ne\u017e jen m\u00edsto k pobytu. Na\u0161e vila se nach\u00e1z\u00ed v jedn\u00e9 z nejklidn\u011bj\u0161\u00edch a nejpresti\u017en\u011bj\u0161\u00edch \u010d\u00e1st\u00ed ostrova a zrodila se ze snu: vytvo\u0159it dokonal\u00e9 \u00fato\u010di\u0161t\u011b, [&hellip;]<\/p>\n","protected":false},"author":1,"featured_media":531,"parent":0,"menu_order":0,"comment_status":"closed","ping_status":"closed","template":"page-content.php","meta":{"_acf_changed":false,"footnotes":""},"class_list":["post-2169","page","type-page","status-publish","has-post-thumbnail","hentry"],"acf":[],"yoast_head":"<!-- This site is optimized with the Yoast SEO plugin v27.1.1 - https:\/\/yoast.com\/product\/yoast-seo-wordpress\/ -->\n<title>O n\u00e1s - Villa Lojena<\/title>\n<meta name=\"robots\" content=\"index, follow, max-snippet:-1, max-image-preview:large, max-video-preview:-1\" \/>\n<link rel=\"canonical\" href=\"https:\/\/lojena.wepar.hr\/about-us\/\" \/>\n<meta property=\"og:locale\" content=\"cs_CZ\" \/>\n<meta property=\"og:type\" content=\"article\" \/>\n<meta property=\"og:title\" content=\"O n\u00e1s - Villa Lojena\" \/>\n<meta property=\"og:description\" content=\"O Ville Lojena: Kde se luxus setk\u00e1v\u00e1 s mediter\u00e1nn\u00edm klidem V\u00edtejte ve Ville Lojena V\u00edtejte ve Ville Lojena, va\u0161\u00ed pr\u00e9miov\u00e9 vile na ostrov\u011b Murter, navr\u017een\u00e9 pro ty, kte\u0159\u00ed hledaj\u00ed v\u00edc ne\u017e jen m\u00edsto k pobytu. Na\u0161e vila se nach\u00e1z\u00ed v jedn\u00e9 z nejklidn\u011bj\u0161\u00edch a nejpresti\u017en\u011bj\u0161\u00edch \u010d\u00e1st\u00ed ostrova a zrodila se ze snu: vytvo\u0159it dokonal\u00e9 \u00fato\u010di\u0161t\u011b, [&hellip;]\" \/>\n<meta property=\"og:url\" content=\"https:\/\/lojena.wepar.hr\/about-us\/\" \/>\n<meta property=\"og:site_name\" content=\"Villa Lojena\" \/>\n<meta property=\"article:modified_time\" content=\"2026-03-10T19:33:04+00:00\" \/>\n<meta property=\"og:image\" content=\"https:\/\/lojena.wepar.hr\/wp-content\/uploads\/2026\/02\/Mask-group.jpg\" \/>\n\t<meta property=\"og:image:width\" content=\"1512\" \/>\n\t<meta property=\"og:image:height\" content=\"650\" \/>\n\t<meta property=\"og:image:type\" content=\"image\/jpeg\" \/>\n<meta name=\"twitter:card\" content=\"summary_large_image\" \/>\n<meta name=\"twitter:label1\" content=\"Odhadovan\u00e1 doba \u010dten\u00ed\" \/>\n\t<meta name=\"twitter:data1\" content=\"2 minuty\" \/>\n<script type=\"application\/ld+json\" class=\"yoast-schema-graph\">{\"@context\":\"https:\/\/schema.org\",\"@graph\":[{\"@type\":\"WebPage\",\"@id\":\"https:\/\/lojena.wepar.hr\/about-us\/\",\"url\":\"https:\/\/lojena.wepar.hr\/about-us\/\",\"name\":\"O n\u00e1s - Villa Lojena\",\"isPartOf\":{\"@id\":\"https:\/\/lojena.wepar.hr\/#website\"},\"primaryImageOfPage\":{\"@id\":\"https:\/\/lojena.wepar.hr\/about-us\/#primaryimage\"},\"image\":{\"@id\":\"https:\/\/lojena.wepar.hr\/about-us\/#primaryimage\"},\"thumbnailUrl\":\"https:\/\/lojena.wepar.hr\/wp-content\/uploads\/2026\/02\/Mask-group.jpg\",\"datePublished\":\"2026-02-16T18:09:31+00:00\",\"dateModified\":\"2026-03-10T19:33:04+00:00\",\"breadcrumb\":{\"@id\":\"https:\/\/lojena.wepar.hr\/about-us\/#breadcrumb\"},\"inLanguage\":\"cs\",\"potentialAction\":[{\"@type\":\"ReadAction\",\"target\":[\"https:\/\/lojena.wepar.hr\/about-us\/\"]}]},{\"@type\":\"ImageObject\",\"inLanguage\":\"cs\",\"@id\":\"https:\/\/lojena.wepar.hr\/about-us\/#primaryimage\",\"url\":\"https:\/\/lojena.wepar.hr\/wp-content\/uploads\/2026\/02\/Mask-group.jpg\",\"contentUrl\":\"https:\/\/lojena.wepar.hr\/wp-content\/uploads\/2026\/02\/Mask-group.jpg\",\"width\":1512,\"height\":650,\"caption\":\"Nightview of the Pool surrounded by palm trees\"},{\"@type\":\"BreadcrumbList\",\"@id\":\"https:\/\/lojena.wepar.hr\/about-us\/#breadcrumb\",\"itemListElement\":[{\"@type\":\"ListItem\",\"position\":1,\"name\":\"Home\",\"item\":\"https:\/\/lojena.wepar.hr\/cs\/\"},{\"@type\":\"ListItem\",\"position\":2,\"name\":\"O n\u00e1s\"}]},{\"@type\":\"WebSite\",\"@id\":\"https:\/\/lojena.wepar.hr\/#website\",\"url\":\"https:\/\/lojena.wepar.hr\/\",\"name\":\"Villa Lojena\",\"description\":\"Luxury Studios\",\"potentialAction\":[{\"@type\":\"SearchAction\",\"target\":{\"@type\":\"EntryPoint\",\"urlTemplate\":\"https:\/\/lojena.wepar.hr\/?s={search_term_string}\"},\"query-input\":{\"@type\":\"PropertyValueSpecification\",\"valueRequired\":true,\"valueName\":\"search_term_string\"}}],\"inLanguage\":\"cs\"}]}<\/script>\n<!-- \/ Yoast SEO plugin. -->","yoast_head_json":{"title":"O n\u00e1s - Villa Lojena","robots":{"index":"index","follow":"follow","max-snippet":"max-snippet:-1","max-image-preview":"max-image-preview:large","max-video-preview":"max-video-preview:-1"},"canonical":"https:\/\/lojena.wepar.hr\/about-us\/","og_locale":"cs_CZ","og_type":"article","og_title":"O n\u00e1s - Villa Lojena","og_description":"O Ville Lojena: Kde se luxus setk\u00e1v\u00e1 s mediter\u00e1nn\u00edm klidem V\u00edtejte ve Ville Lojena V\u00edtejte ve Ville Lojena, va\u0161\u00ed pr\u00e9miov\u00e9 vile na ostrov\u011b Murter, navr\u017een\u00e9 pro ty, kte\u0159\u00ed hledaj\u00ed v\u00edc ne\u017e jen m\u00edsto k pobytu. Na\u0161e vila se nach\u00e1z\u00ed v jedn\u00e9 z nejklidn\u011bj\u0161\u00edch a nejpresti\u017en\u011bj\u0161\u00edch \u010d\u00e1st\u00ed ostrova a zrodila se ze snu: vytvo\u0159it dokonal\u00e9 \u00fato\u010di\u0161t\u011b, [&hellip;]","og_url":"https:\/\/lojena.wepar.hr\/about-us\/","og_site_name":"Villa Lojena","article_modified_time":"2026-03-10T19:33:04+00:00","og_image":[{"width":1512,"height":650,"url":"https:\/\/lojena.wepar.hr\/wp-content\/uploads\/2026\/02\/Mask-group.jpg","type":"image\/jpeg"}],"twitter_card":"summary_large_image","twitter_misc":{"Odhadovan\u00e1 doba \u010dten\u00ed":"2 minuty"},"schema":{"@context":"https:\/\/schema.org","@graph":[{"@type":"WebPage","@id":"https:\/\/lojena.wepar.hr\/about-us\/","url":"https:\/\/lojena.wepar.hr\/about-us\/","name":"O n\u00e1s - Villa Lojena","isPartOf":{"@id":"https:\/\/lojena.wepar.hr\/#website"},"primaryImageOfPage":{"@id":"https:\/\/lojena.wepar.hr\/about-us\/#primaryimage"},"image":{"@id":"https:\/\/lojena.wepar.hr\/about-us\/#primaryimage"},"thumbnailUrl":"https:\/\/lojena.wepar.hr\/wp-content\/uploads\/2026\/02\/Mask-group.jpg","datePublished":"2026-02-16T18:09:31+00:00","dateModified":"2026-03-10T19:33:04+00:00","breadcrumb":{"@id":"https:\/\/lojena.wepar.hr\/about-us\/#breadcrumb"},"inLanguage":"cs","potentialAction":[{"@type":"ReadAction","target":["https:\/\/lojena.wepar.hr\/about-us\/"]}]},{"@type":"ImageObject","inLanguage":"cs","@id":"https:\/\/lojena.wepar.hr\/about-us\/#primaryimage","url":"https:\/\/lojena.wepar.hr\/wp-content\/uploads\/2026\/02\/Mask-group.jpg","contentUrl":"https:\/\/lojena.wepar.hr\/wp-content\/uploads\/2026\/02\/Mask-group.jpg","width":1512,"height":650,"caption":"Nightview of the Pool surrounded by palm trees"},{"@type":"BreadcrumbList","@id":"https:\/\/lojena.wepar.hr\/about-us\/#breadcrumb","itemListElement":[{"@type":"ListItem","position":1,"name":"Home","item":"https:\/\/lojena.wepar.hr\/cs\/"},{"@type":"ListItem","position":2,"name":"O n\u00e1s"}]},{"@type":"WebSite","@id":"https:\/\/lojena.wepar.hr\/#website","url":"https:\/\/lojena.wepar.hr\/","name":"Villa Lojena","description":"Luxury Studios","potentialAction":[{"@type":"SearchAction","target":{"@type":"EntryPoint","urlTemplate":"https:\/\/lojena.wepar.hr\/?s={search_term_string}"},"query-input":{"@type":"PropertyValueSpecification","valueRequired":true,"valueName":"search_term_string"}}],"inLanguage":"cs"}]}},"_links":{"self":[{"href":"https:\/\/lojena.wepar.hr\/cs\/wp-json\/wp\/v2\/pages\/2169","targetHints":{"allow":["GET"]}}],"collection":[{"href":"https:\/\/lojena.wepar.hr\/cs\/wp-json\/wp\/v2\/pages"}],"about":[{"href":"https:\/\/lojena.wepar.hr\/cs\/wp-json\/wp\/v2\/types\/page"}],"author":[{"embeddable":true,"href":"https:\/\/lojena.wepar.hr\/cs\/wp-json\/wp\/v2\/users\/1"}],"replies":[{"embeddable":true,"href":"https:\/\/lojena.wepar.hr\/cs\/wp-json\/wp\/v2\/comments?post=2169"}],"version-history":[{"count":3,"href":"https:\/\/lojena.wepar.hr\/cs\/wp-json\/wp\/v2\/pages\/2169\/revisions"}],"predecessor-version":[{"id":2175,"href":"https:\/\/lojena.wepar.hr\/cs\/wp-json\/wp\/v2\/pages\/2169\/revisions\/2175"}],"wp:featuredmedia":[{"embeddable":true,"href":"https:\/\/lojena.wepar.hr\/cs\/wp-json\/wp\/v2\/media\/531"}],"wp:attachment":[{"href":"https:\/\/lojena.wepar.hr\/cs\/wp-json\/wp\/v2\/media?parent=2169"}],"curies":[{"name":"wp","href":"https:\/\/api.w.org\/{rel}","templated":true}]}}